{"id":624578,"date":"2025-11-27T14:42:53","date_gmt":"2025-11-27T13:42:53","guid":{"rendered":"https:\/\/dev.medandbeauty.com\/kit-di-laboratorio-poznan\/"},"modified":"2025-11-27T14:43:49","modified_gmt":"2025-11-27T13:43:49","slug":"kit-di-laboratorio-poznan","status":"publish","type":"page","link":"https:\/\/dev.medandbeauty.com\/it\/kit-di-laboratorio-poznan\/","title":{"rendered":"Kit di laboratorio Pozna\u0144"},"content":{"rendered":"\n<p>Stai cercando un camice da laboratorio professionale a Pozna\u0144 che combini una lavorazione di alta qualit\u00e0, un comfort che dura tutto il giorno e un aspetto impeccabile? Noi di Med&amp;Beauty comprendiamo perfettamente le esigenze dei professionisti del settore medico. Nella nostra offerta troverai grembiuli che forniscono la protezione necessaria e allo stesso tempo sottolineano la tua professionalit\u00e0.  <\/p>\n\n<p>Che tu lavori in un laboratorio, in uno studio medico, in una clinica dentistica o come studente che si prepara alla professione, l&#8217;abbigliamento giusto \u00e8 il tuo biglietto da visita. Scegli un abito che sia in grado di affrontare le sfide di una giornata lavorativa intensa. <\/p>\n\n<h2 class=\"wp-block-heading\">Dove acquistare e provare un camice da laboratorio a Poznan?<\/h2>\n\n<p>In qualit\u00e0 di partner di fiducia per l&#8217;abbigliamento medico, ti offriamo due comodi percorsi di acquisto per aiutarti a trovare il <strong>camice<\/strong> perfetto <strong>a Poznan<\/strong>.<\/p>\n\n<ol class=\"wp-block-list\">\n<li>Il <strong>negozio fisso Med&amp;Beauty di Pozna\u0144<\/strong> ti invita a visitare il nostro salone in via Zwierzyniecka 32\/38. \u00c8 un&#8217;occasione perfetta per vedere con i tuoi occhi la qualit\u00e0 dei nostri tessuti, vedere i diversi tagli e, cosa pi\u00f9 importante, provare i modelli specifici. Il nostro personale esperto sar\u00e0 lieto di aiutarti a scegliere il taglio e la taglia pi\u00f9 adatta alla tua figura e alle tue esigenze.   <\/li>\n\n\n\n<li><strong>Negozio online con consegna a Poznan:<\/strong> ti interessa risparmiare tempo? Dai un&#8217;occhiata al nostro assortimento completo online! Grazie al nostro sito web intuitivo, alle tabelle dettagliate delle taglie e alle foto dettagliate dei prodotti, puoi ordinare facilmente il camice medico dei tuoi sogni senza uscire di casa. Ti garantiamo una consegna rapida e sicura a Pozna\u0144 e in tutta la Polonia.   <\/li>\n<\/ol>\n\n<h2 class=\"wp-block-heading\">Come scegliere il camice medico perfetto? Guida Med&amp;Beauty <\/h2>\n\n<p>Scegliere il putter giusto \u00e8 una decisione che influisce sul tuo comfort e sulla tua immagine ogni giorno. A cosa fare attenzione?<\/p>\n\n<ul class=\"wp-block-list\">\n<li><strong>Materiale su misura:<\/strong> le nostre collezioni di abbigliamento medico utilizzano miscele di tessuti innovativi. La linea premium (cotone, nylon, lycra) garantisce un&#8217;eccellente traspirabilit\u00e0 ed eleganza. La collezione basic (poliestere, viscosa, lycra), invece, \u00e8 caratterizzata da un&#8217;eccezionale durata e facilit\u00e0 di manutenzione, riducendo al minimo la necessit\u00e0 di stirare. Entrambe le soluzioni garantiscono la solidit\u00e0 dei colori e la resistenza ai lavaggi frequenti ad alte temperature.   <\/li>\n\n\n\n<li><strong>La vestibilit\u00e0 perfetta \u00e8 fondamentale:<\/strong> offriamo un&#8217;ampia gamma di taglie, dalla XXS alla 4XL, in modo che ogni professionista possa trovare da noi un kit su misura. Ricorda che puoi provare tutto nel nostro negozio di Pozna\u0144. E se ordini online e la tua taglia \u00e8 sbagliata, hai fino a 100 giorni per restituirla gratuitamente!  <\/li>\n\n\n\n<li><strong>Personalizzazione &#8211; distinguiti con professionalit\u00e0 &#8211;<\/strong> Vuoi che la tua uniforme sia unica? Offriamo un servizio di personalizzazione dell&#8217;abbigliamento medico. Su tua richiesta, possiamo ricamare il tuo nome, il nome della tua struttura o il logo della tua azienda. Questo \u00e8 un ottimo modo per creare un&#8217;immagine coerente del marchio e del team.   <\/li>\n<\/ul>\n\n<p>Vieni a trovarci a Pozna\u0144 o sfoglia la nostra collezione online e investi nel comfort e nella professionalit\u00e0 che meriti. Il tuo camice perfetto ti aspetta da Med&amp;Beauty! <\/p>\n","protected":false},"excerpt":{"rendered":"<p>Stai cercando un camice da laboratorio professionale a Pozna\u0144 che combini una lavorazione di alta qualit\u00e0, un comfort che dura tutto il giorno e un aspetto impeccabile? Noi di Med&amp;Beauty comprendiamo perfettamente le esigenze dei professionisti del settore medico. Nella nostra offerta troverai grembiuli che forniscono la protezione necessaria e allo stesso tempo sottolineano la [&hellip;]<\/p>\n","protected":false},"author":43705,"featured_media":0,"parent":0,"menu_order":0,"comment_status":"closed","ping_status":"closed","template":"","meta":{"_acf_changed":false,"inline_featured_image":false,"footnotes":""},"class_list":["post-624578","page","type-page","status-publish","hentry"],"acf":[],"_links":{"self":[{"href":"https:\/\/dev.medandbeauty.com\/it\/wp-json\/wp\/v2\/pages\/624578","targetHints":{"allow":["GET"]}}],"collection":[{"href":"https:\/\/dev.medandbeauty.com\/it\/wp-json\/wp\/v2\/pages"}],"about":[{"href":"https:\/\/dev.medandbeauty.com\/it\/wp-json\/wp\/v2\/types\/page"}],"author":[{"embeddable":true,"href":"https:\/\/dev.medandbeauty.com\/it\/wp-json\/wp\/v2\/users\/43705"}],"replies":[{"embeddable":true,"href":"https:\/\/dev.medandbeauty.com\/it\/wp-json\/wp\/v2\/comments?post=624578"}],"version-history":[{"count":1,"href":"https:\/\/dev.medandbeauty.com\/it\/wp-json\/wp\/v2\/pages\/624578\/revisions"}],"predecessor-version":[{"id":624579,"href":"https:\/\/dev.medandbeauty.com\/it\/wp-json\/wp\/v2\/pages\/624578\/revisions\/624579"}],"wp:attachment":[{"href":"https:\/\/dev.medandbeauty.com\/it\/wp-json\/wp\/v2\/media?parent=624578"}],"curies":[{"name":"wp","href":"https:\/\/api.w.org\/{rel}","templated":true}]}}