{"id":624558,"date":"2025-11-27T14:42:09","date_gmt":"2025-11-27T13:42:09","guid":{"rendered":"https:\/\/dev.medandbeauty.com\/grembiuli-medici-poznan\/"},"modified":"2025-11-27T14:43:14","modified_gmt":"2025-11-27T13:43:14","slug":"grembiuli-medici-poznan","status":"publish","type":"page","link":"https:\/\/dev.medandbeauty.com\/it\/grembiuli-medici-poznan\/","title":{"rendered":"Grembiuli medici Pozna\u0144"},"content":{"rendered":"\n<p>Lavorare nel settore medico ed estetico richiede non solo conoscenza e impegno, ma anche il giusto abbigliamento. L&#8217;abbigliamento deve garantire comfort, sicurezza e un aspetto professionale. Se stai cercando <strong>camici medici<\/strong> di alta qualit\u00e0 <strong>a Poznan<\/strong>, sei nel posto giusto! Noi di Med&amp;Beauty comprendiamo le esigenze di medici, infermieri, tecnici e cosmetologi. Offriamo abiti che combinano i pi\u00f9 alti standard qualitativi, un&#8217;estetica moderna e una funzionalit\u00e0 senza pari. Questi abiti ti permettono di concentrarti su ci\u00f2 che conta di pi\u00f9: la cura del paziente.     <\/p>\n\n<h2 class=\"wp-block-heading\">Grembiuli medici a Pozna\u0144 &#8211; acquista come preferisci<\/h2>\n\n<p>Sia che tu preferisca vedere e provare un prodotto prima di acquistarlo, sia che apprezzi la comodit\u00e0 dello shopping online, abbiamo la soluzione perfetta per te.<\/p>\n\n<p><strong>Cartoleria nel cuore di Pozna\u0144<\/strong><\/p>\n\n<p>Ti invitiamo a visitare la nostra cartoleria in via Zwierzyniecka 32\/38 (ingresso da via Kraszewskiego). \u00c8 il luogo ideale per toccare con mano la qualit\u00e0 dei nostri tessuti, provare diversi tagli e ricevere consigli dal nostro personale esperto. Ti aiuteremo a scegliere il grembiule, il camice, i pantaloni o le camicette da medico perfetti per soddisfare tutte le tue aspettative.   <\/p>\n\n<p><strong>Comodi acquisti online<\/strong><\/p>\n\n<p>Non hai tempo di visitare un punto vendita fisso? Il nostro intuitivo negozio online \u00e8 al tuo servizio! Puoi sfogliare facilmente l&#8217;intera gamma, confrontare i modelli e trovare informazioni dettagliate su materiali, taglie e colori. Grazie alle precise tabelle delle taglie e alle foto di alta qualit\u00e0, ordinare il camice medico perfetto \u00e8 pi\u00f9 facile che mai. Il tuo nuovo indumento arriver\u00e0 rapidamente e senza problemi.    <\/p>\n\n<h2 class=\"wp-block-heading\">Perch\u00e9 i camici medici di Med&amp;Beauty sono la scelta migliore?<\/h2>\n\n<p>Scegliendo i nostri prodotti, investi in comfort e professionalit\u00e0 che ti accompagneranno ogni giorno di lavoro.<\/p>\n\n<ul class=\"wp-block-list\">\n<li><strong>Massima qualit\u00e0 e comfort:<\/strong> cuciamo i nostri grembiuli medici con tessuti flessibili e traspiranti. I tessuti all&#8217;avanguardia garantiscono libert\u00e0 di movimento e comfort termico anche durante i turni di guardia pi\u00f9 lunghi. I grembiuli sono durevoli e resistenti alle pieghe, cos\u00ec da garantirti sempre un aspetto esteticamente gradevole.  <\/li>\n\n\n\n<li><strong>Funzionalit\u00e0 ed estetica moderna:<\/strong> conosciamo l&#8217;importanza della praticit\u00e0. I nostri grembiuli, sia da uomo che da donna, sono dotati di tasche spaziose dal design intelligente, ideali per riporre gli strumenti essenziali. Offriamo un&#8217;ampia gamma di tagli, da quelli classici a quelli moderni, compresi i modelli con o senza lacci, e una ricca gamma di colori.  <\/li>\n\n\n\n<li><strong>Opzioni di personalizzazione:<\/strong> vuoi che il tuo capo sia unico? Quando scegli i nostri capi, hai la possibilit\u00e0 di aggiungere un ricamo personalizzato con il tuo nome, la tua specialit\u00e0 o il logo della tua azienda. Questo \u00e8 il modo perfetto per sottolineare la tua professionalit\u00e0.  <\/li>\n<\/ul>\n\n<h2 class=\"wp-block-heading\">Come ti prendi cura del tuo abbigliamento medico? La tua sicurezza \u00e8 una priorit\u00e0 <\/h2>\n\n<p>Il lavaggio corretto degli indumenti medici \u00e8 fondamentale per mantenere l&#8217;igiene e la sicurezza sia per te che per i tuoi pazienti. Ricorda che le uniformi mediche possono essere portatrici di agenti patogeni. In base ai requisiti sanitari, gli indumenti devono essere lavati separatamente dai vestiti di tutti i giorni, alla giusta temperatura e con i giusti detergenti. Molte strutture utilizzano lavanderie professionali che garantiscono la sterilizzazione degli indumenti. Investendo in un grembiule di alta qualit\u00e0 di Med&amp;Beauty, puoi essere certo che il materiale resister\u00e0 ai frequenti lavaggi ad alte temperature senza perdere colore o taglio.    <\/p>\n\n<h2 class=\"wp-block-heading\">Vieni a trovarci e senti la differenza!<\/h2>\n\n<p>Che tu abbia bisogno di un elegante grembiule da medico, di un camice colorato o di una comoda felpa, Med&amp;Beauty a Poznan \u00e8 il posto giusto per trovare tutto ci\u00f2 di cui hai bisogno. Ti invitiamo a visitare il nostro negozio fisso o ad approfittare della nostra offerta online. Scopri che l&#8217;abbigliamento medico professionale pu\u00f2 essere elegante, comodo e resistente allo stesso tempo.  <\/p>\n","protected":false},"excerpt":{"rendered":"<p>Lavorare nel settore medico ed estetico richiede non solo conoscenza e impegno, ma anche il giusto abbigliamento. L&#8217;abbigliamento deve garantire comfort, sicurezza e un aspetto professionale. Se stai cercando camici medici di alta qualit\u00e0 a Poznan, sei nel posto giusto! Noi di Med&amp;Beauty comprendiamo le esigenze di medici, infermieri, tecnici e cosmetologi. Offriamo abiti che [&hellip;]<\/p>\n","protected":false},"author":43705,"featured_media":0,"parent":0,"menu_order":0,"comment_status":"closed","ping_status":"closed","template":"","meta":{"_acf_changed":false,"inline_featured_image":false,"footnotes":""},"class_list":["post-624558","page","type-page","status-publish","hentry"],"acf":[],"_links":{"self":[{"href":"https:\/\/dev.medandbeauty.com\/it\/wp-json\/wp\/v2\/pages\/624558","targetHints":{"allow":["GET"]}}],"collection":[{"href":"https:\/\/dev.medandbeauty.com\/it\/wp-json\/wp\/v2\/pages"}],"about":[{"href":"https:\/\/dev.medandbeauty.com\/it\/wp-json\/wp\/v2\/types\/page"}],"author":[{"embeddable":true,"href":"https:\/\/dev.medandbeauty.com\/it\/wp-json\/wp\/v2\/users\/43705"}],"replies":[{"embeddable":true,"href":"https:\/\/dev.medandbeauty.com\/it\/wp-json\/wp\/v2\/comments?post=624558"}],"version-history":[{"count":1,"href":"https:\/\/dev.medandbeauty.com\/it\/wp-json\/wp\/v2\/pages\/624558\/revisions"}],"predecessor-version":[{"id":624560,"href":"https:\/\/dev.medandbeauty.com\/it\/wp-json\/wp\/v2\/pages\/624558\/revisions\/624560"}],"wp:attachment":[{"href":"https:\/\/dev.medandbeauty.com\/it\/wp-json\/wp\/v2\/media?parent=624558"}],"curies":[{"name":"wp","href":"https:\/\/api.w.org\/{rel}","templated":true}]}}