{"id":624541,"date":"2025-11-27T14:41:28","date_gmt":"2025-11-27T13:41:28","guid":{"rendered":"https:\/\/dev.medandbeauty.com\/grembiule-da-laboratorio-gdynia\/"},"modified":"2025-11-27T14:42:25","modified_gmt":"2025-11-27T13:42:25","slug":"grembiule-da-laboratorio-gdynia","status":"publish","type":"page","link":"https:\/\/dev.medandbeauty.com\/it\/grembiule-da-laboratorio-gdynia\/","title":{"rendered":"Grembiule da laboratorio Gdynia"},"content":{"rendered":"\n<p>L&#8217;abbigliamento da lavoro deve essere il tuo alleato: non deve limitare i tuoi movimenti, deve permettere alla tua pelle di respirare e deve farti sentire sicuro e professionale. I nostri <strong>grembiuli da laboratorio disponibili a Gdynia <\/strong>sono progettati per permetterti di concentrarti al meglio su ci\u00f2 che conta: i tuoi compiti e le tue ricerche. Cosa li distingue?  <\/p>\n\n<p><strong>1. comfort e durata senza pari &#8211;<\/strong> i nostri grembiuli della linea premium, cuciti con una miscela di cotone, nylon e lycra di alta qualit\u00e0, garantiscono flessibilit\u00e0 ed eccellente traspirabilit\u00e0. Dimentica i tessuti rigidi: prova la libert\u00e0 di movimento e il comfort anche durante le giornate pi\u00f9 lunghe in laboratorio! <\/p>\n\n<p><strong>2. aspetto professionale e moderno:<\/strong> il tuo abbigliamento \u00e8 parte integrante della tua immagine professionale. Offriamo camici medici da uomo e da donna con tagli leggermente aderenti che accentuano la tua figura e garantiscono un aspetto curato ed elegante. Vuoi distinguerti? Approfitta dell&#8217;opzione di personalizzazione e aggiungi il ricamo del tuo nome o del logo della tua istituzione.   <\/p>\n\n<p><strong>3 Funzionalit\u00e0 studiata:<\/strong> gli indumenti disponibili nei nostri negozi sono dotati di tasche spaziose e strategicamente posizionate, ideali per un blocco note, un telefono o piccoli utensili. Le comode chiusure con bottoni a pressione assicurano una rapida vestizione degli indumenti, fondamentale in un ambiente di lavoro dinamico. <\/p>\n\n<h2 class=\"wp-block-heading\">Comodi acquisti online con consegna a Gdynia<\/h2>\n\n<p>Anche se ci sono negozi di abbigliamento protettivo a Gdynia, spesso la loro offerta \u00e8 standard e limitata. Su Med&amp;Beauty hai accesso a un&#8217;ampia gamma di tagli, colori e taglie, senza dover perdere tempo a fare il pendolare. Fai il tuo ordine online e te lo consegneremo direttamente a casa tua a Gdynia. Non sei sicuro della tua taglia? La nostra tabella dettagliata delle taglie e la politica di reso gratuito per 100 giorni ti mettono a tuo agio.    <\/p>\n\n<p>Specifiche dei nostri grembiuli premium:<\/p>\n\n<ul class=\"wp-block-list\">\n<li><strong>Materiale:<\/strong> una miscela di cotone, nylon e lycra di alta qualit\u00e0 per garantire comfort e durata.<\/li>\n\n\n\n<li><strong>Taglio &#8211;<\/strong> tagli moderni per uomini e donne, che garantiscono libert\u00e0 di movimento.<\/li>\n\n\n\n<li><strong>Tasche &#8211;<\/strong> tre tasche funzionali (due sui fianchi e una sul petto).<\/li>\n\n\n\n<li><strong>Chiusura &#8211;<\/strong> pratici e robusti bottoni a pressione.<\/li>\n\n\n\n<li><strong>Personalizzazione:<\/strong> possibilit\u00e0 di aggiungere un ricamo personalizzato.<\/li>\n\n\n\n<li><strong>Cura:<\/strong> il tessuto \u00e8 resistente ai lavaggi frequenti e di facile manutenzione.<\/li>\n<\/ul>\n\n<h2 class=\"wp-block-heading\">La scelta ideale per molte specialit\u00e0<\/h2>\n\n<p>I nostri grembiuli da laboratorio sono la soluzione perfetta per:<\/p>\n\n<ul class=\"wp-block-list\">\n<li>personale medico, di ricerca e di laboratorio chimico,<\/li>\n\n\n\n<li>medici, infermieri e tecnici di ospedali e cliniche,<\/li>\n\n\n\n<li>dentisti e assistenti dentali,<\/li>\n\n\n\n<li>studenti di medicina e scienze biologiche delle universit\u00e0 del Tricolore,<\/li>\n\n\n\n<li>professionisti della bellezza e delle spa.<\/li>\n<\/ul>\n\n<p>Unisciti alla schiera di professionisti che si fidano di Med&amp;Beauty. Investi in un grembiule che non solo protegge i tuoi vestiti, ma migliora anche il tuo comfort lavorativo e sottolinea la tua immagine professionale. Offriamo pagamenti sicuri e consegna gratuita a partire da 600\u20ac. Scopri la nostra collezione completa di camici da laboratorio e ordina oggi stesso il tuo modello perfetto con consegna a Gdynia!   <\/p>\n","protected":false},"excerpt":{"rendered":"<p>L&#8217;abbigliamento da lavoro deve essere il tuo alleato: non deve limitare i tuoi movimenti, deve permettere alla tua pelle di respirare e deve farti sentire sicuro e professionale. I nostri grembiuli da laboratorio disponibili a Gdynia sono progettati per permetterti di concentrarti al meglio su ci\u00f2 che conta: i tuoi compiti e le tue ricerche. [&hellip;]<\/p>\n","protected":false},"author":43705,"featured_media":0,"parent":0,"menu_order":0,"comment_status":"closed","ping_status":"closed","template":"","meta":{"_acf_changed":false,"inline_featured_image":false,"footnotes":""},"class_list":["post-624541","page","type-page","status-publish","hentry"],"acf":[],"_links":{"self":[{"href":"https:\/\/dev.medandbeauty.com\/it\/wp-json\/wp\/v2\/pages\/624541","targetHints":{"allow":["GET"]}}],"collection":[{"href":"https:\/\/dev.medandbeauty.com\/it\/wp-json\/wp\/v2\/pages"}],"about":[{"href":"https:\/\/dev.medandbeauty.com\/it\/wp-json\/wp\/v2\/types\/page"}],"author":[{"embeddable":true,"href":"https:\/\/dev.medandbeauty.com\/it\/wp-json\/wp\/v2\/users\/43705"}],"replies":[{"embeddable":true,"href":"https:\/\/dev.medandbeauty.com\/it\/wp-json\/wp\/v2\/comments?post=624541"}],"version-history":[{"count":1,"href":"https:\/\/dev.medandbeauty.com\/it\/wp-json\/wp\/v2\/pages\/624541\/revisions"}],"predecessor-version":[{"id":624542,"href":"https:\/\/dev.medandbeauty.com\/it\/wp-json\/wp\/v2\/pages\/624541\/revisions\/624542"}],"wp:attachment":[{"href":"https:\/\/dev.medandbeauty.com\/it\/wp-json\/wp\/v2\/media?parent=624541"}],"curies":[{"name":"wp","href":"https:\/\/api.w.org\/{rel}","templated":true}]}}