{"id":624527,"date":"2025-11-27T14:40:26","date_gmt":"2025-11-27T13:40:26","guid":{"rendered":"https:\/\/dev.medandbeauty.com\/grembiule-da-laboratorio-gliwice\/"},"modified":"2025-11-27T14:41:33","modified_gmt":"2025-11-27T13:41:33","slug":"grembiule-da-laboratorio-gliwice","status":"publish","type":"page","link":"https:\/\/dev.medandbeauty.com\/it\/grembiule-da-laboratorio-gliwice\/","title":{"rendered":"Grembiule da laboratorio Gliwice"},"content":{"rendered":"\n<p>Stai cercando un grembiule medico che combini aspetto professionale, sicurezza e comfort per tutto il giorno? L&#8217;abbigliamento professionale \u00e8 il tuo biglietto da visita e uno strumento di lavoro che deve essere affidabile nell&#8217;ambiente dinamico di un laboratorio, una clinica o uno studio medico. <\/p>\n\n<p>Anche se \u00e8 possibile trovare negozi di abbigliamento medico o di salute e sicurezza a Gliwice, spesso offrono modelli standard e di largo consumo.<\/p>\n\n<p>Se vuoi una qualit\u00e0 che vada di pari passo con un design moderno e una lunga durata, la soluzione migliore \u00e8 acquistare online con consegna direttamente a casa tua. Noi di Med&amp;Beauty siamo specializzati nella creazione di indumenti medici che soddisfano le aspettative dei professionisti pi\u00f9 esigenti. <\/p>\n\n<h2 class=\"wp-block-heading\">Come si fa a scegliere un camice da laboratorio che duri per anni?<\/h2>\n\n<p>La scelta del grembiule giusto influisce ogni giorno sul tuo comfort e sulla tua immagine. Piuttosto che concentrarci solo sul prezzo, vale la pena sottolineare alcuni aspetti chiave che contraddistinguono i nostri prodotti: <\/p>\n\n<ul class=\"wp-block-list\">\n<li><strong>materiali di alta qualit\u00e0 &#8211;<\/strong> dimentica i tessuti rigidi e poco traspiranti! Cuciamo i nostri grembiuli di alta qualit\u00e0 con una miscela di cotone, nylon e lycra di alta qualit\u00e0. Questa combinazione garantisce un&#8217;eccellente traspirabilit\u00e0, flessibilit\u00e0 e durata. Allo stesso tempo, garantisce una buona vestibilit\u00e0 dell&#8217;indumento e la sua resistenza alle pieghe.   <\/li>\n\n\n\n<li><strong>Taglio funzionale:<\/strong> ogni grembiule medico \u00e8 stato progettato pensando alla libert\u00e0 di movimento. I tagli leggermente sartoriali, sia da uomo che da donna, assicurano un look professionale senza limitare i movimenti. L&#8217;allacciatura con bottoni a pressione rende facile indossare e togliere l&#8217;indumento in modo rapido.  <\/li>\n\n\n\n<li><strong>Tasche pratiche: le<\/strong> tasche ben posizionate e spaziose sono un must. Queste tasche sono l&#8217;ideale per riporre un blocco note, il telefono o piccoli utensili &#8211; e ogni nostro grembiule ne \u00e8 dotato. In questo modo avrai sempre tutto ci\u00f2 che ti serve a portata di mano.  <\/li>\n\n\n\n<li><strong>Opzioni di personalizzazione:<\/strong> vuoi sottolineare la tua professionalit\u00e0? Ti offriamo la possibilit\u00e0 di aggiungere un ricamo con il tuo nome, il tuo cognome o il logo della tua azienda. \u00c8 un dettaglio che crea fiducia e ti fa risaltare nell&#8217;ambiente di lavoro.  <\/li>\n<\/ul>\n\n<h2 class=\"wp-block-heading\">Cura del grembiule: semplici regole per una durata massima<\/h2>\n\n<p>Ci assicuriamo che i nostri capi non siano solo eleganti, ma anche facili da mantenere in condizioni impeccabili. Ti stai chiedendo se il tuo nuovo grembiule ha bisogno di una pulizia specializzata? I nostri tessuti sono progettati per essere lavati a casa in base ai requisiti igienici. Ricordati di:   <\/p>\n\n<ul class=\"wp-block-list\">\n<li>Lava il grembiule a 40\u00b0C, una temperatura sufficiente a rimuovere la maggior parte dei microrganismi senza danneggiare il tessuto,<\/li>\n\n\n\n<li>usa detersivi studiati per i tessuti colorati per mantenerli perfetti pi\u00f9 a lungo,<\/li>\n\n\n\n<li>Stira sul lato sinistro, preferibilmente con un ferro da stiro fino a 110\u00b0C.<\/li>\n<\/ul>\n\n<p>Seguendo queste semplici regole, puoi essere sicuro che il tuo grembiule manterr\u00e0 il suo taglio, il suo colore e le sue propriet\u00e0 per un lungo periodo di utilizzo intensivo.<\/p>\n\n<h2 class=\"wp-block-heading\">Ordina il tuo camice a Gliwice &#8211; in modo rapido e conveniente<\/h2>\n\n<p>Non perdere tempo a cercare nei negozi di cancelleria: scegli la qualit\u00e0 e lo stile che Med&amp;Beauty ti offre. Sfoglia la nostra collezione di camici medici e trova il modello perfetto per le tue esigenze. Effettua il tuo ordine online e te lo consegneremo direttamente al tuo indirizzo a Gliwice. Investi nel tuo comfort e nella tua immagine professionale oggi stesso!   <\/p>\n","protected":false},"excerpt":{"rendered":"<p>Stai cercando un grembiule medico che combini aspetto professionale, sicurezza e comfort per tutto il giorno? L&#8217;abbigliamento professionale \u00e8 il tuo biglietto da visita e uno strumento di lavoro che deve essere affidabile nell&#8217;ambiente dinamico di un laboratorio, una clinica o uno studio medico. Anche se \u00e8 possibile trovare negozi di abbigliamento medico o di [&hellip;]<\/p>\n","protected":false},"author":43705,"featured_media":0,"parent":0,"menu_order":0,"comment_status":"closed","ping_status":"closed","template":"","meta":{"_acf_changed":false,"inline_featured_image":false,"footnotes":""},"class_list":["post-624527","page","type-page","status-publish","hentry"],"acf":[],"_links":{"self":[{"href":"https:\/\/dev.medandbeauty.com\/it\/wp-json\/wp\/v2\/pages\/624527","targetHints":{"allow":["GET"]}}],"collection":[{"href":"https:\/\/dev.medandbeauty.com\/it\/wp-json\/wp\/v2\/pages"}],"about":[{"href":"https:\/\/dev.medandbeauty.com\/it\/wp-json\/wp\/v2\/types\/page"}],"author":[{"embeddable":true,"href":"https:\/\/dev.medandbeauty.com\/it\/wp-json\/wp\/v2\/users\/43705"}],"replies":[{"embeddable":true,"href":"https:\/\/dev.medandbeauty.com\/it\/wp-json\/wp\/v2\/comments?post=624527"}],"version-history":[{"count":1,"href":"https:\/\/dev.medandbeauty.com\/it\/wp-json\/wp\/v2\/pages\/624527\/revisions"}],"predecessor-version":[{"id":624530,"href":"https:\/\/dev.medandbeauty.com\/it\/wp-json\/wp\/v2\/pages\/624527\/revisions\/624530"}],"wp:attachment":[{"href":"https:\/\/dev.medandbeauty.com\/it\/wp-json\/wp\/v2\/media?parent=624527"}],"curies":[{"name":"wp","href":"https:\/\/api.w.org\/{rel}","templated":true}]}}