{"id":624210,"date":"2025-11-27T12:40:58","date_gmt":"2025-11-27T11:40:58","guid":{"rendered":"https:\/\/dev.medandbeauty.com\/grembiuli-cosmetici-poznan\/"},"modified":"2025-11-27T12:42:06","modified_gmt":"2025-11-27T11:42:06","slug":"grembiuli-cosmetici-poznan","status":"publish","type":"page","link":"https:\/\/dev.medandbeauty.com\/it\/grembiuli-cosmetici-poznan\/","title":{"rendered":"Grembiuli cosmetici Pozna\u0144"},"content":{"rendered":"\n<p>Nella gestione quotidiana di un salone non conta solo la professionalit\u00e0, ma anche il modo in cui il team si presenta. L&#8217;immagine di un dipendente influenza la percezione dell&#8217;intero marchio e un abbigliamento appropriato crea fiducia e sottolinea la professionalit\u00e0. <g id=\"gid_0\">I grembiuli cosmetici disponibili a Pozna\u0144<\/g> sono un&#8217;offerta per chi vuole combinare il comfort con l&#8217;estetica e prendersi cura del proprio benessere durante le molte ore di lavoro. In Med&amp;Beauty ci concentriamo su soluzioni create per soddisfare le reali esigenze dell&#8217;industria della bellezza.  <\/p>\n\n<p>I nostri prodotti sono realizzati in Polonia, il che ci permette di controllare ogni fase della loro creazione. Lavoriamo con professionisti che testano i nostri grembiuli in condizioni quotidiane. Grazie a ci\u00f2, sappiamo di offrire capi che funzionano e hanno un bell&#8217;aspetto per molto tempo. Materiali di alta qualit\u00e0, rifiniture accurate e un&#8217;ampia gamma di stili: queste caratteristiche fanno s\u00ec che ce ne sia per tutti i gusti.   <\/p>\n\n<h2 class=\"wp-block-heading\">Dove acquistare grembiuli cosmetici a Poznan? In cartoleria e online <\/h2>\n\n<p>Scegliere dove acquistare il tuo abbigliamento da lavoro \u00e8 una questione di convenienza e di fiducia nel rivenditore. Puoi acquistare i nostri grembiuli cosmetici sia in un negozio che online. Chi preferisce vedere il prodotto di persona pu\u00f2 visitare il nostro punto vendita di Pozna\u0144 e usufruire dell&#8217;assistenza di un consulente. Per coloro che amano fare acquisti veloci senza uscire di casa, abbiamo preparato un intuitivo negozio online.   <\/p>\n\n<p>Gli ordini vengono elaborati in modo efficiente e, se necessario, consentiamo la restituzione o la sostituzione del prodotto. I clienti possono contare su un supporto in ogni fase dell&#8217;acquisto, dalla scelta del modello alla conclusione della transazione. I grembiuli cosmetici sono disponibili in entrambi i canali di vendita, consentendoti di adattare il metodo di acquisto alle tue preferenze.  <\/p>\n\n<h2 class=\"wp-block-heading\">Quali grembiuli cosmetici scegliere? Confronto tra le collezioni premium e basic <\/h2>\n\n<p>Scegliere il giusto abbigliamento per il lavoro non \u00e8 solo una questione di comfort, ma anche un&#8217;espressione di cura della propria immagine. I grembiuli cosmetici con spedizione a Pozna\u0144 sono disponibili in due collezioni che rispondono a diverse esigenze e aspettative. Ognuna di esse \u00e8 stata progettata tenendo conto di diverse priorit\u00e0. Questo ti permette di scegliere la soluzione pi\u00f9 adatta al tuo stile di lavoro.   <\/p>\n\n<p>La collezione premium \u00e8 dedicata a chi apprezza i tessuti naturali e un look elegante. Il materiale \u00e8 prevalentemente cotone, che garantisce morbidezza e traspirabilit\u00e0. L&#8217;aggiunta di nylon e lycra assicura durata e flessibilit\u00e0. I grembiuli di questa linea sono perfetti per i saloni in cui contano prestigio e comfort per tutto il giorno.   <\/p>\n\n<p>La collezione basic \u00e8 la scelta di chi punta alla praticit\u00e0 e alla facilit\u00e0 di manutenzione. La combinazione di poliestere, viscosa e lycra rende il tessuto resistente alle pieghe, ad asciugatura rapida e a bassa manutenzione. \u00c8 la soluzione per chi cerca un abbigliamento affidabile per le giornate lavorative pi\u00f9 impegnative.  <\/p>\n\n<p>Quando scegli i grembiuli di bellezza di Poznan, puoi contare su:<\/p>\n\n<ul class=\"wp-block-list\">\n<li>L&#8217;accurata finitura di ogni modello,<\/li>\n\n\n\n<li>prove pratiche con specialisti,<\/li>\n\n\n\n<li>una vasta gamma di tagli per adattarsi a diverse silhouette,<\/li>\n\n\n\n<li>comode da indossare anche durante le lunghe ore di trattamento,<\/li>\n\n\n\n<li>materiali che mantengono le loro propriet\u00e0 e la loro estetica a lungo termine.<\/li>\n<\/ul>\n\n<p>Qualunque sia la collezione che sceglierai, avrai la certezza di ricevere un prodotto progettato tenendo conto delle reali esigenze dell&#8217;industria della bellezza.<\/p>\n\n<h2 class=\"wp-block-heading\">Come ci si prende cura di un grembiule cosmetico per farlo durare a lungo?<\/h2>\n\n<p>Una cura adeguata del tuo abbigliamento da lavoro rende pi\u00f9 facile mantenerne a lungo l&#8217;aspetto e la funzionalit\u00e0. Quando scegli i nostri grembiuli cosmetici, devi seguire alcune semplici regole. <\/p>\n\n<p>Si consiglia di lavare fino a 40\u00b0C con colori simili, di stirare sul lato sinistro fino a 110\u00b0C e di evitare detersivi forti e candeggina. Non asciugare o lavare a secco il capo. Seguendo questi consigli potrai godere di un&#8217;elevata qualit\u00e0 per molto tempo.  <\/p>\n\n<h2 class=\"wp-block-heading\">Cura la tua immagine: opta per la professionalit\u00e0 e il comfort<\/h2>\n\n<p>Una scelta consapevole dell&#8217;abbigliamento da lavoro \u00e8 un investimento in termini di comfort e prestigio. I grembiuli cosmetici con spedizione a Pozna\u0144 si distinguono sotto ogni aspetto. Si tratta di capi di produzione polacca, la cui qualit\u00e0 \u00e8 controllata in ogni fase. Questi abiti sono realizzati solo con materiali testati e sono disponibili sia in formato cartaceo che online. L&#8217;opzione di personalizzazione ti permette di distinguere il tuo salone sul mercato e di creare un riconoscimento del marchio.    <\/p>\n\n<p>Non esitare a contattarci, a visitare la nostra cartoleria o ad approfittare della nostra offerta online. Siamo qui per aiutarti a scegliere la soluzione migliore per ogni professionista della bellezza. <\/p>\n","protected":false},"excerpt":{"rendered":"<p>Nella gestione quotidiana di un salone non conta solo la professionalit\u00e0, ma anche il modo in cui il team si presenta. L&#8217;immagine di un dipendente influenza la percezione dell&#8217;intero marchio e un abbigliamento appropriato crea fiducia e sottolinea la professionalit\u00e0. I grembiuli cosmetici disponibili a Pozna\u0144 sono un&#8217;offerta per chi vuole combinare il comfort con [&hellip;]<\/p>\n","protected":false},"author":43705,"featured_media":0,"parent":0,"menu_order":0,"comment_status":"closed","ping_status":"closed","template":"","meta":{"_acf_changed":false,"inline_featured_image":false,"footnotes":""},"class_list":["post-624210","page","type-page","status-publish","hentry"],"acf":[],"_links":{"self":[{"href":"https:\/\/dev.medandbeauty.com\/it\/wp-json\/wp\/v2\/pages\/624210","targetHints":{"allow":["GET"]}}],"collection":[{"href":"https:\/\/dev.medandbeauty.com\/it\/wp-json\/wp\/v2\/pages"}],"about":[{"href":"https:\/\/dev.medandbeauty.com\/it\/wp-json\/wp\/v2\/types\/page"}],"author":[{"embeddable":true,"href":"https:\/\/dev.medandbeauty.com\/it\/wp-json\/wp\/v2\/users\/43705"}],"replies":[{"embeddable":true,"href":"https:\/\/dev.medandbeauty.com\/it\/wp-json\/wp\/v2\/comments?post=624210"}],"version-history":[{"count":1,"href":"https:\/\/dev.medandbeauty.com\/it\/wp-json\/wp\/v2\/pages\/624210\/revisions"}],"predecessor-version":[{"id":624213,"href":"https:\/\/dev.medandbeauty.com\/it\/wp-json\/wp\/v2\/pages\/624210\/revisions\/624213"}],"wp:attachment":[{"href":"https:\/\/dev.medandbeauty.com\/it\/wp-json\/wp\/v2\/media?parent=624210"}],"curies":[{"name":"wp","href":"https:\/\/api.w.org\/{rel}","templated":true}]}}