{"id":624194,"date":"2025-11-27T12:40:03","date_gmt":"2025-11-27T11:40:03","guid":{"rendered":"https:\/\/dev.medandbeauty.com\/abbigliamento-medico-opole\/"},"modified":"2025-11-27T12:40:51","modified_gmt":"2025-11-27T11:40:51","slug":"abbigliamento-medico-opole","status":"publish","type":"page","link":"https:\/\/dev.medandbeauty.com\/it\/abbigliamento-medico-opole\/","title":{"rendered":"Abbigliamento medico Opole"},"content":{"rendered":"\n<p>Scegliere il giusto abbigliamento medico \u00e8 una decisione importante che influisce sul tuo comfort e sulla tua comodit\u00e0 ogni giorno. A Opole sono disponibili diversi punti vendita fissi, ma \u00e8 il negozio online che ti offre la massima libert\u00e0 di scelta e il pieno controllo sui tuoi acquisti. Ti offriamo un&#8217;ampia gamma di capi confortevoli che puoi ordinare senza muoverti da casa. Ogni prodotto \u00e8 descritto in dettaglio e le foto riflettono l&#8217;aspetto e i colori reali degli abiti.   <\/p>\n\n<p>Lo shopping online ti permette di confrontare diversi modelli, colori e dimensioni in tutta tranquillit\u00e0. Sul sito puoi utilizzare comodi filtri che ti permettono di trovare facilmente il prodotto perfetto. Gli ordini vengono evasi rapidamente, assicurandoti che il tuo pacco ti arrivi nel minor tempo possibile. La consegna copre tutta Opole e l&#8217;area circostante e puoi contare sulla spedizione gratuita per gli ordini pi\u00f9 grandi. Se hai domande o hai bisogno di consigli, il nostro team \u00e8 a tua disposizione per supportarti in ogni fase della tua esperienza di acquisto, dalla scelta del prodotto alla finalizzazione dell&#8217;ordine.    <\/p>\n\n<h2 class=\"wp-block-heading\">Collezioni di abbigliamento medico: qual \u00e8 la differenza tra premium e basic?<\/h2>\n\n<p>Abbiamo sviluppato due linee di prodotti uniche. Questo ti permette di adattare perfettamente l&#8217;abbigliamento alle tue esigenze, alla natura del tuo lavoro e alle tue preferenze. Quando acquisti <strong>abbigliamento medico con consegna a Opole<\/strong>, puoi scegliere tra due collezioni:  <\/p>\n\n<ul class=\"wp-block-list\">\n<li><strong>Premium &#8211;<\/strong> creato per i professionisti pi\u00f9 esigenti. \u00c8 una miscela di cotone, nylon e lycra di alta qualit\u00e0. \u00c8 la scelta ideale per chi apprezza i materiali naturali, l&#8217;eccezionale traspirabilit\u00e0 e il comfort ineguagliabile quando si indossa durante la giornata lavorativa.  <\/li>\n\n\n\n<li><strong>Basic &#8211;<\/strong> basato su un&#8217;innovativa combinazione di poliestere, viscosa e lycra. Garantisce un&#8217;eccezionale durata, resistenza alle pieghe e facilit\u00e0 di manutenzione. \u00c8 una soluzione pratica che mantiene un ottimo aspetto e funzionalit\u00e0 a un prezzo molto interessante.  <\/li>\n<\/ul>\n\n<h2 class=\"wp-block-heading\">Composizione del materiale e cura: come curare gli indumenti medici?<\/h2>\n\n<p>Il segreto dei nostri capi \u00e8 costituito da tessuti tecnologicamente avanzati. Utilizzando composizioni accuratamente selezionate, come miscele di cotone, poliestere, nylon, viscosa e lycra, possiamo creare abiti quasi perfetti. <\/p>\n\n<p>Il cotone e la viscosa sono responsabili della morbidezza e della traspirabilit\u00e0. Il poliestere e il nylon, invece, aumentano la durata e rendono l&#8217;indumento pi\u00f9 facile da curare. Per assicurarti che la tua uniforme sia in condizioni impeccabili il pi\u00f9 a lungo possibile, segui sempre le istruzioni per la cura riportate sull&#8217;etichetta. In questo modo, l&#8217;intensit\u00e0 del colore, la forma e le propriet\u00e0 del tessuto saranno mantenute. Inoltre, non utilizzare detergenti forti ed evita l&#8217;asciugatura a tamburo.    <\/p>\n\n<h2 class=\"wp-block-heading\">Perch\u00e9 scegliere il nostro abbigliamento medico? Qualit\u00e0, test e produzione polacca <\/h2>\n\n<p>Costruiamo la fiducia dei nostri clienti su solide basi. Ci\u00f2 che ci distingue sul mercato \u00e8 il nostro approccio alla qualit\u00e0 senza compromessi, che si basa su diversi pilastri: <\/p>\n\n<ul class=\"wp-block-list\">\n<li><strong>Produzione polacca &#8211;<\/strong> tutti i nostri capi sono progettati e cuciti in Polonia. Questo ci permette di avere il pieno controllo su ogni fase della produzione e di curare i minimi dettagli, <\/li>\n\n\n\n<li><strong>testata da professionisti &#8211;<\/strong> prima che una nuova collezione venga messa in vendita, viene sottoposta a una serie di test pratici. Lavoriamo con medici, infermieri, studenti di medicina e cosmetologi, le cui opinioni e suggerimenti sono fondamentali per noi nel processo creativo, <\/li>\n\n\n\n<li><strong>materiali comprovati con propriet\u00e0 specifiche &#8211;<\/strong> utilizziamo solo tessuti di fornitori comprovati che sono sicuri per la pelle, resistenti e garantiscono il massimo comfort.<\/li>\n<\/ul>\n\n<h2 class=\"wp-block-heading\">Ordina abbigliamento medico a Opole &#8211; consegna rapida e assistenza<\/h2>\n\n<p>Ordinare indumenti medici non deve essere complicato o richiedere molto tempo! Bastano pochi clic per selezionare il modello, la taglia e il colore giusti e al resto pensiamo noi. Trattiamo ogni ordine singolarmente, assicurandoci che arrivi in modo rapido e sicuro. Il nostro team \u00e8 sempre pronto a rispondere alle tue domande e ad aiutarti a scegliere la soluzione migliore.   <\/p>\n\n<p>Ti supportiamo in ogni fase del tuo acquisto: dal contatto iniziale alla consulenza, dall&#8217;elaborazione dell&#8217;ordine all&#8217;assistenza post-vendita. In caso di dubbi, puoi contare sul nostro aiuto e sul nostro approccio flessibile. Offriamo chiare politiche di restituzione e cambio, rendendo la tua esperienza di acquisto completamente sicura.  <\/p>\n\n<p>Non rimandare la decisione di migliorare il tuo comfort sul lavoro. Dai un&#8217;occhiata alla nostra gamma di abbigliamento medico, scegli i prodotti pi\u00f9 adatti alle tue esigenze e ordinali con consegna a Opole. Prenditi cura della tua immagine professionale e del tuo comfort ogni giorno: \u00e8 un investimento che si ripaga rapidamente!  <\/p>\n","protected":false},"excerpt":{"rendered":"<p>Scegliere il giusto abbigliamento medico \u00e8 una decisione importante che influisce sul tuo comfort e sulla tua comodit\u00e0 ogni giorno. A Opole sono disponibili diversi punti vendita fissi, ma \u00e8 il negozio online che ti offre la massima libert\u00e0 di scelta e il pieno controllo sui tuoi acquisti. Ti offriamo un&#8217;ampia gamma di capi confortevoli [&hellip;]<\/p>\n","protected":false},"author":43705,"featured_media":0,"parent":0,"menu_order":0,"comment_status":"closed","ping_status":"closed","template":"","meta":{"_acf_changed":false,"inline_featured_image":false,"footnotes":""},"class_list":["post-624194","page","type-page","status-publish","hentry"],"acf":[],"_links":{"self":[{"href":"https:\/\/dev.medandbeauty.com\/it\/wp-json\/wp\/v2\/pages\/624194","targetHints":{"allow":["GET"]}}],"collection":[{"href":"https:\/\/dev.medandbeauty.com\/it\/wp-json\/wp\/v2\/pages"}],"about":[{"href":"https:\/\/dev.medandbeauty.com\/it\/wp-json\/wp\/v2\/types\/page"}],"author":[{"embeddable":true,"href":"https:\/\/dev.medandbeauty.com\/it\/wp-json\/wp\/v2\/users\/43705"}],"replies":[{"embeddable":true,"href":"https:\/\/dev.medandbeauty.com\/it\/wp-json\/wp\/v2\/comments?post=624194"}],"version-history":[{"count":1,"href":"https:\/\/dev.medandbeauty.com\/it\/wp-json\/wp\/v2\/pages\/624194\/revisions"}],"predecessor-version":[{"id":624196,"href":"https:\/\/dev.medandbeauty.com\/it\/wp-json\/wp\/v2\/pages\/624194\/revisions\/624196"}],"wp:attachment":[{"href":"https:\/\/dev.medandbeauty.com\/it\/wp-json\/wp\/v2\/media?parent=624194"}],"curies":[{"name":"wp","href":"https:\/\/api.w.org\/{rel}","templated":true}]}}