{"id":624184,"date":"2025-11-27T12:39:19","date_gmt":"2025-11-27T11:39:19","guid":{"rendered":"https:\/\/dev.medandbeauty.com\/abbigliamento-medico-olsztyn\/"},"modified":"2025-11-27T12:40:24","modified_gmt":"2025-11-27T11:40:24","slug":"abbigliamento-medico-olsztyn","status":"publish","type":"page","link":"https:\/\/dev.medandbeauty.com\/it\/abbigliamento-medico-olsztyn\/","title":{"rendered":"Abbigliamento medico Olsztyn"},"content":{"rendered":"\n<p>Quando si considera l&#8217;acquisto di abbigliamento professionale per il lavoro, \u00e8 inevitabile prendere in considerazione sia i negozi locali che le offerte online. Lo shopping online offre convenienza e accesso a un assortimento molto pi\u00f9 ampio senza dover uscire di casa. Nel nostro negozio online puoi confrontare facilmente le collezioni, controllare i colori e le taglie disponibili ed effettuare un ordine in pochi minuti. Soprattutto, offriamo una consegna rapida e senza problemi in tutta Olsztyn.   <\/p>\n\n<p>Potresti avere dei dubbi sugli acquisti online, soprattutto per quanto riguarda le taglie. Tuttavia, ordinando il tuo abbigliamento da lavoro sul nostro sito, non dovrai preoccuparti delle complicazioni post-acquisto. Ti offriamo fino a 100 giorni di reso, cos\u00ec potrai acquistare il capo dei tuoi sogni e provarlo in tutta tranquillit\u00e0. Se dovessero sorgere problemi in fase di ordine o di reso, puoi contare sul nostro team, che sar\u00e0 lieto di rispondere a tutte le tue domande. Scegliendo noi, scommetti su un marchio collaudato. Il nostro <g id=\"gid_0\">abbigliamento medico disponibile per la consegna a Olsztyn<\/g> \u00e8 prodotto in Polonia. Questo ci permette di avere il pieno controllo sul processo di creazione e garantisce la massima qualit\u00e0 di lavorazione.      <\/p>\n\n<h2 class=\"wp-block-heading\">Quale abbigliamento medico scegliere? Collezioni premium e basic <\/h2>\n\n<p>La scelta dell&#8217;abbigliamento giusto dipende dalle tue preferenze individuali, dal tuo lavoro specifico e dal tuo budget. Per facilitare la tua decisione, abbiamo sviluppato due linee di prodotti uniche che si adattano a esigenze diverse. Ognuna di esse \u00e8 stata progettata per offrire il massimo comfort e un aspetto professionale per tutto il giorno.  <\/p>\n\n<ul class=\"wp-block-list\">\n<li><strong>Una collezione premium<\/strong>, creata per i professionisti pi\u00f9 esigenti. Realizzato con una miscela di cotone, nylon e lycra di alta qualit\u00e0, l&#8217;indumento offre una traspirabilit\u00e0 senza pari, \u00e8 estremamente piacevole al tatto e resistente. Grazie alle fibre naturali, il tessuto assorbe perfettamente l&#8217;umidit\u00e0, aspetto fondamentale durante una giornata lavorativa intensa. \u00c8 la scelta ideale per medici, dentisti e operatori estetici che apprezzano il lusso e la massima qualit\u00e0.   <\/li>\n\n\n\n<li><strong>La collezione base<\/strong>: una combinazione di funzionalit\u00e0 e prezzo interessante. La miscela di poliestere, viscosa e lycra rende l&#8217;indumento leggero, flessibile ed estremamente facile da curare. Il materiale si asciuga rapidamente, \u00e8 quasi privo di pieghe e resiste ai lavaggi frequenti mantenendo inalterata l&#8217;intensit\u00e0 del colore. \u00c8 la soluzione perfetta per infermieri, operatori sanitari, fisioterapisti e studenti che hanno bisogno di un&#8217;uniforme affidabile e pratica.   <\/li>\n<\/ul>\n\n<h2 class=\"wp-block-heading\">Come si cura l&#8217;abbigliamento medico? Consigli pratici per la cura <\/h2>\n\n<p>Vuoi che le tue uniformi ti servano il pi\u00f9 a lungo possibile, mantenendo il loro aspetto e le loro propriet\u00e0 ideali? Una cura adeguata \u00e8 la chiave del successo. Controlla sempre le raccomandazioni riportate sull&#8217;etichetta, perch\u00e9 materiali diversi richiedono trattamenti diversi. I capi della nostra collezione premium, a causa dell&#8217;elevato contenuto di cotone, vanno lavati fino a 40\u00b0C per evitare il restringimento e proteggere le fibre delicate.   <\/p>\n\n<p>I capi della collezione base sono pi\u00f9 resistenti, ma ti consigliamo comunque di lavarli a temperature simili a quelle della versione premium. Ricorda di non usare candeggina forte e di evitare l&#8217;asciugatura meccanica, che pu\u00f2 indebolire l&#8217;elasticit\u00e0 del tessuto. Seguendo queste semplici regole, ti assicurerai una lunga durata e un aspetto impeccabile dei tuoi indumenti medici.  <\/p>\n\n<h2 class=\"wp-block-heading\">Recensioni ed esperienze: cosa dicono i nostri clienti?<\/h2>\n\n<p>La migliore prova della qualit\u00e0 dei nostri prodotti \u00e8 il feedback dei professionisti che li indossano ogni giorno. Le nostre collezioni sono progettate in collaborazione con la comunit\u00e0 medica e di bellezza: medici, infermieri, cosmetologi e studenti di medicina. \u00c8 il loro feedback che ci aiuta a creare capi non solo eleganti, ma soprattutto pratici.  <\/p>\n\n<p>I clienti apprezzano i nostri capi per i tagli sartoriali che non limitano i movimenti e per la resistenza dei materiali. Ci distinguiamo anche per la nostra ampia gamma di colori, che ti permette di esprimere il tuo stile individuale. Questa fiducia \u00e8 la nostra pi\u00f9 grande motivazione per migliorare ulteriormente i nostri prodotti.  <\/p>\n\n<h2 class=\"wp-block-heading\">Promozioni, novit\u00e0 e consegne rapide a Olsztyn<\/h2>\n\n<p>Vogliamo che l&#8217;abbigliamento medico di alta qualit\u00e0 sia disponibile per ogni professionista. Prepariamo regolarmente promozioni interessanti e introduciamo nuovi prodotti che rispondono alle ultime tendenze. <\/p>\n\n<p>Se sei uno studente, assicurati di dare un&#8217;occhiata al nostro programma di sconti speciali, che ti garantisce uno sconto permanente sui tuoi acquisti. Elaboriamo tutti gli ordini istantaneamente e offriamo la consegna gratuita direttamente a casa tua a Olsztyn per acquisti superiori a un certo importo. Iscriviti alla nostra newsletter o segui i nostri profili sui social media per non perdere nemmeno un&#8217;occasione!  <\/p>\n\n<h2 class=\"wp-block-heading\">Perch\u00e9 scegliere il nostro abbigliamento medico a Olsztyn?<\/h2>\n\n<p>Il tuo comfort e la tua immagine professionale sul lavoro sono la nostra priorit\u00e0. Scegliendo i nostri capi di abbigliamento, investi in un prodotto polacco di altissima qualit\u00e0, creato pensando alle tue esigenze quotidiane. Ti garantiamo non solo materiali eccellenti e una lavorazione precisa, ma anche la comodit\u00e0 dello shopping online con consegna rapida a Olsztyn. Che tu stia cercando un set elegante per il tuo ufficio o una robusta uniforme per il servizio ospedaliero, troverai la soluzione perfetta nel nostro assortimento. Guarda tu stesso e unisciti al gruppo di professionisti soddisfatti che si fidano del nostro marchio!    <\/p>\n","protected":false},"excerpt":{"rendered":"<p>Quando si considera l&#8217;acquisto di abbigliamento professionale per il lavoro, \u00e8 inevitabile prendere in considerazione sia i negozi locali che le offerte online. Lo shopping online offre convenienza e accesso a un assortimento molto pi\u00f9 ampio senza dover uscire di casa. Nel nostro negozio online puoi confrontare facilmente le collezioni, controllare i colori e le [&hellip;]<\/p>\n","protected":false},"author":43705,"featured_media":0,"parent":0,"menu_order":0,"comment_status":"closed","ping_status":"closed","template":"","meta":{"_acf_changed":false,"inline_featured_image":false,"footnotes":""},"class_list":["post-624184","page","type-page","status-publish","hentry"],"acf":[],"_links":{"self":[{"href":"https:\/\/dev.medandbeauty.com\/it\/wp-json\/wp\/v2\/pages\/624184","targetHints":{"allow":["GET"]}}],"collection":[{"href":"https:\/\/dev.medandbeauty.com\/it\/wp-json\/wp\/v2\/pages"}],"about":[{"href":"https:\/\/dev.medandbeauty.com\/it\/wp-json\/wp\/v2\/types\/page"}],"author":[{"embeddable":true,"href":"https:\/\/dev.medandbeauty.com\/it\/wp-json\/wp\/v2\/users\/43705"}],"replies":[{"embeddable":true,"href":"https:\/\/dev.medandbeauty.com\/it\/wp-json\/wp\/v2\/comments?post=624184"}],"version-history":[{"count":1,"href":"https:\/\/dev.medandbeauty.com\/it\/wp-json\/wp\/v2\/pages\/624184\/revisions"}],"predecessor-version":[{"id":624185,"href":"https:\/\/dev.medandbeauty.com\/it\/wp-json\/wp\/v2\/pages\/624184\/revisions\/624185"}],"wp:attachment":[{"href":"https:\/\/dev.medandbeauty.com\/it\/wp-json\/wp\/v2\/media?parent=624184"}],"curies":[{"name":"wp","href":"https:\/\/api.w.org\/{rel}","templated":true}]}}