{"id":624173,"date":"2025-11-27T12:38:24","date_gmt":"2025-11-27T11:38:24","guid":{"rendered":"https:\/\/dev.medandbeauty.com\/abbigliamento-medico-torun\/"},"modified":"2025-11-27T12:39:40","modified_gmt":"2025-11-27T11:39:40","slug":"abbigliamento-medico-torun","status":"publish","type":"page","link":"https:\/\/dev.medandbeauty.com\/it\/abbigliamento-medico-torun\/","title":{"rendered":"Abbigliamento medico Toru\u0144"},"content":{"rendered":"\n<p>Ti stai chiedendo dove sia il posto pi\u00f9 conveniente per fare scorta di uniformi di qualit\u00e0? Anche se non abbiamo ancora un punto vendita fisso a Toru\u0144, il nostro negozio online \u00e8 la risposta alle tue esigenze. Offriamo consegne rapide e senza problemi di <strong>abbigliamento medico direttamente a Toru\u0144<\/strong>. Perch\u00e9 lo shopping online su Med&amp;Beauty \u00e8 la soluzione migliore?   <\/p>\n\n<ul class=\"wp-block-list\">\n<li><strong>Convenienza e risparmio di tempo:<\/strong> ordina senza uscire di casa, in qualsiasi momento. Il nostro sito web \u00e8 intuitivo e il processo di acquisto \u00e8 facile e veloce. <\/li>\n\n\n\n<li><strong>Ampia scelta:<\/strong> hai accesso all&#8217;intera gamma, comprese le ultime collezioni, i colori e tutte le taglie.<\/li>\n\n\n\n<li><strong>Tempi rapidi:<\/strong> evadiamo gli ordini a Toru\u0144 in pochissimo tempo, in modo che tu possa goderti il tuo nuovo e comodo abbigliamento il prima possibile.<\/li>\n\n\n\n<li><strong>Supporto del marchio polacco &#8211;<\/strong> tutti i nostri capi sono progettati e cuciti in Polonia, il che garantisce la massima qualit\u00e0 di lavorazione.<\/li>\n<\/ul>\n\n<h2 class=\"wp-block-heading\">Quali tipi di abbigliamento medico offriamo con consegna a Torun?<\/h2>\n\n<p>La nostra gamma \u00e8 pensata per soddisfare le diverse esigenze del personale medico. Indipendentemente dalla tua specializzazione, troverai un abbigliamento perfettamente adatto alle tue esigenze. Offriamo un&#8217;ampia gamma che comprende:  <\/p>\n\n<ul class=\"wp-block-list\">\n<li><strong>camicette mediche<\/strong> &#8211; sia di taglio classico che moderno,<\/li>\n\n\n\n<li><strong>pantaloni da medico<\/strong> &#8211; joggers, dritti e con gambe larghe per la libert\u00e0 di movimento,<\/li>\n\n\n\n<li><strong>Grembiuli e camici medici<\/strong>: una soluzione elegante e pratica per tutti i giorni,<\/li>\n\n\n\n<li><strong>set medici (camici)<\/strong> &#8211; set gi\u00e0 pronti a prezzi vantaggiosi,<\/li>\n\n\n\n<li><strong>tuniche e giacche mediche<\/strong>.<\/li>\n<\/ul>\n\n<p>Ogni modello \u00e8 disponibile in un&#8217;ampia gamma di colori e misure. In questo modo \u00e8 facile completare l&#8217;uniforme perfetta. <\/p>\n\n<h2 class=\"wp-block-heading\">Collezioni premium e basic: qual \u00e8 la differenza?<\/h2>\n\n<p>Quando scegliamo l&#8217;abbigliamento medico, non guardiamo solo al comfort, ma anche al buon rapporto qualit\u00e0-prezzo. Vogliamo darti la possibilit\u00e0 di scegliere, per questo abbiamo creato due linee di prodotti che si adattano alle diverse esigenze e preferenze. <\/p>\n\n<ul class=\"wp-block-list\">\n<li><strong>Collezione Basic &#8211; \u00e8 <\/strong>realizzata con una miscela di poliestere, viscosa e lycra. \u00c8 estremamente morbida, traspirante e resistente alle pieghe, il che la rende facile da curare ogni giorno. \u00c8 una scelta eccellente per chi apprezza il comfort e la praticit\u00e0 a un prezzo accessibile.  <\/li>\n\n\n\n<li><strong>Collezione Premium &#8211;<\/strong> creata da una combinazione di cotone, nylon e lycra. Garantisce una durata eccezionale, un&#8217;eccellente circolazione dell&#8217;aria e un aspetto elegante del tessuto per lungo tempo. Un investimento in qualit\u00e0 senza compromessi e comfort ai massimi livelli.  <\/li>\n<\/ul>\n\n<p>Entrambe le collezioni sono state sottoposte a test pratici da parte di medici e personale sanitario, confermando la loro funzionalit\u00e0 nel lavoro quotidiano.<\/p>\n\n<h2 class=\"wp-block-heading\">Come devi prenderti cura del tuo abbigliamento medico in modo che ti sia utile il pi\u00f9 a lungo possibile?<\/h2>\n\n<p>Investire in indumenti di buona qualit\u00e0 \u00e8 una cosa &#8211; e prendersene cura in modo adeguato \u00e8 un&#8217;altra. Per assicurarti che le tue uniformi mantengano a lungo il loro colore, il loro taglio e le loro propriet\u00e0, segui le raccomandazioni del produttore. Controlla sempre le istruzioni riportate sull&#8217;etichetta. I nostri materiali sono stati selezionati per facilitare il lavaggio e la manutenzione, ma lavare alla giusta temperatura ed evitare detersivi forti prolungher\u00e0 notevolmente la vita del tuo capo.   <\/p>\n\n<h2 class=\"wp-block-heading\">Perch\u00e9 scegliere l&#8217;abbigliamento Med&amp;Beauty a Toru\u0144?<\/h2>\n\n<p>Siamo un marchio nato dalla passione e dalla comprensione delle esigenze del settore medico. Quando scegli noi, scommetti su: <\/p>\n\n<ul class=\"wp-block-list\">\n<li><strong>Produzione polacca:<\/strong> abbiamo il pieno controllo della qualit\u00e0 in ogni fase, dalla progettazione alla cucitura finale,<\/li>\n\n\n\n<li><strong>materiali testati &#8211;<\/strong> i nostri tessuti sono traspiranti, resistenti e comodi da indossare tutto il giorno,<\/li>\n\n\n\n<li><strong>design moderno &#8211;<\/strong> combiniamo funzionalit\u00e0 e tagli alla moda per farti sentire e apparire professionale al lavoro,<\/li>\n\n\n\n<li><strong>la fiducia dei professionisti &#8211;<\/strong> le nostre collezioni sono testate e apprezzate da medici, infermieri, cosmetologi e studenti di medicina.<\/li>\n<\/ul>\n\n<p>Non perdere tempo a cercare: i migliori abiti per professionisti di Toru\u0144 sono a portata di mano. Approfitta della comodit\u00e0 dello shopping online e unisciti al gruppo di clienti soddisfatti che si sono fidati della qualit\u00e0 di Med&amp;Beauty. Dai un&#8217;occhiata alla nostra offerta e scegli l&#8217;abbigliamento medico pi\u00f9 adatto alle tue esigenze!  <\/p>\n","protected":false},"excerpt":{"rendered":"<p>Ti stai chiedendo dove sia il posto pi\u00f9 conveniente per fare scorta di uniformi di qualit\u00e0? Anche se non abbiamo ancora un punto vendita fisso a Toru\u0144, il nostro negozio online \u00e8 la risposta alle tue esigenze. Offriamo consegne rapide e senza problemi di abbigliamento medico direttamente a Toru\u0144. Perch\u00e9 lo shopping online su Med&amp;Beauty [&hellip;]<\/p>\n","protected":false},"author":43705,"featured_media":0,"parent":0,"menu_order":0,"comment_status":"closed","ping_status":"closed","template":"","meta":{"_acf_changed":false,"inline_featured_image":false,"footnotes":""},"class_list":["post-624173","page","type-page","status-publish","hentry"],"acf":[],"_links":{"self":[{"href":"https:\/\/dev.medandbeauty.com\/it\/wp-json\/wp\/v2\/pages\/624173","targetHints":{"allow":["GET"]}}],"collection":[{"href":"https:\/\/dev.medandbeauty.com\/it\/wp-json\/wp\/v2\/pages"}],"about":[{"href":"https:\/\/dev.medandbeauty.com\/it\/wp-json\/wp\/v2\/types\/page"}],"author":[{"embeddable":true,"href":"https:\/\/dev.medandbeauty.com\/it\/wp-json\/wp\/v2\/users\/43705"}],"replies":[{"embeddable":true,"href":"https:\/\/dev.medandbeauty.com\/it\/wp-json\/wp\/v2\/comments?post=624173"}],"version-history":[{"count":1,"href":"https:\/\/dev.medandbeauty.com\/it\/wp-json\/wp\/v2\/pages\/624173\/revisions"}],"predecessor-version":[{"id":624174,"href":"https:\/\/dev.medandbeauty.com\/it\/wp-json\/wp\/v2\/pages\/624173\/revisions\/624174"}],"wp:attachment":[{"href":"https:\/\/dev.medandbeauty.com\/it\/wp-json\/wp\/v2\/media?parent=624173"}],"curies":[{"name":"wp","href":"https:\/\/api.w.org\/{rel}","templated":true}]}}