{"id":624160,"date":"2025-11-27T12:37:39","date_gmt":"2025-11-27T11:37:39","guid":{"rendered":"https:\/\/dev.medandbeauty.com\/abbigliamento-medico-bialystok\/"},"modified":"2025-11-27T12:38:52","modified_gmt":"2025-11-27T11:38:52","slug":"abbigliamento-medico-bialystok","status":"publish","type":"page","link":"https:\/\/dev.medandbeauty.com\/it\/abbigliamento-medico-bialystok\/","title":{"rendered":"Abbigliamento medico Bialystok"},"content":{"rendered":"\n<p>Scegliere i giusti <strong>indumenti medici con consegna a Bialystok<\/strong> \u00e8 di fondamentale importanza per il tuo comfort e la tua soddisfazione. Nel nostro negozio online puoi contare su un&#8217;ampia gamma di prodotti, che aggiorniamo costantemente in base alle ultime tendenze ed esigenze del settore. Ogni prodotto disponibile online \u00e8 stato descritto nel dettaglio e le foto riflettono l&#8217;aspetto e i colori reali. In questo modo \u00e8 molto pi\u00f9 facile per te prendere una decisione senza uscire di casa.   <\/p>\n\n<p>Il processo di ordinazione \u00e8 rapido e intuitivo. Bastano pochi clic per selezionare il modello, la taglia e il colore giusto. Questo ti fa risparmiare tempo, che puoi dedicare al relax o allo sviluppo professionale. Ordinando direttamente dal produttore, hai la certezza di ricevere un prodotto di alta qualit\u00e0. Ogni spedizione \u00e8 accuratamente preparata e protetta per il trasporto.    <\/p>\n\n<h2 class=\"wp-block-heading\">Quali tipi di indumenti medici offriamo con consegna a Bialystok?<\/h2>\n\n<p>La nostra gamma \u00e8 stata progettata per soddisfare le diverse esigenze dei professionisti del settore medico. Che tu stia cercando un&#8217;uniforme classica o un set moderno, con noi troverai quello che ti serve: <\/p>\n\n<ul class=\"wp-block-list\">\n<li><strong>camicette mediche &#8211;<\/strong> disponibili in una gamma di tagli e colori che garantiscono comfort e un aspetto professionale,<\/li>\n\n\n\n<li><strong>pantaloni medici &#8211;<\/strong> flessibili e comodi, con una vestibilit\u00e0 perfetta,<\/li>\n\n\n\n<li><strong>camici e set medici:<\/strong> set gi\u00e0 pronti che combinano la funzionalit\u00e0 con un aspetto estetico coerente,<\/li>\n\n\n\n<li><strong>grembiuli e abiti da medico:<\/strong> soluzioni eleganti e pratiche per le signore che apprezzano stile e comfort.<\/li>\n<\/ul>\n\n<p>Offriamo due linee di prodotti principali. La prima \u00e8 la collezione premium (una miscela di cotone, nylon e lycra): la scelta perfetta per chi apprezza la morbidezza lussuosa e la durata. La collezione basic (poliestere, viscosa e lycra), invece, \u00e8 sinonimo di praticit\u00e0 e comfort quotidiano.  <\/p>\n\n<h2 class=\"wp-block-heading\">Composizione del materiale e cura: come curare gli indumenti medici?<\/h2>\n\n<p>Affinch\u00e9 i tuoi indumenti medici ti servano il pi\u00f9 a lungo possibile mantenendo il loro colore e la loro forma, \u00e8 fondamentale una cura adeguata. Le nostre uniformi sono progettate per rendere la pulizia semplice ed efficace. Ricorda solo alcune regole:  <\/p>\n\n<ul class=\"wp-block-list\">\n<li><strong>lavaggio: lavare<\/strong> fino a 40\u00b0C con colori simili. In questo modo \u00e8 possibile rimuovere efficacemente lo sporco e disinfettare con mezzi adeguati, <\/li>\n\n\n\n<li><strong>Stiratura &#8211; stira<\/strong> fino a 110\u00b0C, preferibilmente sul lato sinistro per proteggere la struttura e il colore del tessuto,<\/li>\n\n\n\n<li><strong>evita:<\/strong> non usare candeggina forte e non asciugare i vestiti in asciugatrice. Si tratta di semplici accorgimenti che prolungheranno notevolmente la vita della tua uniforme. <\/li>\n<\/ul>\n\n<h2 class=\"wp-block-heading\">Perch\u00e9 scegliere il nostro abbigliamento medico a Bialystok?<\/h2>\n\n<p>Costruiamo la fiducia dei nostri clienti su basi solide. Ogni prodotto Med&amp;Beauty \u00e8 il risultato di un lavoro accurato e di un&#8217;attenzione ai dettagli. Cosa ci distingue?  <\/p>\n\n<ul class=\"wp-block-list\">\n<li><strong>Produzione polacca &#8211;<\/strong> cuciamo tutti i nostri capi in Polonia, il che ci permette di avere un controllo completo della qualit\u00e0 in ogni fase della produzione.<\/li>\n\n\n\n<li><strong>Test pratici:<\/strong> prima di essere messi in vendita, i capi vengono testati da medici, infermieri, cosmetologi e studenti di medicina. Il loro feedback ci aiuta a creare prodotti non solo belli, ma soprattutto funzionali. <\/li>\n\n\n\n<li><strong>Qualit\u00e0 e comfort:<\/strong> utilizziamo solo materiali testati e certificati che sono traspiranti, flessibili e piacevoli sulla pelle.<\/li>\n\n\n\n<li><strong>Garanzia di soddisfazione:<\/strong> siamo cos\u00ec sicuri dei nostri prodotti che offriamo fino a 100 giorni per la restituzione.<\/li>\n<\/ul>\n\n<h2 class=\"wp-block-heading\">Personalizzazione, colori e taglie: adatta l&#8217;indumento alle tue esigenze<\/h2>\n\n<p>Vuoi che il tuo abbigliamento sia unico? Ti offriamo la possibilit\u00e0 di personalizzare il tuo capo d&#8217;abbigliamento facendolo ricamare con il tuo nome, il tuo cognome o il logo dell&#8217;organizzazione. Questo \u00e8 il modo perfetto per enfatizzare la tua immagine professionale o quella di tutto il tuo team. Grazie all&#8217;ampia gamma di taglie e alle tabelle dettagliate nella pagina del prodotto, \u00e8 facile trovare l&#8217;indumento perfetto. E se hai domande, il nostro team sar\u00e0 lieto di aiutarti nella scelta!    <\/p>\n\n<p>Sei uno studente dell&#8217;universit\u00e0 di medicina di Bialystok? Scopri il nostro programma per studenti e ricevi uno sconto permanente del 15% sui tuoi acquisti! <\/p>\n\n<h2 class=\"wp-block-heading\">Il tuo comfort, il tuo stile: scegli un abbigliamento medico che soddisfi le tue aspettative<\/h2>\n\n<p>Ogni giorno al lavoro \u00e8 una nuova sfida: ecco perch\u00e9 vale la pena puntare su soluzioni che rendano pi\u00f9 semplice la vita di tutti i giorni. Il nostro abbigliamento medico disponibile a Bialystok combina comfort, qualit\u00e0 e stile, che molti professionisti hanno gi\u00e0 apprezzato. Puntando sui nostri prodotti, puoi essere certo che il tuo abbigliamento sar\u00e0 affidabile e adatto alle tue esigenze. Con un&#8217;ampia scelta di tagli, colori e taglie, ce n&#8217;\u00e8 per tutti i gusti. Se hai domande o hai bisogno di aiuto nella scelta, siamo qui per aiutarti. Ordina un abbigliamento medico che metta in risalto la tua professionalit\u00e0 e si prenda cura del tuo comfort ogni giorno!     <\/p>\n","protected":false},"excerpt":{"rendered":"<p>Scegliere i giusti indumenti medici con consegna a Bialystok \u00e8 di fondamentale importanza per il tuo comfort e la tua soddisfazione. Nel nostro negozio online puoi contare su un&#8217;ampia gamma di prodotti, che aggiorniamo costantemente in base alle ultime tendenze ed esigenze del settore. Ogni prodotto disponibile online \u00e8 stato descritto nel dettaglio e le [&hellip;]<\/p>\n","protected":false},"author":43705,"featured_media":0,"parent":0,"menu_order":0,"comment_status":"closed","ping_status":"closed","template":"","meta":{"_acf_changed":false,"inline_featured_image":false,"footnotes":""},"class_list":["post-624160","page","type-page","status-publish","hentry"],"acf":[],"_links":{"self":[{"href":"https:\/\/dev.medandbeauty.com\/it\/wp-json\/wp\/v2\/pages\/624160","targetHints":{"allow":["GET"]}}],"collection":[{"href":"https:\/\/dev.medandbeauty.com\/it\/wp-json\/wp\/v2\/pages"}],"about":[{"href":"https:\/\/dev.medandbeauty.com\/it\/wp-json\/wp\/v2\/types\/page"}],"author":[{"embeddable":true,"href":"https:\/\/dev.medandbeauty.com\/it\/wp-json\/wp\/v2\/users\/43705"}],"replies":[{"embeddable":true,"href":"https:\/\/dev.medandbeauty.com\/it\/wp-json\/wp\/v2\/comments?post=624160"}],"version-history":[{"count":1,"href":"https:\/\/dev.medandbeauty.com\/it\/wp-json\/wp\/v2\/pages\/624160\/revisions"}],"predecessor-version":[{"id":624162,"href":"https:\/\/dev.medandbeauty.com\/it\/wp-json\/wp\/v2\/pages\/624160\/revisions\/624162"}],"wp:attachment":[{"href":"https:\/\/dev.medandbeauty.com\/it\/wp-json\/wp\/v2\/media?parent=624160"}],"curies":[{"name":"wp","href":"https:\/\/api.w.org\/{rel}","templated":true}]}}