{"id":624145,"date":"2025-11-27T12:36:47","date_gmt":"2025-11-27T11:36:47","guid":{"rendered":"https:\/\/dev.medandbeauty.com\/abbigliamento-medico-bydgoszcz\/"},"modified":"2025-11-27T12:38:05","modified_gmt":"2025-11-27T11:38:05","slug":"abbigliamento-medico-bydgoszcz","status":"publish","type":"page","link":"https:\/\/dev.medandbeauty.com\/it\/abbigliamento-medico-bydgoszcz\/","title":{"rendered":"Abbigliamento medico Bydgoszcz"},"content":{"rendered":"\n<p>Molti professionisti apprezzano la comodit\u00e0 dello shopping online. Puoi scegliere l&#8217;abbigliamento medico perfetto senza dover visitare un punto vendita fisso! Nel nostro negozio online troverai una gamma completa di abbigliamento medico che soddisfa le aspettative anche dei clienti pi\u00f9 esigenti. Ogni prodotto \u00e8 descritto nel dettaglio e le foto riflettono l&#8217;aspetto e i colori reali degli indumenti. Questo ti garantisce di scegliere ci\u00f2 che pi\u00f9 si adatta alle tue esigenze.    <\/p>\n\n<p>Il processo d&#8217;ordine \u00e8 semplice e intuitivo. Bastano pochi clic per aggiungere i prodotti selezionati al carrello e finalizzare l&#8217;acquisto. Offriamo consegne rapide nell&#8217;area di Bydgoszcz: il tuo ordine arriver\u00e0 al tuo indirizzo entro pochi giorni lavorativi. Se hai domande su taglia, taglio o tessuto, puoi chiedere aiuto al nostro team di consulenti. Saremo lieti di sciogliere ogni dubbio e di aiutarti a scegliere la soluzione migliore.    <\/p>\n\n<p>Lo shopping online offre sicurezza e flessibilit\u00e0. Puoi provare i capi a casa tua in tutta tranquillit\u00e0 e se qualcosa non ti sta bene hai fino a 100 giorni per restituirli. \u00c8 la comodit\u00e0 che ti meriti quando scegli l&#8217;<strong> abbigliamento medico con consegna a Bydgoszcz<\/strong>.  <\/p>\n\n<h2 class=\"wp-block-heading\">Collezioni premium e basic: qual \u00e8 la differenza e quale scegliere?<\/h2>\n\n<p>Sappiamo che compiti diversi richiedono soluzioni diverse. Per questo motivo, la nostra gamma comprende due linee di prodotti uniche: <\/p>\n\n<ul class=\"wp-block-list\">\n<li><strong>La collezione premium \u00e8<\/strong> come un abito su misura per il mondo medico. Creati con una lussuosa miscela di cotone, nylon e lycra, gli indumenti offrono morbidezza, traspirabilit\u00e0 e flessibilit\u00e0 senza pari. \u00c8 la scelta ideale per chi desidera il massimo comfort e un look elegante per tutto il giorno.  <\/li>\n\n\n\n<li><strong>La collezione basic \u00e8<\/strong> la combinazione ideale di durata e funzionalit\u00e0. Il materiale, basato su poliestere, viscosa e lycra, \u00e8 estremamente durevole, resistente alle pieghe e facile da curare. \u00c8 la scelta perfetta per chi apprezza le soluzioni pratiche e i colori vivaci che durano per molti lavaggi.  <\/li>\n<\/ul>\n\n<p>Non sei sicuro di quale collezione sia pi\u00f9 adatta a te? Pensa alla tua giornata lavorativa. Se per te i materiali naturali e la sensazione di &#8220;seconda pelle&#8221; sono fondamentali, scegli la collezione premium. Se la tua priorit\u00e0 \u00e8 la durata e la cura minima, la collezione basic sar\u00e0 un successo.   <\/p>\n\n<h2 class=\"wp-block-heading\">Come ci si prende cura degli indumenti medici in modo che durino per anni?<\/h2>\n\n<p>Vogliamo che i tuoi indumenti medici abbiano un aspetto impeccabile il pi\u00f9 a lungo possibile. I nostri materiali si distinguono per la loro alta qualit\u00e0, ma senza una cura adeguata non dureranno a lungo in buone condizioni. Ricorda alcune semplici regole:  <\/p>\n\n<ul class=\"wp-block-list\">\n<li><strong>Lavaggio &#8211; lavare<\/strong> fino a 40\u00b0C, preferibilmente sul lato sinistro per proteggere il colore e la struttura del tessuto,<\/li>\n\n\n\n<li><strong>Candeggio &#8211;<\/strong> evita di usare candeggina e smacchiatori forti, che possono danneggiare le fibre,<\/li>\n\n\n\n<li><strong>Asciugatura &#8211;<\/strong> non asciugare i vestiti in asciugatrice. Lasciali asciugare naturalmente, <\/li>\n\n\n\n<li><strong>Stiratura: stira<\/strong> sul lato sinistro a bassa temperatura.<\/li>\n<\/ul>\n\n<p>Grazie ai moderni detersivi, il lavaggio a 40\u00b0C \u00e8 sufficiente per mantenere l&#8217;igiene e prolungare la vita dei tuoi camici.<\/p>\n\n<h2 class=\"wp-block-heading\">Produzione polacca e test condotti da professionisti: una garanzia di qualit\u00e0<\/h2>\n\n<p>La fiducia \u00e8 la base: ecco perch\u00e9 tutti i nostri capi sono progettati e cuciti in Polonia. Questo ci permette di avere il pieno controllo su ogni fase della produzione, dalla scelta dei tessuti alla cucitura finale. <\/p>\n\n<p>Prima di essere messo in vendita, un modello viene sottoposto a rigorosi test pratici con medici, infermieri, cosmetologi e studenti di medicina. Ascoltiamo i loro feedback affinch\u00e9 i nostri capi non siano solo belli, ma soprattutto funzionali e adatti alla realt\u00e0 lavorativa. <\/p>\n\n<h2 class=\"wp-block-heading\">Ritrova il comfort al lavoro: scegli l&#8217;abbigliamento medico su misura per le tue esigenze<\/h2>\n\n<p>Scegliere il giusto abbigliamento medico \u00e8 un investimento per il tuo comfort e la tua immagine professionale. Il nostro assortimento combina materiali di alta qualit\u00e0, design moderno e soluzioni pratiche che ti aiutano quotidianamente. Ogni articolo della collezione \u00e8 stato testato da specialisti del settore medico ed estetico. Questo ti d\u00e0 la certezza di scegliere prodotti collaudati.   <\/p>\n\n<p>Quando ordini da noi, non solo ottieni un&#8217;ampia selezione e una consegna rapida a Bydgoszcz, ma anche un&#8217;assistenza esperta in ogni fase della tua esperienza di acquisto. Se hai domande o bisogno di consigli, siamo qui per aiutarti. Scopri quanto pu\u00f2 essere comodo ed elegante l&#8217;abbigliamento medico: ordina oggi stesso!  <\/p>\n","protected":false},"excerpt":{"rendered":"<p>Molti professionisti apprezzano la comodit\u00e0 dello shopping online. Puoi scegliere l&#8217;abbigliamento medico perfetto senza dover visitare un punto vendita fisso! Nel nostro negozio online troverai una gamma completa di abbigliamento medico che soddisfa le aspettative anche dei clienti pi\u00f9 esigenti. Ogni prodotto \u00e8 descritto nel dettaglio e le foto riflettono l&#8217;aspetto e i colori reali [&hellip;]<\/p>\n","protected":false},"author":43705,"featured_media":0,"parent":0,"menu_order":0,"comment_status":"closed","ping_status":"closed","template":"","meta":{"_acf_changed":false,"inline_featured_image":false,"footnotes":""},"class_list":["post-624145","page","type-page","status-publish","hentry"],"acf":[],"_links":{"self":[{"href":"https:\/\/dev.medandbeauty.com\/it\/wp-json\/wp\/v2\/pages\/624145","targetHints":{"allow":["GET"]}}],"collection":[{"href":"https:\/\/dev.medandbeauty.com\/it\/wp-json\/wp\/v2\/pages"}],"about":[{"href":"https:\/\/dev.medandbeauty.com\/it\/wp-json\/wp\/v2\/types\/page"}],"author":[{"embeddable":true,"href":"https:\/\/dev.medandbeauty.com\/it\/wp-json\/wp\/v2\/users\/43705"}],"replies":[{"embeddable":true,"href":"https:\/\/dev.medandbeauty.com\/it\/wp-json\/wp\/v2\/comments?post=624145"}],"version-history":[{"count":1,"href":"https:\/\/dev.medandbeauty.com\/it\/wp-json\/wp\/v2\/pages\/624145\/revisions"}],"predecessor-version":[{"id":624150,"href":"https:\/\/dev.medandbeauty.com\/it\/wp-json\/wp\/v2\/pages\/624145\/revisions\/624150"}],"wp:attachment":[{"href":"https:\/\/dev.medandbeauty.com\/it\/wp-json\/wp\/v2\/media?parent=624145"}],"curies":[{"name":"wp","href":"https:\/\/api.w.org\/{rel}","templated":true}]}}