{"id":521525,"date":"2025-11-27T12:32:24","date_gmt":"2025-11-27T11:32:24","guid":{"rendered":"https:\/\/dev.medandbeauty.com\/?page_id=521525"},"modified":"2025-11-27T12:33:10","modified_gmt":"2025-11-27T11:33:10","slug":"abbigliamento-medico-varsavia-2","status":"publish","type":"page","link":"https:\/\/dev.medandbeauty.com\/it\/abbigliamento-medico-varsavia-2\/","title":{"rendered":"Abbigliamento medico Pozna\u0144"},"content":{"rendered":"\n<p>Mantenere la massima concentrazione per molte ore non dipende solo dalle condizioni di lavoro, ma anche da ci\u00f2 che indossi. Un materiale che non provoca disagio pu\u00f2 alleviare efficacemente la tensione del tuo corpo durante una giornata intensa. Nelle nostre collezioni sono disponibili due livelli di comfort: una versione base e una versione premium. Ognuna di esse \u00e8 stata preparata tenendo conto di esigenze diverse.   <\/p>\n\n<p>I modelli della collezione base sono realizzati con un tessuto che combina resistenza ed elasticit\u00e0. La loro composizione si basa su fibre sintetiche e viscosa. Questa combinazione permette di mantenere la struttura del tessuto garantendo allo stesso tempo leggerezza e comfort. La collezione premium \u00e8 una proposta basata sul cotone naturale con l&#8217;aggiunta di fibre tecniche. Questo rende il tessuto morbido, flessibile e meno soggetto a sgualcirsi. Entrambe le versioni sono state sviluppate per rispondere alle esigenze delle persone che trascorrono molte ore in movimento, spesso in condizioni mutevoli. <strong>Gli indumenti medici disponibili con spedizione a Pozna\u0144<\/strong> sono stati creati per supportarti in ogni condizione.     <\/p>\n\n<h2 class=\"wp-block-heading\">L&#8217;abbigliamento medico di Pozna\u0144 si distingue per i tagli raffinati che sottolineano la tua professionalit\u00e0.<\/h2>\n\n<p>Un aspetto pulito ed esteticamente gradevole \u00e8 spesso indicativo del tuo approccio al lavoro. Un abbigliamento professionale aiuta a ispirare fiducia nei pazienti o nei clienti, e questo prima ancora che inizi la conversazione. Sul lavoro, dove gli abiti sono esposti a preparati, acqua o attrezzature, \u00e8 importante non solo la durata ma anche la funzionalit\u00e0. Tutti i modelli disponibili nel nostro negozio online sono progettati per avere un aspetto gradevole anche dopo molte ore.   <\/p>\n\n<p>Il materiale non si sgualcisce e non richiede una lunga stiratura. La manutenzione \u00e8 semplice, perch\u00e9 i capi non perdono la loro forma durante il lavaggio e mantengono i loro colori a lungo. I modelli si adattano a diverse silhouette, quindi non c&#8217;\u00e8 bisogno di regolarli durante il movimento. Questo \u00e8 importante per chi lavora nel campo della cosmetologia, della riabilitazione o dell&#8217;assistenza infermieristica, dove i cambi di posizione dinamici sono all&#8217;ordine del giorno. Gli indumenti medici disponibili a Pozna\u0144 combinano l&#8217;estetica con un approccio pratico alle attivit\u00e0 quotidiane.    <\/p>\n\n<h2 class=\"wp-block-heading\">Produzione locale di cui ti puoi fidare &#8211; abbigliamento medico made in Poland Pozna\u0144<\/h2>\n\n<p>Scegliendo gli indumenti prodotti localmente, sostieni una solida tradizione artigianale e un processo creativo trasparente. Ogni fase della cucitura degli indumenti medici disponibili a Pozna\u0144 &#8211; dalla costruzione del taglio all&#8217;accurata rifinitura &#8211; avviene sotto la nostra supervisione. Questo ci permette di garantire la qualit\u00e0 e la coerenza della lavorazione in ogni collezione.  <\/p>\n\n<p>Le cuciture sono resistenti e le finiture sono accuratamente rifinite. I materiali sono selezionati con cura per un uso prolungato e intensivo. Ogni pezzo viene sottoposto a un controllo di qualit\u00e0. Questo garantisce che l&#8217;indumento non si allunghi e non perda la sua forma dopo diversi lavaggi. Le cuciture vengono eseguite in negozi di cucito collaudati con cui collaboriamo da anni.    <\/p>\n\n<h2 class=\"wp-block-heading\">Abbigliamento medico Pozna\u0144 &#8211; scegli i colori pi\u00f9 adatti al tuo stile e al tuo ambiente di lavoro<\/h2>\n\n<p>Uno schema di colori coerente aiuta a creare un senso di ordine e di estetica sul posto di lavoro. La giusta tonalit\u00e0 di abbigliamento pu\u00f2 migliorare l&#8217;atmosfera dell&#8217;ufficio e influenzare la percezione dell&#8217;intero team. La palette di colori che offriamo \u00e8 stata creata tenendo conto dei diversi spazi professionali. Gli abiti dai colori tenui funzionano bene in un ambiente pi\u00f9 formale. Gli abiti dai colori pi\u00f9 intensi, invece, attirano l&#8217;attenzione e sono ideali, ad esempio, per i reparti pediatrici.    <\/p>\n\n<p>Ogni capo di abbigliamento \u00e8 disponibile in una gamma di tonalit\u00e0 che si adattano all&#8217;identit\u00e0 del marchio o alle tue preferenze. I tessuti non perdono colore con il lavaggio, non sbiadiscono se esposti alla luce e mantengono la loro profondit\u00e0 anche dopo molti cicli di lavaggio. I nostri indumenti medici disponibili a Pozna\u0144 combinano praticit\u00e0 ed estetica per adattarsi alla tua professione e all&#8217;ambiente quotidiano. Vuoi sentirti bene al lavoro e avere un aspetto professionale? Questo \u00e8 possibile se scegli un abbigliamento collaudato. Dai un&#8217;occhiata alla nostra collezione e sentirai la differenza fin dal primo giorno!     <\/p>\n","protected":false},"excerpt":{"rendered":"<p>Mantenere la massima concentrazione per molte ore non dipende solo dalle condizioni di lavoro, ma anche da ci\u00f2 che indossi. Un materiale che non provoca disagio pu\u00f2 alleviare efficacemente la tensione del tuo corpo durante una giornata intensa. Nelle nostre collezioni sono disponibili due livelli di comfort: una versione base e una versione premium. Ognuna [&hellip;]<\/p>\n","protected":false},"author":43705,"featured_media":0,"parent":0,"menu_order":0,"comment_status":"closed","ping_status":"closed","template":"page.php","meta":{"_acf_changed":false,"inline_featured_image":false,"footnotes":""},"class_list":["post-521525","page","type-page","status-publish","hentry"],"acf":[],"_links":{"self":[{"href":"https:\/\/dev.medandbeauty.com\/it\/wp-json\/wp\/v2\/pages\/521525","targetHints":{"allow":["GET"]}}],"collection":[{"href":"https:\/\/dev.medandbeauty.com\/it\/wp-json\/wp\/v2\/pages"}],"about":[{"href":"https:\/\/dev.medandbeauty.com\/it\/wp-json\/wp\/v2\/types\/page"}],"author":[{"embeddable":true,"href":"https:\/\/dev.medandbeauty.com\/it\/wp-json\/wp\/v2\/users\/43705"}],"replies":[{"embeddable":true,"href":"https:\/\/dev.medandbeauty.com\/it\/wp-json\/wp\/v2\/comments?post=521525"}],"version-history":[{"count":3,"href":"https:\/\/dev.medandbeauty.com\/it\/wp-json\/wp\/v2\/pages\/521525\/revisions"}],"predecessor-version":[{"id":624099,"href":"https:\/\/dev.medandbeauty.com\/it\/wp-json\/wp\/v2\/pages\/521525\/revisions\/624099"}],"wp:attachment":[{"href":"https:\/\/dev.medandbeauty.com\/it\/wp-json\/wp\/v2\/media?parent=521525"}],"curies":[{"name":"wp","href":"https:\/\/api.w.org\/{rel}","templated":true}]}}