{"id":357042,"date":"2024-11-21T09:58:15","date_gmt":"2024-11-21T08:58:15","guid":{"rendered":"https:\/\/dev.medandbeauty.com\/abbigliamento-medico-poznan\/"},"modified":"2025-03-02T13:53:47","modified_gmt":"2025-03-02T12:53:47","slug":"abbigliamento-medico-poznan","status":"publish","type":"page","link":"https:\/\/dev.medandbeauty.com\/it\/abbigliamento-medico-poznan\/","title":{"rendered":"Abbigliamento medico Pozna\u0144"},"content":{"rendered":"\n<p>Se stai cercando abbigliamento medico professionale a Poznan, sei nel posto giusto! Il nostro negozio <a href=\"\/\">di abbigliamento medico<\/a> fisso offre <strong>un&#8217;ampia selezione di abbigliamento medico che soddisfa i pi\u00f9 alti standard di qualit\u00e0, combinando funzionalit\u00e0 e look alla moda. <\/strong>Dai grembiuli alle felpe, dai camici ai pantaloni e ai vestiti, il nostro abbigliamento medico a Poznan \u00e8 pensato per tutti i professionisti del settore che vogliono avere un aspetto professionale e allo stesso tempo sentirsi a proprio agio per tutto il giorno. <\/p>\n\n<h2 class=\"wp-block-heading\">Abbigliamento medico Pozna\u0144 &#8211; La nostra cartoleria<\/h2>\n\n<p>Il nostro negozio di abbigliamento medico a Pozna\u0144 si trova in ul. Zwierzyniecka 32\/38 (da via Kraszewskiego). Grazie alla facilit\u00e0 di accesso e al parcheggio nelle strade limitrofe, \u00e8 la meta ideale per chi <strong>preferisce vedere i prodotti con i propri occhi, provare i capi e consultare la propria scelta con il nostro personale esperto.<\/strong> Se vuoi acquistare capi di alta qualit\u00e0:  <\/p>\n\n<ul class=\"wp-block-list\">\n<li>grembiuli medici Pozna\u0144,<\/li>\n\n\n\n<li>camici medici Pozna\u0144,<\/li>\n\n\n\n<li>pantaloni medici Pozna\u0144,<\/li>\n\n\n\n<li>camicette mediche Pozna\u0144,<\/li>\n\n\n\n<li>abiti da medico Pozna\u0144 o altri articoli di uniforme, ti invitiamo a chiamare per confermare la disponibilit\u00e0 di un particolare modello.<\/li>\n<\/ul>\n\n<h2 class=\"wp-block-heading\">Abbigliamento medico Pozna\u0144 &#8211; shopping online<\/h2>\n\n<p>Oltre al nostro negozio di abbigliamento medico a Pozna\u0144 <strong>, offriamo anche la possibilit\u00e0 di acquistare online. <\/strong>Grazie al nostro sito web intuitivo, puoi facilmente sfogliare l&#8217;assortimento, confrontare i diversi modelli e trovare informazioni dettagliate su materiali, taglie e colori disponibili. Lo shopping online ti fa risparmiare tempo: puoi ordinare il tuo abbigliamento medico preferito a Poznan (e in tutto il paese) senza uscire di casa. Le accurate tabelle delle taglie e le splendide immagini dei prodotti ti aiutano a prendere una buona decisione, mentre la possibilit\u00e0 di contattare il nostro team ti permette di chiarire qualsiasi dubbio.  <\/p>\n\n<h2 class=\"wp-block-heading\">Il tuo posto con abbigliamento medico a Pozna\u0144<\/h2>\n\n<p>Che tu abbia bisogno di grembiuli, camici, pantaloni, felpe o abiti, <strong>Med&amp;Beauty \u00e8 il posto giusto dove trovare tutto ci\u00f2 che ti serve per sentirti a tuo agio e avere un aspetto professionale al lavoro. <\/strong>Il negozio Med&amp;Beauty di Pozna\u0144 offre un&#8217;ampia gamma di prodotti sia in negozio che online, il che ti permette di fare acquisti nel modo pi\u00f9 conveniente per te. Visita il nostro negozio o utilizza la nostra offerta online e scoprirai tu stesso che il nostro abbigliamento medico (incluso l&#8217;<a href=\"https:\/\/dev.medandbeauty.com\/it\/shop\/per-lei\/\">abbigliamento medico da donna<\/a> e l&#8217;abbigliamento <a href=\"https:\/\/dev.medandbeauty.com\/it\/shop\/per-lui\/\">medico da uomo<\/a>) non \u00e8 secondo a nessuno. Ti invitiamo inoltre a visitarci su Facebook e Instagram e a effettuare ordini.  <\/p>\n","protected":false},"excerpt":{"rendered":"<p>Se stai cercando abbigliamento medico professionale a Poznan, sei nel posto giusto! Il nostro negozio di abbigliamento medico fisso offre un&#8217;ampia selezione di abbigliamento medico che soddisfa i pi\u00f9 alti standard di qualit\u00e0, combinando funzionalit\u00e0 e look alla moda. Dai grembiuli alle felpe, dai camici ai pantaloni e ai vestiti, il nostro abbigliamento medico a [&hellip;]<\/p>\n","protected":false},"author":28789,"featured_media":0,"parent":0,"menu_order":0,"comment_status":"closed","ping_status":"closed","template":"page.php","meta":{"_acf_changed":false,"inline_featured_image":false,"footnotes":""},"class_list":["post-357042","page","type-page","status-publish","hentry"],"acf":[],"_links":{"self":[{"href":"https:\/\/dev.medandbeauty.com\/it\/wp-json\/wp\/v2\/pages\/357042","targetHints":{"allow":["GET"]}}],"collection":[{"href":"https:\/\/dev.medandbeauty.com\/it\/wp-json\/wp\/v2\/pages"}],"about":[{"href":"https:\/\/dev.medandbeauty.com\/it\/wp-json\/wp\/v2\/types\/page"}],"author":[{"embeddable":true,"href":"https:\/\/dev.medandbeauty.com\/it\/wp-json\/wp\/v2\/users\/28789"}],"replies":[{"embeddable":true,"href":"https:\/\/dev.medandbeauty.com\/it\/wp-json\/wp\/v2\/comments?post=357042"}],"version-history":[{"count":1,"href":"https:\/\/dev.medandbeauty.com\/it\/wp-json\/wp\/v2\/pages\/357042\/revisions"}],"predecessor-version":[{"id":357046,"href":"https:\/\/dev.medandbeauty.com\/it\/wp-json\/wp\/v2\/pages\/357042\/revisions\/357046"}],"wp:attachment":[{"href":"https:\/\/dev.medandbeauty.com\/it\/wp-json\/wp\/v2\/media?parent=357042"}],"curies":[{"name":"wp","href":"https:\/\/api.w.org\/{rel}","templated":true}]}}