{"id":356895,"date":"2024-11-21T10:01:48","date_gmt":"2024-11-21T09:01:48","guid":{"rendered":"https:\/\/dev.medandbeauty.com\/abbigliamento-medico-varsavia\/"},"modified":"2025-03-02T07:28:19","modified_gmt":"2025-03-02T06:28:19","slug":"abbigliamento-medico-varsavia","status":"publish","type":"page","link":"https:\/\/dev.medandbeauty.com\/it\/abbigliamento-medico-varsavia\/","title":{"rendered":"Abbigliamento medico Varsavia"},"content":{"rendered":"\n<p>Se stai cercando abbigliamento medico a Varsavia, sei nel posto giusto! Nel nostro negozio di abbigliamento medico a Varsavia offriamo un&#8217;ampia gamma di capi di abbigliamento medico che non solo <strong>garantiscono il massimo comfort durante le lunghe ore di lavoro, ma sono anche belli da vedere.<\/strong> Il nostro negozio di abbigliamento medico a Varsavia offre soluzioni su misura per le esigenze dei professionisti di oggi. <\/p>\n\n<h2 class=\"wp-block-heading\"><strong>Negozio di abbigliamento medico Varsavia<\/strong><\/h2>\n\n<p>Med&amp;Beauty \u00e8 un luogo dove puoi trovare abbigliamento medico di alta qualit\u00e0 a Varsavia. I nostri prodotti combinano un design moderno con la funzionalit\u00e0, il che li rende non solo pratici ma anche alla moda. Nella nostra offerta troverai, tra gli altri:  <\/p>\n\n<ul class=\"wp-block-list\">\n<li>grembiuli medici Varsavia,<\/li>\n\n\n\n<li>camici medici Varsavia, pantaloni,<\/li>\n\n\n\n<li>camicette mediche Varsavia,<\/li>\n\n\n\n<li>abiti medici Varsavia,<\/li>\n\n\n\n<li>pantaloni medici Varsavia.<\/li>\n<\/ul>\n\n<p>Il nostro abbigliamento medico a Varsavia \u00e8 progettato per essere indossato comodamente durante tutta la giornata lavorativa.  <strong>Utilizziamo materiali di altissima qualit\u00e0, traspiranti, morbidi e facili da pulire.<\/strong>  Il nostro abbigliamento medico non \u00e8 solo elegante, ma anche ergonomico e resistente.<\/p>\n\n<h2 class=\"wp-block-heading\"><strong>Med&amp;Beauty: abbigliamento medico a Varsavia a portata di mano<\/strong><\/h2>\n\n<p>Ti invitiamo a visitare il nostro negozio fisso di abbigliamento medico a Varsavia, situato in via Klimczaka 6A\/U4, Wilan\u00f3w. Potrai vedere e provare l&#8217;abbigliamento medico in loco e <strong>i nostri consulenti saranno lieti di aiutarti a scegliere i prodotti pi\u00f9 adatti alle tue esigenze.<\/strong> Puoi parcheggiare facilmente nei parcheggi gratuiti delle strade adiacenti. \u00c8 possibile parcheggiare anche nella galleria reale di Wilan\u00f3w. Ti invitiamo a fare acquisti dal luned\u00ec al sabato e nelle domeniche di shopping.    <\/p>\n\n<h2 class=\"wp-block-heading\"><strong>Acquisti online: comodi e veloci<\/strong><\/h2>\n\n<p>Se non hai tempo di visitare il nostro negozio fisso, ti <strong>offriamo la possibilit\u00e0 di acquistare abbigliamento medico online.<\/strong> Il nostro negozio online offre un assortimento completo e ti permette di ordinare abbigliamento medico Varsavia senza uscire di casa. Il servizio intuitivo, le descrizioni dettagliate dei prodotti e le tabelle delle taglie rendono la tua esperienza di acquisto veloce e piacevole. Ogni modello \u00e8 descritto con cura e le foto di alta qualit\u00e0 ti permettono di vedere i prodotti nel dettaglio prima di prendere una decisione.  <\/p>\n\n<h2 class=\"wp-block-heading\"><strong>Abbigliamento medico Varsavia<\/strong><\/h2>\n\n<p>Gli indumenti medici del nostro negozio di Varsavia sono cuciti in Polonia, il che garantisce <strong>una lavorazione di alta qualit\u00e0 e l&#8217;attenzione a ogni dettaglio<\/strong>. Offriamo ben 100 giorni di tempo per il reso, il che ti permette di prendere la tua decisione d&#8217;acquisto in tutta tranquillit\u00e0. Inoltre, <strong>offriamo la possibilit\u00e0 di personalizzare<\/strong> gli indumenti: ricamiamo il logo dell&#8217;azienda, il nome del dipendente per rendere l&#8217;indumento non solo pratico, ma anche unico. Il nostro <a href=\"\/\">negozio di abbigliamento medico<\/a> offre sconti regolari agli studenti e a tutti i clienti offriamo la consegna gratuita per ordini superiori a 500\u20ac.   <\/p>\n\n<p>Seguici su Instagram per trovare ispirazione, novit\u00e0 sui prodotti e consigli di moda sullo stile medico di Med&amp;Beauty. Scopri come il nostro <a href=\"https:\/\/dev.medandbeauty.com\/it\/shop\/per-lei\/\" data-type=\"product_cat\" data-id=\"69\">abbigliamento medico da donna<\/a> e da <a href=\"https:\/\/dev.medandbeauty.com\/it\/shop\/per-lui\/\">uomo<\/a> pu\u00f2 fare la differenza per il tuo comfort e il tuo stile quotidiano! Ti invitiamo a effettuare i tuoi ordini.  <\/p>\n","protected":false},"excerpt":{"rendered":"<p>Se stai cercando abbigliamento medico a Varsavia, sei nel posto giusto! Nel nostro negozio di abbigliamento medico a Varsavia offriamo un&#8217;ampia gamma di capi di abbigliamento medico che non solo garantiscono il massimo comfort durante le lunghe ore di lavoro, ma sono anche belli da vedere. Il nostro negozio di abbigliamento medico a Varsavia offre [&hellip;]<\/p>\n","protected":false},"author":28789,"featured_media":0,"parent":0,"menu_order":0,"comment_status":"closed","ping_status":"closed","template":"page.php","meta":{"_acf_changed":false,"inline_featured_image":false,"footnotes":""},"class_list":["post-356895","page","type-page","status-publish","hentry"],"acf":[],"_links":{"self":[{"href":"https:\/\/dev.medandbeauty.com\/it\/wp-json\/wp\/v2\/pages\/356895","targetHints":{"allow":["GET"]}}],"collection":[{"href":"https:\/\/dev.medandbeauty.com\/it\/wp-json\/wp\/v2\/pages"}],"about":[{"href":"https:\/\/dev.medandbeauty.com\/it\/wp-json\/wp\/v2\/types\/page"}],"author":[{"embeddable":true,"href":"https:\/\/dev.medandbeauty.com\/it\/wp-json\/wp\/v2\/users\/28789"}],"replies":[{"embeddable":true,"href":"https:\/\/dev.medandbeauty.com\/it\/wp-json\/wp\/v2\/comments?post=356895"}],"version-history":[{"count":1,"href":"https:\/\/dev.medandbeauty.com\/it\/wp-json\/wp\/v2\/pages\/356895\/revisions"}],"predecessor-version":[{"id":356896,"href":"https:\/\/dev.medandbeauty.com\/it\/wp-json\/wp\/v2\/pages\/356895\/revisions\/356896"}],"wp:attachment":[{"href":"https:\/\/dev.medandbeauty.com\/it\/wp-json\/wp\/v2\/media?parent=356895"}],"curies":[{"name":"wp","href":"https:\/\/api.w.org\/{rel}","templated":true}]}}