{"id":559054,"date":"2025-10-13T14:38:46","date_gmt":"2025-10-13T12:38:46","guid":{"rendered":"https:\/\/dev.medandbeauty.com\/product\/noi-orvosi-fleece-felso-latte\/"},"modified":"2025-12-23T11:51:41","modified_gmt":"2025-12-23T10:51:41","slug":"noi-orvosi-fleece-felso-latte","status":"publish","type":"product","link":"https:\/\/dev.medandbeauty.com\/hu\/product\/noi-orvosi-fleece-felso-latte\/","title":{"rendered":"N\u0151i orvosi fleece fels\u0151 LATTE"},"content":{"rendered":"<h2>Orvosi fleece pul\u00f3ver &#8211; k\u00e9nyelmes viselet<\/h2>\n<p>Fedezze fel leg\u00fajabb sl\u00e1ger\u00fcnket &#8211; klasszikus \u00e9s megb\u00edzhat\u00f3 orvosi fleece pul\u00f3vereket, amelyek melegen \u00e9s a lehet\u0151 legk\u00e9nyelmesebben tartj\u00e1k \u00d6nt a hidegebb napokon.<\/p>\n<p>A LATTE sz\u00edn\u0171 n\u0151i orvosi fleece pul\u00f3ver 100%-ban \u00fajrahasznos\u00edtott poli\u00e9szterb\u0151l k\u00e9sz\u00fcl a neves POLARTEC c\u00e9gt\u0151l.<\/p>\n<p><strong>A n\u0151i orvosi fleece pul\u00f3ver OEKO-TEX \u00e9s Bluesign tan\u00fas\u00edtv\u00e1nnyal rendelkezik.<\/strong><\/p>\n<p>A <strong>Polartec 200<\/strong> a POLARTEC c\u00e9g egyik sz\u00f6vetcsal\u00e1dja, amely <strong>a legjobb min\u0151s\u00e9g\u0171 k\u00fclt\u00e9ri \u00e9s technikai ruh\u00e1zat l\u00e9trehoz\u00e1s\u00e1ra specializ\u00e1l\u00f3dott.<\/strong><\/p>\n<p>A gyapj\u00fa, amelyb\u0151l orvosi meleg\u00edt\u0151ingjeink k\u00e9sz\u00fclnek, <strong>250 g\/m2 (gramm\/n\u00e9gyzetm\u00e9ter) s\u00faly\u00fa anyag<\/strong>, \u00edgy ide\u00e1lis gyapj\u00fa az orvosi \u00e9s a sz\u00e9ps\u00e9gipar sz\u00e1m\u00e1ra.<\/p>\n<p>Az anyag k\u00f6zepes vastags\u00e1g\u00fa, \u00edgy kis s\u00faly mellett kiv\u00e1l\u00f3 h\u0151szigetel\u00e9st biztos\u00edt, \u00e9s gyors sz\u00e1rad\u00e1st is garant\u00e1l.<\/p>\n<p>Az orvosi meleg\u00edt\u0151fels\u0151 l\u00e9g\u00e1tereszt\u0151 anyagb\u00f3l k\u00e9sz\u00fclt, ami azt jelenti, hogy elvezeti a nedvess\u00e9get a testt\u0151l, \u00e9s k\u00e9nyelmes viseletet biztos\u00edt az intenz\u00edv munkaid\u0151ben.<\/p>\n<p>A sz\u00f6vet <strong>rendk\u00edv\u00fcl tart\u00f3s, rendk\u00edv\u00fcl puha \u00e9s kiv\u00e9telesen kellemes tapint\u00e1s\u00fa, valamint rendk\u00edv\u00fcl ellen\u00e1ll\u00f3 a foszl\u00e1ssal szemben.<\/strong><\/p>\n<h2><strong>Meleg orvosi pul\u00f3ver &#8211; ide\u00e1lis minden szolg\u00e1lati helyre<\/strong><\/h2>\n<p>Az els\u0151 mos\u00e1s ut\u00e1n a gyapj\u00fa bels\u0151 oldala kellemesen bolyhos, puha &#8222;b\u00e1r\u00e1nyra&#8221; eml\u00e9keztet\u0151 hat\u00e1st kelt.<\/p>\n<p>Ez\u00e1ltal az anyag m\u00e9g puh\u00e1bb\u00e1 \u00e9s k\u00e9nyelmesebb\u00e9 v\u00e1lik.<\/p>\n<p>A n\u0151i orvosi fleece pul\u00f3ver minden testalkathoz alkalmazkodik, nem korl\u00e1tozza a mozg\u00e1st, \u00e9s ami k\u00fcl\u00f6n\u00f6sen fontos az orvosi pul\u00f3verek eset\u00e9ben, nagyon meleg.<\/p>\n<p>A meleg orvosi pul\u00f3ver k\u00e9t m\u00e9ly el\u00fcls\u0151 zsebbel rendelkezik, amelyekben a munka sor\u00e1n sz\u00fcks\u00e9ges \u00f6sszes tartoz\u00e9kot t\u00e1rolhatja.<\/p>\n<p>A k\u00e9nyelmes, teljes hossz\u00fas\u00e1g\u00fa cipz\u00e1r \u00e9s a praktikus h\u00faz\u00f3zsin\u00f3rok rendk\u00edv\u00fcl funkcion\u00e1liss\u00e1 teszik <a href=\"https:\/\/dev.medandbeauty.com\/hu\/shop\/neki\/basic-kollekcio\/orvosi-bluzok-hu\/\">a n\u0151i orvosi fleece pul\u00f3vereket<\/a>.<\/p>\n<p>A pul\u00f3ver ujj\u00e1n \u00e9s mellkas\u00e1n finom log\u00f3k vannak a pul\u00f3ver sz\u00edn\u00e9ben.<\/p>\n<p>Kombin\u00e1lja <strong>az orvosi fleece pul\u00f3vert egy <\/strong> <strong>orvosi bl\u00fazzal k\u00e9t zsebbel, egy orvosi bl\u00fazzal egy zsebbel, orvosi<\/strong> <strong>joggerrel vagy klasszikus <\/strong>egyenes <strong>orvosi nadr\u00e1ggal ugyanabban a sz\u00ednben<\/strong>, vagy v\u00e1lasszon egy m\u00e1sik \u00e1rnyalatot a sok k\u00f6z\u00fcl, amelyek a k\u00edn\u00e1latban tal\u00e1lhat\u00f3k. <a href=\"https:\/\/dev.medandbeauty.com\/hu\/shop\/neki\/basic-kollekcio\/\" target=\"_blank\" rel=\"noopener\"><strong>kollekci\u00f3b\u00f3l.<\/strong> <strong>Med &amp; Beauty Basic<\/strong><\/a>.<\/p>\n<p>Biztos\u00edtsa a maxim\u00e1lis k\u00e9nyelmet \u00e9s a professzion\u00e1lis megjelen\u00e9st a munkahely\u00e9n a <strong>Med &amp; Beauty orvosi <\/strong><strong> pul\u00f3verekkel.<\/strong>  <\/p>\n<p>Orvosi pul\u00f3ver\u00fcnk jellemz\u0151i:<\/p>\n<ul>\n<li>tan\u00fas\u00edtott anyag,<\/li>\n<li>k\u00e9t m\u00e9ly el\u00fcls\u0151 zseb,<\/li>\n<li>magas gall\u00e9r, hogy a hidegebb napokon is melegen tartson,<\/li>\n<li>k\u00e9nyelmes, teljes hossz\u00fas\u00e1g\u00fa cipz\u00e1r,<\/li>\n<li>praktikus hevederek.<\/li>\n<\/ul>\n<h2>N\u0151i orvosi fleece pul\u00f3ver &#8211; m\u00e9retek<\/h2>\n<p><strong>Tov\u00e1bbi inform\u00e1ci\u00f3k:<\/strong> A k\u00e9peken l\u00e1that\u00f3 <strong>modellek<\/strong> S m\u00e9ret\u0171 orvosi pul\u00f3vert viselnek, \u00e9s 170-174 cm magasak.<\/p>\n<p>Ha nem tudja, milyen m\u00e9retet v\u00e1lasszon &#8211; n\u00e9zze meg a m\u00e9rett\u00e1bl\u00e1zatot. Ha m\u00e9g mindig bizonytalan &#8211; k\u00fcldje el nek\u00fcnk a m\u00e9reteit, \u00e9s mi m\u00e9retre szabjuk \u00d6nnek <a href=\"https:\/\/dev.medandbeauty.com\/hu\/rodzaj-ubrania\/orvosi-bluzok-hu\/\">az orvosi gyapj\u00fapul\u00f3vereket<\/a>. <\/p>\n<p>A <a href=\"https:\/\/dev.medandbeauty.com\/hu\/shop\/neki\/basic-kollekcio\/\" target=\"_blank\" rel=\"noopener\">Basic kollekci\u00f3<\/a> ruhadarabjainak sz\u00ednei nem egyeznek a<a href=\"https:\/\/dev.medandbeauty.com\/hu\/shop\/neki\/premium-kollekcio\/\" target=\"_blank\" rel=\"noopener\"> Premium kollekci\u00f3<\/a> sz\u00edneivel &#8211; m\u00e1s anyagb\u00f3l k\u00e9sz\u00fcltek.<\/p>\n<p>A k\u00e9peken l\u00e1that\u00f3 egyes ruhadarabok \u00e1rnyalatai elt\u00e9rhetnek a t\u00e9nylegesekt\u0151l &#8211; ez a k\u00fcl\u00f6nb\u00f6z\u0151 elektronikus berendez\u00e9sek \u00e9s azok egyedi be\u00e1ll\u00edt\u00e1sai miatt van \u00edgy.<\/p>\n<p><a href=\"https:\/\/dev.medandbeauty.com\/hu\/\">A Med&amp;Beauty orvosi ruh\u00e1zati \u00fczlet<\/a> kiv\u00e1l\u00f3 min\u0151s\u00e9g\u0171 <a href=\"https:\/\/dev.medandbeauty.com\/hu\/shop\/neki\/\">n\u0151i orvosi ruh\u00e1zatot k\u00edn\u00e1l .<\/a><\/p>\n<p>Arra b\u00e1tor\u00edtjuk \u00d6nt, hogy adjon le megrendel\u00e9seket.<\/p>\n","protected":false},"excerpt":{"rendered":"<p>Orvosi fleece pul\u00f3ver &#8211; k\u00e9nyelmes viselet Fedezze fel leg\u00fajabb sl\u00e1ger\u00fcnket &#8211; klasszikus \u00e9s megb\u00edzhat\u00f3 orvosi fleece pul\u00f3vereket, amelyek melegen \u00e9s a lehet\u0151 legk\u00e9nyelmesebben tartj\u00e1k \u00d6nt a hidegebb napokon. A LATTE sz\u00edn\u0171 n\u0151i orvosi fleece pul\u00f3ver 100%-ban \u00fajrahasznos\u00edtott poli\u00e9szterb\u0151l k\u00e9sz\u00fcl a neves POLARTEC c\u00e9gt\u0151l. A n\u0151i orvosi fleece pul\u00f3ver OEKO-TEX \u00e9s Bluesign tan\u00fas\u00edtv\u00e1nnyal rendelkezik. A Polartec [&hellip;]<\/p>\n","protected":false},"featured_media":679229,"comment_status":"open","ping_status":"closed","template":"","meta":{"_acf_changed":false,"inline_featured_image":false},"kolor":[1921],"rodzaj-ubrania":[1878],"ubranie":[1966],"product_brand":[],"product_cat":[1888,1887,1965],"product_tag":[],"class_list":{"0":"post-559054","1":"product","2":"type-product","3":"status-publish","4":"has-post-thumbnail","6":"kolor-beiges-hu","7":"rodzaj-ubrania-orvosi-bluzok-hu","8":"ubranie-noi-orvosi-fleece-bluz-basic","9":"product_cat-basic-kollekcio","10":"product_cat-neki","11":"product_cat-orvosi-bluzok-hu","13":"first","14":"instock","15":"taxable","16":"shipping-taxable","17":"purchasable","18":"product-type-variable"},"acf":[],"_links":{"self":[{"href":"https:\/\/dev.medandbeauty.com\/hu\/wp-json\/wp\/v2\/product\/559054","targetHints":{"allow":["GET"]}}],"collection":[{"href":"https:\/\/dev.medandbeauty.com\/hu\/wp-json\/wp\/v2\/product"}],"about":[{"href":"https:\/\/dev.medandbeauty.com\/hu\/wp-json\/wp\/v2\/types\/product"}],"replies":[{"embeddable":true,"href":"https:\/\/dev.medandbeauty.com\/hu\/wp-json\/wp\/v2\/comments?post=559054"}],"wp:featuredmedia":[{"embeddable":true,"href":"https:\/\/dev.medandbeauty.com\/hu\/wp-json\/wp\/v2\/media\/679229"}],"wp:attachment":[{"href":"https:\/\/dev.medandbeauty.com\/hu\/wp-json\/wp\/v2\/media?parent=559054"}],"wp:term":[{"taxonomy":"kolor","embeddable":true,"href":"https:\/\/dev.medandbeauty.com\/hu\/wp-json\/wp\/v2\/kolor?post=559054"},{"taxonomy":"rodzaj-ubrania","embeddable":true,"href":"https:\/\/dev.medandbeauty.com\/hu\/wp-json\/wp\/v2\/rodzaj-ubrania?post=559054"},{"taxonomy":"ubranie","embeddable":true,"href":"https:\/\/dev.medandbeauty.com\/hu\/wp-json\/wp\/v2\/ubranie?post=559054"},{"taxonomy":"product_brand","embeddable":true,"href":"https:\/\/dev.medandbeauty.com\/hu\/wp-json\/wp\/v2\/product_brand?post=559054"},{"taxonomy":"product_cat","embeddable":true,"href":"https:\/\/dev.medandbeauty.com\/hu\/wp-json\/wp\/v2\/product_cat?post=559054"},{"taxonomy":"product_tag","embeddable":true,"href":"https:\/\/dev.medandbeauty.com\/hu\/wp-json\/wp\/v2\/product_tag?post=559054"}],"curies":[{"name":"wp","href":"https:\/\/api.w.org\/{rel}","templated":true}]}}