{"id":465544,"date":"2024-02-04T23:26:43","date_gmt":"2024-02-04T23:26:43","guid":{"rendered":"https:\/\/dev.medandbeauty.com\/?post_type=product&#038;p=465544"},"modified":"2026-02-25T14:18:00","modified_gmt":"2026-02-25T13:18:00","slug":"noi-orvosi-jogger-nadrag-v1-mutosruha-basic-magic-violet-outlet","status":"publish","type":"product","link":"https:\/\/dev.medandbeauty.com\/hu\/product\/noi-orvosi-jogger-nadrag-v1-mutosruha-basic-magic-violet-outlet\/","title":{"rendered":"N\u0151i orvosi jogger nadr\u00e1g v1 m\u0171t\u0151sruha Basic MAGIC VIOLET"},"content":{"rendered":"<p style=\"caret-color: #000000; color: #000000;\">A t\u00f6k\u00e9letes \u00e9s legk\u00e9nyelmesebb <strong>orvosi kocog\u00f3t<\/strong> keresi a mindennapjaihoz?<\/p>\n<p style=\"caret-color: #000000; color: #000000;\">A <a href=\"https:\/\/dev.medandbeauty.com\/hu\/shop\/neki\/basic-kollekcio\/\" target=\"_blank\" rel=\"noopener\"><strong>alap m\u0171t\u0151sruh\u00e1k<\/strong><\/a> minden elv\u00e1r\u00e1s\u00e1nak megfelel!<\/p>\n<p><span style=\"color: #000000;\"><span style=\"caret-color: #000000;\">Ha a legjobb min\u0151s\u00e9g\u0171 anyagokb\u00f3l k\u00e9sz\u00fclt orvosi ruh\u00e1zatot szeretne a maxim\u00e1lis k\u00e9nyelem \u00e9rdek\u00e9ben &#8211; a mi <\/span><\/span><strong><span style=\"color: #000000;\"><span style=\"caret-color: #000000;\">Basic orvosi meleg\u00edt\u0151nadr\u00e1g fagyasztott var\u00e1zslila sz\u00ednben.<\/span><\/span><\/strong><span style=\"color: #000000;\"><span style=\"caret-color: #000000;\"> az \u00d6n szekr\u00e9ny\u00e9ben kell lennie.<\/span><\/span><\/p>\n<p><strong><span style=\"color: #000000;\"><span style=\"caret-color: #000000;\">N\u0151i orvosi jogger nadr\u00e1g m\u0171t\u0151sruha basic magic violet<\/span><\/span><\/strong><span style=\"color: #000000;\"><span style=\"caret-color: #000000;\">  puha tapint\u00e1s\u00fa \u00e9s rendk\u00edv\u00fcl kellemes viselet\u0171 anyagb\u00f3l k\u00e9sz\u00fclnek, amely maxim\u00e1lis k\u00e9nyelmet biztos\u00edt a visel\u00e9s sor\u00e1n, \u00e9s fenntartja a teljes mozg\u00e1startom\u00e1nyt. A poli\u00e9szter, a viszk\u00f3z \u00e9s a lycra kombin\u00e1ci\u00f3j\u00e1nak k\u00f6sz\u00f6nhet\u0151en az anyag t\u00f6k\u00e9letesen illeszkedik a n\u0151i alakhoz, valamint rendk\u00edv\u00fcl tart\u00f3s \u00e9s nagyon l\u00e9g\u00e1tereszt\u0151. <\/span><\/span><\/p>\n<p style=\"caret-color: #000000; color: #000000;\">100%-os k\u00e9nyelmet garant\u00e1l a finoman megemelt fels\u0151 r\u00e9sz \u00e9s a sz\u00e9les, rugalmas der\u00e9kp\u00e1nt. A<strong> Med &amp; Beauty orvosi joggerek<\/strong> nem korl\u00e1tozz\u00e1k a mozg\u00e1st, m\u00e9g hossz\u00fa ideig tart\u00f3 visel\u00e9s eset\u00e9n sem.<\/p>\n<p><strong><span style=\"color: #000000;\"><span style=\"caret-color: #000000;\">Orvosi kocog\u00f3k var\u00e1zslatos lila sz\u00ednben <\/span><\/span><\/strong><span style=\"color: #000000;\"><span style=\"caret-color: #000000;\">A hat t\u00e1gas \u00e9s praktikus zsebben k\u00e9zn\u00e9l van minden munk\u00e1hoz sz\u00fcks\u00e9ges holmi \u00e9s szersz\u00e1m.<\/span><\/span><\/p>\n<p style=\"caret-color: #000000; color: #000000;\"><strong>A n\u0151i m\u0171t\u0151snadr\u00e1got Basic orvosi joggereket<\/strong> a l\u00e1bak alj\u00e1n h\u00faz\u00f3zsin\u00f3rral l\u00e1ttuk el, hogy megakad\u00e1lyozzuk a nadr\u00e1g felh\u00faz\u00f3d\u00e1s\u00e1t a munka intenz\u00edv \u00f3r\u00e1i alatt.<\/p>\n<p><span style=\"color: #000000;\"><span style=\"caret-color: #000000;\">\u00c1ll\u00edtsa \u00f6ssze \u00e1lmai szettj\u00e9t <\/span><\/span><strong style=\"caret-color: #000000; color: #000000;\">az orvosi ruh\u00e1zatb\u00f3l<\/strong><span style=\"color: #000000;\"><span style=\"caret-color: #000000;\">az\u00e1ltal, hogy \u00f6sszep\u00e1ros\u00edtja a<\/span><\/span><strong><span style=\"color: #000000;\"><span style=\"caret-color: #000000;\"> a n\u0151i magic violet orvosi jogger \u00e9s <a href=\"https:\/\/dev.medandbeauty.com\/product\/bluzka-medyczna-damska-scrubs-basic-magic-violet\/\" target=\"_blank\" rel=\"noopener\">egy orvosi bl\u00faz<\/a> kombin\u00e1l\u00e1s\u00e1val.<\/span><\/span><\/strong><span style=\"color: #000000;\"><span style=\"caret-color: #000000;\"> amely ugyanabb\u00f3l az anyagb\u00f3l k\u00e9sz\u00fclt.<\/span><\/span><\/p>\n<p style=\"caret-color: #000000; color: #000000;\">Keverje szabadon a sz\u00edneket, \u00e9s hozzon l\u00e9tre egyedi megjelen\u00e9st, vagy v\u00e1lasszon klasszikus \u00e9s id\u0151tlen egysz\u00edn\u0171 megjelen\u00e9st.<\/p>\n<ul style=\"caret-color: #000000; color: #000000;\">\n<li>Elasztikus der\u00e9kp\u00e1nt h\u00faz\u00f3zsin\u00f3rral<\/li>\n<li><span style=\"font-family: inherit;\">6 praktikus \u00e9s t\u00e1gas zseb<\/span><\/li>\n<li><span style=\"font-family: inherit;\">Pamut bord\u00e1k a l\u00e1bakn\u00e1l<\/span><\/li>\n<li><span style=\"font-family: inherit;\">Alakform\u00e1l\u00f3 emelked\u00e9s<\/span><\/li>\n<\/ul>\n<p style=\"caret-color: #000000; color: #000000;\"><strong> <\/strong><\/p>\n<p style=\"caret-color: #000000; color: #000000;\"><strong>Tov\u00e1bbi inform\u00e1ci\u00f3k:<\/strong><br \/>\nA k\u00e9peken l\u00e1that\u00f3 modellek S-es m\u00e9retet viselnek, \u00e9s 170-174 cm magasak.<\/p>\n<p style=\"caret-color: #000000; color: #000000;\">Ha nem tudja, milyen m\u00e9retet v\u00e1lasszon &#8211; n\u00e9zze meg a m\u00e9rett\u00e1bl\u00e1zatot. Ha tov\u00e1bbi k\u00e9ts\u00e9gek mer\u00fclnek fel &#8211; k\u00fcldje el nek\u00fcnk a m\u00e9reteit, \u00e9s mi m\u00e9retre szabjuk \u00d6nnek. <\/p>\n<p style=\"caret-color: #000000; color: #000000;\">A <a href=\"https:\/\/dev.medandbeauty.com\/hu\/shop\/neki\/basic-kollekcio\/\" target=\"_blank\" rel=\"noopener\">Basic kollekci\u00f3<\/a> ruhadarabjainak sz\u00ednei nem egyeznek a <a href=\"https:\/\/dev.medandbeauty.com\/hu\/shop\/neki\/premium-kollekcio\/\" target=\"_blank\" rel=\"noopener\">Premium kollekci\u00f3<\/a> sz\u00edneivel &#8211; m\u00e1s anyagb\u00f3l k\u00e9sz\u00fcltek.<\/p>\n<p style=\"caret-color: #000000; color: #000000;\">A k\u00e9peken l\u00e1that\u00f3 egyes ruhadarabok \u00e1rnyalatai elt\u00e9rhetnek a t\u00e9nylegesekt\u0151l &#8211; ez a k\u00fcl\u00f6nb\u00f6z\u0151 elektronikus berendez\u00e9sek \u00e9s azok egyedi be\u00e1ll\u00edt\u00e1sai miatt van \u00edgy.<\/p>\n<p>&nbsp;<\/p>\n","protected":false},"excerpt":{"rendered":"<p>A t\u00f6k\u00e9letes \u00e9s legk\u00e9nyelmesebb orvosi kocog\u00f3t keresi a mindennapjaihoz? A alap m\u0171t\u0151sruh\u00e1k minden elv\u00e1r\u00e1s\u00e1nak megfelel! Ha a legjobb min\u0151s\u00e9g\u0171 anyagokb\u00f3l k\u00e9sz\u00fclt orvosi ruh\u00e1zatot szeretne a maxim\u00e1lis k\u00e9nyelem \u00e9rdek\u00e9ben &#8211; a mi Basic orvosi meleg\u00edt\u0151nadr\u00e1g fagyasztott var\u00e1zslila sz\u00ednben. az \u00d6n szekr\u00e9ny\u00e9ben kell lennie. N\u0151i orvosi jogger nadr\u00e1g m\u0171t\u0151sruha basic magic violet puha tapint\u00e1s\u00fa \u00e9s rendk\u00edv\u00fcl kellemes [&hellip;]<\/p>\n","protected":false},"featured_media":465551,"comment_status":"open","ping_status":"closed","template":"","meta":{"_acf_changed":false,"inline_featured_image":false},"kolor":[1898],"rodzaj-ubrania":[1883,1882],"ubranie":[1956],"product_brand":[],"product_cat":[1939,1887,2132],"product_tag":[],"class_list":{"0":"post-465544","1":"product","2":"type-product","3":"status-publish","4":"has-post-thumbnail","6":"kolor-ibolyak","7":"rodzaj-ubrania-orvosi-nadragok","8":"rodzaj-ubrania-scrubs-hu","9":"ubranie-noi-orvosi-jogger-nadrag-mutosnadrag-v1-basic-outlet","10":"product_cat-kimenet","11":"product_cat-neki","12":"product_cat-teli-eladas","14":"first","15":"instock","16":"sale","17":"taxable","18":"shipping-taxable","19":"purchasable","20":"product-type-variable"},"acf":[],"_links":{"self":[{"href":"https:\/\/dev.medandbeauty.com\/hu\/wp-json\/wp\/v2\/product\/465544","targetHints":{"allow":["GET"]}}],"collection":[{"href":"https:\/\/dev.medandbeauty.com\/hu\/wp-json\/wp\/v2\/product"}],"about":[{"href":"https:\/\/dev.medandbeauty.com\/hu\/wp-json\/wp\/v2\/types\/product"}],"replies":[{"embeddable":true,"href":"https:\/\/dev.medandbeauty.com\/hu\/wp-json\/wp\/v2\/comments?post=465544"}],"wp:featuredmedia":[{"embeddable":true,"href":"https:\/\/dev.medandbeauty.com\/hu\/wp-json\/wp\/v2\/media\/465551"}],"wp:attachment":[{"href":"https:\/\/dev.medandbeauty.com\/hu\/wp-json\/wp\/v2\/media?parent=465544"}],"wp:term":[{"taxonomy":"kolor","embeddable":true,"href":"https:\/\/dev.medandbeauty.com\/hu\/wp-json\/wp\/v2\/kolor?post=465544"},{"taxonomy":"rodzaj-ubrania","embeddable":true,"href":"https:\/\/dev.medandbeauty.com\/hu\/wp-json\/wp\/v2\/rodzaj-ubrania?post=465544"},{"taxonomy":"ubranie","embeddable":true,"href":"https:\/\/dev.medandbeauty.com\/hu\/wp-json\/wp\/v2\/ubranie?post=465544"},{"taxonomy":"product_brand","embeddable":true,"href":"https:\/\/dev.medandbeauty.com\/hu\/wp-json\/wp\/v2\/product_brand?post=465544"},{"taxonomy":"product_cat","embeddable":true,"href":"https:\/\/dev.medandbeauty.com\/hu\/wp-json\/wp\/v2\/product_cat?post=465544"},{"taxonomy":"product_tag","embeddable":true,"href":"https:\/\/dev.medandbeauty.com\/hu\/wp-json\/wp\/v2\/product_tag?post=465544"}],"curies":[{"name":"wp","href":"https:\/\/api.w.org\/{rel}","templated":true}]}}