{"id":464770,"date":"2024-01-09T22:43:38","date_gmt":"2024-01-09T22:43:38","guid":{"rendered":"https:\/\/dev.medandbeauty.com\/?post_type=product&#038;p=464770"},"modified":"2026-02-25T14:19:29","modified_gmt":"2026-02-25T13:19:29","slug":"noi-orvosi-bluz-mutosruha-basic-magic-violet-outlet","status":"publish","type":"product","link":"https:\/\/dev.medandbeauty.com\/hu\/product\/noi-orvosi-bluz-mutosruha-basic-magic-violet-outlet\/","title":{"rendered":"N\u0151i orvosi bl\u00faz m\u0171t\u0151sruha Basic MAGIC VIOLET"},"content":{"rendered":"<p style=\"font-weight: 400;\">Fedezze fel a klasszikus \u00e9s megb\u00edzhat\u00f3 <strong><a href=\"https:\/\/dev.medandbeauty.com\/hu\/shop\/neki\/basic-kollekcio\/\" target=\"_blank\" rel=\"noopener\">Basic boz\u00f3tosokat<\/a><\/strong>, amelyekbe v\u00e1s\u00e1rl\u00f3ink ezrei szerettek bele!<\/p>\n<p>Hossz\u00fa \u00e9s intenz\u00edv \u00f3r\u00e1kat t\u00f6lt a munkahely\u00e9n, sz\u00fcks\u00e9ge van arra.<strong style=\"font-weight: 400;\">  orvosi ruh\u00e1zat,  <\/strong>amely maxim\u00e1lis k\u00e9nyelmet biztos\u00edt \u00d6nnek.  <strong>A n\u0151i orvosi bl\u00faz m\u0171t\u0151sruha basic magic violet<\/strong> a legjobb min\u0151s\u00e9g\u0171 anyagb\u00f3l <strong>k\u00e9sz\u00fclt<\/strong>.<\/p>\n<p style=\"font-weight: 400;\">A poli\u00e9szter, a viszk\u00f3z \u00e9s a lycra kombin\u00e1ci\u00f3j\u00e1nak k\u00f6sz\u00f6nhet\u0151en a sz\u00f6vet nagyon puha, tart\u00f3s, kellemes tapint\u00e1s\u00fa, minden testalkathoz alkalmazkodik, nem korl\u00e1tozza a mozg\u00e1st, \u00e9s &#8211; ami rendk\u00edv\u00fcl fontos az <strong>orvosi ruh\u00e1zat<\/strong> eset\u00e9ben &#8211; l\u00e9g\u00e1tereszt\u0151 \u00e9s l\u00e9legz\u0151.<\/p>\n<p style=\"font-weight: 400;\"><strong>A n\u0151i Scrubs Basic magic magic lila orvosi bl\u00faz <\/strong>t\u00f6k\u00e9letes alapja egy megb\u00edzhat\u00f3 \u00e9s id\u0151t\u00e1ll\u00f3 <strong>orvosi ruhat\u00e1rnak<\/strong>.<\/p>\n<p style=\"font-weight: 400;\">K\u00e9t rendk\u00edv\u00fcl praktikus \u00e9s t\u00e1gas zsebbel van felszerelve, amelyekben a munka sor\u00e1n sz\u00fcks\u00e9ges \u00f6sszes tartoz\u00e9kot t\u00e1rolhatja.<\/p>\n<p style=\"font-weight: 400;\">A klasszikus v-nyak optikailag meghosszabb\u00edtja a sziluettet, a der\u00e9kra sz\u0171k\u00edtett szab\u00e1s kiemeli b\u00e1rmelyik alak el\u0151nyeit, az ujjak hossza (majdnem k\u00f6ny\u00e9kig \u00e9r) pedig v\u00e9delmet ny\u00fajt a v\u00e1llaknak, mik\u00f6zben nem korl\u00e1tozza a mozg\u00e1st.<\/p>\n<p style=\"font-weight: 400;\">Kombin\u00e1lja <strong>a n\u0151i m\u0171t\u0151sruha Basic orvosi bl\u00faz var\u00e1zslatos lila sz\u00ednben<\/strong> a <a href=\"https:\/\/dev.medandbeauty.com\/product\/spodnie-medyczne-damskie-joggery-v1-scrubs-basic-magic-violet\/\" target=\"_blank\" rel=\"noopener\"><strong>orvosi meleg\u00edt\u0151nadr\u00e1ggal <\/strong><\/a>vagy a klasszikus <a href=\"https:\/\/dev.medandbeauty.com\/product\/spodnie-medyczne-damskie-proste-scrubs-basic-magic-violet\/\" target=\"_blank\" rel=\"noopener\"><strong>egyenes orvosi nadr\u00e1ggal<\/strong> <\/a>ugyanabban a sz\u00ednben, vagy v\u00e1lasszon egy m\u00e1sik \u00e1rnyalatot a kollekci\u00f3ban rendelkez\u00e9sre \u00e1ll\u00f3 sz\u00e1mos \u00e1rnyalat k\u00f6z\u00fcl. <a href=\"https:\/\/dev.medandbeauty.com\/hu\/shop\/neki\/basic-kollekcio\/\" target=\"_blank\" rel=\"noopener\"><strong>Med &amp; Beauty Basic<\/strong><\/a>.<\/p>\n<p style=\"font-weight: 400;\">Biztos\u00edtsa a maxim\u00e1lis k\u00e9nyelmet \u00e9s a professzion\u00e1lis megjelen\u00e9st a munkahely\u00e9n a <strong>Med &amp; Beauty Basic<\/strong><strong> orvosi m\u0171t\u0151sruh\u00e1kkal<\/strong>.<\/p>\n<ul>\n<li style=\"font-weight: 400;\">K\u00e9t nagy, praktikus \u00e9s t\u00e1gas zseb<\/li>\n<li style=\"font-weight: 400;\"><span style=\"font-family: inherit;\">Kont\u00faros der\u00e9kr\u00e9sz<\/span><\/li>\n<li style=\"font-weight: 400;\"><span style=\"font-family: inherit;\">Klasszikus v-nyak\u00fa<\/span><\/li>\n<li style=\"font-weight: 400;\"><span style=\"font-family: inherit;\">K\u00e9nyelmes, r\u00f6vid ujj\u00fa<\/span><\/li>\n<\/ul>\n<p>&nbsp;<\/p>\n<p style=\"font-weight: 400;\"><strong>Tov\u00e1bbi inform\u00e1ci\u00f3k:<\/strong><br \/>\nA k\u00e9peken l\u00e1that\u00f3 modellek S-es m\u00e9retet viselnek, \u00e9s 170-174 cm magasak.<\/p>\n<p style=\"font-weight: 400;\">Ha nem tudja, milyen m\u00e9retet v\u00e1lasszon &#8211; n\u00e9zze meg a m\u00e9rett\u00e1bl\u00e1zatot. Ha tov\u00e1bbi k\u00e9ts\u00e9gek mer\u00fclnek fel &#8211; k\u00fcldje el nek\u00fcnk a m\u00e9reteit, \u00e9s mi m\u00e9retre szabjuk \u00d6nnek. <\/p>\n<p style=\"font-weight: 400;\">A <a href=\"https:\/\/dev.medandbeauty.com\/hu\/shop\/neki\/basic-kollekcio\/\" target=\"_blank\" rel=\"noopener\">Basic kollekci\u00f3<\/a> ruhadarabjainak sz\u00ednei nem egyeznek a <a href=\"https:\/\/dev.medandbeauty.com\/hu\/shop\/neki\/premium-kollekcio\/\" target=\"_blank\" rel=\"noopener\">Premium kollekci\u00f3<\/a> sz\u00edneivel &#8211; m\u00e1s anyagb\u00f3l k\u00e9sz\u00fcltek.<\/p>\n<p style=\"font-weight: 400;\">A k\u00e9peken l\u00e1that\u00f3 egyes ruhadarabok \u00e1rnyalatai elt\u00e9rhetnek a t\u00e9nylegesekt\u0151l &#8211; ez a k\u00fcl\u00f6nb\u00f6z\u0151 elektronikus berendez\u00e9sek \u00e9s azok egyedi be\u00e1ll\u00edt\u00e1sai miatt van \u00edgy.<\/p>\n<p>&nbsp;<\/p>\n","protected":false},"excerpt":{"rendered":"<p>Fedezze fel a klasszikus \u00e9s megb\u00edzhat\u00f3 Basic boz\u00f3tosokat, amelyekbe v\u00e1s\u00e1rl\u00f3ink ezrei szerettek bele! Hossz\u00fa \u00e9s intenz\u00edv \u00f3r\u00e1kat t\u00f6lt a munkahely\u00e9n, sz\u00fcks\u00e9ge van arra. orvosi ruh\u00e1zat, amely maxim\u00e1lis k\u00e9nyelmet biztos\u00edt \u00d6nnek. A n\u0151i orvosi bl\u00faz m\u0171t\u0151sruha basic magic violet a legjobb min\u0151s\u00e9g\u0171 anyagb\u00f3l k\u00e9sz\u00fclt. A poli\u00e9szter, a viszk\u00f3z \u00e9s a lycra kombin\u00e1ci\u00f3j\u00e1nak k\u00f6sz\u00f6nhet\u0151en a sz\u00f6vet nagyon [&hellip;]<\/p>\n","protected":false},"featured_media":464771,"comment_status":"open","ping_status":"closed","template":"","meta":{"_acf_changed":false,"inline_featured_image":false},"kolor":[1898],"rodzaj-ubrania":[1877,1882],"ubranie":[1944],"product_brand":[],"product_cat":[1939,1887,2132],"product_tag":[],"class_list":{"0":"post-464770","1":"product","2":"type-product","3":"status-publish","4":"has-post-thumbnail","6":"kolor-ibolyak","7":"rodzaj-ubrania-orvosi-bluzok","8":"rodzaj-ubrania-scrubs-hu","9":"ubranie-noi-orvosi-bluz-mutosruha-basic-outlet","10":"product_cat-kimenet","11":"product_cat-neki","12":"product_cat-teli-eladas","14":"first","15":"instock","16":"sale","17":"taxable","18":"shipping-taxable","19":"purchasable","20":"product-type-variable"},"acf":[],"_links":{"self":[{"href":"https:\/\/dev.medandbeauty.com\/hu\/wp-json\/wp\/v2\/product\/464770","targetHints":{"allow":["GET"]}}],"collection":[{"href":"https:\/\/dev.medandbeauty.com\/hu\/wp-json\/wp\/v2\/product"}],"about":[{"href":"https:\/\/dev.medandbeauty.com\/hu\/wp-json\/wp\/v2\/types\/product"}],"replies":[{"embeddable":true,"href":"https:\/\/dev.medandbeauty.com\/hu\/wp-json\/wp\/v2\/comments?post=464770"}],"wp:featuredmedia":[{"embeddable":true,"href":"https:\/\/dev.medandbeauty.com\/hu\/wp-json\/wp\/v2\/media\/464771"}],"wp:attachment":[{"href":"https:\/\/dev.medandbeauty.com\/hu\/wp-json\/wp\/v2\/media?parent=464770"}],"wp:term":[{"taxonomy":"kolor","embeddable":true,"href":"https:\/\/dev.medandbeauty.com\/hu\/wp-json\/wp\/v2\/kolor?post=464770"},{"taxonomy":"rodzaj-ubrania","embeddable":true,"href":"https:\/\/dev.medandbeauty.com\/hu\/wp-json\/wp\/v2\/rodzaj-ubrania?post=464770"},{"taxonomy":"ubranie","embeddable":true,"href":"https:\/\/dev.medandbeauty.com\/hu\/wp-json\/wp\/v2\/ubranie?post=464770"},{"taxonomy":"product_brand","embeddable":true,"href":"https:\/\/dev.medandbeauty.com\/hu\/wp-json\/wp\/v2\/product_brand?post=464770"},{"taxonomy":"product_cat","embeddable":true,"href":"https:\/\/dev.medandbeauty.com\/hu\/wp-json\/wp\/v2\/product_cat?post=464770"},{"taxonomy":"product_tag","embeddable":true,"href":"https:\/\/dev.medandbeauty.com\/hu\/wp-json\/wp\/v2\/product_tag?post=464770"}],"curies":[{"name":"wp","href":"https:\/\/api.w.org\/{rel}","templated":true}]}}