{"id":463342,"date":"2023-12-28T23:13:24","date_gmt":"2023-12-28T23:13:24","guid":{"rendered":"https:\/\/dev.medandbeauty.com\/product\/noi-orvosi-kopeny-premium-nyakkivagassal-feher\/"},"modified":"2025-12-23T12:03:04","modified_gmt":"2025-12-23T11:03:04","slug":"noi-orvosi-kopeny-premium-nyakkivagassal-feher","status":"publish","type":"product","link":"https:\/\/dev.medandbeauty.com\/hu\/product\/noi-orvosi-kopeny-premium-nyakkivagassal-feher\/","title":{"rendered":"N\u0151i orvosi k\u00f6peny pr\u00e9mium nyakkiv\u00e1g\u00e1ssal FEH\u00c9R"},"content":{"rendered":"<p style=\"font-weight: 400;\"><strong>A feh\u00e9r orvosi k\u00f6t\u00e9ny pr\u00e9mium nyakkiv\u00e1g\u00e1ssal<\/strong> ide\u00e1lis <strong>k\u00f6t\u00e9nymodell<\/strong> minden olyan n\u0151 sz\u00e1m\u00e1ra, aki az orvosi \u00e9s sz\u00e9ps\u00e9giparban dolgozik, \u00e9s aki \u00e9rt\u00e9keli a minimalizmust, az egyszer\u0171s\u00e9get \u00e9s az eleganci\u00e1t.<\/p>\n<p style=\"font-weight: 400;\"><strong>A <a href=\"https:\/\/dev.medandbeauty.com\/hu\/shop\/neki\/premium-kollekcio\/\" target=\"_blank\" rel=\"noopener\">pr\u00e9mium kollekci\u00f3b\u00f3l<\/a> sz\u00e1rmaz\u00f3 feh\u00e9r orvosi k\u00f6t\u00e9ny nyakkiv\u00e1g\u00e1ssal<\/strong> a legjobb min\u0151s\u00e9g\u0171 pamut, nejlon \u00e9s lycra kever\u00e9k\u00e9b\u0151l <strong> k\u00e9sz\u00fclt<\/strong>. A sz\u00f6vetben l\u00e9v\u0151 sz\u00e1lak e kombin\u00e1ci\u00f3ja teszi <strong>a Med&amp;Beauty egyenruh\u00e1it l\u00e9g\u00e1tereszt\u0151v\u00e9<\/strong>, t\u00f6k\u00e9letesen illeszkednek minden testalkathoz, \u00e9s teljes k\u00e9nyelmet biztos\u00edtanak a hossz\u00fa munka\u00f3r\u00e1k alatt.<\/p>\n<p style=\"font-weight: 400;\">A <strong>Med &amp; Beauty<\/strong> \u00e1ltal gy\u00e1rtott <strong>orvosi fels\u0151ruh\u00e1zat<\/strong> minden modellje praktikus \u00e9s t\u00e1gas zsebekkel van felszerelve, amelyekben minden olyan dolgot k\u00e9zn\u00e9l tarthat, amit szeretne.<\/p>\n<p style=\"font-weight: 400;\">A Pr\u00e9mium kollekci\u00f3 <strong>feh\u00e9r orvosi k\u00f6t\u00e9ny\u00e9nek<\/strong> nagy el\u0151nye a <strong>nyakkiv\u00e1g\u00e1ssal<\/strong> a r\u00f6gz\u00edt\u00e9se. A k\u00e9nyelmes nyom\u00f3gombok lehet\u0151v\u00e9 teszik a k\u00f6t\u00e9ny gyors \u00e9s egyszer\u0171 r\u00f6gz\u00edt\u00e9s\u00e9t \u00e9s leold\u00e1s\u00e1t. <\/p>\n<p style=\"font-weight: 400;\">A trap\u00e9z alak\u00fa nyakkiv\u00e1g\u00e1s egyszerre id\u0151tlen \u00e9s modern, a k\u00f6t\u00e9nyhossz pedig \u00fagy lett kiv\u00e1lasztva, hogy minden alakhoz sz\u00e9pen illeszkedjen.<\/p>\n<p style=\"font-weight: 400;\">A <strong>Med &amp;<\/strong> Beauty-n\u00e1l nemcsak a visel\u00e9si k\u00e9nyelemre, hanem az eszt\u00e9tikus \u00e9s professzion\u00e1lis megjelen\u00e9sre is nagy hangs\u00falyt fektet\u00fcnk. <strong>A feh\u00e9r orvosi k\u00f6t\u00e9ny nyakkiv\u00e1g\u00e1ssal<\/strong> karcs\u00fa szab\u00e1ssal rendelkezik, amely t\u00f6k\u00e9letesen kiemeli a n\u0151i alak minden el\u0151ny\u00e9t.<\/p>\n<p style=\"font-weight: 400;\"><strong>Feh\u00e9r orvosi k\u00f6t\u00e9ny nyakkiv\u00e1g\u00e1ssal<\/strong> nagyszer\u0171en n\u00e9z ki a k\u00f6vetkez\u0151kkel <a href=\"https:\/\/dev.medandbeauty.com\/it\/product\/pantaloni-medicali-da-donna-premium-fit-bianco\/\" target=\"_blank\" rel=\"noopener\"><strong>orvosi nadr\u00e1ggal<\/strong><\/a>amely ugyanabb\u00f3l az anyagb\u00f3l k\u00e9sz\u00fclt.<\/p>\n<p><span style=\"font-weight: 400;\">P\u00e1ros\u00edtsa <strong>az orvosi nadr\u00e1got<\/strong> ugyanabban a feh\u00e9r sz\u00ednben, vagy a k\u00edn\u00e1latunkban el\u00e9rhet\u0151 sz\u00e1mos \u00e1rnyalat k\u00f6z\u00fcl b\u00e1rmelyikhez.<strong><br \/>\n<\/strong><\/span><\/p>\n<ul>\n<li>Eleg\u00e1ns trap\u00e9z alak\u00fa nyakkiv\u00e1g\u00e1s<\/li>\n<li>\n<p style=\"font-weight: 400;\">K\u00e9nyelmes r\u00f6gz\u00edt\u00e9s nyom\u00f3gombokkal<\/p>\n<\/li>\n<li>\n<p style=\"font-weight: 400;\">Karcs\u00fas\u00edtott, klasszikus szab\u00e1s a h\u00edzelg\u0151 sziluett \u00e9rdek\u00e9ben<\/p>\n<\/li>\n<li>\n<p style=\"font-weight: 400;\">K\u00e9t t\u00e1gas, foltos el\u00fcls\u0151 zseb<\/p>\n<\/li>\n<li>\n<p style=\"font-weight: 400;\"><span style=\"font-family: inherit;\">H\u00edmz\u00e9ssel szem\u00e9lyre szabhat\u00f3<\/span><\/p>\n<\/li>\n<\/ul>\n<p>&nbsp;<\/p>\n<p style=\"font-weight: 400;\"><strong>Tov\u00e1bbi inform\u00e1ci\u00f3k:<\/strong><br \/>\nA k\u00e9peken l\u00e1that\u00f3 modellek S-es m\u00e9retet viselnek, \u00e9s 170-174 cm magasak.<\/p>\n<p style=\"font-weight: 400;\">Ha nem tudja, milyen m\u00e9retet v\u00e1lasszon &#8211; n\u00e9zze meg a m\u00e9rett\u00e1bl\u00e1zatot. Ha tov\u00e1bbi k\u00e9ts\u00e9gek mer\u00fclnek fel &#8211; k\u00fcldje el nek\u00fcnk a m\u00e9reteit, \u00e9s mi m\u00e9retre szabjuk \u00d6nnek. <\/p>\n<p style=\"font-weight: 400;\">A <a href=\"https:\/\/dev.medandbeauty.com\/hu\/shop\/neki\/premium-kollekcio\/\" target=\"_blank\" rel=\"noopener\">Premium kollekci\u00f3<\/a> ruhadarabjainak sz\u00ednei nem egyeznek a <a href=\"https:\/\/dev.medandbeauty.com\/hu\/shop\/neki\/basic-kollekcio\/\" target=\"_blank\" rel=\"noopener\">Basic kollekci\u00f3<\/a> sz\u00edneivel &#8211; m\u00e1s anyagb\u00f3l k\u00e9sz\u00fcltek.<\/p>\n<p style=\"font-weight: 400;\">A k\u00e9peken l\u00e1that\u00f3 egyes ruhadarabok \u00e1rnyalatai elt\u00e9rhetnek a t\u00e9nylegesekt\u0151l &#8211; ez a k\u00fcl\u00f6nb\u00f6z\u0151 elektronikus berendez\u00e9sek \u00e9s azok egyedi be\u00e1ll\u00edt\u00e1sai miatt van \u00edgy.<\/p>\n<p>&nbsp;<\/p>\n","protected":false},"excerpt":{"rendered":"<p>A feh\u00e9r orvosi k\u00f6t\u00e9ny pr\u00e9mium nyakkiv\u00e1g\u00e1ssal ide\u00e1lis k\u00f6t\u00e9nymodell minden olyan n\u0151 sz\u00e1m\u00e1ra, aki az orvosi \u00e9s sz\u00e9ps\u00e9giparban dolgozik, \u00e9s aki \u00e9rt\u00e9keli a minimalizmust, az egyszer\u0171s\u00e9get \u00e9s az eleganci\u00e1t. A pr\u00e9mium kollekci\u00f3b\u00f3l sz\u00e1rmaz\u00f3 feh\u00e9r orvosi k\u00f6t\u00e9ny nyakkiv\u00e1g\u00e1ssal a legjobb min\u0151s\u00e9g\u0171 pamut, nejlon \u00e9s lycra kever\u00e9k\u00e9b\u0151l k\u00e9sz\u00fclt. A sz\u00f6vetben l\u00e9v\u0151 sz\u00e1lak e kombin\u00e1ci\u00f3ja teszi a Med&amp;Beauty egyenruh\u00e1it [&hellip;]<\/p>\n","protected":false},"featured_media":463343,"comment_status":"open","ping_status":"closed","template":"","meta":{"_acf_changed":false,"inline_featured_image":false},"kolor":[1930],"rodzaj-ubrania":[1879],"ubranie":[1987],"product_brand":[],"product_cat":[1887,1936,1902],"product_tag":[],"class_list":{"0":"post-463342","1":"product","2":"type-product","3":"status-publish","4":"has-post-thumbnail","6":"kolor-feherek","7":"rodzaj-ubrania-orvosi-kopenyek","8":"ubranie-premium-orvosi-kopeny-noknek-nyakkivagassal","9":"product_cat-neki","10":"product_cat-orvosi-kopenyek","11":"product_cat-premium-kollekcio","13":"first","14":"instock","15":"taxable","16":"shipping-taxable","17":"purchasable","18":"product-type-variable","19":"has-default-attributes"},"acf":[],"_links":{"self":[{"href":"https:\/\/dev.medandbeauty.com\/hu\/wp-json\/wp\/v2\/product\/463342","targetHints":{"allow":["GET"]}}],"collection":[{"href":"https:\/\/dev.medandbeauty.com\/hu\/wp-json\/wp\/v2\/product"}],"about":[{"href":"https:\/\/dev.medandbeauty.com\/hu\/wp-json\/wp\/v2\/types\/product"}],"replies":[{"embeddable":true,"href":"https:\/\/dev.medandbeauty.com\/hu\/wp-json\/wp\/v2\/comments?post=463342"}],"wp:featuredmedia":[{"embeddable":true,"href":"https:\/\/dev.medandbeauty.com\/hu\/wp-json\/wp\/v2\/media\/463343"}],"wp:attachment":[{"href":"https:\/\/dev.medandbeauty.com\/hu\/wp-json\/wp\/v2\/media?parent=463342"}],"wp:term":[{"taxonomy":"kolor","embeddable":true,"href":"https:\/\/dev.medandbeauty.com\/hu\/wp-json\/wp\/v2\/kolor?post=463342"},{"taxonomy":"rodzaj-ubrania","embeddable":true,"href":"https:\/\/dev.medandbeauty.com\/hu\/wp-json\/wp\/v2\/rodzaj-ubrania?post=463342"},{"taxonomy":"ubranie","embeddable":true,"href":"https:\/\/dev.medandbeauty.com\/hu\/wp-json\/wp\/v2\/ubranie?post=463342"},{"taxonomy":"product_brand","embeddable":true,"href":"https:\/\/dev.medandbeauty.com\/hu\/wp-json\/wp\/v2\/product_brand?post=463342"},{"taxonomy":"product_cat","embeddable":true,"href":"https:\/\/dev.medandbeauty.com\/hu\/wp-json\/wp\/v2\/product_cat?post=463342"},{"taxonomy":"product_tag","embeddable":true,"href":"https:\/\/dev.medandbeauty.com\/hu\/wp-json\/wp\/v2\/product_tag?post=463342"}],"curies":[{"name":"wp","href":"https:\/\/api.w.org\/{rel}","templated":true}]}}