{"id":457863,"date":"2025-06-27T15:13:10","date_gmt":"2025-06-27T13:13:10","guid":{"rendered":"https:\/\/dev.medandbeauty.com\/product\/noi-orvosi-nadrag-proste-mutosruha-basic-papaja\/"},"modified":"2026-02-25T14:21:41","modified_gmt":"2026-02-25T13:21:41","slug":"noi-orvosi-nadrag-proste-mutosruha-basic-papaja","status":"publish","type":"product","link":"https:\/\/dev.medandbeauty.com\/hu\/product\/noi-orvosi-nadrag-proste-mutosruha-basic-papaja\/","title":{"rendered":"N\u0151i orvosi nadr\u00e1g PROSTE m\u0171t\u0151sruha basic PAPAJA"},"content":{"rendered":"<p>Az id\u0151tlen elegancia minden kedvel\u0151je im\u00e1dni fogja ezt a klasszikus \u00e9s k\u00e9nyelmes modellt!<\/p>\n<p>Szeretne kifog\u00e1stalan megjelen\u00e9st fenntartani munka k\u00f6zben, \u00e9s szenz\u00e1ci\u00f3san \u00e9rezni mag\u00e1t az orvosi ruh\u00e1zatban, amit visel?<\/p>\n<p><strong>A <a style=\"font-weight: 400;\" href=\"https:\/\/dev.medandbeauty.com\/hu\/shop\/neki\/basic-kollekcio\/\" target=\"_blank\" rel=\"noopener\">Med &amp; Beauty Basic kollekci\u00f3<\/a> orvosi egyenes nadr\u00e1gja papaya sz\u00ednben<\/strong> t\u00f6k\u00e9letes v\u00e1laszt\u00e1s minden olyan n\u0151 sz\u00e1m\u00e1ra, akinek fontos a professzionalizmus \u00e9s a k\u00e9nyelem a hossz\u00fa munkaid\u0151 alatt.<\/p>\n<p><strong>A Papaya sz\u00edn\u0171, egyenes n\u0151i orvosi nadr\u00e1gok<\/strong> kellemes tapint\u00e1s\u00fa, puha anyagb\u00f3l k\u00e9sz\u00fcltek, \u00edgy magas visel\u00e9si k\u00e9nyelmet \u00e9s teljes mozg\u00e1sszabads\u00e1got biztos\u00edtanak.<\/p>\n<p>A poli\u00e9szter, a viszk\u00f3z \u00e9s a lycra kombin\u00e1ci\u00f3j\u00e1nak k\u00f6sz\u00f6nhet\u0151en az anyag t\u00f6k\u00e9letesen illeszkedik b\u00e1rmilyen t\u00edpus\u00fa n\u0151i alakhoz, valamint rendk\u00edv\u00fcl tart\u00f3s \u00e9s l\u00e9g\u00e1tereszt\u0151.<\/p>\n<p><strong>A <a href=\"https:\/\/dev.medandbeauty.com\/hu\/shop\/neki\/basic-kollekcio\/\" target=\"_blank\" rel=\"noopener\">Basic kollekci\u00f3<\/a> n\u0151i egyenes orvosi m\u0171t\u0151snadr\u00e1gja<\/strong> n\u00e9gy funkcion\u00e1lis zsebbel (kett\u0151 h\u00e1tul, kett\u0151 el\u00f6l) rendelkezik, amelyekbe a munk\u00e1hoz sz\u00fcks\u00e9ges \u00f6sszes kieg\u00e9sz\u00edt\u0151t elhelyezheti.<\/p>\n<p>Az enyh\u00e9n sz\u0171k\u00edtett szab\u00e1s \u00e9s a magas derek\u00fa nadr\u00e1g b\u00e1rmilyen alakot kiemel, m\u00edg az elasztikus der\u00e9kp\u00e1nt teljes k\u00e9nyelmet \u00e9s mozg\u00e1sszabads\u00e1got biztos\u00edt.<\/p>\n<p>P\u00e1ros\u00edtsa <strong>a Basic Papaya egyenes orvosi nadr\u00e1got <\/strong>egy ugyanolyan sz\u00edn\u0171 <strong>k\u00e9tzsebes orvosi bl\u00fazzal vagy egyzsebes orvosi bl\u00fazzal<\/strong>, vagy p\u00e1ros\u00edtsa egy m\u00e1sik \u00e1rnyalattal a kollekci\u00f3nkb\u00f3l.<a href=\"https:\/\/dev.medandbeauty.com\/hu\/shop\/neki\/basic-kollekcio\/\" target=\"_blank\" rel=\"noopener\"> <strong>kollekci\u00f3b\u00f3l.<\/strong><\/a> \u00e9s hozzon l\u00e9tre egy egyedi szettet!<\/p>\n<ul>\n<li>Elasztikus der\u00e9kp\u00e1nt<\/li>\n<li><span style=\"font-family: inherit;\">4 praktikus \u00e9s t\u00e1gas zseb<\/span><\/li>\n<li><span style=\"font-family: inherit;\">Enyh\u00e9n k\u00fapos az alj\u00e1n<\/span><\/li>\n<li><span style=\"font-family: inherit;\">Alakform\u00e1l\u00f3 emelked\u00e9s<\/span><strong style=\"font-family: inherit;\"> <\/strong><\/li>\n<\/ul>\n<p>&nbsp;<\/p>\n<p><strong>Tov\u00e1bbi inform\u00e1ci\u00f3k:<\/strong><br \/>\nA k\u00e9peken l\u00e1that\u00f3 modellek S-es m\u00e9retet viselnek, \u00e9s 170-174 cm magasak.<\/p>\n<p>Ha nem tudja, milyen m\u00e9retet v\u00e1lasszon &#8211; n\u00e9zze meg a m\u00e9rett\u00e1bl\u00e1zatot. Ha tov\u00e1bbi k\u00e9ts\u00e9gek mer\u00fclnek fel &#8211; k\u00fcldje el nek\u00fcnk a m\u00e9reteit, \u00e9s mi m\u00e9retre szabjuk \u00d6nnek. <\/p>\n<p>A vil\u00e1gos sz\u00ednek eset\u00e9ben el\u0151fordulhat, hogy a sz\u00f6vet enyh\u00e9n \u00e1ttetsz\u0151, ami a sz\u00f6vet term\u00e9szetes tulajdons\u00e1ga, ami a szerkezet\u00e9b\u0151l \u00e9s s\u00faly\u00e1b\u00f3l ad\u00f3dik.<\/p>\n<p>A Basic kollekci\u00f3 ruhadarabjainak sz\u00ednei nem egyeznek a <a href=\"https:\/\/dev.medandbeauty.com\/hu\/shop\/neki\/premium-kollekcio\/\" target=\"_blank\" rel=\"noopener\">Premium kollekci\u00f3<\/a> sz\u00edneivel &#8211; m\u00e1s anyagb\u00f3l k\u00e9sz\u00fcltek.<\/p>\n<p>A k\u00e9peken l\u00e1that\u00f3 egyes ruhadarabok \u00e1rnyalatai elt\u00e9rhetnek a t\u00e9nylegesekt\u0151l &#8211; ez a k\u00fcl\u00f6nb\u00f6z\u0151 elektronikus berendez\u00e9sek \u00e9s azok egyedi be\u00e1ll\u00edt\u00e1sai miatt van \u00edgy.<\/p>\n","protected":false},"excerpt":{"rendered":"<p>Az id\u0151tlen elegancia minden kedvel\u0151je im\u00e1dni fogja ezt a klasszikus \u00e9s k\u00e9nyelmes modellt! Szeretne kifog\u00e1stalan megjelen\u00e9st fenntartani munka k\u00f6zben, \u00e9s szenz\u00e1ci\u00f3san \u00e9rezni mag\u00e1t az orvosi ruh\u00e1zatban, amit visel? A Med &amp; Beauty Basic kollekci\u00f3 orvosi egyenes nadr\u00e1gja papaya sz\u00ednben t\u00f6k\u00e9letes v\u00e1laszt\u00e1s minden olyan n\u0151 sz\u00e1m\u00e1ra, akinek fontos a professzionalizmus \u00e9s a k\u00e9nyelem a hossz\u00fa munkaid\u0151 [&hellip;]<\/p>\n","protected":false},"featured_media":457868,"comment_status":"open","ping_status":"closed","template":"","meta":{"_acf_changed":false,"inline_featured_image":false},"kolor":[1886],"rodzaj-ubrania":[1883,1882],"ubranie":[1905],"product_brand":[],"product_cat":[1939,1887,2132],"product_tag":[],"class_list":{"0":"post-457863","1":"product","2":"type-product","3":"status-publish","4":"has-post-thumbnail","6":"kolor-narancsok","7":"rodzaj-ubrania-orvosi-nadragok","8":"rodzaj-ubrania-scrubs-hu","9":"ubranie-noi-orvosi-nadrag-egyenes-mutosruha-basic","10":"product_cat-kimenet","11":"product_cat-neki","12":"product_cat-teli-eladas","14":"first","15":"outofstock","16":"sale","17":"taxable","18":"shipping-taxable","19":"purchasable","20":"product-type-variable"},"acf":[],"_links":{"self":[{"href":"https:\/\/dev.medandbeauty.com\/hu\/wp-json\/wp\/v2\/product\/457863","targetHints":{"allow":["GET"]}}],"collection":[{"href":"https:\/\/dev.medandbeauty.com\/hu\/wp-json\/wp\/v2\/product"}],"about":[{"href":"https:\/\/dev.medandbeauty.com\/hu\/wp-json\/wp\/v2\/types\/product"}],"replies":[{"embeddable":true,"href":"https:\/\/dev.medandbeauty.com\/hu\/wp-json\/wp\/v2\/comments?post=457863"}],"wp:featuredmedia":[{"embeddable":true,"href":"https:\/\/dev.medandbeauty.com\/hu\/wp-json\/wp\/v2\/media\/457868"}],"wp:attachment":[{"href":"https:\/\/dev.medandbeauty.com\/hu\/wp-json\/wp\/v2\/media?parent=457863"}],"wp:term":[{"taxonomy":"kolor","embeddable":true,"href":"https:\/\/dev.medandbeauty.com\/hu\/wp-json\/wp\/v2\/kolor?post=457863"},{"taxonomy":"rodzaj-ubrania","embeddable":true,"href":"https:\/\/dev.medandbeauty.com\/hu\/wp-json\/wp\/v2\/rodzaj-ubrania?post=457863"},{"taxonomy":"ubranie","embeddable":true,"href":"https:\/\/dev.medandbeauty.com\/hu\/wp-json\/wp\/v2\/ubranie?post=457863"},{"taxonomy":"product_brand","embeddable":true,"href":"https:\/\/dev.medandbeauty.com\/hu\/wp-json\/wp\/v2\/product_brand?post=457863"},{"taxonomy":"product_cat","embeddable":true,"href":"https:\/\/dev.medandbeauty.com\/hu\/wp-json\/wp\/v2\/product_cat?post=457863"},{"taxonomy":"product_tag","embeddable":true,"href":"https:\/\/dev.medandbeauty.com\/hu\/wp-json\/wp\/v2\/product_tag?post=457863"}],"curies":[{"name":"wp","href":"https:\/\/api.w.org\/{rel}","templated":true}]}}