{"id":681426,"date":"2026-02-03T09:07:01","date_gmt":"2026-02-03T08:07:01","guid":{"rendered":"https:\/\/dev.medandbeauty.com\/orvosi-labbeli-krakko\/"},"modified":"2026-02-03T09:08:13","modified_gmt":"2026-02-03T08:08:13","slug":"orvosi-labbeli-krakko","status":"publish","type":"page","link":"https:\/\/dev.medandbeauty.com\/hu\/orvosi-labbeli-krakko\/","title":{"rendered":"Orvosi l\u00e1bbeli Krakk\u00f3"},"content":{"rendered":"\n<h2 class=\"wp-block-heading\">Orvosi l\u00e1bbeli Krakk\u00f3 &#8211; tal\u00e1lja meg a t\u00f6k\u00e9letes p\u00e1rat online!<\/h2>\n\n<p>Professzion\u00e1lis <strong>orvosi l\u00e1bbelit<\/strong> keres <strong>Krakk\u00f3ban?<\/strong> A folyamatos mozg\u00e1sban v\u00e9gzett munka \u00e9s a hossz\u00fa \u00f3r\u00e1kon \u00e1t tart\u00f3 \u00fcgyelet nagyon megterheli a l\u00e1b\u00e1t. Olyan cip\u0151kre van sz\u00fcks\u00e9ge, amelyek maxim\u00e1lis k\u00e9nyelmet biztos\u00edtanak \u00e9s enyh\u00edtik a f\u00e1radt l\u00e1bakat. B\u00e1r Krakk\u00f3ban nincs helyhez k\u00f6t\u00f6tt \u00fczlet\u00fcnk, mi valami sokkal k\u00e9nyelmesebbet k\u00edn\u00e1lunk. Weboldalunkon kiv\u00e1l\u00f3 min\u0151s\u00e9g\u0171 orvosi l\u00e1bbelik sz\u00e9les v\u00e1laszt\u00e9k\u00e1t tal\u00e1lja, gyors kisz\u00e1ll\u00edt\u00e1ssal egyenesen az \u00d6n h\u00e1z\u00e1hoz. Fektessen be eg\u00e9szs\u00e9g\u00e9be \u00e9s k\u00e9nyelm\u00e9be &#8211; felejtse el a l\u00e1bf\u00e1j\u00e1st egyszer \u00e9s mindenkorra!     <\/p>\n\n<h2 class=\"wp-block-heading\">Mi\u00e9rt v\u00e1lassza orvosi l\u00e1bbelinket?<\/h2>\n\n<p>Az orvosi ter\u00fcleten val\u00f3 munka igazi kih\u00edv\u00e1s a l\u00e1bak sz\u00e1m\u00e1ra. L\u00e1bbelinket az \u00d6nh\u00f6z hasonl\u00f3 szakemberek sz\u00e1m\u00e1ra tervezt\u00fck, akik nap mint nap gondoskodnak m\u00e1sok eg\u00e9szs\u00e9g\u00e9r\u0151l. Mi k\u00fcl\u00f6nb\u00f6zteti meg a Med&amp;Beauty web\u00e1ruh\u00e1zban el\u00e9rhet\u0151 k\u00e9nyelmes modelleket?  <\/p>\n\n<ul class=\"wp-block-list\">\n<li><strong>Fel\u00fclm\u00falhatatlan k\u00e9nyelem \u00e9s p\u00e1rn\u00e1z\u00e1s &#8211;<\/strong> a <strong>k\u00e9nyelmes<\/strong> l\u00e1bbeli az eg\u00e9szs\u00e9g\u00fcgyi szem\u00e9lyzet ruhat\u00e1r\u00e1nak kulcsfontoss\u00e1g\u00fa r\u00e9sze. Cip\u0151ink fejlett p\u00e1rn\u00e1z\u00e1ssal \u00e9s ergonomikus, anat\u00f3miailag form\u00e1zott talpbet\u00e9ttel rendelkeznek. Ennek eredm\u00e9nyek\u00e9ppen hat\u00e9konyan cs\u00f6kkentik az \u00fct\u0151d\u00e9seket \u00e9s minimaliz\u00e1lj\u00e1k a f\u00e1radts\u00e1g\u00e9rzetet, m\u00e9g a hossz\u00fa szolg\u00e1lati id\u0151 alatt is,  <\/li>\n\n\n\n<li><strong>biztons\u00e1g minden l\u00e9p\u00e9sn\u00e9l &#8211; a<\/strong> cs\u00fasz\u00e1smentes talp alapfelszerelts\u00e9g l\u00e1bbelinkben, amely stabilit\u00e1st \u00e9s magabiztos l\u00e9p\u00e9st garant\u00e1l b\u00e1rmilyen fel\u00fcleten. A k\u00f6nny\u0171, m\u00e9gis tart\u00f3s konstrukci\u00f3 teljes mozg\u00e1sszabads\u00e1got biztos\u00edt. A l\u00e9g\u00e1tereszt\u0151 anyagok, mint p\u00e9ld\u00e1ul az innovat\u00edv EVA hab, eg\u00e9sz nap higi\u00e9niai \u00e9s h\u0151komfortot garant\u00e1lnak a l\u00e1b\u00e1nak,  <\/li>\n\n\n\n<li><strong>A professzionalizmust hangs\u00falyoz\u00f3 st\u00edlus &#8211;<\/strong> r\u00e9gen elm\u00faltak m\u00e1r <strong>azok az id\u0151<\/strong> k, amikor az orvosi l\u00e1bbeliknek unalmasnak \u00e9s form\u00e1tlannak kellett lenni\u00fck. A Med&amp;Beauty-n\u00e1l a funkcionalit\u00e1st a modern eszt\u00e9tik\u00e1val \u00f6tv\u00f6zz\u00fck. A cip\u0151k sz\u00e9les sz\u00edn- \u00e9s st\u00edlusv\u00e1laszt\u00e9k\u00e1t k\u00edn\u00e1ljuk. Modelljeink t\u00f6k\u00e9letesen kieg\u00e9sz\u00edtik professzion\u00e1lis arculat\u00e1t, \u00e9s j\u00f3l illenek a m\u0171t\u0151sruh\u00e1khoz vagy orvosi szettekhez.   <\/li>\n<\/ul>\n\n<h2 class=\"wp-block-heading\">Hogyan tal\u00e1lja meg a t\u00f6k\u00e9letes orvosi cip\u0151t?<\/h2>\n\n<p>A megfelel\u0151 l\u00e1bbeli kiv\u00e1laszt\u00e1sa az \u00d6n eg\u00e9szs\u00e9g\u00e9be \u00e9s j\u00f3l\u00e9t\u00e9be val\u00f3 befektet\u00e9s. \u00cdme n\u00e9h\u00e1ny gyakorlati tipp, amely seg\u00edt a legjobb d\u00f6nt\u00e9s meghozatal\u00e1ban: <\/p>\n\n<ol class=\"wp-block-list\">\n<li><strong>Figyeljen a m\u00e9ret\u00e9re &#8211; a<\/strong> t\u00fal sz\u0171k \u00e9s a t\u00fal b\u0151 cip\u0151 <strong>egyar\u00e1nt<\/strong> okozhat kid\u00f6rzs\u00f6l\u0151d\u00e9st, f\u00e1jdalmat, \u00e9s ak\u00e1r a s\u00e9r\u00fcl\u00e9s kock\u00e1zat\u00e1t is n\u00f6velheti. Ennek elker\u00fcl\u00e9se \u00e9rdek\u00e9ben gondosan m\u00e9rje meg a l\u00e1b\u00e1t, \u00e9s haszn\u00e1lja r\u00e9szletes m\u00e9rett\u00e1bl\u00e1zatunkat, <\/li>\n\n\n\n<li><strong>Igaz\u00edtsa a modellt az ig\u00e9nyeihez &#8211;<\/strong> maxim\u00e1lis szell\u0151z\u00e9sre <strong>van sz\u00fcks\u00e9ge<\/strong> a meleg napokon? V\u00e1lassz k\u00f6nny\u0171, \u00e1ll\u00edthat\u00f3 p\u00e1ntokkal ell\u00e1tott flip-flopot, amely lehet\u0151v\u00e9 teszi a l\u00e1bad sz\u00e1m\u00e1ra a l\u00e9gz\u00e9st. Vagy tal\u00e1n nagyobb stabilit\u00e1st keres a bok\u00e1ja sz\u00e1m\u00e1ra? N\u00e9zze meg az orvosi cip\u0151k be\u00e9p\u00edtett modelljeit. Minden egyes szab\u00e1svonalat a mozg\u00e1sban v\u00e9gzett munka speci\u00e1lis k\u00f6vetelm\u00e9nyeinek figyelembev\u00e9tel\u00e9vel tervezt\u00fcnk,    <\/li>\n\n\n\n<li><strong>Fogadjon a min\u0151s\u00e9gi anyagokra &#8211; l\u00e1bbelink<\/strong> kiv\u00e1l\u00f3 min\u0151s\u00e9g\u0171, tan\u00fas\u00edtott anyagokb\u00f3l k\u00e9sz\u00fclnek. Nemcsak k\u00f6nnyen tiszt\u00edthat\u00f3k \u00e9s fert\u0151tlen\u00edthet\u0151k, hanem b\u0151rbar\u00e1tok is. Az ergonomikus kialak\u00edt\u00e1s t\u00e1mogatja a l\u00e1bfej helyes helyzet\u00e9t, seg\u00edt megel\u0151zni a testtart\u00e1si probl\u00e9m\u00e1kat.  <\/li>\n<\/ol>\n\n<h2 class=\"wp-block-heading\">Orvosi l\u00e1bbeli Krakk\u00f3 &#8211; rendel\u00e9s k\u00e9nyelmesen h\u00e1zhozsz\u00e1ll\u00edt\u00e1ssal<\/h2>\n\n<p>Az online v\u00e1s\u00e1rl\u00e1s a Med&amp;Beauty-n\u00e1l olyan megold\u00e1s, amely sokkal t\u00f6bb el\u0151nnyel j\u00e1r, mint egy helyhez k\u00f6t\u00f6tt \u00fczlet felkeres\u00e9se:<\/p>\n\n<ul class=\"wp-block-list\">\n<li><strong>a teljes v\u00e1laszt\u00e9k egy helyen &#8211; az<\/strong> \u00f6sszes modell, sz\u00edn \u00e9s m\u00e9ret el\u00e9rhet\u0151 an\u00e9lk\u00fcl, hogy elhagyn\u00e1 otthon\u00e1t,<\/li>\n\n\n\n<li><strong>K\u00e9nyelem \u00e9s id\u0151megtakar\u00edt\u00e1s &#8211;<\/strong> akkor <strong>rendel<\/strong>, amikor csak ideje van r\u00e1 &#8211; a k\u00e1v\u00e9sz\u00fcnetben vagy a szolg\u00e1latb\u00f3l visszat\u00e9rve,<\/li>\n\n\n\n<li><strong>Gyors sz\u00e1ll\u00edt\u00e1si garancia &#8211;<\/strong> \u00faj, k\u00e9nyelmes orvosi <strong>cip\u0151je<\/strong> expressz temp\u00f3ban \u00e9rkezik Krakk\u00f3ba,<\/li>\n\n\n\n<li><strong>szakmai t\u00e1mogat\u00e1s &#8211;<\/strong> k\u00e9rd\u00e9sei vagy agg\u00e1lyai <strong>vannak<\/strong>? Csapatunk sz\u00edvesen seg\u00edt \u00d6nnek a t\u00f6k\u00e9letes modell kiv\u00e1laszt\u00e1s\u00e1ban telefonon vagy e-mailben. <\/li>\n<\/ul>\n\n<p>Ne hagyja, hogy a k\u00e9nyelmetlen cip\u0151 befoly\u00e1solja a munkahelyi j\u00f3l\u00e9t\u00e9t \u00e9s hat\u00e9konys\u00e1g\u00e1t. Gondoskodjon l\u00e1b\u00e1nak eg\u00e9szs\u00e9g\u00e9r\u0151l szakemberek seg\u00edts\u00e9g\u00e9vel. Fedezze fel orvosi l\u00e1bbeli kollekci\u00f3nkat, \u00e9s alak\u00edtsa \u00e1t mindennapjait m\u00e9g ma!  <\/p>\n","protected":false},"excerpt":{"rendered":"<p>Orvosi l\u00e1bbeli Krakk\u00f3 &#8211; tal\u00e1lja meg a t\u00f6k\u00e9letes p\u00e1rat online! Professzion\u00e1lis orvosi l\u00e1bbelit keres Krakk\u00f3ban? A folyamatos mozg\u00e1sban v\u00e9gzett munka \u00e9s a hossz\u00fa \u00f3r\u00e1kon \u00e1t tart\u00f3 \u00fcgyelet nagyon megterheli a l\u00e1b\u00e1t. Olyan cip\u0151kre van sz\u00fcks\u00e9ge, amelyek maxim\u00e1lis k\u00e9nyelmet biztos\u00edtanak \u00e9s enyh\u00edtik a f\u00e1radt l\u00e1bakat. B\u00e1r Krakk\u00f3ban nincs helyhez k\u00f6t\u00f6tt \u00fczlet\u00fcnk, mi valami sokkal k\u00e9nyelmesebbet k\u00edn\u00e1lunk. [&hellip;]<\/p>\n","protected":false},"author":43705,"featured_media":0,"parent":0,"menu_order":0,"comment_status":"closed","ping_status":"closed","template":"","meta":{"_acf_changed":false,"inline_featured_image":false,"footnotes":""},"class_list":["post-681426","page","type-page","status-publish","hentry"],"acf":[],"_links":{"self":[{"href":"https:\/\/dev.medandbeauty.com\/hu\/wp-json\/wp\/v2\/pages\/681426","targetHints":{"allow":["GET"]}}],"collection":[{"href":"https:\/\/dev.medandbeauty.com\/hu\/wp-json\/wp\/v2\/pages"}],"about":[{"href":"https:\/\/dev.medandbeauty.com\/hu\/wp-json\/wp\/v2\/types\/page"}],"author":[{"embeddable":true,"href":"https:\/\/dev.medandbeauty.com\/hu\/wp-json\/wp\/v2\/users\/43705"}],"replies":[{"embeddable":true,"href":"https:\/\/dev.medandbeauty.com\/hu\/wp-json\/wp\/v2\/comments?post=681426"}],"version-history":[{"count":1,"href":"https:\/\/dev.medandbeauty.com\/hu\/wp-json\/wp\/v2\/pages\/681426\/revisions"}],"predecessor-version":[{"id":681427,"href":"https:\/\/dev.medandbeauty.com\/hu\/wp-json\/wp\/v2\/pages\/681426\/revisions\/681427"}],"wp:attachment":[{"href":"https:\/\/dev.medandbeauty.com\/hu\/wp-json\/wp\/v2\/media?parent=681426"}],"curies":[{"name":"wp","href":"https:\/\/api.w.org\/{rel}","templated":true}]}}