{"id":681349,"date":"2026-02-03T08:20:42","date_gmt":"2026-02-03T07:20:42","guid":{"rendered":"https:\/\/dev.medandbeauty.com\/orvosi-labbeli-wroclaw\/"},"modified":"2026-02-03T08:21:36","modified_gmt":"2026-02-03T07:21:36","slug":"orvosi-labbeli-wroclaw","status":"publish","type":"page","link":"https:\/\/dev.medandbeauty.com\/hu\/orvosi-labbeli-wroclaw\/","title":{"rendered":"Orvosi l\u00e1bbeli Wroc\u0142aw"},"content":{"rendered":"\n<h2 class=\"wp-block-heading\">Orvosi l\u00e1bbelit keres Wroc\u0142awban? N\u00e1lunk jobb megold\u00e1s van! <\/h2>\n\n<p>Wroc\u0142awban az orvosi vagy sz\u00e9ps\u00e9giparban dolgozik, \u00e9s olyan cip\u0151r\u0151l \u00e1lmodik, amely l\u00e9p\u00e9st tud tartani \u00d6nnel? Egy hossz\u00fa \u00fcgyelet v\u00e9g\u00e9n nem kell mindig f\u00e1j\u00f3 l\u00e1bakkal, duzzanattal \u00e9s neh\u00e9z \u00e9rz\u00e9ssel j\u00e1rnia. Ahelyett, hogy a helyhez k\u00f6t\u00f6tt keresg\u00e9l\u00e9sre pazaroln\u00e1 az idej\u00e9t, fedezze fel a t\u00f6k\u00e9letes <strong>orvosi cip\u0151t a Med&amp;Beauty-n\u00e1l.<\/strong> Rendelje meg \u0151ket k\u00e9nyelmes, gyors kisz\u00e1ll\u00edt\u00e1ssal, proste az \u00d6n h\u00e1z\u00e1hoz Wroc\u0142awban.   <\/p>\n\n<p>K\u00fcldet\u00e9s\u00fcnk, hogy ne csak megk\u00f6nnyebb\u00fcl\u00e9st, hanem energi\u00e1t is adjunk \u00d6nnek, hogy eg\u00e9sz nap teljes\u00edteni tudjon. Amikor professzion\u00e1lis l\u00e1bbelit v\u00e1s\u00e1rol, akkor az eg\u00e9szs\u00e9g\u00e9be, k\u00e9nyelm\u00e9be \u00e9s j\u00f3l\u00e9t\u00e9be fektet be. <\/p>\n\n<h2 class=\"wp-block-heading\">\u00c9rezze a k\u00fcl\u00f6nbs\u00e9get minden l\u00e9p\u00e9sn\u00e9l &#8211; legfontosabb el\u0151ny\u00f6k<\/h2>\n\n<p>Felejtse el a k\u00e9nyelem \u00e9s a megjelen\u00e9s k\u00f6z\u00f6tti kompromisszumot. Orvosi l\u00e1bbelink a modern eszt\u00e9tika \u00e9s a kiv\u00e9teles funkcionalit\u00e1s t\u00f6k\u00e9letes kombin\u00e1ci\u00f3ja. <\/p>\n\n<ul class=\"wp-block-list\">\n<li><strong>Eg\u00e9sz napos k\u00e9nyelem \u00e9s megk\u00f6nnyebb\u00fcl\u00e9s a l\u00e1badnak &#8211; nincs<\/strong> t\u00f6bb\u00e9 f\u00e1jdalom az \u00f3r\u00e1kig tart\u00f3 \u00fcgyelet ut\u00e1n! Ergonomikus, form\u00e1zott talpbet\u00e9tj\u00fcknek \u00e9s kiv\u00e1l\u00f3 p\u00e1rn\u00e1zotts\u00e1guknak k\u00f6sz\u00f6nhet\u0151en cip\u0151ink megt\u00e1masztj\u00e1k l\u00e1b\u00e1t, cs\u00f6kkentve a gerinc \u00e9s az \u00edz\u00fcletek terhel\u00e9s\u00e9t. Olyan k\u00f6nnyeds\u00e9get adnak, amilyenr\u0151l \u00e1lmodik.  <\/li>\n\n\n\n<li><strong>Biztons\u00e1g \u00e9s magabiztoss\u00e1g &#8211; mozogjon<\/strong> dinamikusan \u00e9s f\u00e9lelem n\u00e9lk\u00fcl. A cs\u00fasz\u00e1smentes talp maxim\u00e1lis tapad\u00e1st biztos\u00edt b\u00e1rmilyen fel\u00fcleten, megv\u00e9di \u00d6nt a v\u00e1ratlan helyzetekt\u0151l. Az \u00d6n biztons\u00e1ga a mi priorit\u00e1sunk.  <\/li>\n\n\n\n<li><strong>Egy st\u00edlus, amely t\u00f6k\u00e9letesen illik \u00d6nh\u00f6z &#8211; ki<\/strong> mondta, hogy az orvosi l\u00e1bbeliknek unalmasnak kell lenni\u00fck? Sz\u00e9tt\u00f6rj\u00fck a sztereot\u00edpi\u00e1kat azzal, hogy a szab\u00e1sok \u00e9s sz\u00ednek sz\u00e9les v\u00e1laszt\u00e9k\u00e1t k\u00edn\u00e1ljuk. P\u00e1ros\u00edtsa cip\u0151j\u00e9t kedvenc orvosi m\u0171t\u0151sruh\u00e1j\u00e1val, \u00e9s hozzon l\u00e9tre professzion\u00e1lis, m\u00e9gis st\u00edlusos megjelen\u00e9st.  <\/li>\n\n\n\n<li><strong>Higi\u00e9nia \u00e9s frissess\u00e9g eg\u00e9sz nap &#8211;<\/strong> a kiv\u00e1l\u00f3 min\u0151s\u00e9g\u0171, l\u00e9g\u00e1tereszt\u0151 anyagokb\u00f3l <strong>k\u00e9sz\u00fclt<\/strong> cip\u0151 kiv\u00e1l\u00f3 l\u00e9g\u00e1raml\u00e1st biztos\u00edt. Emellett rendk\u00edv\u00fcl k\u00f6nnyen tiszt\u00edthat\u00f3k \u00e9s fert\u0151tlen\u00edthet\u0151k, ami elengedhetetlen a munk\u00e1ja szempontj\u00e1b\u00f3l. <\/li>\n<\/ul>\n\n<h2 class=\"wp-block-heading\">Orvosi l\u00e1bbeli Wroclawban? Rendeljen online a Med&amp;Beauty-n\u00e1l! <\/h2>\n\n<p>B\u00e1r Wroc\u0142awban m\u00e9g nem rendelkez\u00fcnk pap\u00edr\u00fczlettel, gondoskodtunk arr\u00f3l, hogy az online v\u00e1s\u00e1rl\u00e1s \u00e9lm\u00e9ny legyen az \u00d6n sz\u00e1m\u00e1ra. Mi\u00e9rt b\u00edzzon benn\u00fcnk?<\/p>\n\n<ul class=\"wp-block-list\">\n<li><strong>Gyors \u00e9s probl\u00e9mamentes sz\u00e1ll\u00edt\u00e1s &#8211; \u00e1lmai<\/strong> orvosi <strong>cip\u0151je<\/strong> expressz temp\u00f3ban \u00e9rkezik meg az \u00d6n \u00e1ltal v\u00e1lasztott c\u00edmre Wroc\u0142awban.<\/li>\n\n\n\n<li><strong>Pontos m\u00e9rett\u00e1bl\u00e1zatok &#8211; bizonytalan<\/strong> a m\u00e9ret\u00e9vel kapcsolatban? R\u00e9szletes m\u00e9rett\u00e1bl\u00e1zataink \u00e9s kalkul\u00e1toraink seg\u00edtenek a t\u00f6k\u00e9letes v\u00e1laszt\u00e1shoz. Ha pedig seg\u00edts\u00e9gre van sz\u00fcks\u00e9ge, csapatunk k\u00e9szs\u00e9ggel \u00e1ll rendelkez\u00e9s\u00e9re!  <\/li>\n\n\n\n<li><strong>Ak\u00e1r 100 nap visszat\u00e9r\u00e9si id\u0151 &#8211; v\u00e1s\u00e1roljon<\/strong> kock\u00e1zatmentesen! Ha a l\u00e1bbeli nem felel meg az elv\u00e1r\u00e1sainak, ak\u00e1r 100 nap \u00e1ll rendelkez\u00e9s\u00e9re a visszak\u00fcld\u00e9sre. <\/li>\n<\/ul>\n\n<h2 class=\"wp-block-heading\">Kinek k\u00e9sz\u00fclt a l\u00e1bbelink?<\/h2>\n\n<p>Orvosi l\u00e1bbelink ide\u00e1lis megold\u00e1s minden olyan wroc\u0142awi szakember sz\u00e1m\u00e1ra, aki sok \u00f3r\u00e1t t\u00f6lt a l\u00e1b\u00e1n. K\u00fcl\u00f6n\u00f6sen aj\u00e1nljuk \u0151ket: <\/p>\n\n<ul class=\"wp-block-list\">\n<li>orvosok, orvosok \u00e9s \u00e1pol\u00f3k,<\/li>\n\n\n\n<li>gy\u00f3gytorn\u00e1szok \u00e9s gy\u00f3gytorn\u00e1szok,<\/li>\n\n\n\n<li>laborat\u00f3riumi dolgoz\u00f3k \u00e9s gy\u00f3gyszer\u00e9szek,<\/li>\n\n\n\n<li>sz\u00e9ps\u00e9g\u00e1pol\u00f3 \u00e9s gy\u00f3gyf\u00fcrd\u0151 szem\u00e9lyzet,<\/li>\n\n\n\n<li>orvostanhallgat\u00f3k,<\/li>\n\n\n\n<li>minden olyan szem\u00e9lynek, akinek fontos a l\u00e1ba eg\u00e9szs\u00e9ge \u00e9s k\u00e9nyelme a munka sor\u00e1n.<\/li>\n<\/ul>\n\n<p>A l\u00e1bai a legjobbat \u00e9rdemlik &#8211; ne hagyja, hogy a k\u00e9nyelmetlens\u00e9g elvegye a munk\u00e1val val\u00f3 el\u00e9gedetts\u00e9g\u00e9t! B\u00f6ng\u00e9sszen orvosi l\u00e1bbeli-kollekci\u00f3nkban, \u00e9s csatlakozzon azon el\u00e9gedett szakemberek sor\u00e1hoz, akik a k\u00e9nyelmet \u00e9s a st\u00edlust a Med&amp;Beauty-val v\u00e1lasztott\u00e1k. <\/p>\n\n<p>Fedezze fel az egyedi ruh\u00e1zat teljes kollekci\u00f3j\u00e1t, \u00e9s rendeljen Wroclawba sz\u00e1ll\u00edt\u00e1ssal!<\/p>\n","protected":false},"excerpt":{"rendered":"<p>Orvosi l\u00e1bbelit keres Wroc\u0142awban? N\u00e1lunk jobb megold\u00e1s van! Wroc\u0142awban az orvosi vagy sz\u00e9ps\u00e9giparban dolgozik, \u00e9s olyan cip\u0151r\u0151l \u00e1lmodik, amely l\u00e9p\u00e9st tud tartani \u00d6nnel? Egy hossz\u00fa \u00fcgyelet v\u00e9g\u00e9n nem kell mindig f\u00e1j\u00f3 l\u00e1bakkal, duzzanattal \u00e9s neh\u00e9z \u00e9rz\u00e9ssel j\u00e1rnia. Ahelyett, hogy a helyhez k\u00f6t\u00f6tt keresg\u00e9l\u00e9sre pazaroln\u00e1 az idej\u00e9t, fedezze fel a t\u00f6k\u00e9letes orvosi cip\u0151t a Med&amp;Beauty-n\u00e1l. Rendelje [&hellip;]<\/p>\n","protected":false},"author":43705,"featured_media":0,"parent":0,"menu_order":0,"comment_status":"closed","ping_status":"closed","template":"","meta":{"_acf_changed":false,"inline_featured_image":false,"footnotes":""},"class_list":["post-681349","page","type-page","status-publish","hentry"],"acf":[],"_links":{"self":[{"href":"https:\/\/dev.medandbeauty.com\/hu\/wp-json\/wp\/v2\/pages\/681349","targetHints":{"allow":["GET"]}}],"collection":[{"href":"https:\/\/dev.medandbeauty.com\/hu\/wp-json\/wp\/v2\/pages"}],"about":[{"href":"https:\/\/dev.medandbeauty.com\/hu\/wp-json\/wp\/v2\/types\/page"}],"author":[{"embeddable":true,"href":"https:\/\/dev.medandbeauty.com\/hu\/wp-json\/wp\/v2\/users\/43705"}],"replies":[{"embeddable":true,"href":"https:\/\/dev.medandbeauty.com\/hu\/wp-json\/wp\/v2\/comments?post=681349"}],"version-history":[{"count":1,"href":"https:\/\/dev.medandbeauty.com\/hu\/wp-json\/wp\/v2\/pages\/681349\/revisions"}],"predecessor-version":[{"id":681350,"href":"https:\/\/dev.medandbeauty.com\/hu\/wp-json\/wp\/v2\/pages\/681349\/revisions\/681350"}],"wp:attachment":[{"href":"https:\/\/dev.medandbeauty.com\/hu\/wp-json\/wp\/v2\/media?parent=681349"}],"curies":[{"name":"wp","href":"https:\/\/api.w.org\/{rel}","templated":true}]}}