{"id":681337,"date":"2026-02-03T08:18:14","date_gmt":"2026-02-03T07:18:14","guid":{"rendered":"https:\/\/dev.medandbeauty.com\/orvosi-labbelik-lublin-talalja-meg-a-tokeletes-cipot-a-szakemberek-szamara\/"},"modified":"2026-02-03T09:09:41","modified_gmt":"2026-02-03T08:09:41","slug":"orvosi-labbelik-lublin-talalja-meg-a-tokeletes-cipot-a-szakemberek-szamara","status":"publish","type":"page","link":"https:\/\/dev.medandbeauty.com\/hu\/orvosi-labbelik-lublin-talalja-meg-a-tokeletes-cipot-a-szakemberek-szamara\/","title":{"rendered":"Orvosi l\u00e1bbeli Lublin"},"content":{"rendered":"\n<p>Lublinban az orvosi vagy sz\u00e9ps\u00e9giparban dolgozik, \u00e9s hossz\u00fa \u00f3r\u00e1kat t\u00f6lt a l\u00e1b\u00e1n? Az \u00d6n l\u00e1bai a legmagasabb szint\u0171 k\u00e9nyelmet \u00e9s t\u00e1mogat\u00e1st \u00e9rdemlik. A j\u00f3 orvosi l\u00e1bbeli nem luxus, hanem az \u00d6n j\u00f3l\u00e9t\u00e9nek \u00e9s hat\u00e9konys\u00e1g\u00e1nak alapja az eg\u00e9sz munkanap sor\u00e1n. Ez egy befektet\u00e9s a gerinc, az \u00edz\u00fcletek \u00e9s a l\u00e1bak eg\u00e9szs\u00e9g\u00e9be, amely lehet\u0151v\u00e9 teszi, hogy arra koncentr\u00e1ljon, ami a legfontosabb &#8211; a p\u00e1cienseire \u00e9s \u00fcgyfeleire.   <\/p>\n\n<h2 class=\"wp-block-heading\">Hol lehet orvosi l\u00e1bbelit v\u00e1s\u00e1rolni Lublinban? Fogadjon az online v\u00e1s\u00e1rl\u00e1s k\u00e9nyelm\u00e9re! <\/h2>\n\n<p>Ha be\u00edrja a &#8222;<strong>orvosi l\u00e1bbeli Lublin&#8221;<\/strong>kifejez\u00e9st egy<strong>keres\u0151be<\/strong>, biztosan tal\u00e1l sz\u00e1mos helyhez k\u00f6t\u00f6tt orvosi \u00fczletet. De vajon a k\u00edn\u00e1latuk k\u00e9pes-e kiel\u00e9g\u00edteni az \u00d6n ig\u00e9nyeit a v\u00e1laszt\u00e9k, a min\u0151s\u00e9g \u00e9s a modern eszt\u00e9tika tekintet\u00e9ben? Ahelyett, hogy id\u0151t pazarolna az ing\u00e1z\u00e1sra, v\u00e1lasszon egy k\u00e9nyelmesebb megold\u00e1st!  <\/p>\n\n<p>A Med&amp;Beauty web\u00e1ruh\u00e1zban professzion\u00e1lis orvosi l\u00e1bbelik sz\u00e9les v\u00e1laszt\u00e9k\u00e1t tal\u00e1lja. Megv\u00e1s\u00e1rolhatja \u00e1lmai modelljeit, \u00e9s \u00e9lvezheti a gyors kisz\u00e1ll\u00edt\u00e1st egyenesen az \u00d6n otthon\u00e1ba vagy munkahely\u00e9re Lublinban. <\/p>\n\n<p>Ha online v\u00e1s\u00e1rol a Med&amp;Beauty-n\u00e1l, garant\u00e1ltan:<\/p>\n\n<ul class=\"wp-block-list\">\n<li><strong>sz\u00e9les v\u00e1laszt\u00e9k &#8211;<\/strong> t\u00f6bb tucatnyi modell, sz\u00edn \u00e9s szab\u00e1s k\u00f6z\u00fcl <strong>v\u00e1logathat<\/strong> egy helyen, an\u00e9lk\u00fcl, hogy elhagyn\u00e1 otthon\u00e1t. Sokkal sz\u00e9lesebb v\u00e1laszt\u00e9kot k\u00edn\u00e1lunk, mint a legt\u00f6bb pap\u00edrbolt, <\/li>\n\n\n\n<li><strong>id\u0151takar\u00e9kos &#8211; rendelje meg<\/strong> a t\u00f6k\u00e9letes orvosi cip\u0151t percek alatt, a nap b\u00e1rmely szak\u00e1ban,<\/li>\n\n\n\n<li><strong>r\u00e9szletes inform\u00e1ci\u00f3k &#8211; minden<\/strong> term\u00e9k r\u00e9szletes le\u00edr\u00e1ssal, fot\u00f3kkal \u00e9s pontos m\u00e9rett\u00e1bl\u00e1zattal rendelkezik, megk\u00f6nny\u00edtve a legjobb d\u00f6nt\u00e9s meghozatal\u00e1t,<\/li>\n\n\n\n<li><strong>kisz\u00e1ll\u00edt\u00e1sok eg\u00e9sz Lengyelorsz\u00e1gban &#8211; ak\u00e1r<\/strong> Lublin k\u00f6zpontj\u00e1ban, ak\u00e1r Lublin k\u00fclv\u00e1ros\u00e1ban lakik, gyorsan \u00e9s hat\u00e9konyan sz\u00e1ll\u00edtjuk ki megrendel\u00e9s\u00e9t.<\/li>\n<\/ul>\n\n<h2 class=\"wp-block-heading\">Mi\u00e9rt fontos a j\u00f3 orvosi l\u00e1bbeli?<\/h2>\n\n<p>A megfelel\u0151 cip\u0151 a munkaruha kulcsfontoss\u00e1g\u00fa r\u00e9sze. \u0150k azok, amelyek a hossz\u00fa szolg\u00e1lati \u00f3r\u00e1k alatt is b\u00edrj\u00e1k a strap\u00e1t. A kiv\u00e1l\u00f3 min\u0151s\u00e9g\u0171 orvosi l\u00e1bbelikbe val\u00f3 befektet\u00e9ssel biztos\u00edtja:  <\/p>\n\n<ul class=\"wp-block-list\">\n<li><strong>k\u00e9nyelem \u00e9s f\u00e1radts\u00e1gcs\u00f6kkent\u00e9s &#8211;<\/strong> az <strong>ergonomikusan<\/strong> kialak\u00edtott talpbet\u00e9tek \u00e9s a p\u00e1rn\u00e1zott talp enyh\u00edtik a l\u00e1bra, a t\u00e9rdre \u00e9s a gerincre nehezed\u0151 nyom\u00e1st, minim\u00e1lisra cs\u00f6kkentve a f\u00e1jdalmat \u00e9s a neh\u00e9z l\u00e1bak \u00e9rz\u00e9s\u00e9t,<\/li>\n\n\n\n<li><strong>Biztons\u00e1g &#8211; a<\/strong> cs\u00fasz\u00e1sg\u00e1tl\u00f3 talp elengedhetetlen a dinamikus munkak\u00f6rnyezetben. Cs\u00f6kkenti a cs\u00fasz\u00e1sok \u00e9s es\u00e9sek kock\u00e1zat\u00e1t, <\/li>\n\n\n\n<li><strong>a l\u00e1b eg\u00e9szs\u00e9g\u00e9nek t\u00e1mogat\u00e1sa &#8211;<\/strong> a <strong>professzion\u00e1lis<\/strong> l\u00e1bbelik seg\u00edtenek megel\u0151zni az olyan ortop\u00e9diai probl\u00e9m\u00e1kat, mint a l\u00fadtalp, a hallux valgus vagy az \u00edz\u00fcleti f\u00e1jdalom,<\/li>\n\n\n\n<li><strong>higi\u00e9nia &#8211; cip\u0151ink<\/strong> olyan anyagokb\u00f3l k\u00e9sz\u00fclnek, amelyek k\u00f6nnyen tiszt\u00edthat\u00f3k \u00e9s fert\u0151tlen\u00edthet\u0151k, ami kulcsfontoss\u00e1g\u00fa az eg\u00e9szs\u00e9g\u00fcgyi int\u00e9zm\u00e9nyekben \u00e9s a sz\u00e9ps\u00e9gszalonokban.<\/li>\n<\/ul>\n\n<h2 class=\"wp-block-heading\">Hogyan v\u00e1lasszuk ki a legjobb orvosi l\u00e1bbelit? F\u0151bb jellemz\u0151k <\/h2>\n\n<p>A t\u00f6k\u00e9letes cip\u0151 kiv\u00e1laszt\u00e1sakor t\u00f6bb fontos elemre is \u00fcgyeljen. Ezek azok az eszk\u00f6z\u00f6k, amelyek a min\u0151s\u00e9get \u00e9s a funkcionalit\u00e1st mutatj\u00e1k: <\/p>\n\n<ol class=\"wp-block-list\">\n<li><strong>Anyag &#8211; v\u00e1lasszon<\/strong> l\u00e9g\u00e1tereszt\u0151, m\u00e9gis tart\u00f3s anyagokat. A kiv\u00e1l\u00f3 min\u0151s\u00e9g\u0171 b\u0151r vagy a modern szintetikus anyagok biztos\u00edtj\u00e1k a megfelel\u0151 l\u00e9g\u00e1raml\u00e1st, \u00e9s ellen\u00e1llnak a gyakori tiszt\u00edt\u00e1snak, <\/li>\n\n\n\n<li><strong>talp &#8211;<\/strong> rugalmasnak \u00e9s cs\u00fasz\u00e1smentesnek <strong>kell<\/strong> lennie. J\u00f3, ha csillap\u00edt\u00f3 tulajdons\u00e1gokkal rendelkezik, hogy elnyelje a kem\u00e9ny fel\u00fcleteken val\u00f3 j\u00e1r\u00e1s okozta \u00fct\u00e9seket, <\/li>\n\n\n\n<li><strong>illeszked\u00e9s \u00e9s ergon\u00f3mia &#8211; a cip\u0151nek<\/strong> k\u00f6nny\u0171nek \u00e9s a l\u00e1b form\u00e1j\u00e1hoz t\u00f6k\u00e9letesen illeszked\u0151nek kell lennie. Az anat\u00f3miailag profilozott talpbet\u00e9t, amely t\u00e1mogatja a l\u00e1bfej boltozat\u00e1t, hossz\u00fa \u00f3r\u00e1kon \u00e1t garant\u00e1lja a k\u00e9nyelmet, <\/li>\n\n\n\n<li><strong>funkcionalit\u00e1s &#8211; a<\/strong> be\u00e1ll\u00edt\u00e1si lehet\u0151s\u00e9g (pl. a sarkon l\u00e9v\u0151 p\u00e1nttal) lehet\u0151v\u00e9 teszi a cip\u0151 m\u00e9g jobb illeszked\u00e9s\u00e9t, \u00e9s megakad\u00e1lyozza a cip\u0151 lecs\u00fasz\u00e1s\u00e1t.<\/li>\n<\/ol>\n\n<p>Ne k\u00f6ss\u00f6n kompromisszumot a k\u00e9nyelem \u00e9s a szakmai im\u00e1zs ter\u00e9n! A Med&amp;Beauty-n\u00e1l meg\u00e9rtj\u00fck a szakemberek ig\u00e9nyeit, \u00e9s olyan term\u00e9keket k\u00edn\u00e1lunk, amelyek \u00f6tv\u00f6zik a funkcionalit\u00e1st, a kiv\u00e1l\u00f3 min\u0151s\u00e9g\u0171 kivitelez\u00e9st \u00e9s a modern megjelen\u00e9st. \u00dczlet\u00fcnkben nemcsak orvosi l\u00e1bbeliket, hanem orvosi ruh\u00e1zat sz\u00e9les v\u00e1laszt\u00e9k\u00e1t is megtal\u00e1lja &#8211; bele\u00e9rtve a m\u0171t\u0151sruh\u00e1kat, bl\u00fazokat, nadr\u00e1gokat \u00e9s k\u00f6t\u00e9nyeket. Mindezek a cikkek seg\u00edtenek \u00d6nnek egy teljes, k\u00e9nyelmes \u00e9s st\u00edlusos egyenruh\u00e1t l\u00e9trehozni.   <\/p>\n\n<p>K\u00e9rj\u00fck, tekintse meg aj\u00e1nlatunkat. Tudja meg, milyen gyorsan \u00e9s egyszer\u0171en rendelhet professzion\u00e1lis orvosi l\u00e1bbeliket, amelyek megv\u00e1ltoztatj\u00e1k a munk\u00e1ja k\u00e9nyelm\u00e9t! <\/p>\n","protected":false},"excerpt":{"rendered":"<p>Lublinban az orvosi vagy sz\u00e9ps\u00e9giparban dolgozik, \u00e9s hossz\u00fa \u00f3r\u00e1kat t\u00f6lt a l\u00e1b\u00e1n? Az \u00d6n l\u00e1bai a legmagasabb szint\u0171 k\u00e9nyelmet \u00e9s t\u00e1mogat\u00e1st \u00e9rdemlik. A j\u00f3 orvosi l\u00e1bbeli nem luxus, hanem az \u00d6n j\u00f3l\u00e9t\u00e9nek \u00e9s hat\u00e9konys\u00e1g\u00e1nak alapja az eg\u00e9sz munkanap sor\u00e1n. Ez egy befektet\u00e9s a gerinc, az \u00edz\u00fcletek \u00e9s a l\u00e1bak eg\u00e9szs\u00e9g\u00e9be, amely lehet\u0151v\u00e9 teszi, hogy arra [&hellip;]<\/p>\n","protected":false},"author":43705,"featured_media":0,"parent":0,"menu_order":0,"comment_status":"closed","ping_status":"closed","template":"","meta":{"_acf_changed":false,"inline_featured_image":false,"footnotes":""},"class_list":["post-681337","page","type-page","status-publish","hentry"],"acf":[],"_links":{"self":[{"href":"https:\/\/dev.medandbeauty.com\/hu\/wp-json\/wp\/v2\/pages\/681337","targetHints":{"allow":["GET"]}}],"collection":[{"href":"https:\/\/dev.medandbeauty.com\/hu\/wp-json\/wp\/v2\/pages"}],"about":[{"href":"https:\/\/dev.medandbeauty.com\/hu\/wp-json\/wp\/v2\/types\/page"}],"author":[{"embeddable":true,"href":"https:\/\/dev.medandbeauty.com\/hu\/wp-json\/wp\/v2\/users\/43705"}],"replies":[{"embeddable":true,"href":"https:\/\/dev.medandbeauty.com\/hu\/wp-json\/wp\/v2\/comments?post=681337"}],"version-history":[{"count":2,"href":"https:\/\/dev.medandbeauty.com\/hu\/wp-json\/wp\/v2\/pages\/681337\/revisions"}],"predecessor-version":[{"id":681440,"href":"https:\/\/dev.medandbeauty.com\/hu\/wp-json\/wp\/v2\/pages\/681337\/revisions\/681440"}],"wp:attachment":[{"href":"https:\/\/dev.medandbeauty.com\/hu\/wp-json\/wp\/v2\/media?parent=681337"}],"curies":[{"name":"wp","href":"https:\/\/api.w.org\/{rel}","templated":true}]}}