{"id":624627,"date":"2025-11-27T14:45:27","date_gmt":"2025-11-27T13:45:27","guid":{"rendered":"https:\/\/dev.medandbeauty.com\/laboratoriumi-koteny-wroclaw\/"},"modified":"2025-11-27T14:46:38","modified_gmt":"2025-11-27T13:46:38","slug":"laboratoriumi-koteny-wroclaw","status":"publish","type":"page","link":"https:\/\/dev.medandbeauty.com\/hu\/laboratoriumi-koteny-wroclaw\/","title":{"rendered":"Laborat\u00f3riumi k\u00f6t\u00e9ny Wroc\u0142aw"},"content":{"rendered":"\n<p>Ha \u00fagy d\u00f6nt, hogy n\u00e1lunk v\u00e1s\u00e1rol, akkor egy olyan term\u00e9ket v\u00e1laszt, amelyet a szakemberek ig\u00e9nyeit szem el\u0151tt tartva terveztek. Ahelyett, hogy csak egy helyi v\u00e1laszt\u00e9kra korl\u00e1toz\u00f3dna, olyan ruhadarabokhoz juthat hozz\u00e1, amelyeket szenved\u00e9llyel k\u00e9sz\u00edtettek \u00e9s szakemberek teszteltek. Mi\u00e9rt \u00e9rdemes a mi ruh\u00e1inkra fogadnia?  <\/p>\n\n<ul class=\"wp-block-list\">\n<li><strong>\u00c9rezze a p\u00e1ratlan k\u00e9nyelmet &#8211; k\u00f6t\u00e9nyeinket<\/strong> kiv\u00e1l\u00f3 min\u0151s\u00e9g\u0171, l\u00e9g\u00e1tereszt\u0151 anyagokb\u00f3l varrjuk, amelyek eg\u00e9sz nap h\u0151komfortot biztos\u00edtanak. Az elasztikus sz\u00e1lak teljes mozg\u00e1sszabads\u00e1got garant\u00e1lnak, a sz\u00f6vet pedig gy\u0171r\u0151d\u00e9s\u00e1ll\u00f3. Ez biztos\u00edtja, hogy mindig rendben \u00e9s professzion\u00e1lisan n\u00e9zzen ki.  <\/li>\n\n\n\n<li><strong>N\u00e9zzen ki profin, \u00e9rezze mag\u00e1t magabiztosnak &#8211; felejtse el<\/strong> a form\u00e1tlan, k\u00e9nyelmetlen ruh\u00e1kat! N\u0151i \u00e9s f\u00e9rfi orvosi k\u00f6t\u00e9nyeket k\u00edn\u00e1lunk modern, enyh\u00e9n szabott szab\u00e1ssal. Ezek a ruh\u00e1k hangs\u00falyozz\u00e1k a sziluettet, \u00e9s seg\u00edtenek a professzion\u00e1lis im\u00e1zs kialak\u00edt\u00e1s\u00e1ban.  <\/li>\n\n\n\n<li><strong>Funkcionalit\u00e1s minden r\u00e9szlet\u00e9ben &#8211; tudjuk<\/strong>, mennyire fontos a praktikum. K\u00f6t\u00e9nyeink t\u00e1gas, strat\u00e9giailag elhelyezett zsebekkel vannak ell\u00e1tva a n\u00e9lk\u00fcl\u00f6zhetetlen kieg\u00e9sz\u00edt\u0151k sz\u00e1m\u00e1ra. A tart\u00f3s nyom\u00f3gombok megk\u00f6nny\u00edtik a gyors fel- \u00e9s lev\u00e9telt.  <\/li>\n\n\n\n<li><strong>Emelkedjen ki a szem\u00e9lyre szab\u00e1ssal &#8211; szeretne<\/strong> egy szem\u00e9lyes von\u00e1st adni a k\u00f6t\u00e9ny\u00e9nek? Lehet\u0151s\u00e9get k\u00edn\u00e1lunk a h\u00edmz\u00e9ssel t\u00f6rt\u00e9n\u0151 szem\u00e9lyre szab\u00e1sra &#8211; helyezze el nev\u00e9t, szakter\u00fclet\u00e9t vagy l\u00e9tes\u00edtm\u00e9nye log\u00f3j\u00e1t, hogy hangs\u00falyozza professzionalizmus\u00e1t \u00e9s egys\u00e9ges csapatk\u00e9pet alak\u00edtson ki. <\/li>\n<\/ul>\n\n<h2 class=\"wp-block-heading\">Hol lehet laborat\u00f3riumi k\u00f6t\u00e9nyt v\u00e1s\u00e1rolni Wroc\u0142awban?<\/h2>\n\n<p>Ha a t\u00f6k\u00e9letes k\u00f6t\u00e9nyt keresi, t\u00f6bb lehet\u0151s\u00e9ge is van. Felkeresheti a helyi munkav\u00e9delmi \u00e9s orvosi ruh\u00e1zati \u00fczleteket, amelyek standard modelleket k\u00edn\u00e1lnak, amelyek k\u00e9szen kaphat\u00f3k. Ez j\u00f3 lehet\u0151s\u00e9g, ha az id\u0151 s\u00fcrget.  <\/p>\n\n<p>Ha azonban a legmagasabb min\u0151s\u00e9get, visel\u00e9si k\u00e9nyelmet \u00e9s modern megjelen\u00e9st szeretn\u00e9, a legjobb v\u00e1laszt\u00e1s az online v\u00e1s\u00e1rl\u00e1s. A Med&amp;Beauty-n\u00e1l k\u00edn\u00e1lunk \u00d6nnek: <\/p>\n\n<ul class=\"wp-block-list\">\n<li><strong>a v\u00e1g\u00e1sok \u00e9s sz\u00ednek sz\u00e9les v\u00e1laszt\u00e9ka,<\/strong> amely a helyi nagykeresked\u0151kn\u00e9l <strong>nem kaphat\u00f3<\/strong>,<\/li>\n\n\n\n<li><strong>min\u0151s\u00e9gi garancia &#8211;<\/strong> term\u00e9keinket Lengyelorsz\u00e1gban varrjuk, minden r\u00e9szletre odafigyelve,<\/li>\n\n\n\n<li><strong>a k\u00e9nyelmes v\u00e1s\u00e1rl\u00e1s<\/strong> otthonr\u00f3l <strong>val\u00f3<\/strong> t\u00e1voz\u00e1s <strong>n\u00e9lk\u00fcl<\/strong> \u00e9s gyors sz\u00e1ll\u00edt\u00e1s Wroc\u0142awba,<\/li>\n\n\n\n<li><strong>a term\u00e9k 100 napon bel\u00fcli visszak\u00fcld\u00e9s\u00e9nek lehet\u0151s\u00e9ge, ha<\/strong> az nem felel meg az \u00d6n elv\u00e1r\u00e1sainak.<\/li>\n<\/ul>\n\n<h2 class=\"wp-block-heading\">Wroclaw-i szakemberek sz\u00e1m\u00e1ra k\u00e9sz\u00fclt<\/h2>\n\n<p>Laborat\u00f3riumi k\u00f6t\u00e9nyeink ide\u00e1lis megold\u00e1st jelentenek:<\/p>\n\n<ul class=\"wp-block-list\">\n<li><strong>a<\/strong> wroc\u0142awi egyetemek, k\u00f6zt\u00fck a Wroc\u0142awi M\u0171szaki Egyetem \u00e9s az Orvosi Egyetem <strong>hallgat\u00f3i \u00e9s oktat\u00f3i<\/strong>,<\/li>\n\n\n\n<li><strong>analitikai<\/strong>, kutat\u00e1si \u00e9s ipari <strong>laborat\u00f3riumok szem\u00e9lyzete,<\/strong> <\/li>\n\n\n\n<li><strong>orvosok, gy\u00f3gyszer\u00e9szek \u00e9s eg\u00e9szs\u00e9g\u00fcgyi technikusok a klinik\u00e1kon<\/strong> \u00e9s k\u00f3rh\u00e1zakban,<\/li>\n\n\n\n<li><strong>sz\u00e9ps\u00e9g- \u00e9s kozmetikai szakemberek<\/strong>, akik <strong>sz\u00e1m\u00e1ra<\/strong> fontos a sterilit\u00e1s \u00e9s a professzion\u00e1lis megjelen\u00e9s.<\/li>\n<\/ul>\n\n<p>Ne k\u00f6ss\u00f6n kompromisszumot a szakmai im\u00e1zs \u00e9s a k\u00e9nyelem ter\u00e9n. Csatlakozzon az el\u00e9gedett szakemberek csoportj\u00e1hoz, akik megb\u00edznak a Med&amp;Beauty-ban! N\u00e9zze meg a laborat\u00f3riumi k\u00f6penyek kollekci\u00f3j\u00e1t, \u00e9s rendeljen mag\u00e1nak egy modellt Wroc\u0142awba sz\u00e1ll\u00edt\u00e1ssal!  <\/p>\n","protected":false},"excerpt":{"rendered":"<p>Ha \u00fagy d\u00f6nt, hogy n\u00e1lunk v\u00e1s\u00e1rol, akkor egy olyan term\u00e9ket v\u00e1laszt, amelyet a szakemberek ig\u00e9nyeit szem el\u0151tt tartva terveztek. Ahelyett, hogy csak egy helyi v\u00e1laszt\u00e9kra korl\u00e1toz\u00f3dna, olyan ruhadarabokhoz juthat hozz\u00e1, amelyeket szenved\u00e9llyel k\u00e9sz\u00edtettek \u00e9s szakemberek teszteltek. Mi\u00e9rt \u00e9rdemes a mi ruh\u00e1inkra fogadnia? Hol lehet laborat\u00f3riumi k\u00f6t\u00e9nyt v\u00e1s\u00e1rolni Wroc\u0142awban? Ha a t\u00f6k\u00e9letes k\u00f6t\u00e9nyt keresi, t\u00f6bb lehet\u0151s\u00e9ge [&hellip;]<\/p>\n","protected":false},"author":43705,"featured_media":0,"parent":0,"menu_order":0,"comment_status":"closed","ping_status":"closed","template":"","meta":{"_acf_changed":false,"inline_featured_image":false,"footnotes":""},"class_list":["post-624627","page","type-page","status-publish","hentry"],"acf":[],"_links":{"self":[{"href":"https:\/\/dev.medandbeauty.com\/hu\/wp-json\/wp\/v2\/pages\/624627","targetHints":{"allow":["GET"]}}],"collection":[{"href":"https:\/\/dev.medandbeauty.com\/hu\/wp-json\/wp\/v2\/pages"}],"about":[{"href":"https:\/\/dev.medandbeauty.com\/hu\/wp-json\/wp\/v2\/types\/page"}],"author":[{"embeddable":true,"href":"https:\/\/dev.medandbeauty.com\/hu\/wp-json\/wp\/v2\/users\/43705"}],"replies":[{"embeddable":true,"href":"https:\/\/dev.medandbeauty.com\/hu\/wp-json\/wp\/v2\/comments?post=624627"}],"version-history":[{"count":1,"href":"https:\/\/dev.medandbeauty.com\/hu\/wp-json\/wp\/v2\/pages\/624627\/revisions"}],"predecessor-version":[{"id":624628,"href":"https:\/\/dev.medandbeauty.com\/hu\/wp-json\/wp\/v2\/pages\/624627\/revisions\/624628"}],"wp:attachment":[{"href":"https:\/\/dev.medandbeauty.com\/hu\/wp-json\/wp\/v2\/media?parent=624627"}],"curies":[{"name":"wp","href":"https:\/\/api.w.org\/{rel}","templated":true}]}}