{"id":624614,"date":"2025-11-27T14:44:50","date_gmt":"2025-11-27T13:44:50","guid":{"rendered":"https:\/\/dev.medandbeauty.com\/laboratoriumi-koteny-varso\/"},"modified":"2025-11-27T14:45:47","modified_gmt":"2025-11-27T13:45:47","slug":"laboratoriumi-koteny-varso","status":"publish","type":"page","link":"https:\/\/dev.medandbeauty.com\/hu\/laboratoriumi-koteny-varso\/","title":{"rendered":"Laborat\u00f3riumi k\u00f6t\u00e9ny Vars\u00f3"},"content":{"rendered":"\n<p>K\u00edv\u00e1ncsi, hogy a f\u0151v\u00e1rosban melyik hely k\u00edn\u00e1lja a legjobb v\u00e1laszt\u00e9kot az eleg\u00e1ns orvosi ruh\u00e1kb\u00f3l? A Med&amp;Beauty egyablakos megold\u00e1s minden szakember sz\u00e1m\u00e1ra. K\u00e9t k\u00e9nyelmes v\u00e1s\u00e1rl\u00e1si lehet\u0151s\u00e9get k\u00edn\u00e1lunk \u00d6nnek:  <\/p>\n\n<ul class=\"wp-block-list\">\n<li><strong>\u00e1ll\u00f3 \u00fczlet Vars\u00f3ban &#8211;<\/strong> sz\u00edvesen <strong>l\u00e1tjuk<\/strong> bemutat\u00f3term\u00fcnkben Wilan\u00f3wban, a Klimczaka 6A\/U4 alatt. A helysz\u00ednen felpr\u00f3b\u00e1lhatja a k\u00fcl\u00f6nb\u00f6z\u0151 st\u00edlusokat, meg\u00e9rintheti az anyagokat, \u00e9s szaktan\u00e1csad\u00f3inkt\u00f3l szak\u00e9rt\u0151 tan\u00e1csokat kaphat. Ez a legjobb m\u00f3dja annak, hogy megbizonyosodjon arr\u00f3l, hogy az \u00d6n \u00e1ltal v\u00e1lasztott orvosi k\u00f6peny t\u00f6k\u00e9letesen megfelel az \u00d6n alakj\u00e1nak \u00e9s elv\u00e1r\u00e1sainak,   <\/li>\n\n\n\n<li><strong>Online v\u00e1s\u00e1rl\u00e1s gyors kisz\u00e1ll\u00edt\u00e1ssal &#8211; ha<\/strong> fontos \u00d6nnek a k\u00e9nyelem, online \u00e1ruh\u00e1zunk az \u00d6n szolg\u00e1lat\u00e1ra \u00e1ll. Teljes k\u00f6r\u0171 <g id=\"gid_1\">orvosi ruh\u00e1zatot<\/g> k\u00edn\u00e1lunk <g id=\"gid_1\">Vars\u00f3ban<\/g>, amely k\u00e9szletr\u0151l <g id=\"gid_1\">kaphat\u00f3<\/g>, gyors kisz\u00e1ll\u00edt\u00e1ssal az \u00d6n c\u00edm\u00e9re. R\u00e9szletes le\u00edr\u00e1sokkal, pontos m\u00e9rett\u00e1bl\u00e1zatokkal \u00e9s kiv\u00e1l\u00f3 min\u0151s\u00e9g\u0171 fot\u00f3kkal az online v\u00e1s\u00e1rl\u00e1s PROSTE \u00e9s intuit\u00edv.  <\/li>\n<\/ul>\n\n<h2 class=\"wp-block-heading\">Mi k\u00fcl\u00f6nb\u00f6zteti meg laborat\u00f3riumi k\u00f6t\u00e9nyeinket?<\/h2>\n\n<p>Ha \u00fagy d\u00f6nt, hogy a Med&amp;Beauty-t\u00f3l v\u00e1s\u00e1rol, akkor egy olyan term\u00e9ket v\u00e1laszt, amelyet szakemberek sz\u00e1m\u00e1ra terveztek. K\u00f6t\u00e9nyeinket a k\u00f6vetkez\u0151k jellemzik: <\/p>\n\n<ul class=\"wp-block-list\">\n<li><strong>a legmagasabb min\u0151s\u00e9g\u0171 anyagok &#8211;<\/strong> Lengyelorsz\u00e1gban <strong>varrjuk<\/strong>, l\u00e9g\u00e1tereszt\u0151 anyagokat haszn\u00e1lunk, amelyek biztos\u00edtj\u00e1k a mozg\u00e1s szabads\u00e1g\u00e1t \u00e9s gy\u0171r\u0151d\u00e9s\u00e1ll\u00f3ak,<\/li>\n\n\n\n<li><strong>funkcionalit\u00e1s \u00e9s modern eszt\u00e9tika &#8211;<\/strong> minden modellt az \u00d6n k\u00e9nyelm\u00e9t szem el\u0151tt tartva <strong>tervez\u00fcnk<\/strong>. A t\u00e1gas zsebek az alapvet\u0151 dolgok sz\u00e1m\u00e1ra, a k\u00e9nyelmes nyom\u00f3gombos z\u00e1r\u00f3d\u00e1sok \u00e9s a testre szabott szab\u00e1svonalak a mi standardunk. A szab\u00e1sok sz\u00e9les v\u00e1laszt\u00e9k\u00e1t k\u00edn\u00e1ljuk &#8211; a klasszikus \u00e9s a modern szab\u00e1sokt\u00f3l kezdve, amelyek kiemelik az \u00d6n professzion\u00e1lis arculat\u00e1t,  <\/li>\n\n\n\n<li><strong>Szem\u00e9lyre szab\u00e1si lehet\u0151s\u00e9g &#8211; szeretn\u00e9<\/strong>, ha k\u00f6t\u00e9nye igaz\u00e1n egyedi lenne? Szem\u00e9lyre szab\u00e1si szolg\u00e1ltat\u00e1st k\u00edn\u00e1lunk az \u00d6n nev\u00e9nek vagy l\u00e9tes\u00edtm\u00e9ny\u00e9nek log\u00f3j\u00e1val t\u00f6rt\u00e9n\u0151 h\u00edmz\u00e9ssel. Ez egy nagyszer\u0171 m\u00f3dja annak, hogy kit\u0171nj\u00f6n \u00e9s egys\u00e9ges v\u00e1llalati identit\u00e1st teremtsen csapata sz\u00e1m\u00e1ra.  <\/li>\n<\/ul>\n\n<h2 class=\"wp-block-heading\">Laborat\u00f3riumi ruh\u00e1zati szolg\u00e1ltat\u00e1sok Vars\u00f3ban<\/h2>\n\n<p>Tudjuk, hogy a k\u00e9nyelem nem minden &#8211; az is sz\u00e1m\u00edt, hogy a ruh\u00e1t milyen k\u00f6nnyen tiszt\u00e1n lehet tartani. B\u00e1r Vars\u00f3ban vannak erre szakosodott mosod\u00e1k, k\u00f6t\u00e9nyeink olyan anyagb\u00f3l k\u00e9sz\u00fclnek, amelyek otthon is k\u00f6nnyen tiszt\u00edthat\u00f3k, megtartva sz\u00edn\u00fcket \u00e9s szab\u00e1sukat. A sz\u00e9les m\u00e9retv\u00e1laszt\u00e9knak \u00e9s a v\u00e1ltozatos szab\u00e1soknak k\u00f6sz\u00f6nhet\u0151en nincs sz\u00fcks\u00e9g szab\u00e1sjav\u00edt\u00e1sra. \u00dczlet\u00fcnkben rakt\u00e1rk\u00e9szletb\u0151l szem\u00e9lyre szabott h\u00edmz\u00e9s is el\u00e9rhet\u0151.   <\/p>\n\n<p><strong>Mi\u00e9rt b\u00edzzon benn\u00fcnk?<\/strong><\/p>\n\n<ul class=\"wp-block-list\">\n<li><strong>Lengyel gy\u00e1rt\u00e1s \u00e9s<\/strong> figyelem a r\u00e9szletekre.<\/li>\n\n\n\n<li><strong>100 napos visszat\u00e9r\u00edt\u00e9si politika<\/strong> &#8211; v\u00e1s\u00e1roljon siets\u00e9g vagy aggodalom n\u00e9lk\u00fcl.<\/li>\n\n\n\n<li><strong>Ingyenes sz\u00e1ll\u00edt\u00e1s<\/strong> 500 font feletti megrendel\u00e9sek <strong>eset\u00e9n<\/strong>.<\/li>\n\n\n\n<li><strong>Vonz\u00f3 kedvezm\u00e9nyek di\u00e1koknak<\/strong>.<\/li>\n\n\n\n<li><strong>Lehet\u0151s\u00e9g van<\/strong> a f\u0151v\u00e1rosi <strong>\u00e1llom\u00e1shely\u00fcnk\u00f6n felpr\u00f3b\u00e1lni<\/strong>.<\/li>\n<\/ul>\n\n<p>Ne pazarolja az idej\u00e9t a keres\u00e9sre. L\u00e1togasson el vars\u00f3i orvosi ruh\u00e1zati \u00fczlet\u00fcnkbe, vagy b\u00f6ng\u00e9sszen az online k\u00edn\u00e1latban, \u00e9s tal\u00e1lja meg azt a labork\u00f6penyt, amely minden elv\u00e1r\u00e1s\u00e1nak megfelel. Fogadjon a min\u0151s\u00e9gre, a st\u00edlusra \u00e9s a k\u00e9nyelemre a Med&amp;Beauty-val!  <\/p>\n","protected":false},"excerpt":{"rendered":"<p>K\u00edv\u00e1ncsi, hogy a f\u0151v\u00e1rosban melyik hely k\u00edn\u00e1lja a legjobb v\u00e1laszt\u00e9kot az eleg\u00e1ns orvosi ruh\u00e1kb\u00f3l? A Med&amp;Beauty egyablakos megold\u00e1s minden szakember sz\u00e1m\u00e1ra. K\u00e9t k\u00e9nyelmes v\u00e1s\u00e1rl\u00e1si lehet\u0151s\u00e9get k\u00edn\u00e1lunk \u00d6nnek: Mi k\u00fcl\u00f6nb\u00f6zteti meg laborat\u00f3riumi k\u00f6t\u00e9nyeinket? Ha \u00fagy d\u00f6nt, hogy a Med&amp;Beauty-t\u00f3l v\u00e1s\u00e1rol, akkor egy olyan term\u00e9ket v\u00e1laszt, amelyet szakemberek sz\u00e1m\u00e1ra terveztek. K\u00f6t\u00e9nyeinket a k\u00f6vetkez\u0151k jellemzik: Laborat\u00f3riumi ruh\u00e1zati szolg\u00e1ltat\u00e1sok [&hellip;]<\/p>\n","protected":false},"author":43705,"featured_media":0,"parent":0,"menu_order":0,"comment_status":"closed","ping_status":"closed","template":"","meta":{"_acf_changed":false,"inline_featured_image":false,"footnotes":""},"class_list":["post-624614","page","type-page","status-publish","hentry"],"acf":[],"_links":{"self":[{"href":"https:\/\/dev.medandbeauty.com\/hu\/wp-json\/wp\/v2\/pages\/624614","targetHints":{"allow":["GET"]}}],"collection":[{"href":"https:\/\/dev.medandbeauty.com\/hu\/wp-json\/wp\/v2\/pages"}],"about":[{"href":"https:\/\/dev.medandbeauty.com\/hu\/wp-json\/wp\/v2\/types\/page"}],"author":[{"embeddable":true,"href":"https:\/\/dev.medandbeauty.com\/hu\/wp-json\/wp\/v2\/users\/43705"}],"replies":[{"embeddable":true,"href":"https:\/\/dev.medandbeauty.com\/hu\/wp-json\/wp\/v2\/comments?post=624614"}],"version-history":[{"count":1,"href":"https:\/\/dev.medandbeauty.com\/hu\/wp-json\/wp\/v2\/pages\/624614\/revisions"}],"predecessor-version":[{"id":624615,"href":"https:\/\/dev.medandbeauty.com\/hu\/wp-json\/wp\/v2\/pages\/624614\/revisions\/624615"}],"wp:attachment":[{"href":"https:\/\/dev.medandbeauty.com\/hu\/wp-json\/wp\/v2\/media?parent=624614"}],"curies":[{"name":"wp","href":"https:\/\/api.w.org\/{rel}","templated":true}]}}