{"id":624592,"date":"2025-11-27T14:43:37","date_gmt":"2025-11-27T13:43:37","guid":{"rendered":"https:\/\/dev.medandbeauty.com\/laboratoriumi-koteny-poznan\/"},"modified":"2025-11-27T14:44:39","modified_gmt":"2025-11-27T13:44:39","slug":"laboratoriumi-koteny-poznan","status":"publish","type":"page","link":"https:\/\/dev.medandbeauty.com\/hu\/laboratoriumi-koteny-poznan\/","title":{"rendered":"Laborat\u00f3riumi k\u00f6t\u00e9ny Pozna\u0144"},"content":{"rendered":"\n<p>A t\u00f6k\u00e9letes labork\u00f6penyt keresi Poznanban? Ak\u00e1r tapasztalt szakember, ak\u00e1r technikus vagy di\u00e1k, a t\u00f6k\u00e9letes helyre j\u00f6tt\u00e9l! A Med&amp;Beauty-n\u00e1l meg\u00e9rtj\u00fck, hogy a k\u00f6t\u00e9ny nem csak egy k\u00f6telez\u0151 ruhadarab, hanem a n\u00e9vjegyk\u00e1rty\u00e1ja \u00e9s a k\u00e9nyelem garanci\u00e1ja a munkanap sor\u00e1n. A legmagasabb min\u0151s\u00e9g\u0171 anyagokat \u00f6tv\u00f6zz\u00fck a divatos eszt\u00e9tik\u00e1val, hogy \u00d6n professzion\u00e1lisnak \u00e9s k\u00e9nyelmesnek \u00e9rezze mag\u00e1t.   <\/p>\n\n<p>Tudjuk, milyen fontos, hogy a ruhadarabokat \u00e9l\u0151ben is felpr\u00f3b\u00e1lhassa \u00e9s l\u00e1thassa. Szakembereknek sz\u00e1nt ruh\u00e1inkat k\u00e9tf\u00e9lek\u00e9ppen v\u00e1s\u00e1rolhatja meg: <\/p>\n\n<ul class=\"wp-block-list\">\n<li><strong>Pozna\u0144i \u00edr\u00f3szer\u00fczlet &#8211; megh\u00edvjuk<\/strong> \u00d6nt a Zwierzyniecka 32\/38 (Kraszewskiego utca fel\u0151l) alatti szalonunkba. Tapasztalt munkat\u00e1rsaink sz\u00edvesen seg\u00edtenek \u00d6nnek kiv\u00e1lasztani a t\u00f6k\u00e9letes v\u00e1g\u00e1st \u00e9s m\u00e9retet, \u00e9s minden k\u00e9rd\u00e9s\u00e9re v\u00e1laszolnak. K\u00f6t\u00e9nyeink anyagmin\u0151s\u00e9g\u00e9t \u00e9s illeszked\u00e9s\u00e9t a helysz\u00ednen is felm\u00e9rheti,   <\/li>\n\n\n\n<li><strong>k\u00e9nyelmes online v\u00e1s\u00e1rl\u00e1s &#8211;<\/strong> \u00e9rt\u00e9keli az id\u0151megtakar\u00edt\u00e1st? A Med&amp;Beauty web\u00e1ruh\u00e1zban megtal\u00e1lja teljes k\u00edn\u00e1latunkat. Az intuit\u00edv weboldalnak, a r\u00e9szletes m\u00e9rett\u00e1bl\u00e1zatoknak \u00e9s a pontos term\u00e9kfot\u00f3knak k\u00f6sz\u00f6nhet\u0151en k\u00f6nnyed\u00e9n rendelhet professzion\u00e1lis orvosi ruh\u00e1zatot, egyenesen az \u00d6n poznani otthon\u00e1ba vagy munkahely\u00e9re t\u00f6rt\u00e9n\u0151 kisz\u00e1ll\u00edt\u00e1ssal.  <\/li>\n<\/ul>\n\n<h2 class=\"wp-block-heading\">Mi\u00e9rt v\u00e1lassza a Med&amp;Beauty laborat\u00f3riumi k\u00f6peny\u00e9t?<\/h2>\n\n<p>A megfelel\u0151 k\u00f6t\u00e9ny kiv\u00e1laszt\u00e1sa befoly\u00e1solja a munka k\u00e9nyelm\u00e9t \u00e9s biztons\u00e1g\u00e1t. Term\u00e9keinket az orvosi \u00e9s laborat\u00f3riumi szakemberek ig\u00e9nyeit szem el\u0151tt tartva tervezt\u00fck. <\/p>\n\n<ul class=\"wp-block-list\">\n<li><strong>Kiv\u00e1l\u00f3 min\u0151s\u00e9g\u0171 anyagok &#8211;<\/strong> k\u00f6t\u00e9nyeinket tart\u00f3s, l\u00e9g\u00e1tereszt\u0151 anyagokb\u00f3l <strong>varrjuk<\/strong>, amelyek ellen\u00e1llnak a gyakori mos\u00e1snak \u00e9s gy\u0171r\u0151d\u00e9smentes eszt\u00e9tik\u00e1t biztos\u00edtanak. Az \u00d6n ig\u00e9nyeinek megfelel\u0151en pr\u00e9mium \u00e9s alapvonalakat is k\u00edn\u00e1lunk, <\/li>\n\n\n\n<li><strong>Funkcionalit\u00e1s \u00e9s k\u00e9nyelem &#8211;<\/strong> a <strong>j\u00f3l<\/strong> \u00e1tgondolt szab\u00e1sok mind a f\u00e9rfiak, mind a n\u0151k sz\u00e1m\u00e1ra biztos\u00edtj\u00e1k a mozg\u00e1s szabads\u00e1g\u00e1t. A t\u00e1gas, j\u00f3l megtervezett zsebek minden sz\u00fcks\u00e9ges tartoz\u00e9knak helyet adnak. <\/li>\n\n\n\n<li><strong>Sz\u00e9les v\u00e1laszt\u00e9k \u00e9s szem\u00e9lyre szabhat\u00f3s\u00e1g &#8211; felejtse el<\/strong> az unalmas feh\u00e9ret! K\u00f6t\u00e9nyeinket sz\u00e1mos sz\u00ednben k\u00edn\u00e1ljuk, hogy kifejezhesse szem\u00e9lyis\u00e9g\u00e9t. Szeretn\u00e9 m\u00e9g jobban hangs\u00falyozni a professzionalizmus\u00e1t? Haszn\u00e1lja ki a szem\u00e9lyre szab\u00e1si lehet\u0151s\u00e9get, \u00e9s h\u00edmezze a k\u00f6t\u00e9nyre az \u00d6n nev\u00e9t vagy l\u00e9tes\u00edtm\u00e9ny\u00e9nek log\u00f3j\u00e1t.   <\/li>\n<\/ul>\n\n<h2 class=\"wp-block-heading\">Hogyan v\u00e1lasszuk ki a t\u00f6k\u00e9letes labork\u00f6penyt?<\/h2>\n\n<p>K\u00edv\u00e1ncsi, melyik k\u00f6t\u00e9nymodell lesz a legmegfelel\u0151bb \u00d6nnek? Figyeljen n\u00e9h\u00e1ny kulcsfontoss\u00e1g\u00fa szempontra: <\/p>\n\n<ol class=\"wp-block-list\">\n<li><strong>M\u00e9ret &#8211; a <\/strong>t\u00f6k\u00e9letes illeszked\u00e9s elengedhetetlen. A t\u00fal nagy k\u00f6t\u00e9ny k\u00e9nyelmetlen lehet, a t\u00fal kicsi pedig korl\u00e1tozhatja a mozg\u00e1st. N\u00e9zze meg m\u00e9rett\u00e1bl\u00e1zatunkat, vagy l\u00e1togasson el hozz\u00e1nk Pozna\u0144ba, hogy felpr\u00f3b\u00e1lhassa a k\u00fcl\u00f6nb\u00f6z\u0151 modelleket,  <\/li>\n\n\n\n<li><strong>szab\u00e1s &#8211;<\/strong> t\u00f6bbf\u00e9le szab\u00e1st <strong>k\u00edn\u00e1lunk<\/strong> &#8211; a klasszikus, egyenes modellekt\u0151l a sziluettet hangs\u00falyoz\u00f3, jobban illeszked\u0151, megk\u00f6t\u00f6tt derek\u00fa fazonokig,<\/li>\n\n\n\n<li>sz\u00f6vet &#8211; <strong>v\u00e1lassza<\/strong> ki az ig\u00e9nyeinek legink\u00e1bb megfelel\u0151 sz\u00f6vetet. A pamutkever\u00e9kek kiv\u00e1l\u00f3 l\u00e9g\u00e1tereszt\u0151 k\u00e9pess\u00e9get biztos\u00edtanak, m\u00edg a poli\u00e9szter \u00e9s a lycra hozz\u00e1ad\u00e1sa megk\u00f6nny\u00edti az \u00e1pol\u00e1st \u00e9s rugalmass\u00e1got biztos\u00edt. <\/li>\n<\/ol>\n\n<h2 class=\"wp-block-heading\">Az \u00d6n szakmai arculata Poznanban<\/h2>\n\n<p>Ak\u00e1r k\u00f3rh\u00e1zban, klinik\u00e1n, analitikai laborat\u00f3riumban, fogorvosi rendel\u0151ben vagy orvosi iskol\u00e1ban v\u00e9gzett munk\u00e1hoz van sz\u00fcks\u00e9ge laborat\u00f3riumi k\u00f6t\u00e9nyre &#8211; a Med&amp;Beauty-n\u00e1l megtal\u00e1lja az ig\u00e9nyeinek megfelel\u0151 ruh\u00e1zatot.<\/p>\n\n<p>L\u00e1togasson el <a href=\"https:\/\/dev.medandbeauty.com\/hu\/orvosi-ruhazat-poznan\/\" target=\"_blank\" rel=\"noreferrer noopener\">orvosi ruh\u00e1zati \u00fczlet\u00fcnkbe Poznanban, vagy<\/a> tekintse meg teljes k\u00edn\u00e1latunkat online. V\u00e1lassza a min\u0151s\u00e9get, a k\u00e9nyelmet \u00e9s a st\u00edlust, amely lehet\u0151v\u00e9 teszi, hogy arra koncentr\u00e1ljon, ami a legfontosabb &#8211; a munk\u00e1j\u00e1ra. <\/p>\n","protected":false},"excerpt":{"rendered":"<p>A t\u00f6k\u00e9letes labork\u00f6penyt keresi Poznanban? Ak\u00e1r tapasztalt szakember, ak\u00e1r technikus vagy di\u00e1k, a t\u00f6k\u00e9letes helyre j\u00f6tt\u00e9l! A Med&amp;Beauty-n\u00e1l meg\u00e9rtj\u00fck, hogy a k\u00f6t\u00e9ny nem csak egy k\u00f6telez\u0151 ruhadarab, hanem a n\u00e9vjegyk\u00e1rty\u00e1ja \u00e9s a k\u00e9nyelem garanci\u00e1ja a munkanap sor\u00e1n. A legmagasabb min\u0151s\u00e9g\u0171 anyagokat \u00f6tv\u00f6zz\u00fck a divatos eszt\u00e9tik\u00e1val, hogy \u00d6n professzion\u00e1lisnak \u00e9s k\u00e9nyelmesnek \u00e9rezze mag\u00e1t. Tudjuk, milyen fontos, [&hellip;]<\/p>\n","protected":false},"author":43705,"featured_media":0,"parent":0,"menu_order":0,"comment_status":"closed","ping_status":"closed","template":"","meta":{"_acf_changed":false,"inline_featured_image":false,"footnotes":""},"class_list":["post-624592","page","type-page","status-publish","hentry"],"acf":[],"_links":{"self":[{"href":"https:\/\/dev.medandbeauty.com\/hu\/wp-json\/wp\/v2\/pages\/624592","targetHints":{"allow":["GET"]}}],"collection":[{"href":"https:\/\/dev.medandbeauty.com\/hu\/wp-json\/wp\/v2\/pages"}],"about":[{"href":"https:\/\/dev.medandbeauty.com\/hu\/wp-json\/wp\/v2\/types\/page"}],"author":[{"embeddable":true,"href":"https:\/\/dev.medandbeauty.com\/hu\/wp-json\/wp\/v2\/users\/43705"}],"replies":[{"embeddable":true,"href":"https:\/\/dev.medandbeauty.com\/hu\/wp-json\/wp\/v2\/comments?post=624592"}],"version-history":[{"count":1,"href":"https:\/\/dev.medandbeauty.com\/hu\/wp-json\/wp\/v2\/pages\/624592\/revisions"}],"predecessor-version":[{"id":624594,"href":"https:\/\/dev.medandbeauty.com\/hu\/wp-json\/wp\/v2\/pages\/624592\/revisions\/624594"}],"wp:attachment":[{"href":"https:\/\/dev.medandbeauty.com\/hu\/wp-json\/wp\/v2\/media?parent=624592"}],"curies":[{"name":"wp","href":"https:\/\/api.w.org\/{rel}","templated":true}]}}