{"id":624580,"date":"2025-11-27T14:42:53","date_gmt":"2025-11-27T13:42:53","guid":{"rendered":"https:\/\/dev.medandbeauty.com\/laboratoriumi-keszlet-poznan\/"},"modified":"2025-11-27T14:43:50","modified_gmt":"2025-11-27T13:43:50","slug":"laboratoriumi-keszlet-poznan","status":"publish","type":"page","link":"https:\/\/dev.medandbeauty.com\/hu\/laboratoriumi-keszlet-poznan\/","title":{"rendered":"Laborat\u00f3riumi k\u00e9szlet Pozna\u0144"},"content":{"rendered":"\n<p>Professzion\u00e1lis labork\u00f6penyt keres Pozna\u0144ban, amely \u00f6tv\u00f6zi a kiv\u00e1l\u00f3 min\u0151s\u00e9g\u0171 kivitelez\u00e9st, az eg\u00e9sz napos visel\u00e9si k\u00e9nyelmet \u00e9s a kifog\u00e1stalan megjelen\u00e9st? A Med&amp;Beauty-n\u00e1l t\u00f6k\u00e9letesen meg\u00e9rtj\u00fck az eg\u00e9szs\u00e9g\u00fcgyi szakemberek ig\u00e9nyeit. K\u00edn\u00e1latunkban olyan k\u00f6t\u00e9nyeket tal\u00e1l, amelyek biztos\u00edtj\u00e1k a sz\u00fcks\u00e9ges v\u00e9delmet, ugyanakkor hangs\u00falyozz\u00e1k az \u00d6n professzionalizmus\u00e1t.  <\/p>\n\n<p>Ak\u00e1r laborat\u00f3riumban, orvosi rendel\u0151ben, fog\u00e1szati klinik\u00e1n vagy a szakm\u00e1j\u00e1ra k\u00e9sz\u00fcl\u0151 di\u00e1kk\u00e9nt dolgozik &#8211; a megfelel\u0151 \u00f6lt\u00f6z\u00e9k a n\u00e9vjegye. V\u00e1lasszon olyan ruh\u00e1t, amely ellen\u00e1ll a zs\u00fafolt munkanapok kih\u00edv\u00e1sainak. <\/p>\n\n<h2 class=\"wp-block-heading\">Hol lehet laborat\u00f3riumi k\u00f6penyt v\u00e1s\u00e1rolni \u00e9s felpr\u00f3b\u00e1lni Poznanban?<\/h2>\n\n<p>Mint az \u00d6n megb\u00edzhat\u00f3 partnere az orvosi ruh\u00e1zat ter\u00e9n, k\u00e9t k\u00e9nyelmes v\u00e1s\u00e1rl\u00e1si lehet\u0151s\u00e9get k\u00edn\u00e1lunk, hogy seg\u00edts\u00fcnk megtal\u00e1lni a t\u00f6k\u00e9letes <strong>labork\u00f6penyt Poznanban.<\/strong><\/p>\n\n<ol class=\"wp-block-list\">\n<li><strong>Med&amp;Beauty helyhez k\u00f6t\u00f6tt \u00fczlet Pozna\u0144ban &#8211;<\/strong> sz\u00edvesen <strong>l\u00e1tjuk<\/strong> szalonunkban a Zwierzyniecka utca 32\/38. Ez egy t\u00f6k\u00e9letes alkalom arra, hogy saj\u00e1t szem\u00e9vel meggy\u0151z\u0151dj\u00f6n anyagaink min\u0151s\u00e9g\u00e9r\u0151l, megn\u00e9zze a k\u00fcl\u00f6nb\u00f6z\u0151 szab\u00e1sokat, \u00e9s ami a legfontosabb, felpr\u00f3b\u00e1lja a konkr\u00e9t modelleket. Tapasztalt munkat\u00e1rsaink sz\u00edvesen seg\u00edtenek \u00d6nnek kiv\u00e1lasztani az alakj\u00e1nak \u00e9s ig\u00e9nyeinek t\u00f6k\u00e9letesen megfelel\u0151 szab\u00e1st \u00e9s m\u00e9retet.   <\/li>\n\n\n\n<li><strong>Online v\u00e1s\u00e1rl\u00e1s Poznanba sz\u00e1ll\u00edt\u00e1ssal &#8211; \u00e9rt\u00e9keli<\/strong> az id\u0151megtakar\u00edt\u00e1st? Tekintse meg teljes k\u00edn\u00e1latunkat online! Intuit\u00edv weboldalunknak, r\u00e9szletes m\u00e9rett\u00e1bl\u00e1zatainknak \u00e9s r\u00e9szletes term\u00e9kfot\u00f3inknak k\u00f6sz\u00f6nhet\u0151en k\u00f6nnyed\u00e9n megrendelheti \u00e1lmai orvosi k\u00f6peny\u00e9t an\u00e9lk\u00fcl, hogy elhagyn\u00e1 otthon\u00e1t. Gyors \u00e9s biztons\u00e1gos sz\u00e1ll\u00edt\u00e1st garant\u00e1lunk Poznanban \u00e9s eg\u00e9sz Lengyelorsz\u00e1gban.   <\/li>\n<\/ol>\n\n<h2 class=\"wp-block-heading\">Hogyan v\u00e1lasszuk ki a t\u00f6k\u00e9letes orvosi k\u00f6penyt? Med&amp;Beauty \u00fatmutat\u00f3 <\/h2>\n\n<p>A megfelel\u0151 putter kiv\u00e1laszt\u00e1sa olyan d\u00f6nt\u00e9s, amely minden nap hat\u00e1ssal van a k\u00e9nyelemre \u00e9s az im\u00e1zsra. Mire kell figyelni? <\/p>\n\n<ul class=\"wp-block-list\">\n<li><strong>Testre szabott anyag &#8211;<\/strong> orvosi ruh\u00e1zati <strong>kollekci\u00f3inkban<\/strong> innovat\u00edv sz\u00f6vetkever\u00e9keket haszn\u00e1lunk. A pr\u00e9mium vonal (pamut, nejlon, lycra) kiv\u00e1l\u00f3 l\u00e9g\u00e1tereszt\u0151 k\u00e9pess\u00e9get \u00e9s eleganci\u00e1t garant\u00e1l. Az alapkollekci\u00f3 (poli\u00e9szter, viszk\u00f3z, lycra) viszont kiv\u00e9teles tart\u00f3ss\u00e1ggal \u00e9s k\u00f6nny\u0171 \u00e1polhat\u00f3s\u00e1ggal rendelkezik, minim\u00e1lisra cs\u00f6kkentve a vasal\u00e1s sz\u00fcks\u00e9gess\u00e9g\u00e9t. Mindk\u00e9t megold\u00e1s biztos\u00edtja a sz\u00edntart\u00f3s\u00e1got \u00e9s a gyakori, magas h\u0151m\u00e9rs\u00e9kleten t\u00f6rt\u00e9n\u0151 mos\u00e1snak val\u00f3 ellen\u00e1ll\u00e1st.   <\/li>\n\n\n\n<li><strong>A t\u00f6k\u00e9letes illeszked\u00e9s elengedhetetlen &#8211;<\/strong> sz\u00e9les m\u00e9retv\u00e1laszt\u00e9kot <strong>k\u00edn\u00e1lunk<\/strong>, XXS-t\u0151l 4XL-ig, \u00edgy minden szakember megtal\u00e1lhatja n\u00e1lunk a szem\u00e9lyre szabott felszerel\u00e9st. Ne feledje, hogy mindent felpr\u00f3b\u00e1lhat pozna\u0144i \u00edr\u00f3szerboltunkban. Ha pedig online rendel, \u00e9s a m\u00e9ret nem megfelel\u0151, ak\u00e1r 100 nap \u00e1ll rendelkez\u00e9s\u00e9re, hogy d\u00edjmentesen visszak\u00fcldje!  <\/li>\n\n\n\n<li><strong>Szem\u00e9lyre szab\u00e1s &#8211; t\u0171nj\u00f6n ki professzionalizmussal &#8211; szeretn\u00e9<\/strong>, ha az egyenruh\u00e1ja egyedi lenne? Szem\u00e9lyre szab\u00e1si szolg\u00e1ltat\u00e1st k\u00edn\u00e1lunk orvosi ruh\u00e1zathoz. K\u00e9r\u00e9s\u00e9re az \u00d6n nev\u00e9t, a l\u00e9tes\u00edtm\u00e9ny nev\u00e9t vagy a c\u00e9g log\u00f3j\u00e1t h\u00edmezhetj\u00fck r\u00e1. Ez nagyszer\u0171 m\u00f3dja annak, hogy egys\u00e9ges m\u00e1rka- \u00e9s csapatim\u00e1zst alak\u00edtson ki.   <\/li>\n<\/ul>\n\n<p>L\u00e1togasson el hozz\u00e1nk Pozna\u0144ba, vagy n\u00e9zze meg online kollekci\u00f3nkat, \u00e9s fektessen be a meg\u00e9rdemelt k\u00e9nyelembe \u00e9s professzionalizmusba. A Med&amp;Beauty-n\u00e1l v\u00e1r a t\u00f6k\u00e9letes labork\u00f6peny! <\/p>\n","protected":false},"excerpt":{"rendered":"<p>Professzion\u00e1lis labork\u00f6penyt keres Pozna\u0144ban, amely \u00f6tv\u00f6zi a kiv\u00e1l\u00f3 min\u0151s\u00e9g\u0171 kivitelez\u00e9st, az eg\u00e9sz napos visel\u00e9si k\u00e9nyelmet \u00e9s a kifog\u00e1stalan megjelen\u00e9st? A Med&amp;Beauty-n\u00e1l t\u00f6k\u00e9letesen meg\u00e9rtj\u00fck az eg\u00e9szs\u00e9g\u00fcgyi szakemberek ig\u00e9nyeit. K\u00edn\u00e1latunkban olyan k\u00f6t\u00e9nyeket tal\u00e1l, amelyek biztos\u00edtj\u00e1k a sz\u00fcks\u00e9ges v\u00e9delmet, ugyanakkor hangs\u00falyozz\u00e1k az \u00d6n professzionalizmus\u00e1t. Ak\u00e1r laborat\u00f3riumban, orvosi rendel\u0151ben, fog\u00e1szati klinik\u00e1n vagy a szakm\u00e1j\u00e1ra k\u00e9sz\u00fcl\u0151 di\u00e1kk\u00e9nt dolgozik &#8211; a [&hellip;]<\/p>\n","protected":false},"author":43705,"featured_media":0,"parent":0,"menu_order":0,"comment_status":"closed","ping_status":"closed","template":"","meta":{"_acf_changed":false,"inline_featured_image":false,"footnotes":""},"class_list":["post-624580","page","type-page","status-publish","hentry"],"acf":[],"_links":{"self":[{"href":"https:\/\/dev.medandbeauty.com\/hu\/wp-json\/wp\/v2\/pages\/624580","targetHints":{"allow":["GET"]}}],"collection":[{"href":"https:\/\/dev.medandbeauty.com\/hu\/wp-json\/wp\/v2\/pages"}],"about":[{"href":"https:\/\/dev.medandbeauty.com\/hu\/wp-json\/wp\/v2\/types\/page"}],"author":[{"embeddable":true,"href":"https:\/\/dev.medandbeauty.com\/hu\/wp-json\/wp\/v2\/users\/43705"}],"replies":[{"embeddable":true,"href":"https:\/\/dev.medandbeauty.com\/hu\/wp-json\/wp\/v2\/comments?post=624580"}],"version-history":[{"count":1,"href":"https:\/\/dev.medandbeauty.com\/hu\/wp-json\/wp\/v2\/pages\/624580\/revisions"}],"predecessor-version":[{"id":624581,"href":"https:\/\/dev.medandbeauty.com\/hu\/wp-json\/wp\/v2\/pages\/624580\/revisions\/624581"}],"wp:attachment":[{"href":"https:\/\/dev.medandbeauty.com\/hu\/wp-json\/wp\/v2\/media?parent=624580"}],"curies":[{"name":"wp","href":"https:\/\/api.w.org\/{rel}","templated":true}]}}