{"id":624561,"date":"2025-11-27T14:42:09","date_gmt":"2025-11-27T13:42:09","guid":{"rendered":"https:\/\/dev.medandbeauty.com\/orvosi-kotenyek-poznan\/"},"modified":"2025-11-27T14:43:16","modified_gmt":"2025-11-27T13:43:16","slug":"orvosi-kotenyek-poznan","status":"publish","type":"page","link":"https:\/\/dev.medandbeauty.com\/hu\/orvosi-kotenyek-poznan\/","title":{"rendered":"Orvosi k\u00f6t\u00e9nyek Pozna\u0144"},"content":{"rendered":"\n<p>Az orvosi \u00e9s sz\u00e9ps\u00e9giparban val\u00f3 munkav\u00e9gz\u00e9s nemcsak tud\u00e1st \u00e9s elk\u00f6telezetts\u00e9get, hanem megfelel\u0151 \u00f6lt\u00f6z\u00e9ket is ig\u00e9nyel. A ruh\u00e1zatnak biztos\u00edtania kell a k\u00e9nyelmet, a biztons\u00e1got \u00e9s a professzion\u00e1lis megjelen\u00e9st. Ha kiv\u00e1l\u00f3 min\u0151s\u00e9g\u0171 <strong>orvosi k\u00f6penyeket<\/strong> keres <strong>Poznanban,<\/strong> akkor a legjobb helyen j\u00e1r! A Med&amp;Beauty-n\u00e1l meg\u00e9rtj\u00fck az orvosok, \u00e1pol\u00f3k, technikusok \u00e9s kozmetikusok ig\u00e9nyeit. Olyan ruh\u00e1kat k\u00edn\u00e1lunk, amelyek a legmagasabb min\u0151s\u00e9gi szabv\u00e1nyokat, a modern eszt\u00e9tik\u00e1t \u00e9s a p\u00e1ratlan funkcionalit\u00e1st \u00f6tv\u00f6zik. Ezek a ruh\u00e1k lehet\u0151v\u00e9 teszik, hogy arra \u00f6sszpontos\u00edtson, ami a legfontosabb &#8211; a betegell\u00e1t\u00e1sra.     <\/p>\n\n<h2 class=\"wp-block-heading\">Orvosi k\u00f6t\u00e9nyek Pozna\u0144ban &#8211; v\u00e1s\u00e1roljon tetsz\u00e9s szerint<\/h2>\n\n<p>Ak\u00e1r jobban szereti megn\u00e9zni \u00e9s felpr\u00f3b\u00e1lni a term\u00e9ket v\u00e1s\u00e1rl\u00e1s el\u0151tt, ak\u00e1r az online v\u00e1s\u00e1rl\u00e1s k\u00e9nyelm\u00e9t \u00e9rt\u00e9keli, n\u00e1lunk megtal\u00e1lja a t\u00f6k\u00e9letes megold\u00e1st az \u00d6n sz\u00e1m\u00e1ra.<\/p>\n\n<p><strong>Pap\u00edr\u00e1ru bolt Pozna\u0144 sz\u00edv\u00e9ben<\/strong><\/p>\n\n<p>Szeretettel v\u00e1rjuk a Zwierzyniecka utca 32\/38. sz\u00e1m alatt tal\u00e1lhat\u00f3 \u00edr\u00f3szerboltunkban (bej\u00e1rat a Kraszewskiego utca fel\u0151l). Ide\u00e1lis hely, ahol meggy\u0151z\u0151dhet a sz\u00f6vetek min\u0151s\u00e9g\u00e9r\u0151l, felpr\u00f3b\u00e1lhatja a k\u00fcl\u00f6nb\u00f6z\u0151 szab\u00e1sokat, \u00e9s tan\u00e1csokat kaphat tapasztalt munkat\u00e1rsainkt\u00f3l. Seg\u00edt\u00fcnk kiv\u00e1lasztani a t\u00f6k\u00e9letes k\u00f6t\u00e9nyt, m\u0171t\u0151sruh\u00e1t, nadr\u00e1got vagy orvosi bl\u00fazt, amely minden elv\u00e1r\u00e1s\u00e1nak megfelel.   <\/p>\n\n<p><strong>K\u00e9nyelmes online v\u00e1s\u00e1rl\u00e1s<\/strong><\/p>\n\n<p>Nincs ideje megl\u00e1togatni egy helyhez k\u00f6t\u00f6tt \u00e9rt\u00e9kes\u00edt\u00e9si pontot? Intuit\u00edv web\u00e1ruh\u00e1zunk az \u00d6n szolg\u00e1lat\u00e1ra \u00e1ll! K\u00f6nnyed\u00e9n b\u00f6ng\u00e9szhet a teljes k\u00edn\u00e1latban, \u00f6sszehasonl\u00edthatja a modelleket, \u00e9s r\u00e9szletes inform\u00e1ci\u00f3kat tal\u00e1l az anyagokr\u00f3l, m\u00e9retekr\u0151l \u00e9s sz\u00ednekr\u0151l. A pontos m\u00e9rett\u00e1bl\u00e1zatoknak \u00e9s a kiv\u00e1l\u00f3 min\u0151s\u00e9g\u0171 f\u00e9nyk\u00e9peknek k\u00f6sz\u00f6nhet\u0151en a t\u00f6k\u00e9letes orvosi k\u00f6peny megrendel\u00e9se egyszer\u0171bb, mint valaha. \u00daj ruhadarabja gyorsan \u00e9s z\u00f6kken\u0151mentesen \u00e9rkezik meg.    <\/p>\n\n<h2 class=\"wp-block-heading\">Mi\u00e9rt a Med&amp;Beauty orvosi k\u00f6penyek a legjobb v\u00e1laszt\u00e1s?<\/h2>\n\n<p>Ha term\u00e9keinket v\u00e1lasztja, akkor olyan k\u00e9nyelembe \u00e9s professzionalizmusba fektet, amely minden munkanapj\u00e1n elk\u00eds\u00e9ri \u00d6nt.<\/p>\n\n<ul class=\"wp-block-list\">\n<li><strong>Kiv\u00e1l\u00f3 min\u0151s\u00e9g \u00e9s k\u00e9nyelem &#8211;<\/strong> orvosi k\u00f6t\u00e9nyeinket l\u00e9g\u00e1tereszt\u0151, rugalmas sz\u00f6vetekb\u0151l <strong>varrjuk<\/strong>. A legmodernebb sz\u00f6vetek biztos\u00edtj\u00e1k a mozg\u00e1sszabads\u00e1got \u00e9s a h\u0151komfortot m\u00e9g a leghosszabb \u00fcgyeleti id\u0151 alatt is. A ruh\u00e1k tart\u00f3sak \u00e9s gy\u0171r\u0151d\u00e9s\u00e1ll\u00f3ak, \u00edgy mindig eszt\u00e9tikusan n\u00e9z ki.  <\/li>\n\n\n\n<li><strong>Funkcionalit\u00e1s \u00e9s modern eszt\u00e9tika &#8211; meg\u00e9rtj\u00fck<\/strong> a praktikum fontoss\u00e1g\u00e1t. F\u00e9rfi \u00e9s n\u0151i k\u00f6t\u00e9nyeink egyar\u00e1nt rendelkeznek okosan kialak\u00edtott, t\u00e1gas zsebekkel, amelyek ide\u00e1lisak az alapvet\u0151 szersz\u00e1mok t\u00e1rol\u00e1s\u00e1ra. A szab\u00e1sok sz\u00e9les v\u00e1laszt\u00e9k\u00e1t k\u00edn\u00e1ljuk &#8211; a klasszikusokt\u00f3l a modernekig, bele\u00e9rtve a megk\u00f6t\u00f6tt \u00e9s csatos modelleket, valamint a gazdag sz\u00ednpalett\u00e1t.  <\/li>\n\n\n\n<li><strong>Szem\u00e9lyre szab\u00e1si lehet\u0151s\u00e9gek &#8211; szeretn\u00e9, ha<\/strong> ruhadarabja egyedi lenne? Ha ruhadarabjainkat v\u00e1lasztja, lehet\u0151s\u00e9ge van arra, hogy szem\u00e9lyre szabott h\u00edmz\u00e9st adjon hozz\u00e1 az \u00d6n nev\u00e9vel, szakter\u00fclet\u00e9vel vagy l\u00e9tes\u00edtm\u00e9ny\u00e9nek log\u00f3j\u00e1val. Ez a t\u00f6k\u00e9letes m\u00f3dja annak, hogy hangs\u00falyozza professzionalizmus\u00e1t.  <\/li>\n<\/ul>\n\n<h2 class=\"wp-block-heading\">Hogyan gondoskodik orvosi ruh\u00e1zat\u00e1r\u00f3l? Az \u00d6n biztons\u00e1ga els\u0151dleges fontoss\u00e1g\u00fa <\/h2>\n\n<p>Az orvosi ruh\u00e1zat megfelel\u0151 mos\u00e1sa kulcsfontoss\u00e1g\u00fa a higi\u00e9nia \u00e9s a biztons\u00e1g fenntart\u00e1s\u00e1hoz mind az \u00d6n, mind a betegek sz\u00e1m\u00e1ra. Ne feledje, hogy az orvosi egyenruh\u00e1k k\u00f3rokoz\u00f3kat hordozhatnak. Az eg\u00e9szs\u00e9g\u00fcgyi k\u00f6vetelm\u00e9nyeknek megfelel\u0151en a ruhadarabokat a mindennapi ruh\u00e1kt\u00f3l elk\u00fcl\u00f6n\u00edtve, megfelel\u0151 h\u0151m\u00e9rs\u00e9kleten \u00e9s a megfelel\u0151 mos\u00f3szerekkel kell mosni. Sok int\u00e9zm\u00e9ny professzion\u00e1lis mosod\u00e1kat haszn\u00e1l, amelyek garant\u00e1lj\u00e1k a ruh\u00e1k steriliz\u00e1l\u00e1s\u00e1t. Ha a Med&amp;Beauty kiv\u00e1l\u00f3 min\u0151s\u00e9g\u0171 k\u00f6t\u00e9ny\u00e9be fektet be, biztos lehet benne, hogy az anyag kib\u00edrja a gyakori, magas h\u0151m\u00e9rs\u00e9kleten t\u00f6rt\u00e9n\u0151 mos\u00e1st an\u00e9lk\u00fcl, hogy sz\u00edn\u00e9t vagy szab\u00e1s\u00e1t elvesz\u00edten\u00e9.    <\/p>\n\n<h2 class=\"wp-block-heading\">L\u00e1togasson el hozz\u00e1nk \u00e9s \u00e9rezze a k\u00fcl\u00f6nbs\u00e9get!<\/h2>\n\n<p>Ak\u00e1r eleg\u00e1ns orvosi k\u00f6t\u00e9nyre, sz\u00ednes m\u0171t\u0151sruh\u00e1ra vagy k\u00e9nyelmes meleg\u00edt\u0151re van sz\u00fcks\u00e9ge, a poznani Med&amp;Beautyban mindent megtal\u00e1l, amire sz\u00fcks\u00e9ge van. Megh\u00edvjuk \u00d6nt, hogy l\u00e1togasson el helyhez k\u00f6t\u00f6tt \u00fczlet\u00fcnkbe, vagy vegye ig\u00e9nybe online aj\u00e1nlatunkat. Tapasztalja meg, hogy a professzion\u00e1lis orvosi ruh\u00e1zat egyszerre lehet st\u00edlusos, k\u00e9nyelmes \u00e9s tart\u00f3s.  <\/p>\n","protected":false},"excerpt":{"rendered":"<p>Az orvosi \u00e9s sz\u00e9ps\u00e9giparban val\u00f3 munkav\u00e9gz\u00e9s nemcsak tud\u00e1st \u00e9s elk\u00f6telezetts\u00e9get, hanem megfelel\u0151 \u00f6lt\u00f6z\u00e9ket is ig\u00e9nyel. A ruh\u00e1zatnak biztos\u00edtania kell a k\u00e9nyelmet, a biztons\u00e1got \u00e9s a professzion\u00e1lis megjelen\u00e9st. Ha kiv\u00e1l\u00f3 min\u0151s\u00e9g\u0171 orvosi k\u00f6penyeket keres Poznanban, akkor a legjobb helyen j\u00e1r! A Med&amp;Beauty-n\u00e1l meg\u00e9rtj\u00fck az orvosok, \u00e1pol\u00f3k, technikusok \u00e9s kozmetikusok ig\u00e9nyeit. Olyan ruh\u00e1kat k\u00edn\u00e1lunk, amelyek a legmagasabb [&hellip;]<\/p>\n","protected":false},"author":43705,"featured_media":0,"parent":0,"menu_order":0,"comment_status":"closed","ping_status":"closed","template":"","meta":{"_acf_changed":false,"inline_featured_image":false,"footnotes":""},"class_list":["post-624561","page","type-page","status-publish","hentry"],"acf":[],"_links":{"self":[{"href":"https:\/\/dev.medandbeauty.com\/hu\/wp-json\/wp\/v2\/pages\/624561","targetHints":{"allow":["GET"]}}],"collection":[{"href":"https:\/\/dev.medandbeauty.com\/hu\/wp-json\/wp\/v2\/pages"}],"about":[{"href":"https:\/\/dev.medandbeauty.com\/hu\/wp-json\/wp\/v2\/types\/page"}],"author":[{"embeddable":true,"href":"https:\/\/dev.medandbeauty.com\/hu\/wp-json\/wp\/v2\/users\/43705"}],"replies":[{"embeddable":true,"href":"https:\/\/dev.medandbeauty.com\/hu\/wp-json\/wp\/v2\/comments?post=624561"}],"version-history":[{"count":1,"href":"https:\/\/dev.medandbeauty.com\/hu\/wp-json\/wp\/v2\/pages\/624561\/revisions"}],"predecessor-version":[{"id":624567,"href":"https:\/\/dev.medandbeauty.com\/hu\/wp-json\/wp\/v2\/pages\/624561\/revisions\/624567"}],"wp:attachment":[{"href":"https:\/\/dev.medandbeauty.com\/hu\/wp-json\/wp\/v2\/media?parent=624561"}],"curies":[{"name":"wp","href":"https:\/\/api.w.org\/{rel}","templated":true}]}}