{"id":624543,"date":"2025-11-27T14:41:28","date_gmt":"2025-11-27T13:41:28","guid":{"rendered":"https:\/\/dev.medandbeauty.com\/laboratoriumi-koteny-gdynia\/"},"modified":"2025-11-27T14:42:27","modified_gmt":"2025-11-27T13:42:27","slug":"laboratoriumi-koteny-gdynia","status":"publish","type":"page","link":"https:\/\/dev.medandbeauty.com\/hu\/laboratoriumi-koteny-gdynia\/","title":{"rendered":"Laborat\u00f3riumi k\u00f6t\u00e9ny Gdynia"},"content":{"rendered":"\n<p>A munkaruh\u00e1nak a sz\u00f6vets\u00e9gesednek kell lennie &#8211; nem szabad korl\u00e1toznia a mozg\u00e1sodat, hagynia kell, hogy a b\u0151r\u00f6d l\u00e9legezzen, \u00e9s magabiztosnak \u00e9s professzion\u00e1lisnak kell \u00e9rezned magad. <g id=\"gid_0\">A Gdyni\u00e1ban kaphat\u00f3 laborat\u00f3riumi k\u00f6t\u00e9nyeinket <\/g>\u00fagy <g id=\"gid_0\">tervezt\u00fck <\/g>, hogy \u00d6n teljes m\u00e9rt\u00e9kben arra koncentr\u00e1lhasson, ami a legfontosabb &#8211; a feladataira \u00e9s a kutat\u00e1sra. Mit\u0151l t\u0171nnek ki?  <\/p>\n\n<p><strong>1. P\u00e1ratlan k\u00e9nyelem \u00e9s tart\u00f3ss\u00e1g &#8211; a<\/strong> kiv\u00e1l\u00f3 min\u0151s\u00e9g\u0171 pamut, nejlon \u00e9s lycra kever\u00e9k\u00e9b\u0151l varrt <strong>pr\u00e9mium<\/strong> kateg\u00f3ri\u00e1s <strong>k\u00f6t\u00e9nyeink<\/strong> rugalmass\u00e1got \u00e9s kiv\u00e1l\u00f3 l\u00e9g\u00e1tereszt\u0151 k\u00e9pess\u00e9get biztos\u00edtanak. Felejtse el a merev anyagot &#8211; \u00e9rezze a mozg\u00e1sszabads\u00e1got \u00e9s a k\u00e9nyelmet m\u00e9g a leghosszabb laborat\u00f3riumi nap sor\u00e1n is! <\/p>\n\n<p><strong>2. professzion\u00e1lis \u00e9s modern megjelen\u00e9s &#8211; az<\/strong> \u00f6lt\u00f6zk\u00f6d\u00e9s a szakmai arculat r\u00e9sze. F\u00e9rfi \u00e9s n\u0151i orvosi k\u00f6penyeket k\u00edn\u00e1lunk enyh\u00e9n szabott szab\u00e1ssal, amelyek kiemelik az alakj\u00e1t, mik\u00f6zben biztos\u00edtj\u00e1k a rendezett \u00e9s eleg\u00e1ns megjelen\u00e9st. Szeretne kit\u0171nni? Haszn\u00e1lja ki a szem\u00e9lyre szab\u00e1si lehet\u0151s\u00e9get, \u00e9s h\u00edmezze ki a nev\u00e9t vagy int\u00e9zm\u00e9nye log\u00f3j\u00e1t.   <\/p>\n\n<p><strong>3 \u00c1tgondolt funkcionalit\u00e1s &#8211; a<\/strong> boltjainkban kaphat\u00f3 ruhadarabok t\u00e1gas, strat\u00e9giailag elhelyezett zsebekkel vannak ell\u00e1tva &#8211; ide\u00e1lisak jegyzett\u00f6mb, telefon vagy kisebb szersz\u00e1mok sz\u00e1m\u00e1ra. A k\u00e9nyelmes nyom\u00f3gombos r\u00f6gz\u00edt\u00e9sek biztos\u00edtj\u00e1k a ruhadarabok gyors fel- \u00e9s lev\u00e9tel\u00e9t, ami a dinamikus munkak\u00f6rnyezetben elengedhetetlen. <\/p>\n\n<h2 class=\"wp-block-heading\">K\u00e9nyelmes online v\u00e1s\u00e1rl\u00e1s Gdynia sz\u00e1llit\u00e1ssal<\/h2>\n\n<p>B\u00e1r Gdyni\u00e1ban vannak v\u00e9d\u0151ruh\u00e1zatot k\u00edn\u00e1l\u00f3 \u00fczletek, k\u00edn\u00e1latuk gyakran szabv\u00e1nyos \u00e9s korl\u00e1tozott. A Med&amp;Beauty-n\u00e1l a szab\u00e1sok, sz\u00ednek \u00e9s m\u00e9retek sz\u00e9les v\u00e1laszt\u00e9k\u00e1hoz f\u00e9rhet hozz\u00e1 &#8211; mindezt an\u00e9lk\u00fcl, hogy id\u0151t pazarolna az ing\u00e1z\u00e1sra. \u00d6n online adja le rendel\u00e9s\u00e9t, \u00e9s mi egyenesen az \u00d6n ajtaj\u00e1ig sz\u00e1ll\u00edtjuk Gdyni\u00e1ba. Nem tudja biztosan a m\u00e9ret\u00e9t? R\u00e9szletes m\u00e9rett\u00e1bl\u00e1zatunk \u00e9s 100 napos ingyenes visszak\u00fcld\u00e9si jogunk megnyugtatja \u00d6nt.    <\/p>\n\n<p>Pr\u00e9mium k\u00f6t\u00e9nyeink specifik\u00e1ci\u00f3ja:<\/p>\n\n<ul class=\"wp-block-list\">\n<li><strong>Anyag &#8211;<\/strong> kiv\u00e1l\u00f3 min\u0151s\u00e9g\u0171 pamut, nylon \u00e9s lycra <strong>kever\u00e9ke<\/strong> a k\u00e9nyelem \u00e9s a tart\u00f3ss\u00e1g \u00e9rdek\u00e9ben.<\/li>\n\n\n\n<li><strong>Szab\u00e1s &#8211; modern<\/strong> szab\u00e1svonalak f\u00e9rfiaknak \u00e9s n\u0151knek, amelyek szabad mozg\u00e1st biztos\u00edtanak.<\/li>\n\n\n\n<li><strong>Zsebek &#8211; h\u00e1rom<\/strong> funkcion\u00e1lis zseb (kett\u0151 a cs\u00edp\u0151n, egy a mellkason).<\/li>\n\n\n\n<li><strong>R\u00f6gz\u00edt\u00e9s &#8211; praktikus<\/strong> \u00e9s er\u0151s nyom\u00f3gombok.<\/li>\n\n\n\n<li><strong>Szem\u00e9lyre szab\u00e1s &#8211;<\/strong> egy\u00e9ni h\u00edmz\u00e9s hozz\u00e1ad\u00e1s\u00e1nak <strong>lehet\u0151s\u00e9ge<\/strong>.<\/li>\n\n\n\n<li><strong>\u00c1pol\u00e1s &#8211; az<\/strong> anyag ellen\u00e1ll a gyakori mos\u00e1snak \u00e9s k\u00f6nnyen karbantarthat\u00f3.<\/li>\n<\/ul>\n\n<h2 class=\"wp-block-heading\">Ide\u00e1lis v\u00e1laszt\u00e1s sz\u00e1mos specialit\u00e1shoz<\/h2>\n\n<p>Laborat\u00f3riumi k\u00f6t\u00e9nyeink t\u00f6k\u00e9letes megold\u00e1st jelentenek:<\/p>\n\n<ul class=\"wp-block-list\">\n<li>orvosi, kutat\u00e1si \u00e9s k\u00e9miai laborat\u00f3riumi szem\u00e9lyzet,<\/li>\n\n\n\n<li>orvosok, \u00e1pol\u00f3k \u00e9s technikusok a k\u00f3rh\u00e1zakban \u00e9s klinik\u00e1kon,<\/li>\n\n\n\n<li>fogorvosok \u00e9s fog\u00e1szati asszisztensek,<\/li>\n\n\n\n<li>a h\u00e1romsz\u00e9ki egyetemek orvosi \u00e9s \u00e9lettudom\u00e1nyi hallgat\u00f3i,<\/li>\n\n\n\n<li>sz\u00e9ps\u00e9g- \u00e9s wellness szakemberek.<\/li>\n<\/ul>\n\n<p>Csatlakozzon a Med&amp;Beauty-ban b\u00edz\u00f3 szakemberekhez. Fektessen be egy olyan k\u00f6t\u00e9nybe, amely nemcsak a ruh\u00e1j\u00e1t v\u00e9di, hanem n\u00f6veli a munkakomfortot \u00e9s hangs\u00falyozza a szakmai im\u00e1zs\u00e1t. Biztons\u00e1gos fizet\u00e9st \u00e9s ingyenes kisz\u00e1ll\u00edt\u00e1st biztos\u00edtunk 600 Ft-t\u00f3l. Fedezze fel teljes laborat\u00f3riumi k\u00f6peny-kollekci\u00f3nkat, \u00e9s rendelje meg a t\u00f6k\u00e9letes modellt m\u00e9g ma, Gdynia-i kisz\u00e1ll\u00edt\u00e1ssal!   <\/p>\n","protected":false},"excerpt":{"rendered":"<p>A munkaruh\u00e1nak a sz\u00f6vets\u00e9gesednek kell lennie &#8211; nem szabad korl\u00e1toznia a mozg\u00e1sodat, hagynia kell, hogy a b\u0151r\u00f6d l\u00e9legezzen, \u00e9s magabiztosnak \u00e9s professzion\u00e1lisnak kell \u00e9rezned magad. A Gdyni\u00e1ban kaphat\u00f3 laborat\u00f3riumi k\u00f6t\u00e9nyeinket \u00fagy tervezt\u00fck , hogy \u00d6n teljes m\u00e9rt\u00e9kben arra koncentr\u00e1lhasson, ami a legfontosabb &#8211; a feladataira \u00e9s a kutat\u00e1sra. Mit\u0151l t\u0171nnek ki? 1. P\u00e1ratlan k\u00e9nyelem \u00e9s [&hellip;]<\/p>\n","protected":false},"author":43705,"featured_media":0,"parent":0,"menu_order":0,"comment_status":"closed","ping_status":"closed","template":"","meta":{"_acf_changed":false,"inline_featured_image":false,"footnotes":""},"class_list":["post-624543","page","type-page","status-publish","hentry"],"acf":[],"_links":{"self":[{"href":"https:\/\/dev.medandbeauty.com\/hu\/wp-json\/wp\/v2\/pages\/624543","targetHints":{"allow":["GET"]}}],"collection":[{"href":"https:\/\/dev.medandbeauty.com\/hu\/wp-json\/wp\/v2\/pages"}],"about":[{"href":"https:\/\/dev.medandbeauty.com\/hu\/wp-json\/wp\/v2\/types\/page"}],"author":[{"embeddable":true,"href":"https:\/\/dev.medandbeauty.com\/hu\/wp-json\/wp\/v2\/users\/43705"}],"replies":[{"embeddable":true,"href":"https:\/\/dev.medandbeauty.com\/hu\/wp-json\/wp\/v2\/comments?post=624543"}],"version-history":[{"count":1,"href":"https:\/\/dev.medandbeauty.com\/hu\/wp-json\/wp\/v2\/pages\/624543\/revisions"}],"predecessor-version":[{"id":624544,"href":"https:\/\/dev.medandbeauty.com\/hu\/wp-json\/wp\/v2\/pages\/624543\/revisions\/624544"}],"wp:attachment":[{"href":"https:\/\/dev.medandbeauty.com\/hu\/wp-json\/wp\/v2\/media?parent=624543"}],"curies":[{"name":"wp","href":"https:\/\/api.w.org\/{rel}","templated":true}]}}