{"id":624531,"date":"2025-11-27T14:40:26","date_gmt":"2025-11-27T13:40:26","guid":{"rendered":"https:\/\/dev.medandbeauty.com\/laboratoriumi-koteny-gliwice\/"},"modified":"2025-11-27T14:41:36","modified_gmt":"2025-11-27T13:41:36","slug":"laboratoriumi-koteny-gliwice","status":"publish","type":"page","link":"https:\/\/dev.medandbeauty.com\/hu\/laboratoriumi-koteny-gliwice\/","title":{"rendered":"Laborat\u00f3riumi k\u00f6t\u00e9ny Gliwice"},"content":{"rendered":"\n<p>Olyan orvosi k\u00f6t\u00e9nyt keres, amely egyes\u00edti a professzion\u00e1lis megjelen\u00e9st, a biztons\u00e1got \u00e9s az eg\u00e9sz napos k\u00e9nyelmet? A professzion\u00e1lis \u00f6lt\u00f6z\u00e9k az \u00d6n n\u00e9vjegyk\u00e1rty\u00e1ja \u00e9s munkaeszk\u00f6ze, amelynek megb\u00edzhat\u00f3nak kell lennie a laborat\u00f3rium, a klinika vagy a rendel\u0151 dinamikus k\u00f6rnyezet\u00e9ben. <\/p>\n\n<p>B\u00e1r Gliwic\u00e9ben lehet tal\u00e1lni orvosi ruh\u00e1zatot vagy eg\u00e9szs\u00e9g\u00fcgyi \u00e9s biztons\u00e1gi \u00fczleteket, ezek gyakran szabv\u00e1nyos, t\u00f6megpiaci modelleket k\u00edn\u00e1lnak.<\/p>\n\n<p>Ha olyan min\u0151s\u00e9get szeretne, amely modern diz\u00e1jnnal \u00e9s tart\u00f3ss\u00e1ggal p\u00e1rosul, a legjobb megold\u00e1s az online v\u00e1s\u00e1rl\u00e1s, egyenesen az \u00d6n h\u00e1z\u00e1hoz t\u00f6rt\u00e9n\u0151 sz\u00e1ll\u00edt\u00e1ssal. A Med&amp;Beauty-n\u00e9l olyan orvosi ruh\u00e1zat l\u00e9trehoz\u00e1s\u00e1ra szakosodtunk, amely megfelel a legig\u00e9nyesebb szakemberek elv\u00e1r\u00e1sainak is. <\/p>\n\n<h2 class=\"wp-block-heading\">Hogyan v\u00e1lasszon olyan labork\u00f6penyt, amely \u00e9vekig kitart?<\/h2>\n\n<p>A megfelel\u0151 k\u00f6t\u00e9ny kiv\u00e1laszt\u00e1sa minden nap hat\u00e1ssal van a k\u00e9nyelemre \u00e9s az im\u00e1zsra. Ahelyett, hogy kiz\u00e1r\u00f3lag az \u00e1rra \u00f6sszpontos\u00edtan\u00e1nk, \u00e9rdemes megeml\u00edteni n\u00e9h\u00e1ny kulcsfontoss\u00e1g\u00fa szempontot, amelyek megk\u00fcl\u00f6nb\u00f6ztetik term\u00e9keinket: <\/p>\n\n<ul class=\"wp-block-list\">\n<li><strong>kiv\u00e1l\u00f3 min\u0151s\u00e9g\u0171 anyagok &#8211; felejtsd el<\/strong> a merev \u00e9s l\u00e9g\u00e1tereszt\u0151 anyagokat! Pr\u00e9mium k\u00f6t\u00e9nyeinket kiv\u00e1l\u00f3 min\u0151s\u00e9g\u0171 pamut, nejlon \u00e9s lycra kever\u00e9k\u00e9b\u0151l varrjuk. Ez a kombin\u00e1ci\u00f3 kiv\u00e1l\u00f3 l\u00e9g\u00e1tereszt\u0151 k\u00e9pess\u00e9get, rugalmass\u00e1got \u00e9s tart\u00f3ss\u00e1got garant\u00e1l. Ugyanakkor biztos\u00edtja, hogy a ruhadarab j\u00f3l illeszkedjen \u00e9s gy\u0171r\u0151d\u00e9s\u00e1ll\u00f3 legyen.   <\/li>\n\n\n\n<li><strong>Funkcion\u00e1lis szab\u00e1s &#8211; minden egyes<\/strong> orvosi k\u00f6t\u00e9ny\u00fcnket a mozg\u00e1sszabads\u00e1got szem el\u0151tt tartva tervezt\u00fck. Az enyh\u00e9n szabott szab\u00e1svonalak, mind a f\u00e9rfiak, mind a n\u0151k eset\u00e9ben, professzion\u00e1lis megjelen\u00e9st biztos\u00edtanak an\u00e9lk\u00fcl, hogy korl\u00e1tozn\u00e1k a mozg\u00e1st. A nyom\u00f3gombos r\u00f6gz\u00edt\u00e9s megk\u00f6nny\u00edti a ruhadarab gyors fel- \u00e9s lev\u00e9tel\u00e9t.  <\/li>\n\n\n\n<li><strong>Praktikus zsebek &#8211; a j\u00f3l elhelyezett<\/strong> \u00e9s t\u00e1gas zsebek elengedhetetlenek. Ezek a k\u00e9nyelmi eszk\u00f6z\u00f6k ide\u00e1lisak jegyzett\u00f6mb, telefon vagy kisebb szersz\u00e1mok t\u00e1rol\u00e1s\u00e1ra &#8211; \u00e9s minden k\u00f6t\u00e9ny\u00fcnk fel van szerelve vel\u00fck. \u00cdgy mindig k\u00e9zn\u00e9l van minden, amire sz\u00fcks\u00e9ge van.  <\/li>\n\n\n\n<li><strong>Szem\u00e9lyre szab\u00e1si lehet\u0151s\u00e9gek &#8211; szeretn\u00e9<\/strong> hangs\u00falyozni professzionalizmus\u00e1t? Lehet\u0151s\u00e9get k\u00edn\u00e1lunk arra, hogy h\u00edmz\u00e9ssel eg\u00e9sz\u00edtse ki a nev\u00e9t, vezet\u00e9knev\u00e9t vagy az int\u00e9zm\u00e9nye log\u00f3j\u00e1t. Ez egy olyan r\u00e9szlet, amely bizalmat \u00e9p\u00edt \u00e9s kiemeli \u00d6nt a munkahelyi k\u00f6rnyezetben.  <\/li>\n<\/ul>\n\n<h2 class=\"wp-block-heading\">K\u00f6t\u00e9ny\u00e1pol\u00e1s &#8211; proste szab\u00e1lyok a maxim\u00e1lis tart\u00f3ss\u00e1g \u00e9rdek\u00e9ben<\/h2>\n\n<p>Gondoskodunk arr\u00f3l, hogy ruhadarabjaink ne csak st\u00edlusosak legyenek, hanem k\u00f6nnyen kifog\u00e1stalan \u00e1llapotban tarthat\u00f3k. K\u00edv\u00e1ncsi, hogy \u00faj k\u00f6t\u00e9nye speci\u00e1lis tiszt\u00edt\u00e1st ig\u00e9nyel-e? Kelm\u00e9inket \u00fagy tervezt\u00fck, hogy a higi\u00e9niai k\u00f6vetelm\u00e9nyeknek megfelel\u0151en otthon is moshat\u00f3k legyenek. Ne feledje, hogy:   <\/p>\n\n<ul class=\"wp-block-list\">\n<li>A k\u00f6t\u00e9nyt 40\u00b0C-on mossa, ami elegend\u0151 a legt\u00f6bb mikroorganizmus elt\u00e1vol\u00edt\u00e1s\u00e1hoz an\u00e9lk\u00fcl, hogy a sz\u00f6vet k\u00e1rosodna,<\/li>\n\n\n\n<li>haszn\u00e1ljon sz\u00ednes sz\u00f6vetekhez tervezett mos\u00f3szereket, hogy azok hosszabb ideig t\u00f6k\u00e9letesen n\u00e9zzenek ki,<\/li>\n\n\n\n<li>Vasalja a bal oldalon, lehet\u0151leg 110\u00b0C-os vasal\u00f3val.<\/li>\n<\/ul>\n\n<p>Ha betartja ezeket a proste szab\u00e1lyokat, biztos lehet benne, hogy k\u00f6t\u00e9nye hossz\u00fa ideig tart\u00f3 intenz\u00edv haszn\u00e1lat mellett is meg\u0151rzi szab\u00e1s\u00e1t, sz\u00edn\u00e9t \u00e9s tulajdons\u00e1gait.<\/p>\n\n<h2 class=\"wp-block-heading\">Rendelje meg laborat\u00f3riumi k\u00f6peny\u00e9t Gliwic\u00e9be &#8211; gyorsan \u00e9s k\u00e9nyelmesen<\/h2>\n\n<p>Ne vesztegesse az idej\u00e9t a pap\u00edrboltokban val\u00f3 keresg\u00e9l\u00e9sre &#8211; v\u00e1lassza a Med&amp;Beauty \u00e1ltal k\u00edn\u00e1lt min\u0151s\u00e9get \u00e9s st\u00edlust. B\u00f6ng\u00e9sszen orvosi k\u00f6penyek gy\u0171jtem\u00e9ny\u00e9ben, \u00e9s tal\u00e1lja meg az \u00d6n ig\u00e9nyeinek megfelel\u0151 t\u00f6k\u00e9letes modellt. Adja le online megrendel\u00e9s\u00e9t, \u00e9s mi proste az \u00d6n gliwicai c\u00edm\u00e9re sz\u00e1ll\u00edtjuk. Fektessen be a k\u00e9nyelembe \u00e9s a szakmai im\u00e1zs\u00e1ba m\u00e9g ma!   <\/p>\n","protected":false},"excerpt":{"rendered":"<p>Olyan orvosi k\u00f6t\u00e9nyt keres, amely egyes\u00edti a professzion\u00e1lis megjelen\u00e9st, a biztons\u00e1got \u00e9s az eg\u00e9sz napos k\u00e9nyelmet? A professzion\u00e1lis \u00f6lt\u00f6z\u00e9k az \u00d6n n\u00e9vjegyk\u00e1rty\u00e1ja \u00e9s munkaeszk\u00f6ze, amelynek megb\u00edzhat\u00f3nak kell lennie a laborat\u00f3rium, a klinika vagy a rendel\u0151 dinamikus k\u00f6rnyezet\u00e9ben. B\u00e1r Gliwic\u00e9ben lehet tal\u00e1lni orvosi ruh\u00e1zatot vagy eg\u00e9szs\u00e9g\u00fcgyi \u00e9s biztons\u00e1gi \u00fczleteket, ezek gyakran szabv\u00e1nyos, t\u00f6megpiaci modelleket k\u00edn\u00e1lnak. Ha [&hellip;]<\/p>\n","protected":false},"author":43705,"featured_media":0,"parent":0,"menu_order":0,"comment_status":"closed","ping_status":"closed","template":"","meta":{"_acf_changed":false,"inline_featured_image":false,"footnotes":""},"class_list":["post-624531","page","type-page","status-publish","hentry"],"acf":[],"_links":{"self":[{"href":"https:\/\/dev.medandbeauty.com\/hu\/wp-json\/wp\/v2\/pages\/624531","targetHints":{"allow":["GET"]}}],"collection":[{"href":"https:\/\/dev.medandbeauty.com\/hu\/wp-json\/wp\/v2\/pages"}],"about":[{"href":"https:\/\/dev.medandbeauty.com\/hu\/wp-json\/wp\/v2\/types\/page"}],"author":[{"embeddable":true,"href":"https:\/\/dev.medandbeauty.com\/hu\/wp-json\/wp\/v2\/users\/43705"}],"replies":[{"embeddable":true,"href":"https:\/\/dev.medandbeauty.com\/hu\/wp-json\/wp\/v2\/comments?post=624531"}],"version-history":[{"count":1,"href":"https:\/\/dev.medandbeauty.com\/hu\/wp-json\/wp\/v2\/pages\/624531\/revisions"}],"predecessor-version":[{"id":624532,"href":"https:\/\/dev.medandbeauty.com\/hu\/wp-json\/wp\/v2\/pages\/624531\/revisions\/624532"}],"wp:attachment":[{"href":"https:\/\/dev.medandbeauty.com\/hu\/wp-json\/wp\/v2\/media?parent=624531"}],"curies":[{"name":"wp","href":"https:\/\/api.w.org\/{rel}","templated":true}]}}