{"id":624220,"date":"2025-11-27T12:40:58","date_gmt":"2025-11-27T11:40:58","guid":{"rendered":"https:\/\/dev.medandbeauty.com\/kozmetikai-kotenyek-poznan\/"},"modified":"2025-11-27T12:42:12","modified_gmt":"2025-11-27T11:42:12","slug":"kozmetikai-kotenyek-poznan","status":"publish","type":"page","link":"https:\/\/dev.medandbeauty.com\/hu\/kozmetikai-kotenyek-poznan\/","title":{"rendered":"Kozmetikai k\u00f6t\u00e9nyek Pozna\u0144"},"content":{"rendered":"\n<p>Egy szalon mindennapi m\u0171k\u00f6d\u00e9s\u00e9ben nemcsak a szakmais\u00e1g sz\u00e1m\u00edt, hanem az is, hogy a csapat hogyan mutatja meg mag\u00e1t. Az alkalmazottr\u00f3l alkotott k\u00e9p befoly\u00e1solja az eg\u00e9sz m\u00e1rka meg\u00edt\u00e9l\u00e9s\u00e9t &#8211; a j\u00f3l megv\u00e1lasztott \u00f6lt\u00f6z\u00e9k pedig bizalmat \u00e9p\u00edt \u00e9s hangs\u00falyozza a professzionalizmust. <g id=\"gid_0\">A Pozna\u0144ban kaphat\u00f3 kozmetikai k\u00f6t\u00e9nyek<\/g> olyan emberek sz\u00e1m\u00e1ra <g id=\"gid_0\">jelentenek<\/g> aj\u00e1nlatot, akik a k\u00e9nyelmet az eszt\u00e9tikummal szeretn\u00e9k \u00f6tv\u00f6zni, \u00e9s a sok \u00f3r\u00e1s munka sor\u00e1n gondoskodni szeretn\u00e9nek a komfort\u00e9rzet\u00fckr\u0151l. A Med&amp;Beauty-n\u00e1l olyan megold\u00e1sokra \u00f6sszpontos\u00edtunk, amelyeket a sz\u00e9ps\u00e9gipar val\u00f3s ig\u00e9nyeinek megfelel\u0151en alkottunk meg.  <\/p>\n\n<p>Term\u00e9keinket Lengyelorsz\u00e1gban gy\u00e1rtjuk, ami lehet\u0151v\u00e9 teszi sz\u00e1munkra, hogy az elk\u00e9sz\u00edt\u00e9s minden f\u00e1zis\u00e1t ellen\u0151rizz\u00fck. Gyakorl\u00f3 orvosokkal dolgozunk egy\u00fctt, akik mindennapi k\u00f6r\u00fclm\u00e9nyek k\u00f6z\u00f6tt tesztelik k\u00f6t\u00e9nyeinket. Ennek k\u00f6sz\u00f6nhet\u0151en tudjuk, hogy olyan ruhadarabokat k\u00edn\u00e1lunk, amelyek hossz\u00fa ideig m\u0171k\u00f6dnek \u00e9s j\u00f3l n\u00e9znek ki. Kiv\u00e1l\u00f3 min\u0151s\u00e9g\u0171 anyagok, apr\u00f3l\u00e9kos kidolgoz\u00e1s \u00e9s a st\u00edlusok sz\u00e9les v\u00e1laszt\u00e9ka &#8211; ezek az adotts\u00e1gok azt jelentik, hogy mindenki sz\u00e1m\u00e1ra van valami.   <\/p>\n\n<h2 class=\"wp-block-heading\">Hol lehet kozmetikai k\u00f6t\u00e9nyeket v\u00e1s\u00e1rolni Poznanban? Pap\u00edrbolt \u00e9s online <\/h2>\n\n<p>A munkaruh\u00e1zat beszerz\u00e9si hely\u00e9nek kiv\u00e1laszt\u00e1sa k\u00e9nyelem \u00e9s a kiskeresked\u0151 ir\u00e1nti bizalom k\u00e9rd\u00e9se. Kozmetikai k\u00f6t\u00e9nyeinket helyhez k\u00f6t\u00f6tt \u00fczletben \u00e9s online is megv\u00e1s\u00e1rolhatja. Azok, akik ink\u00e1bb szem\u00e9lyesen szeretn\u00e9k megn\u00e9zni a term\u00e9ket, ell\u00e1togathatnak pozna\u0144i \u00e9rt\u00e9kes\u00edt\u00e9si pontunkra, \u00e9s ig\u00e9nybe vehetik egy tan\u00e1csad\u00f3 seg\u00edts\u00e9g\u00e9t. Azok sz\u00e1m\u00e1ra, akik \u00e9rt\u00e9kelik a gyors v\u00e1s\u00e1rl\u00e1st an\u00e9lk\u00fcl, hogy elhagyn\u00e1k otthonukat, intuit\u00edv online boltot k\u00e9sz\u00edtett\u00fcnk.   <\/p>\n\n<p>A megrendel\u00e9seket hat\u00e9konyan dolgozzuk fel, \u00e9s sz\u00fcks\u00e9g eset\u00e9n lehet\u0151v\u00e9 tessz\u00fck a term\u00e9k visszak\u00fcld\u00e9s\u00e9t vagy cser\u00e9j\u00e9t. Az \u00fcgyfelek a v\u00e1s\u00e1rl\u00e1s minden szakasz\u00e1ban sz\u00e1m\u00edthatnak t\u00e1mogat\u00e1sra &#8211; a modell kiv\u00e1laszt\u00e1s\u00e1t\u00f3l a tranzakci\u00f3 lez\u00e1r\u00e1s\u00e1ig. A kozmetikai k\u00f6t\u00e9nyek mindk\u00e9t \u00e9rt\u00e9kes\u00edt\u00e9si csatorn\u00e1n el\u00e9rhet\u0151ek, \u00edgy a v\u00e1s\u00e1rl\u00e1si m\u00f3dot az \u00d6n preferenci\u00e1ihoz igaz\u00edthatja.  <\/p>\n\n<h2 class=\"wp-block-heading\">Melyik kozmetikai k\u00f6t\u00e9nyt v\u00e1lasszuk? A pr\u00e9mium \u00e9s az alapkollekci\u00f3k \u00f6sszehasonl\u00edt\u00e1sa <\/h2>\n\n<p>A megfelel\u0151 munkaruha kiv\u00e1laszt\u00e1sa nemcsak k\u00e9nyelmi szempont, hanem az im\u00e1zsra val\u00f3 odafigyel\u00e9s kifejez\u00e9se is. A kozmetikai k\u00f6t\u00e9nyek Pozna\u0144ba sz\u00e1ll\u00edt\u00e1ssal k\u00e9t kollekci\u00f3ban kaphat\u00f3k, amelyek k\u00fcl\u00f6nb\u00f6z\u0151 ig\u00e9nyeknek \u00e9s elv\u00e1r\u00e1soknak felelnek meg. Mindkett\u0151t k\u00fcl\u00f6nb\u00f6z\u0151 priorit\u00e1sok figyelembev\u00e9tel\u00e9vel tervezt\u00e9k. Ez lehet\u0151v\u00e9 teszi, hogy az \u00d6n munkast\u00edlus\u00e1nak legink\u00e1bb megfelel\u0151 megold\u00e1st v\u00e1lassza.   <\/p>\n\n<p>A pr\u00e9mium kollekci\u00f3 azok sz\u00e1m\u00e1ra k\u00e9sz\u00fclt, akik \u00e9rt\u00e9kelik a term\u00e9szetes anyagokat \u00e9s az eleg\u00e1ns megjelen\u00e9st. Az anyag t\u00falnyom\u00f3r\u00e9szt pamut, ami puhas\u00e1got \u00e9s l\u00e9g\u00e1tereszt\u0151 k\u00e9pess\u00e9get biztos\u00edt. A nylon \u00e9s lycra hozz\u00e1ad\u00e1sa biztos\u00edtja a tart\u00f3ss\u00e1got \u00e9s a rugalmass\u00e1got. Az ebbe a term\u00e9kcsal\u00e1dba tartoz\u00f3 k\u00f6t\u00e9nyek t\u00f6k\u00e9letesek olyan szalonok sz\u00e1m\u00e1ra, ahol a preszt\u00edzs \u00e9s az eg\u00e9sz napos k\u00e9nyelem sz\u00e1m\u00edt.   <\/p>\n\n<p>Az alapkollekci\u00f3t azok v\u00e1lasztj\u00e1k, akik a praktikumra \u00e9s a k\u00f6nny\u0171 \u00e1polhat\u00f3s\u00e1gra helyezik a hangs\u00falyt. A poli\u00e9szter, a viszk\u00f3z \u00e9s a lycra kombin\u00e1ci\u00f3j\u00e1nak k\u00f6sz\u00f6nhet\u0151en a sz\u00f6vet gy\u0171r\u0151d\u00e9s\u00e1ll\u00f3, gyorsan sz\u00e1rad\u00f3 \u00e9s kev\u00e9s karbantart\u00e1st ig\u00e9nyel. Ez a megold\u00e1s azok sz\u00e1m\u00e1ra, akik megb\u00edzhat\u00f3 ruh\u00e1zatot keresnek a dolgos munkanapokra.  <\/p>\n\n<p>Ha a poznani sz\u00e9ps\u00e9g\u00e1pol\u00e1si k\u00f6t\u00e9nyeket v\u00e1lasztja, sz\u00e1m\u00edthat:<\/p>\n\n<ul class=\"wp-block-list\">\n<li>Az egyes modellek gondos kivitelez\u00e9se,<\/li>\n\n\n\n<li>gyakorlati tesztek szakemberekkel,<\/li>\n\n\n\n<li>a k\u00fcl\u00f6nb\u00f6z\u0151 sziluetteknek megfelel\u0151 szab\u00e1sok sz\u00e9les v\u00e1laszt\u00e9ka,<\/li>\n\n\n\n<li>k\u00e9nyelmes viselet m\u00e9g a hossz\u00fa \u00f3r\u00e1kon \u00e1t tart\u00f3 kezel\u00e9s alatt is,<\/li>\n\n\n\n<li>olyan anyagok, amelyek hossz\u00fa t\u00e1von meg\u0151rzik tulajdons\u00e1gaikat \u00e9s eszt\u00e9tik\u00e1jukat.<\/li>\n<\/ul>\n\n<p>B\u00e1rmelyik kollekci\u00f3t is v\u00e1lasztja, biztos lehet benne, hogy olyan term\u00e9ket kap, amelyet a sz\u00e9ps\u00e9gipar val\u00f3di ig\u00e9nyeinek figyelembev\u00e9tel\u00e9vel terveztek.<\/p>\n\n<h2 class=\"wp-block-heading\">Hogyan \u00e1polja a kozmetikai k\u00f6t\u00e9nyt, hogy \u00e9vekig kitartson?<\/h2>\n\n<p>A munkaruh\u00e1zat megfelel\u0151 \u00e1pol\u00e1sa megk\u00f6nny\u00edti, hogy hossz\u00fa ideig meg\u0151rizze megjelen\u00e9s\u00e9t \u00e9s funkcionalit\u00e1s\u00e1t. Kozmetikai k\u00f6t\u00e9nyeink kiv\u00e1laszt\u00e1sakor \u00e9rdemes n\u00e9h\u00e1ny proste szab\u00e1lyt betartani. <\/p>\n\n<p>Javasoljuk, hogy hasonl\u00f3 sz\u00ednekkel legfeljebb 40\u00b0C-on mosson, a bal oldalon legfeljebb 110\u00b0C-on vasaljon, \u00e9s ker\u00fclje az er\u0151s mos\u00f3szereket \u00e9s a feh\u00e9r\u00edt\u0151t. A ruhadarabot ne sz\u00e1r\u00edtsa sz\u00e1r\u00edt\u00f3g\u00e9pben, illetve ne tiszt\u00edtsa sz\u00e1razra. Ezen tippek betart\u00e1s\u00e1val hossz\u00fa ideig \u00e9lvezheti a kiv\u00e1l\u00f3 min\u0151s\u00e9get.  <\/p>\n\n<h2 class=\"wp-block-heading\">Vigy\u00e1zzon az im\u00e1zs\u00e1ra &#8211; v\u00e1lassza a professzionalizmust \u00e9s a k\u00e9nyelmet!<\/h2>\n\n<p>A megalapozott munkaruhav\u00e1laszt\u00e1s befektet\u00e9s a k\u00e9nyelembe \u00e9s a preszt\u00edzsbe. A kozmetikai k\u00f6t\u00e9nyek Pozna\u0144ba t\u00f6rt\u00e9n\u0151 sz\u00e1ll\u00edt\u00e1ssal minden tekintetben kiemelkednek. Ezek lengyel gy\u00e1rt\u00e1sb\u00f3l sz\u00e1rmaz\u00f3 ruh\u00e1zati cikkek, amelyek min\u0151s\u00e9g\u00e9t minden szakaszban ellen\u0151rzik. Ezek a ruh\u00e1k kiz\u00e1r\u00f3lag bevizsg\u00e1lt anyagok felhaszn\u00e1l\u00e1s\u00e1val k\u00e9sz\u00fclnek, \u00e9s helyben \u00e9s online kaphat\u00f3k. A szem\u00e9lyre szab\u00e1si lehet\u0151s\u00e9g lehet\u0151v\u00e9 teszi, hogy megk\u00fcl\u00f6nb\u00f6ztesse szalonj\u00e1t a piacon, \u00e9s n\u00f6velje a m\u00e1rka elismerts\u00e9g\u00e9t.    <\/p>\n\n<p>Vegye fel vel\u00fcnk a kapcsolatot, l\u00e1togasson el \u00edr\u00f3szerboltunkba, vagy vegye ig\u00e9nybe online aj\u00e1nlatunkat. Az\u00e9rt vagyunk itt, hogy seg\u00edts\u00fcnk kiv\u00e1lasztani a legjobb megold\u00e1st minden sz\u00e9ps\u00e9gipari szakember sz\u00e1m\u00e1ra. <\/p>\n","protected":false},"excerpt":{"rendered":"<p>Egy szalon mindennapi m\u0171k\u00f6d\u00e9s\u00e9ben nemcsak a szakmais\u00e1g sz\u00e1m\u00edt, hanem az is, hogy a csapat hogyan mutatja meg mag\u00e1t. Az alkalmazottr\u00f3l alkotott k\u00e9p befoly\u00e1solja az eg\u00e9sz m\u00e1rka meg\u00edt\u00e9l\u00e9s\u00e9t &#8211; a j\u00f3l megv\u00e1lasztott \u00f6lt\u00f6z\u00e9k pedig bizalmat \u00e9p\u00edt \u00e9s hangs\u00falyozza a professzionalizmust. A Pozna\u0144ban kaphat\u00f3 kozmetikai k\u00f6t\u00e9nyek olyan emberek sz\u00e1m\u00e1ra jelentenek aj\u00e1nlatot, akik a k\u00e9nyelmet az eszt\u00e9tikummal szeretn\u00e9k [&hellip;]<\/p>\n","protected":false},"author":43705,"featured_media":0,"parent":0,"menu_order":0,"comment_status":"closed","ping_status":"closed","template":"","meta":{"_acf_changed":false,"inline_featured_image":false,"footnotes":""},"class_list":["post-624220","page","type-page","status-publish","hentry"],"acf":[],"_links":{"self":[{"href":"https:\/\/dev.medandbeauty.com\/hu\/wp-json\/wp\/v2\/pages\/624220","targetHints":{"allow":["GET"]}}],"collection":[{"href":"https:\/\/dev.medandbeauty.com\/hu\/wp-json\/wp\/v2\/pages"}],"about":[{"href":"https:\/\/dev.medandbeauty.com\/hu\/wp-json\/wp\/v2\/types\/page"}],"author":[{"embeddable":true,"href":"https:\/\/dev.medandbeauty.com\/hu\/wp-json\/wp\/v2\/users\/43705"}],"replies":[{"embeddable":true,"href":"https:\/\/dev.medandbeauty.com\/hu\/wp-json\/wp\/v2\/comments?post=624220"}],"version-history":[{"count":1,"href":"https:\/\/dev.medandbeauty.com\/hu\/wp-json\/wp\/v2\/pages\/624220\/revisions"}],"predecessor-version":[{"id":624223,"href":"https:\/\/dev.medandbeauty.com\/hu\/wp-json\/wp\/v2\/pages\/624220\/revisions\/624223"}],"wp:attachment":[{"href":"https:\/\/dev.medandbeauty.com\/hu\/wp-json\/wp\/v2\/media?parent=624220"}],"curies":[{"name":"wp","href":"https:\/\/api.w.org\/{rel}","templated":true}]}}