{"id":624206,"date":"2025-11-27T12:40:03","date_gmt":"2025-11-27T11:40:03","guid":{"rendered":"https:\/\/dev.medandbeauty.com\/orvosi-ruhazat-opole\/"},"modified":"2025-11-27T12:41:33","modified_gmt":"2025-11-27T11:41:33","slug":"orvosi-ruhazat-opole","status":"publish","type":"page","link":"https:\/\/dev.medandbeauty.com\/hu\/orvosi-ruhazat-opole\/","title":{"rendered":"Orvosi ruh\u00e1zat Opole"},"content":{"rendered":"\n<p>A megfelel\u0151 orvosi ruh\u00e1zat kiv\u00e1laszt\u00e1sa fontos d\u00f6nt\u00e9s, amely minden nap befoly\u00e1solja az \u00d6n k\u00e9nyelm\u00e9t \u00e9s k\u00e9nyelm\u00e9t. Opole-ban t\u00f6bb helyhez k\u00f6t\u00f6tt \u00fczlet is el\u00e9rhet\u0151 &#8211; de az online bolt az, amely a legnagyobb v\u00e1laszt\u00e1si szabads\u00e1got \u00e9s a v\u00e1s\u00e1rl\u00e1sok feletti teljes ellen\u0151rz\u00e9st biztos\u00edtja \u00d6nnek. K\u00e9nyelmes ruh\u00e1k sz\u00e9les v\u00e1laszt\u00e9k\u00e1t k\u00edn\u00e1ljuk, amelyeket otthonr\u00f3l val\u00f3 kil\u00e9p\u00e9s n\u00e9lk\u00fcl is megrendelhet. Minden term\u00e9k r\u00e9szletes le\u00edr\u00e1st tartalmaz, a fot\u00f3k pedig a ruh\u00e1k t\u00e9nyleges megjelen\u00e9s\u00e9t \u00e9s sz\u00edneit t\u00fckr\u00f6zik.   <\/p>\n\n<p>Az online v\u00e1s\u00e1rl\u00e1s lehet\u0151v\u00e9 teszi, hogy nyugodtan \u00f6sszehasonl\u00edtsa a k\u00fcl\u00f6nb\u00f6z\u0151 modelleket, sz\u00edneket \u00e9s m\u00e9reteket. A weboldalon k\u00e9nyelmes sz\u0171r\u0151ket haszn\u00e1lhat, amelyek megk\u00f6nny\u00edtik a t\u00f6k\u00e9letes term\u00e9k megtal\u00e1l\u00e1s\u00e1t. A megrendel\u00e9sek feldolgoz\u00e1sa gyorsan t\u00f6rt\u00e9nik, \u00edgy biztos\u00edtva, hogy csomagja a lehet\u0151 legr\u00f6videbb id\u0151n bel\u00fcl meg\u00e9rkezzen \u00d6nh\u00f6z. A kisz\u00e1ll\u00edt\u00e1s Opole eg\u00e9sz ter\u00fclet\u00e9re \u00e9s k\u00f6rny\u00e9k\u00e9re kiterjed, a nagyobb rendel\u00e9sek eset\u00e9ben pedig ingyenes sz\u00e1ll\u00edt\u00e1sra sz\u00e1m\u00edthat. Ha k\u00e9rd\u00e9se van, vagy tan\u00e1csra van sz\u00fcks\u00e9ge, csapatunk a v\u00e1s\u00e1rl\u00e1s minden szakasz\u00e1ban k\u00e9szs\u00e9ggel \u00e1ll rendelkez\u00e9s\u00e9re &#8211; a term\u00e9k kiv\u00e1laszt\u00e1s\u00e1t\u00f3l a megrendel\u00e9s v\u00e9gleges\u00edt\u00e9s\u00e9ig.    <\/p>\n\n<h2 class=\"wp-block-heading\">Orvosi ruhagy\u0171jtem\u00e9nyek &#8211; mi a k\u00fcl\u00f6nbs\u00e9g a pr\u00e9mium \u00e9s az alap k\u00f6z\u00f6tt?<\/h2>\n\n<p>K\u00e9t egyed\u00fcl\u00e1ll\u00f3 term\u00e9kcsal\u00e1dot fejlesztett\u00fcnk ki. Ez lehet\u0151v\u00e9 teszi, hogy a ruh\u00e1zatot t\u00f6k\u00e9letesen az \u00d6n ig\u00e9nyeihez, munk\u00e1j\u00e1nak jelleg\u00e9hez \u00e9s preferenci\u00e1ihoz igaz\u00edtsa. Ha <strong>orvosi ruh\u00e1zatot<\/strong> v\u00e1s\u00e1rol <strong>Opole-ba t\u00f6rt\u00e9n\u0151 sz\u00e1ll\u00edt\u00e1ssal,<\/strong> k\u00e9t kollekci\u00f3 k\u00f6z\u00fcl v\u00e1laszthat:  <\/p>\n\n<ul class=\"wp-block-list\">\n<li><strong>Pr\u00e9mium &#8211;<\/strong> a legig\u00e9nyesebb szakemberek sz\u00e1m\u00e1ra <strong>k\u00e9sz\u00fclt<\/strong>. Kiv\u00e1l\u00f3 min\u0151s\u00e9g\u0171 pamut, nejlon \u00e9s lycra kever\u00e9ke. Ide\u00e1lis v\u00e1laszt\u00e1s azok sz\u00e1m\u00e1ra, akik \u00e9rt\u00e9kelik a term\u00e9szetes anyagokat, a kiv\u00e9teles l\u00e9g\u00e1tereszt\u0151 k\u00e9pess\u00e9get \u00e9s a p\u00e1ratlan k\u00e9nyelmet, amikor a munkanap sor\u00e1n viselik.  <\/li>\n\n\n\n<li><strong>Basic &#8211;<\/strong> poli\u00e9szter, viszk\u00f3z \u00e9s lycra innovat\u00edv kombin\u00e1ci\u00f3j\u00e1n <strong>alapul<\/strong>. Kiv\u00e1l\u00f3 tart\u00f3ss\u00e1got, gy\u0171r\u0151d\u00e9s\u00e1ll\u00f3s\u00e1got \u00e9s k\u00f6nny\u0171 \u00e1pol\u00e1st garant\u00e1l. Praktikus megold\u00e1s, amely nagyon vonz\u00f3 \u00e1ron meg\u0151rzi a nagyszer\u0171 megjelen\u00e9st \u00e9s funkcionalit\u00e1st.  <\/li>\n<\/ul>\n\n<h2 class=\"wp-block-heading\">Anyag\u00f6sszet\u00e9tel \u00e9s \u00e1pol\u00e1s &#8211; hogyan kell \u00e1polni az orvosi ruh\u00e1zatot?<\/h2>\n\n<p>Ruh\u00e1ink titka a technol\u00f3giailag fejlett sz\u00f6vetekben rejlik. Gondosan kiv\u00e1lasztott \u00f6sszet\u00e9tel\u0171 anyagok, p\u00e9ld\u00e1ul pamut, poli\u00e9szter, nejlon, viszk\u00f3z \u00e9s lycra kever\u00e9keinek haszn\u00e1lat\u00e1val olyan ruh\u00e1kat tudunk k\u00e9sz\u00edteni, amelyek szinte t\u00f6k\u00e9letesek. <\/p>\n\n<p>A pamut \u00e9s a viszk\u00f3z felel\u0151s a puhas\u00e1g\u00e9rt \u00e9s a l\u00e9g\u00e1tereszt\u0151 k\u00e9pess\u00e9g\u00e9rt. A poli\u00e9szter \u00e9s a nejlon viszont n\u00f6veli a tart\u00f3ss\u00e1got \u00e9s megk\u00f6nny\u00edti a ruhadarab \u00e1pol\u00e1s\u00e1t. Annak \u00e9rdek\u00e9ben, hogy egyenruh\u00e1ja min\u00e9l hosszabb ideig kifog\u00e1stalan \u00e1llapotban szolg\u00e1lja \u00d6nt, mindig k\u00f6vesse az \u00e1pol\u00e1si c\u00edmk\u00e9n tal\u00e1lhat\u00f3 \u00e1pol\u00e1si utas\u00edt\u00e1sokat. Ez biztos\u00edtja, hogy az anyag sz\u00edn\u00e9nek intenzit\u00e1sa, alakja \u00e9s tulajdons\u00e1gai megmaradjanak. Emellett ne haszn\u00e1ljon er\u0151s mos\u00f3szereket, \u00e9s ker\u00fclje a sz\u00e1r\u00edt\u00f3g\u00e9pes sz\u00e1r\u00edt\u00e1st.    <\/p>\n\n<h2 class=\"wp-block-heading\">Mi\u00e9rt v\u00e1lassza orvosi ruh\u00e1zatunkat? Min\u0151s\u00e9g, tesztel\u00e9s \u00e9s lengyel gy\u00e1rt\u00e1s <\/h2>\n\n<p>\u00dcgyfeleink bizalm\u00e1t szil\u00e1rd alapokra \u00e9p\u00edtj\u00fck. Ami megk\u00fcl\u00f6nb\u00f6ztet benn\u00fcnket a piacon, az a kompromisszumok n\u00e9lk\u00fcli min\u0151s\u00e9gi megk\u00f6zel\u00edt\u00e9s\u00fcnk, amely t\u00f6bb pill\u00e9ren nyugszik: <\/p>\n\n<ul class=\"wp-block-list\">\n<li><strong>Lengyel gy\u00e1rt\u00e1s &#8211; minden<\/strong> ruh\u00e1nkat Lengyelorsz\u00e1gban tervezz\u00fck \u00e9s varrjuk. Ez teljes ellen\u0151rz\u00e9st biztos\u00edt sz\u00e1munkra a gy\u00e1rt\u00e1s minden f\u00e1zisa felett, \u00e9s seg\u00edt a legapr\u00f3bb r\u00e9szletekre is odafigyelni, <\/li>\n\n\n\n<li><strong>szakemberek \u00e1ltal tesztelve &#8211; miel\u0151tt<\/strong> egy \u00faj kollekci\u00f3t forgalomba hozn\u00e1nak, az egy sor gyakorlati tesztnek vetik al\u00e1. Orvosokkal, \u00e1pol\u00f3kkal, orvostanhallgat\u00f3kkal \u00e9s kozmetikusokkal dolgozunk egy\u00fctt, akiknek v\u00e9lem\u00e9nye \u00e9s javaslatai kulcsfontoss\u00e1g\u00faak sz\u00e1munkra a kreat\u00edv folyamat sor\u00e1n, <\/li>\n\n\n\n<li><strong>bizony\u00edtottan k\u00fcl\u00f6nleges tulajdons\u00e1gokkal rendelkez\u0151 anyagok &#8211;<\/strong> csak olyan, bizony\u00edtottan megb\u00edzhat\u00f3 besz\u00e1ll\u00edt\u00f3kt\u00f3l sz\u00e1rmaz\u00f3 anyagokat <strong>haszn\u00e1lunk<\/strong>, amelyek biztons\u00e1gosak a b\u0151rre, tart\u00f3sak \u00e9s maxim\u00e1lis k\u00e9nyelmet biztos\u00edtanak.<\/li>\n<\/ul>\n\n<h2 class=\"wp-block-heading\">Orvosi ruh\u00e1zat rendel\u00e9se Opole-ban &#8211; gyors sz\u00e1ll\u00edt\u00e1s \u00e9s t\u00e1mogat\u00e1s<\/h2>\n\n<p>Az orvosi ruh\u00e1zat rendel\u00e9s\u00e9nek nem kell bonyolultnak vagy id\u0151ig\u00e9nyesnek lennie! Mind\u00f6ssze n\u00e9h\u00e1ny kattint\u00e1sra van sz\u00fcks\u00e9g a megfelel\u0151 modell, m\u00e9ret \u00e9s sz\u00edn kiv\u00e1laszt\u00e1s\u00e1hoz &#8211; a t\u00f6bbir\u0151l pedig mi gondoskodunk. Minden megrendel\u00e9st egyedileg kezel\u00fcnk, \u00e9s gondoskodunk arr\u00f3l, hogy az gyorsan \u00e9s biztons\u00e1gosan meg\u00e9rkezzen. Csapatunk mindig k\u00e9szs\u00e9ggel v\u00e1laszol k\u00e9rd\u00e9seire, \u00e9s seg\u00edt kiv\u00e1lasztani a legjobb megold\u00e1st.   <\/p>\n\n<p>A v\u00e1s\u00e1rl\u00e1s minden szakasz\u00e1ban t\u00e1mogatjuk \u00d6nt &#8211; a kezdeti kapcsolatfelv\u00e9telt\u0151l \u00e9s tan\u00e1csad\u00e1st\u00f3l kezdve a megrendel\u00e9s feldolgoz\u00e1s\u00e1n \u00e1t az \u00e9rt\u00e9kes\u00edt\u00e9s ut\u00e1ni szervizig. Ha b\u00e1rmilyen k\u00e9ts\u00e9g mer\u00fclne fel, sz\u00e1m\u00edthat seg\u00edts\u00e9g\u00fcnkre \u00e9s rugalmas hozz\u00e1\u00e1ll\u00e1sunkra. Egy\u00e9rtelm\u0171 visszak\u00fcld\u00e9si \u00e9s cserepolitik\u00e1t k\u00edn\u00e1lunk, \u00edgy v\u00e1s\u00e1rl\u00e1si \u00e9lm\u00e9nye teljesen biztons\u00e1gos.  <\/p>\n\n<p>Ne halogassa a d\u00f6nt\u00e9s\u00e9t, hogy jav\u00edtsa a munkahelyi komfort\u00e9rzet\u00e9t. Tekintse meg orvosi ruh\u00e1zati k\u00edn\u00e1latunkat, v\u00e1lassza ki az ig\u00e9nyeinek megfelel\u0151 term\u00e9keket, \u00e9s rendelje meg \u0151ket Opole-ba sz\u00e1ll\u00edt\u00e1ssal. Gondoskodjon szakmai im\u00e1zs\u00e1r\u00f3l \u00e9s k\u00e9nyelm\u00e9r\u0151l minden nap &#8211; ez egy olyan befektet\u00e9s, amely gyorsan megt\u00e9r\u00fcl!  <\/p>\n","protected":false},"excerpt":{"rendered":"<p>A megfelel\u0151 orvosi ruh\u00e1zat kiv\u00e1laszt\u00e1sa fontos d\u00f6nt\u00e9s, amely minden nap befoly\u00e1solja az \u00d6n k\u00e9nyelm\u00e9t \u00e9s k\u00e9nyelm\u00e9t. Opole-ban t\u00f6bb helyhez k\u00f6t\u00f6tt \u00fczlet is el\u00e9rhet\u0151 &#8211; de az online bolt az, amely a legnagyobb v\u00e1laszt\u00e1si szabads\u00e1got \u00e9s a v\u00e1s\u00e1rl\u00e1sok feletti teljes ellen\u0151rz\u00e9st biztos\u00edtja \u00d6nnek. K\u00e9nyelmes ruh\u00e1k sz\u00e9les v\u00e1laszt\u00e9k\u00e1t k\u00edn\u00e1ljuk, amelyeket otthonr\u00f3l val\u00f3 kil\u00e9p\u00e9s n\u00e9lk\u00fcl is megrendelhet. Minden [&hellip;]<\/p>\n","protected":false},"author":43705,"featured_media":0,"parent":0,"menu_order":0,"comment_status":"closed","ping_status":"closed","template":"","meta":{"_acf_changed":false,"inline_featured_image":false,"footnotes":""},"class_list":["post-624206","page","type-page","status-publish","hentry"],"acf":[],"_links":{"self":[{"href":"https:\/\/dev.medandbeauty.com\/hu\/wp-json\/wp\/v2\/pages\/624206","targetHints":{"allow":["GET"]}}],"collection":[{"href":"https:\/\/dev.medandbeauty.com\/hu\/wp-json\/wp\/v2\/pages"}],"about":[{"href":"https:\/\/dev.medandbeauty.com\/hu\/wp-json\/wp\/v2\/types\/page"}],"author":[{"embeddable":true,"href":"https:\/\/dev.medandbeauty.com\/hu\/wp-json\/wp\/v2\/users\/43705"}],"replies":[{"embeddable":true,"href":"https:\/\/dev.medandbeauty.com\/hu\/wp-json\/wp\/v2\/comments?post=624206"}],"version-history":[{"count":1,"href":"https:\/\/dev.medandbeauty.com\/hu\/wp-json\/wp\/v2\/pages\/624206\/revisions"}],"predecessor-version":[{"id":624209,"href":"https:\/\/dev.medandbeauty.com\/hu\/wp-json\/wp\/v2\/pages\/624206\/revisions\/624209"}],"wp:attachment":[{"href":"https:\/\/dev.medandbeauty.com\/hu\/wp-json\/wp\/v2\/media?parent=624206"}],"curies":[{"name":"wp","href":"https:\/\/api.w.org\/{rel}","templated":true}]}}