{"id":624175,"date":"2025-11-27T12:38:24","date_gmt":"2025-11-27T11:38:24","guid":{"rendered":"https:\/\/dev.medandbeauty.com\/orvosi-ruhazat-torun\/"},"modified":"2025-11-27T12:39:41","modified_gmt":"2025-11-27T11:39:41","slug":"orvosi-ruhazat-torun","status":"publish","type":"page","link":"https:\/\/dev.medandbeauty.com\/hu\/orvosi-ruhazat-torun\/","title":{"rendered":"Orvosi ruh\u00e1zat Toru\u0144"},"content":{"rendered":"\n<p>K\u00edv\u00e1ncsi, hogy hol a legk\u00e9nyelmesebb min\u0151s\u00e9gi egyenruh\u00e1kat beszerezni? B\u00e1r Toru\u0144ban m\u00e9g nem rendelkez\u00fcnk helyhez k\u00f6t\u00f6tt \u00fczlethelyis\u00e9ggel, web\u00e1ruh\u00e1zunk a v\u00e1lasz az \u00d6n ig\u00e9nyeire. <strong>Az orvosi ruh\u00e1zat<\/strong> gyors \u00e9s probl\u00e9mamentes sz\u00e1ll\u00edt\u00e1s\u00e1t k\u00edn\u00e1ljuk <strong>egyenesen Toru\u0144ba.<\/strong> Mi\u00e9rt a Med&amp;Beauty online v\u00e1s\u00e1rl\u00e1sa a legjobb megold\u00e1s?   <\/p>\n\n<ul class=\"wp-block-list\">\n<li><strong>K\u00e9nyelem \u00e9s id\u0151megtakar\u00edt\u00e1s &#8211; rendeljen<\/strong> an\u00e9lk\u00fcl, hogy elhagyn\u00e1 otthon\u00e1t, b\u00e1rmikor. Weboldalunk intuit\u00edv, a v\u00e1s\u00e1rl\u00e1si folyamat pedig gyors \u00e9s proste. <\/li>\n\n\n\n<li><strong>Sz\u00e9les v\u00e1laszt\u00e9k &#8211; hozz\u00e1f\u00e9rhet<\/strong> a teljes k\u00edn\u00e1lathoz, bele\u00e9rtve a leg\u00fajabb kollekci\u00f3kat, sz\u00edneket \u00e9s minden m\u00e9retet.<\/li>\n\n\n\n<li><strong>Gyors \u00e1tfut\u00e1si id\u0151 &#8211; a<\/strong> Toru\u0144ba \u00e9rkez\u0151 megrendel\u00e9seket pillanatok alatt feldolgozzuk, hogy \u00d6n min\u00e9l hamarabb \u00e9lvezhesse \u00faj, k\u00e9nyelmes ruh\u00e1j\u00e1t.<\/li>\n\n\n\n<li><strong>Lengyel m\u00e1rka t\u00e1mogat\u00e1sa &#8211; minden<\/strong> ruhadarabunkat Lengyelorsz\u00e1gban tervezz\u00fck \u00e9s varrjuk, ami garant\u00e1lja a legmagasabb min\u0151s\u00e9g\u0171 kivitelez\u00e9st.<\/li>\n<\/ul>\n\n<h2 class=\"wp-block-heading\">Milyen t\u00edpus\u00fa orvosi ruh\u00e1kat k\u00edn\u00e1lunk Torunba sz\u00e1ll\u00edt\u00e1ssal?<\/h2>\n\n<p>K\u00edn\u00e1latunkat \u00fagy tervezt\u00fck, hogy megfeleljen az eg\u00e9szs\u00e9g\u00fcgyi szem\u00e9lyzet k\u00fcl\u00f6nb\u00f6z\u0151 ig\u00e9nyeinek. B\u00e1rmilyen szakter\u00fcleten is dolgozik, n\u00e1lunk megtal\u00e1lja az \u00d6n ig\u00e9nyeihez t\u00f6k\u00e9letesen illeszked\u0151 ruh\u00e1zatot. Sz\u00e9les v\u00e1laszt\u00e9kot k\u00edn\u00e1lunk, amely a k\u00f6vetkez\u0151ket tartalmazza:  <\/p>\n\n<ul class=\"wp-block-list\">\n<li><strong>orvosi bl\u00fazok &#8211;<\/strong> klasszikus \u00e9s modern szab\u00e1s\u00faak egyar\u00e1nt,<\/li>\n\n\n\n<li><strong>orvosi nadr\u00e1gok &#8211;<\/strong> kocog\u00f3nadr\u00e1gok, prost\u00e9 \u00e9s sz\u00e9les sz\u00e1r\u00faak a mozg\u00e1sszabads\u00e1g \u00e9rdek\u00e9ben,<\/li>\n\n\n\n<li><strong>K\u00f6t\u00e9nyek \u00e9s orvosi k\u00f6penyek &#8211;<\/strong> eleg\u00e1ns \u00e9s praktikus mindennapi megold\u00e1s,<\/li>\n\n\n\n<li><strong>orvosi szettek (m\u0171t\u0151sruha) &#8211; k\u00e9sz<\/strong> szettek kedvez\u0151 \u00e1ron,<\/li>\n\n\n\n<li><strong>tunik\u00e1k \u00e9s orvosi kab\u00e1tok.<\/strong><\/li>\n<\/ul>\n\n<p>Minden modell sz\u00e9les sz\u00edn- \u00e9s m\u00e9retv\u00e1laszt\u00e9kban kaphat\u00f3. Ez megk\u00f6nny\u00edti a t\u00f6k\u00e9letes egyenruha \u00f6ssze\u00e1ll\u00edt\u00e1s\u00e1t. <\/p>\n\n<h2 class=\"wp-block-heading\">Pr\u00e9mium \u00e9s alapkollekci\u00f3k &#8211; mi a k\u00fcl\u00f6nbs\u00e9g?<\/h2>\n\n<p>Az orvosi ruh\u00e1zat kiv\u00e1laszt\u00e1sakor nemcsak a k\u00e9nyelemre, hanem a j\u00f3 \u00e1r-\u00e9rt\u00e9k ar\u00e1nyra is figyel\u00fcnk. Szeretn\u00e9nk v\u00e1laszt\u00e1si lehet\u0151s\u00e9get adni \u00d6nnek &#8211; ez\u00e9rt hoztunk l\u00e9tre k\u00e9t term\u00e9kcsal\u00e1dot, amelyek megfelelnek a k\u00fcl\u00f6nb\u00f6z\u0151 ig\u00e9nyeknek \u00e9s preferenci\u00e1knak. <\/p>\n\n<ul class=\"wp-block-list\">\n<li><strong>Basic kollekci\u00f3 &#8211; <\/strong>poli\u00e9szter, viszk\u00f3z \u00e9s lycra kever\u00e9k\u00e9b\u0151l <strong>varrva <\/strong>. Rendk\u00edv\u00fcl puha, l\u00e9g\u00e1tereszt\u0151 \u00e9s gy\u0171r\u0151d\u00e9s\u00e1ll\u00f3, \u00edgy a mindennapi \u00e1pol\u00e1st megk\u00f6nny\u00edti. Kiv\u00e1l\u00f3 v\u00e1laszt\u00e1s azoknak, akiknek fontos a k\u00e9nyelem \u00e9s a praktikum megfizethet\u0151 \u00e1ron.  <\/li>\n\n\n\n<li><strong>Pr\u00e9mium kollekci\u00f3 &#8211;<\/strong> pamut, nejlon \u00e9s lycra kombin\u00e1ci\u00f3j\u00e1b\u00f3l <strong>k\u00e9sz\u00fclt<\/strong>. Kiv\u00e9teles tart\u00f3ss\u00e1got, kiv\u00e1l\u00f3 l\u00e9g\u00e1raml\u00e1st \u00e9s eleg\u00e1ns sz\u00f6vetmegjelen\u00e9st garant\u00e1l hossz\u00fa id\u0151re. Befektet\u00e9s a kompromisszumok n\u00e9lk\u00fcli min\u0151s\u00e9gbe \u00e9s a legmagasabb szint\u0171 k\u00e9nyelembe.  <\/li>\n<\/ul>\n\n<p>Mindk\u00e9t kollekci\u00f3t orvosok \u00e9s eg\u00e9szs\u00e9g\u00fcgyi szem\u00e9lyzet gyakorlati teszteknek vetett\u00e9k al\u00e1, amelyek meger\u0151s\u00edtett\u00e9k a mindennapi munk\u00e1ban val\u00f3 m\u0171k\u00f6d\u0151k\u00e9pess\u00e9g\u00fcket.<\/p>\n\n<h2 class=\"wp-block-heading\">Hogyan kell vigy\u00e1znia orvosi ruh\u00e1zat\u00e1ra, hogy az a lehet\u0151 leghosszabb ideig szolg\u00e1lja \u00d6nt?<\/h2>\n\n<p>A j\u00f3 min\u0151s\u00e9g\u0171 ruhadarabokba val\u00f3 befektet\u00e9s egy dolog &#8211; a megfelel\u0151 gondoz\u00e1s pedig egy m\u00e1sik. Annak \u00e9rdek\u00e9ben, hogy egyenruh\u00e1i hossz\u00fa ideig meg\u0151rizz\u00e9k sz\u00edn\u00fcket, szab\u00e1sukat \u00e9s tulajdons\u00e1gaikat, k\u00f6vesse a gy\u00e1rt\u00f3 aj\u00e1nl\u00e1sait. Mindig ellen\u0151rizze a c\u00edmk\u00e9n tal\u00e1lhat\u00f3 utas\u00edt\u00e1sokat. Anyagainkat \u00fagy v\u00e1lasztottuk ki, hogy a mos\u00e1s \u00e9s a karbantart\u00e1s egyszer\u0171 legyen &#8211; de a megfelel\u0151 h\u0151m\u00e9rs\u00e9kleten t\u00f6rt\u00e9n\u0151 mos\u00e1s \u00e9s az er\u0151s mos\u00f3szerek ker\u00fcl\u00e9se jelent\u0151sen meghosszabb\u00edtja a ruhadarabok \u00e9lettartam\u00e1t.   <\/p>\n\n<h2 class=\"wp-block-heading\">Mi\u00e9rt v\u00e1lassza a Med&amp;Beauty ruh\u00e1zatot Toru\u0144ban?<\/h2>\n\n<p>Mi egy olyan m\u00e1rka vagyunk, amely szenved\u00e9lyb\u0151l \u00e9s az orvosi ipar ig\u00e9nyeinek meg\u00e9rt\u00e9s\u00e9b\u0151l sz\u00fcletett. Ha minket v\u00e1laszt, akkor a k\u00f6vetkez\u0151kre fogad: <\/p>\n\n<ul class=\"wp-block-list\">\n<li><strong>Lengyel gy\u00e1rt\u00e1s &#8211;<\/strong> a tervez\u00e9st\u0151l a v\u00e9gs\u0151 varr\u00e1sig minden szakaszban teljes min\u0151s\u00e9gellen\u0151rz\u00e9st <strong>v\u00e9gz\u00fcnk<\/strong>,<\/li>\n\n\n\n<li><strong>tesztelt anyagok &#8211; anyagaink<\/strong> l\u00e9g\u00e1tereszt\u0151ek, tart\u00f3sak \u00e9s eg\u00e9sz nap k\u00e9nyelmesek,<\/li>\n\n\n\n<li><strong>modern diz\u00e1jn &#8211;<\/strong> a funkcionalit\u00e1st divatos szab\u00e1sokkal <strong>kombin\u00e1ljuk<\/strong>, hogy \u00d6n profinak \u00e9rezze mag\u00e1t a munkahely\u00e9n, \u00e9s \u00fagy is n\u00e9zzen ki,<\/li>\n\n\n\n<li><strong>a szakemberek bizalma &#8211; kollekci\u00f3inkat<\/strong> orvosok, \u00e1pol\u00f3k, kozmetikusok \u00e9s orvostanhallgat\u00f3k tesztelt\u00e9k \u00e9s \u00e9rt\u00e9kelik.<\/li>\n<\/ul>\n\n<p>Ne pazarolja az idej\u00e9t a keresg\u00e9l\u00e9sre &#8211; a Toru\u0144 legjobb professzion\u00e1lis ruh\u00e1i m\u00e1ris az \u00d6n rendelkez\u00e9s\u00e9re \u00e1llnak. Haszn\u00e1lja ki az online v\u00e1s\u00e1rl\u00e1s k\u00e9nyelm\u00e9t, \u00e9s csatlakozzon az el\u00e9gedett v\u00e1s\u00e1rl\u00f3k csoportj\u00e1hoz, akik b\u00edznak a Med&amp;Beauty min\u0151s\u00e9g\u00e9ben. N\u00e9zze meg k\u00edn\u00e1latunkat, \u00e9s v\u00e1lassza ki az \u00d6n ig\u00e9nyeinek megfelel\u0151 orvosi ruh\u00e1zatot!  <\/p>\n","protected":false},"excerpt":{"rendered":"<p>K\u00edv\u00e1ncsi, hogy hol a legk\u00e9nyelmesebb min\u0151s\u00e9gi egyenruh\u00e1kat beszerezni? B\u00e1r Toru\u0144ban m\u00e9g nem rendelkez\u00fcnk helyhez k\u00f6t\u00f6tt \u00fczlethelyis\u00e9ggel, web\u00e1ruh\u00e1zunk a v\u00e1lasz az \u00d6n ig\u00e9nyeire. Az orvosi ruh\u00e1zat gyors \u00e9s probl\u00e9mamentes sz\u00e1ll\u00edt\u00e1s\u00e1t k\u00edn\u00e1ljuk egyenesen Toru\u0144ba. Mi\u00e9rt a Med&amp;Beauty online v\u00e1s\u00e1rl\u00e1sa a legjobb megold\u00e1s? Milyen t\u00edpus\u00fa orvosi ruh\u00e1kat k\u00edn\u00e1lunk Torunba sz\u00e1ll\u00edt\u00e1ssal? K\u00edn\u00e1latunkat \u00fagy tervezt\u00fck, hogy megfeleljen az eg\u00e9szs\u00e9g\u00fcgyi szem\u00e9lyzet [&hellip;]<\/p>\n","protected":false},"author":43705,"featured_media":0,"parent":0,"menu_order":0,"comment_status":"closed","ping_status":"closed","template":"","meta":{"_acf_changed":false,"inline_featured_image":false,"footnotes":""},"class_list":["post-624175","page","type-page","status-publish","hentry"],"acf":[],"_links":{"self":[{"href":"https:\/\/dev.medandbeauty.com\/hu\/wp-json\/wp\/v2\/pages\/624175","targetHints":{"allow":["GET"]}}],"collection":[{"href":"https:\/\/dev.medandbeauty.com\/hu\/wp-json\/wp\/v2\/pages"}],"about":[{"href":"https:\/\/dev.medandbeauty.com\/hu\/wp-json\/wp\/v2\/types\/page"}],"author":[{"embeddable":true,"href":"https:\/\/dev.medandbeauty.com\/hu\/wp-json\/wp\/v2\/users\/43705"}],"replies":[{"embeddable":true,"href":"https:\/\/dev.medandbeauty.com\/hu\/wp-json\/wp\/v2\/comments?post=624175"}],"version-history":[{"count":1,"href":"https:\/\/dev.medandbeauty.com\/hu\/wp-json\/wp\/v2\/pages\/624175\/revisions"}],"predecessor-version":[{"id":624177,"href":"https:\/\/dev.medandbeauty.com\/hu\/wp-json\/wp\/v2\/pages\/624175\/revisions\/624177"}],"wp:attachment":[{"href":"https:\/\/dev.medandbeauty.com\/hu\/wp-json\/wp\/v2\/media?parent=624175"}],"curies":[{"name":"wp","href":"https:\/\/api.w.org\/{rel}","templated":true}]}}