{"id":624163,"date":"2025-11-27T12:37:39","date_gmt":"2025-11-27T11:37:39","guid":{"rendered":"https:\/\/dev.medandbeauty.com\/orvosi-ruhazat-bialystok\/"},"modified":"2025-11-27T12:38:54","modified_gmt":"2025-11-27T11:38:54","slug":"orvosi-ruhazat-bialystok","status":"publish","type":"page","link":"https:\/\/dev.medandbeauty.com\/hu\/orvosi-ruhazat-bialystok\/","title":{"rendered":"Orvosi ruh\u00e1zat Bialystok"},"content":{"rendered":"\n<p>Az \u00d6n k\u00e9nyelme \u00e9s el\u00e9gedetts\u00e9ge szempontj\u00e1b\u00f3l kiemelked\u0151 fontoss\u00e1g\u00fa a megfelel\u0151 <strong>orvosi ruh\u00e1zat<\/strong> kiv\u00e1laszt\u00e1sa <strong>Bialystokba t\u00f6rt\u00e9n\u0151 sz\u00e1ll\u00edt\u00e1ssal<\/strong>. Web\u00e1ruh\u00e1zunkban sz\u00e9les term\u00e9kv\u00e1laszt\u00e9kra sz\u00e1m\u00edthat, amelyet folyamatosan friss\u00edt\u00fcnk az ipar\u00e1g leg\u00fajabb trendjeinek \u00e9s ig\u00e9nyeinek megfelel\u0151en. Minden online el\u00e9rhet\u0151 term\u00e9k r\u00e9szletes le\u00edr\u00e1st kapott, a fot\u00f3k pedig a t\u00e9nyleges megjelen\u00e9st \u00e9s sz\u00edneket t\u00fckr\u00f6zik. Ez jelent\u0151sen megk\u00f6nny\u00edti az \u00d6n sz\u00e1m\u00e1ra a d\u00f6nt\u00e9st, an\u00e9lk\u00fcl, hogy elhagyn\u00e1 otthon\u00e1t.   <\/p>\n\n<p>A rendel\u00e9si folyamat gyors \u00e9s intuit\u00edv. A megfelel\u0151 modell, m\u00e9ret \u00e9s sz\u00edn kiv\u00e1laszt\u00e1sa mind\u00f6ssze n\u00e9h\u00e1ny kattint\u00e1st ig\u00e9nyel. Ezzel id\u0151t takar\u00edthat meg, amelyet pihen\u00e9sre vagy szakmai fejl\u0151d\u00e9sre ford\u00edthat. Mivel k\u00f6zvetlen\u00fcl a gy\u00e1rt\u00f3t\u00f3l rendel, biztos lehet benne, hogy kiv\u00e1l\u00f3 min\u0151s\u00e9g\u0171 term\u00e9ket kap. Minden sz\u00e1ll\u00edtm\u00e1nyt gondosan el\u0151k\u00e9sz\u00edt\u00fcnk \u00e9s v\u00e9d\u00fcnk a sz\u00e1ll\u00edt\u00e1shoz.    <\/p>\n\n<h2 class=\"wp-block-heading\">Milyen t\u00edpus\u00fa orvosi ruh\u00e1kat k\u00edn\u00e1lunk Bialystokba sz\u00e1ll\u00edt\u00e1ssal?<\/h2>\n\n<p>K\u00edn\u00e1latunkat \u00fagy tervezt\u00fck, hogy megfeleljen az eg\u00e9szs\u00e9g\u00fcgyi szakemberek k\u00fcl\u00f6nb\u00f6z\u0151 ig\u00e9nyeinek. Ak\u00e1r klasszikus egyenruh\u00e1t, ak\u00e1r modern szettet keres, n\u00e1lunk megtal\u00e1lja, amire sz\u00fcks\u00e9ge van: <\/p>\n\n<ul class=\"wp-block-list\">\n<li><strong>orvosi bl\u00fazok &#8211;<\/strong> t\u00f6bbf\u00e9le szab\u00e1sban \u00e9s sz\u00ednben <strong>kaphat\u00f3k<\/strong> a k\u00e9nyelem \u00e9s a professzion\u00e1lis megjelen\u00e9s \u00e9rdek\u00e9ben,<\/li>\n\n\n\n<li><strong>orvosi nadr\u00e1g &#8211; rugalmas<\/strong> \u00e9s k\u00e9nyelmes, t\u00f6k\u00e9letes illeszked\u00e9ssel,<\/li>\n\n\n\n<li><strong>m\u0171t\u0151sruh\u00e1k \u00e9s orvosi szettek &#8211; k\u00e9sz<\/strong> szettek, amelyek a funkcionalit\u00e1st egys\u00e9ges, eszt\u00e9tikus megjelen\u00e9ssel \u00f6tv\u00f6zik,<\/li>\n\n\n\n<li><strong>k\u00f6t\u00e9nyek \u00e9s orvosi ruh\u00e1k &#8211; eleg\u00e1ns<\/strong> \u00e9s praktikus megold\u00e1sok olyan h\u00f6lgyek sz\u00e1m\u00e1ra, akiknek fontos a st\u00edlus \u00e9s a k\u00e9nyelem.<\/li>\n<\/ul>\n\n<p>K\u00e9t f\u0151 term\u00e9kcsal\u00e1dot k\u00edn\u00e1lunk. Az els\u0151 a pr\u00e9mium kollekci\u00f3 (pamut, nejlon \u00e9s lycra kever\u00e9ke) &#8211; t\u00f6k\u00e9letes v\u00e1laszt\u00e1s azoknak, akik \u00e9rt\u00e9kelik a luxus puhas\u00e1got \u00e9s tart\u00f3ss\u00e1got. A basic kollekci\u00f3 (poli\u00e9szter, viszk\u00f3z, lycra) viszont a praktikum \u00e9s a mindennapi k\u00e9nyelem szinonim\u00e1ja.  <\/p>\n\n<h2 class=\"wp-block-heading\">Anyag\u00f6sszet\u00e9tel \u00e9s \u00e1pol\u00e1s &#8211; hogyan kell \u00e1polni az orvosi ruh\u00e1zatot?<\/h2>\n\n<p>Ahhoz, hogy orvosi ruhadarabjai a lehet\u0151 leghosszabb ideig szolg\u00e1lj\u00e1k \u00d6nt, mik\u00f6zben meg\u0151rzik sz\u00edn\u00fcket \u00e9s form\u00e1jukat, a megfelel\u0151 \u00e1pol\u00e1s kulcsfontoss\u00e1g\u00fa. Egyenruh\u00e1inkat \u00fagy tervezt\u00fck, hogy a tiszt\u00edt\u00e1s proste \u00e9s hat\u00e9kony legyen. Csak n\u00e9h\u00e1ny szab\u00e1lyt ne felejtsen el:  <\/p>\n\n<ul class=\"wp-block-list\">\n<li><strong>mos\u00e1s &#8211;<\/strong> legfeljebb 40\u00b0C<strong>-on moshat\u00f3<\/strong> hasonl\u00f3 sz\u00ednekkel. Ez lehet\u0151v\u00e9 teszi a szennyez\u0151d\u00e9sek hat\u00e9kony elt\u00e1vol\u00edt\u00e1s\u00e1t \u00e9s a fert\u0151tlen\u00edt\u00e9st megfelel\u0151 eszk\u00f6z\u00f6kkel, <\/li>\n\n\n\n<li><strong>Vasal\u00e1s &#8211;<\/strong> legfeljebb <strong>110\u00b0C-on vasaljon<\/strong>, lehet\u0151leg a bal oldalon, hogy meg\u00f3vja a sz\u00f6vet szerkezet\u00e9t \u00e9s sz\u00edn\u00e9t,<\/li>\n\n\n\n<li><strong>ker\u00fclje el &#8211; ne<\/strong> haszn\u00e1ljon er\u0151s feh\u00e9r\u00edt\u0151t, \u00e9s ne sz\u00e1r\u00edtsa a ruh\u00e1it sz\u00e1r\u00edt\u00f3g\u00e9pben. Ezek a proste l\u00e9p\u00e9sek, amelyek jelent\u0151sen meghosszabb\u00edtj\u00e1k az egyenruha \u00e9lettartam\u00e1t. <\/li>\n<\/ul>\n\n<h2 class=\"wp-block-heading\">Mi\u00e9rt v\u00e1lassza orvosi ruh\u00e1zatunkat Bialystokban?<\/h2>\n\n<p>\u00dcgyfeleink bizalm\u00e1t szil\u00e1rd alapokra \u00e9p\u00edtj\u00fck. Minden Med&amp;Beauty term\u00e9k a gondos munka \u00e9s a r\u00e9szletekre val\u00f3 odafigyel\u00e9s eredm\u00e9nye. Mi k\u00fcl\u00f6nb\u00f6ztet meg minket?  <\/p>\n\n<ul class=\"wp-block-list\">\n<li><strong>Lengyel gy\u00e1rt\u00e1s &#8211;<\/strong> minden ruhadarabunkat Lengyelorsz\u00e1gban <strong>varrjuk<\/strong>, ami lehet\u0151v\u00e9 teszi sz\u00e1munkra, hogy a gy\u00e1rt\u00e1s minden szakasz\u00e1ban teljes k\u00f6r\u0171 min\u0151s\u00e9gellen\u0151rz\u00e9st v\u00e9gezz\u00fcnk.<\/li>\n\n\n\n<li><strong>Gyakorlati tesztel\u00e9s &#8211; miel\u0151tt<\/strong> a ruhadarabok forgalomba ker\u00fclnek, orvosok, \u00e1pol\u00f3k, kozmetikusok \u00e9s orvostanhallgat\u00f3k tesztelik \u0151ket. Az \u0151 visszajelz\u00e9seik seg\u00edtenek abban, hogy olyan term\u00e9keket hozzunk l\u00e9tre, amelyek nemcsak sz\u00e9pek, hanem mindenekel\u0151tt funkcion\u00e1lisak. <\/li>\n\n\n\n<li><strong>Min\u0151s\u00e9g \u00e9s k\u00e9nyelem &#8211;<\/strong> kiz\u00e1r\u00f3lag bevizsg\u00e1lt, tan\u00fas\u00edtott anyagokat <strong>haszn\u00e1lunk<\/strong>, amelyek l\u00e9g\u00e1tereszt\u0151ek, rugalmasak \u00e9s kellemesek a b\u0151r\u00f6n.<\/li>\n\n\n\n<li><strong>El\u00e9gedetts\u00e9gi garancia &#8211;<\/strong> annyira <strong>b\u00edzunk<\/strong> term\u00e9keinkben, hogy ak\u00e1r 100 napos visszat\u00e9r\u00e9si lehet\u0151s\u00e9get is biztos\u00edtunk.<\/li>\n<\/ul>\n\n<h2 class=\"wp-block-heading\">Szem\u00e9lyre szab\u00e1s, sz\u00ednek \u00e9s m\u00e9retek &#8211; szabja a ruhadarabot az \u00d6n ig\u00e9nyeire<\/h2>\n\n<p>Szeretn\u00e9, ha a ruh\u00e1ja egyedi lenne? Lehet\u0151s\u00e9get k\u00edn\u00e1lunk arra, hogy ruhadarabj\u00e1t szem\u00e9lyre szabottan, az \u00d6n nev\u00e9vel, vezet\u00e9knev\u00e9vel vagy a szervezet log\u00f3j\u00e1val h\u00edmeztesse. Ez a t\u00f6k\u00e9letes m\u00f3dja annak, hogy kiemelje szakmai arculat\u00e1t vagy eg\u00e9sz csapat\u00e1nak arculat\u00e1t. A m\u00e9retek sz\u00e9les v\u00e1laszt\u00e9k\u00e1val \u00e9s a term\u00e9koldalon tal\u00e1lhat\u00f3 r\u00e9szletes t\u00e1bl\u00e1zatokkal k\u00f6nny\u0171 megtal\u00e1lni a t\u00f6k\u00e9letesen illeszked\u0151 ruhadarabot. Ha pedig k\u00e9rd\u00e9se van, csapatunk sz\u00edvesen seg\u00edt a kiv\u00e1laszt\u00e1sban!    <\/p>\n\n<p>\u00d6n egy bialystoki orvosi egyetem hallgat\u00f3ja? N\u00e9zze meg di\u00e1kprogramunkat, \u00e9s \u00e1lland\u00f3 15% kedvezm\u00e9nyt kap a v\u00e1s\u00e1rl\u00e1saib\u00f3l! <\/p>\n\n<h2 class=\"wp-block-heading\">Az \u00d6n k\u00e9nyelme, az \u00d6n st\u00edlusa &#8211; v\u00e1lasszon olyan orvosi ruh\u00e1zatot, amely megfelel az elv\u00e1r\u00e1soknak.<\/h2>\n\n<p>A munka minden napja egy \u00faj kih\u00edv\u00e1s &#8211; ez\u00e9rt \u00e9rdemes olyan megold\u00e1sokra fogadni, amelyek megk\u00f6nny\u00edtik a mindennapokat. A Bialystokban kaphat\u00f3 orvosi ruh\u00e1zatunkban egyes\u00fcl a k\u00e9nyelem, a min\u0151s\u00e9g \u00e9s a st\u00edlus, amit m\u00e1r sok szakember \u00e9rt\u00e9kelt. Ha term\u00e9keinkre fogad, biztos lehet benne, hogy \u00f6lt\u00f6z\u00e9ke megb\u00edzhat\u00f3 \u00e9s az \u00d6n ig\u00e9nyeihez igazodik. A szab\u00e1sok, sz\u00ednek \u00e9s m\u00e9retek sz\u00e9les v\u00e1laszt\u00e9k\u00e1nak k\u00f6sz\u00f6nhet\u0151en mindenki sz\u00e1m\u00e1ra van valami. Ha k\u00e9rd\u00e9se van, vagy seg\u00edts\u00e9gre van sz\u00fcks\u00e9ge a v\u00e1laszt\u00e1sban &#8211; mi itt vagyunk, hogy seg\u00edts\u00fcnk. Rendeljen olyan orvosi ruh\u00e1zatot, amely hangs\u00falyozza a professzionalizmus\u00e1t \u00e9s gondoskodik a k\u00e9nyelm\u00e9r\u0151l minden nap!     <\/p>\n","protected":false},"excerpt":{"rendered":"<p>Az \u00d6n k\u00e9nyelme \u00e9s el\u00e9gedetts\u00e9ge szempontj\u00e1b\u00f3l kiemelked\u0151 fontoss\u00e1g\u00fa a megfelel\u0151 orvosi ruh\u00e1zat kiv\u00e1laszt\u00e1sa Bialystokba t\u00f6rt\u00e9n\u0151 sz\u00e1ll\u00edt\u00e1ssal. Web\u00e1ruh\u00e1zunkban sz\u00e9les term\u00e9kv\u00e1laszt\u00e9kra sz\u00e1m\u00edthat, amelyet folyamatosan friss\u00edt\u00fcnk az ipar\u00e1g leg\u00fajabb trendjeinek \u00e9s ig\u00e9nyeinek megfelel\u0151en. Minden online el\u00e9rhet\u0151 term\u00e9k r\u00e9szletes le\u00edr\u00e1st kapott, a fot\u00f3k pedig a t\u00e9nyleges megjelen\u00e9st \u00e9s sz\u00edneket t\u00fckr\u00f6zik. Ez jelent\u0151sen megk\u00f6nny\u00edti az \u00d6n sz\u00e1m\u00e1ra a d\u00f6nt\u00e9st, an\u00e9lk\u00fcl, [&hellip;]<\/p>\n","protected":false},"author":43705,"featured_media":0,"parent":0,"menu_order":0,"comment_status":"closed","ping_status":"closed","template":"","meta":{"_acf_changed":false,"inline_featured_image":false,"footnotes":""},"class_list":["post-624163","page","type-page","status-publish","hentry"],"acf":[],"_links":{"self":[{"href":"https:\/\/dev.medandbeauty.com\/hu\/wp-json\/wp\/v2\/pages\/624163","targetHints":{"allow":["GET"]}}],"collection":[{"href":"https:\/\/dev.medandbeauty.com\/hu\/wp-json\/wp\/v2\/pages"}],"about":[{"href":"https:\/\/dev.medandbeauty.com\/hu\/wp-json\/wp\/v2\/types\/page"}],"author":[{"embeddable":true,"href":"https:\/\/dev.medandbeauty.com\/hu\/wp-json\/wp\/v2\/users\/43705"}],"replies":[{"embeddable":true,"href":"https:\/\/dev.medandbeauty.com\/hu\/wp-json\/wp\/v2\/comments?post=624163"}],"version-history":[{"count":1,"href":"https:\/\/dev.medandbeauty.com\/hu\/wp-json\/wp\/v2\/pages\/624163\/revisions"}],"predecessor-version":[{"id":624164,"href":"https:\/\/dev.medandbeauty.com\/hu\/wp-json\/wp\/v2\/pages\/624163\/revisions\/624164"}],"wp:attachment":[{"href":"https:\/\/dev.medandbeauty.com\/hu\/wp-json\/wp\/v2\/media?parent=624163"}],"curies":[{"name":"wp","href":"https:\/\/api.w.org\/{rel}","templated":true}]}}