{"id":624151,"date":"2025-11-27T12:36:47","date_gmt":"2025-11-27T11:36:47","guid":{"rendered":"https:\/\/dev.medandbeauty.com\/orvosi-ruhazat-bydgoszcz\/"},"modified":"2025-11-27T12:38:07","modified_gmt":"2025-11-27T11:38:07","slug":"orvosi-ruhazat-bydgoszcz","status":"publish","type":"page","link":"https:\/\/dev.medandbeauty.com\/hu\/orvosi-ruhazat-bydgoszcz\/","title":{"rendered":"Orvosi ruh\u00e1zat Bydgoszcz"},"content":{"rendered":"\n<p>Sok szakember \u00e9rt\u00e9keli az online v\u00e1s\u00e1rl\u00e1s k\u00e9nyelm\u00e9t. Kiv\u00e1laszthatja a t\u00f6k\u00e9letes orvosi ruh\u00e1zatot an\u00e9lk\u00fcl, hogy fel kellene keresnie egy helyhez k\u00f6t\u00f6tt \u00fczletet! Web\u00e1ruh\u00e1zunkban teljes k\u00f6r\u0171 orvosi ruh\u00e1zati v\u00e1laszt\u00e9kot tal\u00e1l, amely a legig\u00e9nyesebb v\u00e1s\u00e1rl\u00f3k elv\u00e1r\u00e1sainak is megfelel. Minden term\u00e9k r\u00e9szletes le\u00edr\u00e1st tartalmaz, a f\u00e9nyk\u00e9pek pedig a ruhadarabok t\u00e9nyleges megjelen\u00e9s\u00e9t \u00e9s sz\u00edneit t\u00fckr\u00f6zik. Ez biztos\u00edtja, hogy azt v\u00e1lassza, ami a legjobban megfelel az \u00d6n ig\u00e9nyeinek.    <\/p>\n\n<p>A rendel\u00e9si folyamat prost \u00e9s intuit\u00edv. Mind\u00f6ssze n\u00e9h\u00e1ny kattint\u00e1s sz\u00fcks\u00e9ges ahhoz, hogy a kiv\u00e1lasztott term\u00e9keket a kos\u00e1rba helyezze, \u00e9s v\u00e9gleges\u00edtse a v\u00e1s\u00e1rl\u00e1st. Gyors kisz\u00e1ll\u00edt\u00e1st k\u00edn\u00e1lunk Bydgoszcz ter\u00fclet\u00e9n &#8211; megrendel\u00e9se n\u00e9h\u00e1ny munkanapon bel\u00fcl meg\u00e9rkezik az \u00d6n c\u00edm\u00e9re. Ha b\u00e1rmilyen k\u00e9rd\u00e9se van a m\u00e9rettel, szab\u00e1ssal vagy anyaggal kapcsolatban, tan\u00e1csad\u00f3k csapat\u00e1t\u00f3l seg\u00edts\u00e9get kaphat. Sz\u00edvesen eloszlatunk minden k\u00e9ts\u00e9get, \u00e9s seg\u00edt\u00fcnk kiv\u00e1lasztani a legjobb megold\u00e1st.    <\/p>\n\n<p>Az online v\u00e1s\u00e1rl\u00e1s biztons\u00e1got \u00e9s rugalmass\u00e1got k\u00edn\u00e1l. A ruhadarabokat nyugodtan felpr\u00f3b\u00e1lhatja otthon, \u00e9s ha valami nem j\u00f3 &#8211; ak\u00e1r 100 nap \u00e1ll rendelkez\u00e9s\u00e9re a visszak\u00fcld\u00e9sre. Ez az a k\u00e9nyelem, amit meg\u00e9rdemel, amikor orvosi<strong> ruh\u00e1zatot<\/strong> v\u00e1laszt,<strong> Bydgoszczba t\u00f6rt\u00e9n\u0151 sz\u00e1ll\u00edt\u00e1ssal.<\/strong>  <\/p>\n\n<h2 class=\"wp-block-heading\">Pr\u00e9mium \u00e9s alap kollekci\u00f3k &#8211; mi a k\u00fcl\u00f6nbs\u00e9g \u00e9s melyiket v\u00e1lasszuk?<\/h2>\n\n<p>Tudjuk, hogy a k\u00fcl\u00f6nb\u00f6z\u0151 feladatok k\u00fcl\u00f6nb\u00f6z\u0151 megold\u00e1sokat ig\u00e9nyelnek. Ez\u00e9rt k\u00edn\u00e1latunk k\u00e9t egyedi term\u00e9kcsal\u00e1dot tartalmaz: <\/p>\n\n<ul class=\"wp-block-list\">\n<li><strong>pr\u00e9mium kollekci\u00f3 &#8211; olyan<\/strong>, mint egy testre szabott \u00f6lt\u00f6ny az orvosi vil\u00e1g sz\u00e1m\u00e1ra. A pamut, nejlon \u00e9s lycra luxus kever\u00e9k\u00e9b\u0151l k\u00e9sz\u00fclt ruhadarabok p\u00e1ratlan puhas\u00e1got, l\u00e9g\u00e1tereszt\u0151 k\u00e9pess\u00e9get \u00e9s rugalmass\u00e1got biztos\u00edtanak. Ide\u00e1lis v\u00e1laszt\u00e1s azok sz\u00e1m\u00e1ra, akik maxim\u00e1lis k\u00e9nyelemre \u00e9s eleg\u00e1ns megjelen\u00e9sre v\u00e1gynak eg\u00e9sz nap.  <\/li>\n\n\n\n<li><strong>basic kollekci\u00f3 &#8211;<\/strong> a tart\u00f3ss\u00e1g \u00e9s a funkcionalit\u00e1s ide\u00e1lis <strong>kombin\u00e1ci\u00f3ja<\/strong>. A poli\u00e9szter, viszk\u00f3z \u00e9s lycra alap\u00fa anyag rendk\u00edv\u00fcl tart\u00f3s, gy\u0171r\u0151d\u00e9s\u00e1ll\u00f3 \u00e9s k\u00f6nnyen \u00e1polhat\u00f3. T\u00f6k\u00e9letes v\u00e1laszt\u00e1s azok sz\u00e1m\u00e1ra, akik \u00e9rt\u00e9kelik a praktikus megold\u00e1sokat \u00e9s az \u00e9l\u00e9nk sz\u00edneket, amelyek sok mos\u00e1son \u00e1t kitartanak.  <\/li>\n<\/ul>\n\n<p>Nem biztos benne, hogy melyik kollekci\u00f3 lesz a legmegfelel\u0151bb az \u00d6n sz\u00e1m\u00e1ra? Gondoljon a munkanapj\u00e1ra. Ha mindenekel\u0151tt a term\u00e9szetes anyagokat \u00e9s a &#8222;m\u00e1sodik b\u0151r&#8221; \u00e9rzetet \u00e9rt\u00e9keli, v\u00e1lassza a pr\u00e9mium kateg\u00f3ri\u00e1t. Ha a tart\u00f3ss\u00e1g \u00e9s a minim\u00e1lis \u00e1pol\u00e1s az els\u0151dleges szempont, akkor az alapkollekci\u00f3 lesz a sl\u00e1ger.   <\/p>\n\n<h2 class=\"wp-block-heading\">Hogyan \u00e1polja az orvosi ruh\u00e1zatot, hogy \u00e9vekig tartson?<\/h2>\n\n<p>Azt szeretn\u00e9nk, ha orvosi ruh\u00e1i a lehet\u0151 leghosszabb ideig kifog\u00e1stalanul n\u00e9zn\u00e9nek ki. Anyagaink kiv\u00e1l\u00f3 min\u0151s\u00e9g\u00fckkel t\u0171nnek ki, de megfelel\u0151 \u00e1pol\u00e1s n\u00e9lk\u00fcl nem tartanak sok\u00e1ig j\u00f3 \u00e1llapotban. Ne feledkezzen meg n\u00e9h\u00e1ny proste szab\u00e1lyr\u00f3l:  <\/p>\n\n<ul class=\"wp-block-list\">\n<li><strong>Mos\u00e1s &#8211;<\/strong> legfeljebb 40\u00b0C<strong>-on<\/strong>, lehet\u0151leg a bal oldalon <strong>mossa<\/strong>, hogy meg\u00f3vja a sz\u00f6vet sz\u00edn\u00e9t \u00e9s szerkezet\u00e9t,<\/li>\n\n\n\n<li><strong>Feh\u00e9r\u00edt\u00e9s &#8211; ker\u00fclje<\/strong> a feh\u00e9r\u00edt\u0151szer \u00e9s az er\u0151s foltelt\u00e1vol\u00edt\u00f3k haszn\u00e1lat\u00e1t, amelyek k\u00e1ros\u00edthatj\u00e1k a sz\u00e1lakat,<\/li>\n\n\n\n<li><strong>Sz\u00e1r\u00edt\u00e1s &#8211;<\/strong> ne <strong>sz\u00e1r\u00edtsa<\/strong> ruh\u00e1it sz\u00e1r\u00edt\u00f3g\u00e9pben. Hagyja \u0151ket term\u00e9szetes m\u00f3don sz\u00e1radni, <\/li>\n\n\n\n<li><strong>Vasal\u00e1s &#8211; vasaljon a<\/strong> bal <strong>oldalon<\/strong>, alacsony h\u0151m\u00e9rs\u00e9kleten.<\/li>\n<\/ul>\n\n<p>A modern mos\u00f3szereknek k\u00f6sz\u00f6nhet\u0151en a 40\u00b0C-os mos\u00e1s elegend\u0151 a higi\u00e9nia fenntart\u00e1s\u00e1hoz, mik\u00f6zben meghosszabb\u00edtja a ruh\u00e1k \u00e9lettartam\u00e1t.<\/p>\n\n<h2 class=\"wp-block-heading\">Lengyel gy\u00e1rt\u00e1s \u00e9s tesztek szakemberekkel &#8211; a min\u0151s\u00e9g garanci\u00e1ja<\/h2>\n\n<p>A bizalom az alap &#8211; ez\u00e9rt minden ruhadarabunkat Lengyelorsz\u00e1gban tervezz\u00fck \u00e9s varrjuk. Ez teljes ellen\u0151rz\u00e9st biztos\u00edt sz\u00e1munkra a gy\u00e1rt\u00e1s minden f\u00e1zisa felett &#8211; a sz\u00f6vetek kiv\u00e1laszt\u00e1s\u00e1t\u00f3l a v\u00e9gs\u0151 varr\u00e1sig. <\/p>\n\n<p>Miel\u0151tt egy modell forgalomba ker\u00fclne, szigor\u00fa gyakorlati teszteknek vetik al\u00e1 orvosok, \u00e1pol\u00f3k, kozmetikusok \u00e9s orvostanhallgat\u00f3k k\u00f6r\u00e9ben. Meghallgatjuk a visszajelz\u00e9seiket, hogy ruhadarabjaink ne csak sz\u00e9pek, hanem mindenekel\u0151tt funkcion\u00e1lisak \u00e9s megfelelnek a munka val\u00f3s\u00e1g\u00e1nak. <\/p>\n\n<h2 class=\"wp-block-heading\">Fedezze fel \u00fajra a munkahelyi k\u00e9nyelmet &#8211; v\u00e1lasszon az \u00d6n ig\u00e9nyeihez igaz\u00edtott orvosi ruh\u00e1zatot!<\/h2>\n\n<p>A megfelel\u0151 orvosi ruh\u00e1zat kiv\u00e1laszt\u00e1sa befektet\u00e9s az \u00d6n k\u00e9nyelm\u00e9be \u00e9s szakmai im\u00e1zs\u00e1ba. K\u00edn\u00e1latunkban a kiv\u00e1l\u00f3 min\u0151s\u00e9g\u0171 anyagok, a modern diz\u00e1jn \u00e9s a praktikus megold\u00e1sok kombin\u00e1l\u00f3dnak, amelyek a mindennapokban is az \u00d6n haszn\u00e1ra v\u00e1lnak. A kollekci\u00f3 minden egyes darabj\u00e1t az orvosi \u00e9s sz\u00e9ps\u00e9gipari szakemberek tesztelt\u00e9k. Ez biztos\u00edtja \u00d6nt arr\u00f3l, hogy bizony\u00edtottan bev\u00e1lt term\u00e9kekhez ny\u00fal.   <\/p>\n\n<p>Ha t\u0151l\u00fcnk rendel, nemcsak sz\u00e9les v\u00e1laszt\u00e9kot \u00e9s gyors sz\u00e1ll\u00edt\u00e1st kap Bydgoszczba, hanem szak\u00e9rt\u0151i t\u00e1mogat\u00e1st is a v\u00e1s\u00e1rl\u00e1s minden szakasz\u00e1ban. Ha k\u00e9rd\u00e9se van, vagy tan\u00e1csra van sz\u00fcks\u00e9ge, mi seg\u00edt\u00fcnk. Tudja meg, milyen k\u00e9nyelmes \u00e9s st\u00edlusos lehet az orvosi ruh\u00e1zat &#8211; rendeljen m\u00e9g ma!  <\/p>\n","protected":false},"excerpt":{"rendered":"<p>Sok szakember \u00e9rt\u00e9keli az online v\u00e1s\u00e1rl\u00e1s k\u00e9nyelm\u00e9t. Kiv\u00e1laszthatja a t\u00f6k\u00e9letes orvosi ruh\u00e1zatot an\u00e9lk\u00fcl, hogy fel kellene keresnie egy helyhez k\u00f6t\u00f6tt \u00fczletet! Web\u00e1ruh\u00e1zunkban teljes k\u00f6r\u0171 orvosi ruh\u00e1zati v\u00e1laszt\u00e9kot tal\u00e1l, amely a legig\u00e9nyesebb v\u00e1s\u00e1rl\u00f3k elv\u00e1r\u00e1sainak is megfelel. Minden term\u00e9k r\u00e9szletes le\u00edr\u00e1st tartalmaz, a f\u00e9nyk\u00e9pek pedig a ruhadarabok t\u00e9nyleges megjelen\u00e9s\u00e9t \u00e9s sz\u00edneit t\u00fckr\u00f6zik. Ez biztos\u00edtja, hogy azt v\u00e1lassza, [&hellip;]<\/p>\n","protected":false},"author":43705,"featured_media":0,"parent":0,"menu_order":0,"comment_status":"closed","ping_status":"closed","template":"","meta":{"_acf_changed":false,"inline_featured_image":false,"footnotes":""},"class_list":["post-624151","page","type-page","status-publish","hentry"],"acf":[],"_links":{"self":[{"href":"https:\/\/dev.medandbeauty.com\/hu\/wp-json\/wp\/v2\/pages\/624151","targetHints":{"allow":["GET"]}}],"collection":[{"href":"https:\/\/dev.medandbeauty.com\/hu\/wp-json\/wp\/v2\/pages"}],"about":[{"href":"https:\/\/dev.medandbeauty.com\/hu\/wp-json\/wp\/v2\/types\/page"}],"author":[{"embeddable":true,"href":"https:\/\/dev.medandbeauty.com\/hu\/wp-json\/wp\/v2\/users\/43705"}],"replies":[{"embeddable":true,"href":"https:\/\/dev.medandbeauty.com\/hu\/wp-json\/wp\/v2\/comments?post=624151"}],"version-history":[{"count":1,"href":"https:\/\/dev.medandbeauty.com\/hu\/wp-json\/wp\/v2\/pages\/624151\/revisions"}],"predecessor-version":[{"id":624152,"href":"https:\/\/dev.medandbeauty.com\/hu\/wp-json\/wp\/v2\/pages\/624151\/revisions\/624152"}],"wp:attachment":[{"href":"https:\/\/dev.medandbeauty.com\/hu\/wp-json\/wp\/v2\/media?parent=624151"}],"curies":[{"name":"wp","href":"https:\/\/api.w.org\/{rel}","templated":true}]}}