{"id":624071,"date":"2025-11-27T12:26:45","date_gmt":"2025-11-27T11:26:45","guid":{"rendered":"https:\/\/dev.medandbeauty.com\/medbeauty-helyszinek\/"},"modified":"2026-02-03T09:10:28","modified_gmt":"2026-02-03T08:10:28","slug":"medbeauty-helyszinek","status":"publish","type":"page","link":"https:\/\/dev.medandbeauty.com\/hu\/medbeauty-helyszinek\/","title":{"rendered":"Med&amp;Beauty helysz\u00ednek"},"content":{"rendered":"\n<p>Kiv\u00e1l\u00f3 min\u0151s\u00e9g\u0171 orvosi ruh\u00e1zatot keres a v\u00e1rosban? Ak\u00e1r <strong>Wroc\u0142awb\u00f3l,<\/strong> ak\u00e1r <strong>Krakk\u00f3b\u00f3l, ak\u00e1r<\/strong> <strong>Vars\u00f3b\u00f3l, Poznanb\u00f3l,<\/strong> <strong>Gdanskb\u00f3l vagy b\u00e1rmely<\/strong> <strong>m\u00e1s<\/strong> lengyelorsz\u00e1gi <strong>v\u00e1rosb\u00f3l<\/strong> sz\u00e1rmaz\u00f3 <strong>orvosi<\/strong> ruh\u00e1zat ir\u00e1nt \u00e9rdekl\u0151dik &#8211; a Med&amp;Beauty-n\u00e1l k\u00e9nyelmesen, online v\u00e1s\u00e1rolhat professzion\u00e1lis orvosi ruh\u00e1zatot, az orsz\u00e1g eg\u00e9sz ter\u00fclet\u00e9re t\u00f6rt\u00e9n\u0151 sz\u00e1ll\u00edt\u00e1ssal. <\/p>\n\n<p>K\u00edn\u00e1latunkat orvosoknak, \u00e1pol\u00f3knak, kozmetikusoknak, fizioterapeut\u00e1knak \u00e9s minden olyan orvosi \u00e9s sz\u00e9ps\u00e9gipari szakembernek sz\u00e1njuk, akik \u00e9rt\u00e9kelik a modern diz\u00e1jnt, a visel\u00e9si k\u00e9nyelmet \u00e9s a kiv\u00e1l\u00f3 min\u0151s\u00e9g\u0171 kivitelez\u00e9st. Az online \u00e9rt\u00e9kes\u00edt\u00e9snek k\u00f6sz\u00f6nhet\u0151en a teljes v\u00e1laszt\u00e9khoz val\u00f3 hozz\u00e1f\u00e9r\u00e9st biztos\u00edtjuk, f\u00fcggetlen\u00fcl a helysz\u00ednt\u0151l &#8211; a nagyv\u00e1rosokban \u00e9s a kisebb telep\u00fcl\u00e9seken egyar\u00e1nt. <\/p>\n\n<p><a href=\"https:\/\/dev.medandbeauty.com\/hu\/orvosi-ruhazat-varso-2\/\" data-type=\"link\" data-id=\"https:\/\/dev.medandbeauty.com\/odziez-medyczna-poznan-2\/\">Orvosi ruh\u00e1zat Pozna\u0144<\/a><\/p>\n\n<p><a href=\"https:\/\/dev.medandbeauty.com\/hu\/kozmetikai-kotenyek-poznan\/\">Kozmetikai k\u00f6t\u00e9nyek Pozna\u0144<\/a><\/p>\n\n<p><a href=\"https:\/\/dev.medandbeauty.com\/hu\/orvosi-kotenyek-poznan\/\">Orvosi k\u00f6t\u00e9nyek Pozna\u0144<\/a><\/p>\n\n<p><a href=\"https:\/\/dev.medandbeauty.com\/hu\/laboratoriumi-keszlet-poznan\/\">Laborat\u00f3riumi k\u00e9szlet Pozna\u0144<\/a><\/p>\n\n<p><a href=\"https:\/\/dev.medandbeauty.com\/hu\/laboratoriumi-koteny-poznan\/\">Laborat\u00f3riumi k\u00f6t\u00e9ny Pozna\u0144<\/a><\/p>\n\n<p><a href=\"https:\/\/dev.medandbeauty.com\/hu\/orvosi-ruhazat-varso-3\/\">Orvosi ruh\u00e1zat Szczecin<\/a><\/p>\n\n<p><a href=\"https:\/\/dev.medandbeauty.com\/hu\/orvosi-ruhazat-varso-4\/\">Orvosi ruh\u00e1zat Wroc\u0142aw<\/a><\/p>\n\n<p><a href=\"https:\/\/dev.medandbeauty.com\/hu\/laboratoriumi-koteny-wroclaw\/\">Laborat\u00f3riumi k\u00f6t\u00e9ny Wroc\u0142aw<\/a><\/p>\n\n<p><a href=\"https:\/\/dev.medandbeauty.com\/hu\/laboratoriumi-koteny-varso\/\">Laborat\u00f3riumi k\u00f6t\u00e9ny Vars\u00f3<\/a><\/p>\n\n<p><a href=\"https:\/\/dev.medandbeauty.com\/hu\/orvosi-ruhazat-bydgoszcz\/\">Orvosi ruh\u00e1zat Bydgoszcz<\/a><\/p>\n\n<p><a href=\"https:\/\/dev.medandbeauty.com\/hu\/orvosi-ruhazat-bialystok\/\">Orvosi ruh\u00e1zat Bialystok<\/a><\/p>\n\n<p><a href=\"https:\/\/dev.medandbeauty.com\/hu\/orvosi-ruhazat-torun\/\">Orvosi ruh\u00e1zat Toru\u0144<\/a><\/p>\n\n<p><a href=\"https:\/\/dev.medandbeauty.com\/hu\/orvosi-ruhazat-olsztyn\/\">Orvosi ruh\u00e1zat Olsztyn<\/a><\/p>\n\n<p><a href=\"https:\/\/dev.medandbeauty.com\/hu\/orvosi-ruhazat-opole\/\">Orvosi ruh\u00e1zat Opole<\/a><\/p>\n\n<p><a href=\"https:\/\/dev.medandbeauty.com\/hu\/laboratoriumi-koteny-gliwice\/\">Laborat\u00f3riumi k\u00f6t\u00e9ny Gliwice<\/a> <\/p>\n\n<p><a href=\"https:\/\/dev.medandbeauty.com\/hu\/laboratoriumi-koteny-gdynia\/\">Laborat\u00f3riumi k\u00f6t\u00e9ny Gdynia<\/a><\/p>\n\n<p><a href=\"https:\/\/dev.medandbeauty.com\/hu\/orvosi-labbelik-lublin-talalja-meg-a-tokeletes-cipot-a-szakemberek-szamara\/\">Orvosi l\u00e1bbeli Lublin<\/a><\/p>\n\n<p><a href=\"https:\/\/dev.medandbeauty.com\/hu\/orvosi-labbeli-wroclaw\/\">Orvosi l\u00e1bbeli Wroc\u0142aw  <\/a><\/p>\n\n<p><a href=\"https:\/\/dev.medandbeauty.com\/hu\/orvosi-labbeli-krakko\/\">Orvosi l\u00e1bbeli Krakk\u00f3<\/a><\/p>\n\n<p><\/p>\n","protected":false},"excerpt":{"rendered":"<p>Kiv\u00e1l\u00f3 min\u0151s\u00e9g\u0171 orvosi ruh\u00e1zatot keres a v\u00e1rosban? Ak\u00e1r Wroc\u0142awb\u00f3l, ak\u00e1r Krakk\u00f3b\u00f3l, ak\u00e1r Vars\u00f3b\u00f3l, Poznanb\u00f3l, Gdanskb\u00f3l vagy b\u00e1rmely m\u00e1s lengyelorsz\u00e1gi v\u00e1rosb\u00f3l sz\u00e1rmaz\u00f3 orvosi ruh\u00e1zat ir\u00e1nt \u00e9rdekl\u0151dik &#8211; a Med&amp;Beauty-n\u00e1l k\u00e9nyelmesen, online v\u00e1s\u00e1rolhat professzion\u00e1lis orvosi ruh\u00e1zatot, az orsz\u00e1g eg\u00e9sz ter\u00fclet\u00e9re t\u00f6rt\u00e9n\u0151 sz\u00e1ll\u00edt\u00e1ssal. K\u00edn\u00e1latunkat orvosoknak, \u00e1pol\u00f3knak, kozmetikusoknak, fizioterapeut\u00e1knak \u00e9s minden olyan orvosi \u00e9s sz\u00e9ps\u00e9gipari szakembernek sz\u00e1njuk, akik \u00e9rt\u00e9kelik [&hellip;]<\/p>\n","protected":false},"author":43705,"featured_media":0,"parent":0,"menu_order":0,"comment_status":"closed","ping_status":"closed","template":"","meta":{"_acf_changed":false,"inline_featured_image":false,"footnotes":""},"class_list":["post-624071","page","type-page","status-publish","hentry"],"acf":[],"_links":{"self":[{"href":"https:\/\/dev.medandbeauty.com\/hu\/wp-json\/wp\/v2\/pages\/624071","targetHints":{"allow":["GET"]}}],"collection":[{"href":"https:\/\/dev.medandbeauty.com\/hu\/wp-json\/wp\/v2\/pages"}],"about":[{"href":"https:\/\/dev.medandbeauty.com\/hu\/wp-json\/wp\/v2\/types\/page"}],"author":[{"embeddable":true,"href":"https:\/\/dev.medandbeauty.com\/hu\/wp-json\/wp\/v2\/users\/43705"}],"replies":[{"embeddable":true,"href":"https:\/\/dev.medandbeauty.com\/hu\/wp-json\/wp\/v2\/comments?post=624071"}],"version-history":[{"count":7,"href":"https:\/\/dev.medandbeauty.com\/hu\/wp-json\/wp\/v2\/pages\/624071\/revisions"}],"predecessor-version":[{"id":681450,"href":"https:\/\/dev.medandbeauty.com\/hu\/wp-json\/wp\/v2\/pages\/624071\/revisions\/681450"}],"wp:attachment":[{"href":"https:\/\/dev.medandbeauty.com\/hu\/wp-json\/wp\/v2\/media?parent=624071"}],"curies":[{"name":"wp","href":"https:\/\/api.w.org\/{rel}","templated":true}]}}