{"id":521527,"date":"2025-11-27T12:32:24","date_gmt":"2025-11-27T11:32:24","guid":{"rendered":"https:\/\/dev.medandbeauty.com\/?page_id=521527"},"modified":"2025-11-27T12:34:13","modified_gmt":"2025-11-27T11:34:13","slug":"orvosi-ruhazat-varso-2","status":"publish","type":"page","link":"https:\/\/dev.medandbeauty.com\/hu\/orvosi-ruhazat-varso-2\/","title":{"rendered":"Orvosi ruh\u00e1zat Pozna\u0144"},"content":{"rendered":"\n<p>A teljes koncentr\u00e1ci\u00f3 sok \u00f3r\u00e1n \u00e1t t\u00f6rt\u00e9n\u0151 fenntart\u00e1sa nemcsak a munkak\u00f6r\u00fclm\u00e9nyekt\u0151l f\u00fcgg, hanem att\u00f3l is, hogy mit visel. Egy olyan anyag, amely nem okoz k\u00e9nyelmetlens\u00e9get, hat\u00e9konyan tehermentes\u00edtheti a test\u00e9t egy f\u00e1raszt\u00f3 nap sor\u00e1n. Kollekci\u00f3inkban k\u00e9tf\u00e9le k\u00e9nyelmi szint \u00e1ll rendelkez\u00e9sre &#8211; egy alap \u00e9s egy pr\u00e9mium v\u00e1ltozat. Mindkett\u0151t k\u00fcl\u00f6nb\u00f6z\u0151 ig\u00e9nyek figyelembev\u00e9tel\u00e9vel k\u00e9sz\u00edtett\u00fck el.   <\/p>\n\n<p>Az alapkollekci\u00f3 modelljei olyan anyagb\u00f3l k\u00e9sz\u00fclnek, amely a tart\u00f3ss\u00e1got \u00e9s a rugalmass\u00e1got \u00f6tv\u00f6zi. \u00d6sszet\u00e9tel\u00fck szintetikus sz\u00e1lakon \u00e9s viszk\u00f3zon alapul. Ez a kombin\u00e1ci\u00f3 lehet\u0151v\u00e9 teszi a sz\u00f6vet szerkezet\u00e9nek meg\u0151rz\u00e9s\u00e9t, mik\u00f6zben biztos\u00edtja a k\u00f6nny\u0171s\u00e9get \u00e9s a k\u00e9nyelmet. A pr\u00e9mium kollekci\u00f3 egy olyan javaslat, amely term\u00e9szetes pamutra \u00e9p\u00fcl, technikai sz\u00e1lak hozz\u00e1ad\u00e1s\u00e1val. Ennek k\u00f6sz\u00f6nhet\u0151en a sz\u00f6vet puha, rugalmas \u00e9s kev\u00e9sb\u00e9 hajlamos a gy\u0171r\u0151d\u00e9sre. Mindk\u00e9t v\u00e1ltozatot azoknak az embereknek az ig\u00e9nyeire reag\u00e1lva fejlesztett\u00e9k ki, akik sok \u00f3r\u00e1t t\u00f6ltenek mozg\u00e1sban, gyakran v\u00e1ltoz\u00f3 k\u00f6r\u00fclm\u00e9nyek k\u00f6z\u00f6tt. <strong>A Poznanba sz\u00e1ll\u00edt\u00e1ssal kaphat\u00f3 orvosi ruh\u00e1zatot \u00fagy alkottuk<\/strong> meg, hogy minden k\u00f6r\u00fclm\u00e9nyek k\u00f6z\u00f6tt t\u00e1mogassa \u00d6nt.     <\/p>\n\n<h2 class=\"wp-block-heading\">A pozna\u0144i orvosi ruh\u00e1zatot kifinomult szab\u00e1svonalak jellemzik, amelyek hangs\u00falyozz\u00e1k az \u00d6n professzionalizmus\u00e1t.<\/h2>\n\n<p>A tiszta \u00e9s eszt\u00e9tikus megjelen\u00e9s gyakran jelzi a munk\u00e1hoz val\u00f3 hozz\u00e1\u00e1ll\u00e1s\u00e1t. A professzion\u00e1lis \u00f6lt\u00f6zk\u00f6d\u00e9s seg\u00edt bizalmat kelteni a p\u00e1ciensekben vagy az \u00fcgyfelekben &#8211; \u00e9s ez m\u00e9g azel\u0151tt van, hogy a besz\u00e9lget\u00e9s elkezd\u0151dne. A munkahelyen, ahol a ruh\u00e1zat ki van t\u00e9ve a k\u00e9sz\u00edtm\u00e9nyeknek, a v\u00edznek vagy a berendez\u00e9seknek, nemcsak a tart\u00f3ss\u00e1g, hanem a funkcionalit\u00e1s is fontos. Az online \u00e1ruh\u00e1zunkban el\u00e9rhet\u0151 \u00f6sszes modellt \u00fagy tervezt\u00fck, hogy m\u00e9g sok-sok \u00f3ra ut\u00e1n is j\u00f3l n\u00e9zzen ki.   <\/p>\n\n<p>Az anyag nem gy\u0171r\u0151dik, \u00e9s nem ig\u00e9nyel id\u0151ig\u00e9nyes vasal\u00e1st. A karbantart\u00e1s proste, mivel a ruhadarabok a mos\u00e1s sor\u00e1n nem vesz\u00edtik el alakjukat, \u00e9s hossz\u00fa ideig meg\u0151rzik sz\u00edneiket. A fazonok alkalmazkodnak a k\u00fcl\u00f6nb\u00f6z\u0151 sziluettekhez, \u00edgy mozg\u00e1s k\u00f6zben nem kell igaz\u00edtani rajtuk. Ez fontos azok sz\u00e1m\u00e1ra, akik a kozmetol\u00f3gi\u00e1ban, a rehabilit\u00e1ci\u00f3ban vagy az \u00e1pol\u00e1sban dolgoznak, ahol a dinamikus helyv\u00e1ltoztat\u00e1sok mindennaposak. A Pozna\u0144ban kaphat\u00f3 orvosi ruh\u00e1zat az eszt\u00e9tik\u00e1t a mindennapi feladatokhoz val\u00f3 praktikus hozz\u00e1\u00e1ll\u00e1ssal \u00f6tv\u00f6zi.    <\/p>\n\n<h2 class=\"wp-block-heading\">Helyi gy\u00e1rt\u00e1s, amiben megb\u00edzhat &#8211; orvosi ruh\u00e1zat Lengyelorsz\u00e1gban, Pozna\u0144ban<\/h2>\n\n<p>A helyben gy\u00e1rtott ruhadarabok v\u00e1laszt\u00e1s\u00e1val \u00d6n a j\u00f3 k\u00e9zm\u0171ves munk\u00e1t \u00e9s az \u00e1tl\u00e1that\u00f3 alkot\u00e1si folyamatot t\u00e1mogatja. A Pozna\u0144ban kaphat\u00f3 orvosi ruh\u00e1zati cikkek varr\u00e1s\u00e1nak minden l\u00e9p\u00e9se &#8211; a szab\u00e1s kialak\u00edt\u00e1s\u00e1t\u00f3l a gondos kivitelez\u00e9sig &#8211; a mi fel\u00fcgyelet\u00fcnk alatt t\u00f6rt\u00e9nik. Ez lehet\u0151v\u00e9 teszi sz\u00e1munkra, hogy minden kollekci\u00f3ban biztos\u00edtsuk a min\u0151s\u00e9get \u00e9s a kivitelez\u00e9s k\u00f6vetkezetess\u00e9g\u00e9t.  <\/p>\n\n<p>A varratok er\u0151sek, a kivitelez\u00e9s pedig gondosan kifinomult. Az anyagokat gondosan kiv\u00e1lasztj\u00e1k a hossz\u00fa t\u00e1v\u00fa \u00e9s intenz\u00edv haszn\u00e1latra. Minden egyes darabot min\u0151s\u00e9gellen\u0151rz\u00e9snek vetnek al\u00e1. Ez biztos\u00edtja, hogy a ruhadarab t\u00f6bbsz\u00f6ri mos\u00e1s ut\u00e1n sem ny\u00falik vagy vesz\u00edti el alakj\u00e1t. A varr\u00e1st kipr\u00f3b\u00e1lt \u00e9s bev\u00e1lt varrod\u00e1kban v\u00e9gezz\u00fck, amelyekkel \u00e9vek \u00f3ta egy\u00fctt dolgozunk.    <\/p>\n\n<h2 class=\"wp-block-heading\">Orvosi ruh\u00e1zat Pozna\u0144 &#8211; v\u00e1lassza a st\u00edlus\u00e1hoz \u00e9s munkak\u00f6rnyezet\u00e9hez ill\u0151 sz\u00edneket<\/h2>\n\n<p>A k\u00f6vetkezetes sz\u00edns\u00e9ma seg\u00edt rendet \u00e9s eszt\u00e9tik\u00e1t teremteni a munkahelyen. A megfelel\u0151 \u00e1rnyalat\u00fa ruh\u00e1zat fokozhatja az iroda hangulat\u00e1t, \u00e9s befoly\u00e1solhatja az eg\u00e9sz csapat meg\u00edt\u00e9l\u00e9s\u00e9t. Az \u00e1ltalunk k\u00edn\u00e1lt sz\u00ednpalett\u00e1t a k\u00fcl\u00f6nb\u00f6z\u0151 professzion\u00e1lis terek figyelembev\u00e9tel\u00e9vel \u00e1ll\u00edtottuk \u00f6ssze. A visszafogott sz\u00ednekben pomp\u00e1z\u00f3 ruh\u00e1k j\u00f3l m\u0171k\u00f6dnek egy form\u00e1lisabb k\u00f6rnyezetben. Az intenz\u00edvebb sz\u00ednekben pomp\u00e1z\u00f3 ruh\u00e1zat viszont felh\u00edvja mag\u00e1ra a figyelmet, \u00edgy ide\u00e1lis p\u00e9ld\u00e1ul gyermekoszt\u00e1lyokra.    <\/p>\n\n<p>Minden ruhadarab t\u00f6bbf\u00e9le \u00e1rnyalatban kaphat\u00f3, hogy megfeleljen a m\u00e1rka identit\u00e1s\u00e1nak vagy saj\u00e1t preferenci\u00e1inak. A sz\u00f6vetek a mos\u00e1s sor\u00e1n nem vesz\u00edtik el a sz\u00edn\u00fcket, nem fakulnak ki a f\u00e9ny hat\u00e1s\u00e1ra, \u00e9s t\u00f6bb mos\u00e1si ciklus ut\u00e1n is meg\u0151rzik m\u00e9lys\u00e9g\u00fcket. A Pozna\u0144ban kaphat\u00f3 orvosi ruh\u00e1ink a praktikumot \u00e9s az eszt\u00e9tikumot \u00f6tv\u00f6zik, hogy megfeleljenek az \u00d6n szakm\u00e1j\u00e1nak \u00e9s mindennapi k\u00f6rnyezet\u00e9nek. Szeretn\u00e9 j\u00f3l \u00e9rezni mag\u00e1t a munkahely\u00e9n \u00e9s profin kin\u00e9zni? Ez lehets\u00e9ges, ha kipr\u00f3b\u00e1lt \u00e9s bev\u00e1lt ruh\u00e1zatot v\u00e1laszt. Tekintse meg kollekci\u00f3nkat, \u00e9s \u00e9rezze a k\u00fcl\u00f6nbs\u00e9get az els\u0151 napt\u00f3l kezdve!     <\/p>\n","protected":false},"excerpt":{"rendered":"<p>A teljes koncentr\u00e1ci\u00f3 sok \u00f3r\u00e1n \u00e1t t\u00f6rt\u00e9n\u0151 fenntart\u00e1sa nemcsak a munkak\u00f6r\u00fclm\u00e9nyekt\u0151l f\u00fcgg, hanem att\u00f3l is, hogy mit visel. Egy olyan anyag, amely nem okoz k\u00e9nyelmetlens\u00e9get, hat\u00e9konyan tehermentes\u00edtheti a test\u00e9t egy f\u00e1raszt\u00f3 nap sor\u00e1n. Kollekci\u00f3inkban k\u00e9tf\u00e9le k\u00e9nyelmi szint \u00e1ll rendelkez\u00e9sre &#8211; egy alap \u00e9s egy pr\u00e9mium v\u00e1ltozat. Mindkett\u0151t k\u00fcl\u00f6nb\u00f6z\u0151 ig\u00e9nyek figyelembev\u00e9tel\u00e9vel k\u00e9sz\u00edtett\u00fck el. Az alapkollekci\u00f3 modelljei [&hellip;]<\/p>\n","protected":false},"author":43705,"featured_media":0,"parent":0,"menu_order":0,"comment_status":"closed","ping_status":"closed","template":"page.php","meta":{"_acf_changed":false,"inline_featured_image":false,"footnotes":""},"class_list":["post-521527","page","type-page","status-publish","hentry"],"acf":[],"_links":{"self":[{"href":"https:\/\/dev.medandbeauty.com\/hu\/wp-json\/wp\/v2\/pages\/521527","targetHints":{"allow":["GET"]}}],"collection":[{"href":"https:\/\/dev.medandbeauty.com\/hu\/wp-json\/wp\/v2\/pages"}],"about":[{"href":"https:\/\/dev.medandbeauty.com\/hu\/wp-json\/wp\/v2\/types\/page"}],"author":[{"embeddable":true,"href":"https:\/\/dev.medandbeauty.com\/hu\/wp-json\/wp\/v2\/users\/43705"}],"replies":[{"embeddable":true,"href":"https:\/\/dev.medandbeauty.com\/hu\/wp-json\/wp\/v2\/comments?post=521527"}],"version-history":[{"count":3,"href":"https:\/\/dev.medandbeauty.com\/hu\/wp-json\/wp\/v2\/pages\/521527\/revisions"}],"predecessor-version":[{"id":624105,"href":"https:\/\/dev.medandbeauty.com\/hu\/wp-json\/wp\/v2\/pages\/521527\/revisions\/624105"}],"wp:attachment":[{"href":"https:\/\/dev.medandbeauty.com\/hu\/wp-json\/wp\/v2\/media?parent=521527"}],"curies":[{"name":"wp","href":"https:\/\/api.w.org\/{rel}","templated":true}]}}