{"id":521515,"date":"2025-11-27T12:34:00","date_gmt":"2025-11-27T11:34:00","guid":{"rendered":"https:\/\/dev.medandbeauty.com\/?page_id=521515"},"modified":"2025-11-27T12:35:41","modified_gmt":"2025-11-27T11:35:41","slug":"orvosi-ruhazat-varso-3","status":"publish","type":"page","link":"https:\/\/dev.medandbeauty.com\/hu\/orvosi-ruhazat-varso-3\/","title":{"rendered":"Orvosi ruh\u00e1zat Szczecin"},"content":{"rendered":"\n<p>A mozg\u00e1sszabads\u00e1g a munkahelyi k\u00e9nyelem egyik legfontosabb eleme. Nem sz\u00e1m\u00edt, hogy sz\u00e9ps\u00e9gszalont vezet, klinik\u00e1n dolgozik vagy rehabilit\u00e1ci\u00f3s elj\u00e1r\u00e1sokat v\u00e9gez &#8211; a ruh\u00e1zat\u00e1nak l\u00e9p\u00e9st kell tartania a mozg\u00e1s\u00e1val. <strong>A Szczecinben kaphat\u00f3 orvosi ruh\u00e1zat<\/strong> olyan k\u00e9nyelmet <strong>biztos\u00edt<\/strong>, amely jelent\u0151sen megk\u00f6nny\u00edti a mindennapokat. <\/p>\n\n<p>Pr\u00e9mium kollekci\u00f3nkban k\u00f6nny\u0171, magas pamuttartalm\u00fa anyagokat haszn\u00e1lunk. Ezek gyeng\u00e9dek a b\u0151rh\u00f6z, m\u00e9gis l\u00e9g\u00e1tereszt\u0151ek \u00e9s tart\u00f3sak. Az intenz\u00edv haszn\u00e1latnak val\u00f3 ellen\u00e1ll\u00e1s eg\u00e9sz napos visel\u00e9si k\u00e9nyelemmel p\u00e1rosul. Az alapkollekci\u00f3 a v\u00e1lasz a mindennapi ig\u00e9nyekre. Poli\u00e9sztert \u00e9s elaszt\u00e1nt tartalmaz\u00f3 sz\u00f6vetekb\u0151l k\u00e9sz\u00fcl, puha szat\u00e9n kivitelben. Ennek k\u00f6sz\u00f6nhet\u0151en a ruhadarabok jobban illeszkednek, kev\u00e9sb\u00e9 gy\u0171r\u0151dnek \u00e9s sok mos\u00e1s ut\u00e1n is meg\u0151rzik alakjukat.     <\/p>\n\n<h2 class=\"wp-block-heading\">A Szczecinben kaphat\u00f3 orvosi ruh\u00e1zat st\u00edlusai t\u00f6k\u00e9letesen kiemelik az \u00d6n alakj\u00e1t.<\/h2>\n\n<p>A j\u00f3l megtervezett ruhadaraboknak egy\u00fctt kell m\u0171k\u00f6dni\u00fck a testtel. A j\u00f3l illeszked\u0151 ruhadarabok nemcsak az eszt\u00e9tik\u00e1t, hanem a mindennapi k\u00e9nyelmet is befoly\u00e1solj\u00e1k. A n\u0151i alakot szem el\u0151tt tartva alak\u00edtjuk ki szab\u00e1sainkat &#8211; der\u00e9kban enyh\u00e9n szabott, megfelel\u0151 ujjhossz\u00fas\u00e1ggal \u00e9s funkcion\u00e1lis r\u00e9szletekkel. Ennek eredm\u00e9nyek\u00e9ppen nem gy\u0171r\u0151dnek \u00fcl\u00e9s k\u00f6zben, nem csavarodnak mozg\u00e1s k\u00f6zben, \u00e9s egy hossz\u00fa munkanap ut\u00e1n is meg\u0151rzik alakjukat.   <\/p>\n\n<p>Az \u00e1ltalunk haszn\u00e1lt anyagok nem ig\u00e9nyelnek vasal\u00e1st, \u00e9s gyorsan sz\u00e1radnak. Ez jelent\u0151sen megk\u00f6nny\u00edti a mindennapi szervez\u00e9st. Az orvosi \u00e9s kozmetikai k\u00f6rnyezetben k\u00fcl\u00f6n\u00f6sen sz\u00fcks\u00e9g van az ilyen megold\u00e1sokra &#8211; mindennek tiszt\u00e1nak, rendezettnek \u00e9s akci\u00f3ra k\u00e9sznek kell lennie. A Szczecinben kaphat\u00f3 orvosi ruh\u00e1zatunk kompromisszumok n\u00e9lk\u00fcl megfelel ezeknek a felt\u00e9teleknek.   <\/p>\n\n<h2 class=\"wp-block-heading\">Orvosi ruh\u00e1zat Szczecin &#8211; ny\u00faljon a sz\u00ednekhez, hogy frissnek t\u0171nj\u00f6n<\/h2>\n\n<p>Az im\u00e1zs az orvosi \u00e9s kozmetikai iparban a kapcsolat\u00e9p\u00edt\u00e9s eszk\u00f6ze. Amikor a p\u00e1ciensekkel vagy \u00fcgyfelekkel dolgozik, nemcsak a kompetenci\u00e1ja, hanem a megjelen\u00e9se alapj\u00e1n is meg\u00edt\u00e9lik. A ruh\u00e1zat\u00e1nak sz\u00edne befoly\u00e1solja az \u00d6n meg\u00edt\u00e9l\u00e9s\u00e9t \u00e9s a munkahelyi l\u00e9gk\u00f6rt is.  <\/p>\n\n<p>Gondoskodtunk arr\u00f3l, hogy a Szczecinbe sz\u00e1ll\u00edtott orvosi ruh\u00e1zatunk sz\u00e1mos \u00e1rnyalatban el\u00e9rhet\u0151 legyen. Olyan sz\u00edneket tal\u00e1l, amelyek energiz\u00e1lnak, de nem nyomasztanak &#8211; a klasszikus tenger\u00e9szk\u00e9kt\u0151l \u00e9s b\u00e9zst\u0151l a visszafogott z\u00f6ldig, az eleg\u00e1ns bord\u00f3ig vagy a p\u00faderr\u00f3zsasz\u00ednig. Ezeket az irodai berendez\u00e9shez, az \u00e9vszakhoz vagy saj\u00e1t hangulat\u00e1hoz igaz\u00edthatja. Egy eszt\u00e9tikus, j\u00f3l illeszked\u0151 \u00f6lt\u00f6z\u00e9k magabiztoss\u00e1 tesz. Ha a mi ruh\u00e1inkat v\u00e1lasztja, b\u00e1rmilyen k\u00f6r\u00fclm\u00e9nyek k\u00f6z\u00f6tt profi \u00e9s friss megjelen\u00e9st biztos\u00edthat.    <\/p>\n\n<h2 class=\"wp-block-heading\">A Szczecin orvosi ruh\u00e1zatot Lengyelorsz\u00e1gban varrj\u00e1k \u00e9s a gyakorlatban tesztelik.<\/h2>\n\n<p>A gy\u00e1rt\u00e1si folyamat a meghallgat\u00e1ssal kezd\u0151dik. Csak \u00edgy tudunk olyan ruh\u00e1kat k\u00e9sz\u00edteni, amelyek val\u00f3ban megfelelnek az egyedi ig\u00e9nyeknek. Minden modell\u00fcnk Lengyelorsz\u00e1gban k\u00e9sz\u00fcl. Mi v\u00e1lasztjuk ki az anyagokat, k\u00e9sz\u00edtj\u00fck el a nyersanyagokat \u00e9s fel\u00fcgyelj\u00fck a varr\u00e1s minden f\u00e1zis\u00e1t. A term\u00e9ket val\u00f3s k\u00f6r\u00fclm\u00e9nyek k\u00f6z\u00f6tt tesztelj\u00fck, miel\u0151tt forgalomba hozn\u00e1nk.    <\/p>\n\n<p>Az orvosi \u00e9s sz\u00e9ps\u00e9giparban dolgoz\u00f3kat h\u00edvunk meg, hogy dolgozzanak vel\u00fcnk &#8211; az \u0151 tapasztalatuk felbecs\u00fclhetetlen \u00e9rt\u00e9k\u0171 sz\u00e1munkra. \u00cdgy tudjuk, mi az, ami j\u00f3l m\u0171k\u00f6dik, \u00e9s mi az, ami fejleszt\u00e9sre szorul. A robusztus varr\u00e1sokra, a j\u00f3l megtervezett r\u00e9szletekre \u00e9s a tart\u00f3s anyagokra \u00f6sszpontos\u00edtunk. A Szczecinben kaphat\u00f3 orvosi ruhadarabok ellen\u00e1llnak a gyakori mos\u00e1snak, nem vesz\u00edtik el a sz\u00edn\u00fcket \u00e9s hossz\u00fa ideig meg\u0151rzik eszt\u00e9tikus megjelen\u00e9s\u00fcket. Ez egy olyan v\u00e1laszt\u00e1s, amely \u00f6tv\u00f6zi a min\u0151s\u00e9gi kivitelez\u00e9st a praktikummal. Azon gondolkodik, hogy munkaruh\u00e1zat\u00e1t valami k\u00e9nyelmesre \u00e9s st\u00edlusosra cser\u00e9lje? Vannak olyan ruhadarabjaink, amelyek t\u00f6k\u00e9letesen megfelelnek az \u00d6n ig\u00e9nyeinek. Tekintse meg k\u00edn\u00e1latunkat, \u00e9s v\u00e1lassza ki az \u00d6nnek megfelel\u0151 szettet!       <\/p>\n","protected":false},"excerpt":{"rendered":"<p>A mozg\u00e1sszabads\u00e1g a munkahelyi k\u00e9nyelem egyik legfontosabb eleme. Nem sz\u00e1m\u00edt, hogy sz\u00e9ps\u00e9gszalont vezet, klinik\u00e1n dolgozik vagy rehabilit\u00e1ci\u00f3s elj\u00e1r\u00e1sokat v\u00e9gez &#8211; a ruh\u00e1zat\u00e1nak l\u00e9p\u00e9st kell tartania a mozg\u00e1s\u00e1val. A Szczecinben kaphat\u00f3 orvosi ruh\u00e1zat olyan k\u00e9nyelmet biztos\u00edt, amely jelent\u0151sen megk\u00f6nny\u00edti a mindennapokat. Pr\u00e9mium kollekci\u00f3nkban k\u00f6nny\u0171, magas pamuttartalm\u00fa anyagokat haszn\u00e1lunk. Ezek gyeng\u00e9dek a b\u0151rh\u00f6z, m\u00e9gis l\u00e9g\u00e1tereszt\u0151ek \u00e9s tart\u00f3sak. [&hellip;]<\/p>\n","protected":false},"author":43705,"featured_media":0,"parent":0,"menu_order":0,"comment_status":"closed","ping_status":"closed","template":"page.php","meta":{"_acf_changed":false,"inline_featured_image":false,"footnotes":""},"class_list":["post-521515","page","type-page","status-publish","hentry"],"acf":[],"_links":{"self":[{"href":"https:\/\/dev.medandbeauty.com\/hu\/wp-json\/wp\/v2\/pages\/521515","targetHints":{"allow":["GET"]}}],"collection":[{"href":"https:\/\/dev.medandbeauty.com\/hu\/wp-json\/wp\/v2\/pages"}],"about":[{"href":"https:\/\/dev.medandbeauty.com\/hu\/wp-json\/wp\/v2\/types\/page"}],"author":[{"embeddable":true,"href":"https:\/\/dev.medandbeauty.com\/hu\/wp-json\/wp\/v2\/users\/43705"}],"replies":[{"embeddable":true,"href":"https:\/\/dev.medandbeauty.com\/hu\/wp-json\/wp\/v2\/comments?post=521515"}],"version-history":[{"count":3,"href":"https:\/\/dev.medandbeauty.com\/hu\/wp-json\/wp\/v2\/pages\/521515\/revisions"}],"predecessor-version":[{"id":624120,"href":"https:\/\/dev.medandbeauty.com\/hu\/wp-json\/wp\/v2\/pages\/521515\/revisions\/624120"}],"wp:attachment":[{"href":"https:\/\/dev.medandbeauty.com\/hu\/wp-json\/wp\/v2\/media?parent=521515"}],"curies":[{"name":"wp","href":"https:\/\/api.w.org\/{rel}","templated":true}]}}