{"id":521497,"date":"2025-11-27T12:35:14","date_gmt":"2025-11-27T11:35:14","guid":{"rendered":"https:\/\/dev.medandbeauty.com\/?page_id=521497"},"modified":"2025-11-27T12:36:34","modified_gmt":"2025-11-27T11:36:34","slug":"orvosi-ruhazat-varso-4","status":"publish","type":"page","link":"https:\/\/dev.medandbeauty.com\/hu\/orvosi-ruhazat-varso-4\/","title":{"rendered":"Orvosi ruh\u00e1zat Wroc\u0142aw"},"content":{"rendered":"\n<p>A koncentr\u00e1ci\u00f3t \u00e9s pontoss\u00e1got ig\u00e9nyl\u0151 munk\u00e1ban fontos a k\u00e9nyelem. A mozg\u00e1st semmi sem korl\u00e1tozhatja &#8211; sem a szab\u00e1s, sem az anyag. <a href=\"https:\/\/dev.medandbeauty.com\/hu\/shop\/szamara\/basic-kollekcio-hu\/bozotosok-hu\/\">Az alapvonalban olyan anyagot haszn\u00e1lunk ,<\/a> amely k\u00f6nny\u0171, rugalmas \u00e9s kellemes viselet. A kollekci\u00f3 ruhadarabjai j\u00f3l alkalmazkodnak a testhez, an\u00e9lk\u00fcl, hogy megereszkedn\u00e9nek vagy megereszkedn\u00e9nek. Az anyag szerkezete biztos\u00edtja a mozg\u00e1s szabads\u00e1g\u00e1t m\u00e9g egy dinamikus nap sor\u00e1n is.    <\/p>\n\n<p>A <a href=\"https:\/\/dev.medandbeauty.com\/hu\/shop\/szamara\/premium-kollekcio-hu\/\">pr\u00e9mium kollekci\u00f3 modelljeit egy fejlettebb anyagb\u00f3l varrj\u00e1k<\/a>, amely a testhez simul, \u00e9s nem vesz\u00edti el az alakj\u00e1t. Ez biztos\u00edtja, hogy \u00d6n m\u00e9g sok \u00f3r\u00e1nyi munka ut\u00e1n is k\u00e9nyelmesen \u00e9rezze mag\u00e1t. Az ujjakat, a nyakkiv\u00e1g\u00e1sokat \u00e9s a hosszokat \u00fagy tervezt\u00e9k, hogy ne zavarj\u00e1k a napi munk\u00e1ban. <strong>A Wroclawba t\u00f6rt\u00e9n\u0151 sz\u00e1ll\u00edt\u00e1ssal ell\u00e1tott orvosi ruh\u00e1zat seg\u00edt<\/strong> abban, hogy f\u00e1radts\u00e1g n\u00e9lk\u00fcl v\u00e9szelje \u00e1t a napot.  <\/p>\n\n<h2 class=\"wp-block-heading\">Orvosi ruh\u00e1zat Wroc\u0142aw &#8211; v\u00e1lasszon olyan sz\u00edneket \u00e9s st\u00edlusokat, amelyek hangs\u00falyozz\u00e1k professzionalizmus\u00e1t.<\/h2>\n\n<p>A munkahelyi \u00f6lt\u00f6zk\u00f6d\u00e9s t\u00f6bb mint formalit\u00e1s. Ez az \u00d6n arculat\u00e1nak r\u00e9sze &#8211; \u00e9s annak a jele, hogy \u00d6n komolyan veszi a felel\u0151ss\u00e9g\u00e9t. A Wroclawban kaphat\u00f3 orvosi ruh\u00e1zatunk az eszt\u00e9tik\u00e1t praktikus megk\u00f6zel\u00edt\u00e9ssel \u00f6tv\u00f6zi, amit \u00d6n az els\u0151 napt\u00f3l kezdve \u00e9rt\u00e9kelni fog. A ruh\u00e1inkhoz haszn\u00e1lt anyagok nem gy\u0171r\u0151dnek \u00e9s k\u00f6nnyen \u00e1polhat\u00f3k. Ez azt jelenti, hogy m\u00e9g a m\u0171szak v\u00e9g\u00e9n is frissen \u00e9s eszt\u00e9tikusan n\u00e9zhet ki. Ez k\u00fcl\u00f6n\u00f6sen fontos a sz\u00e9ps\u00e9giparban, a rehabilit\u00e1ci\u00f3ban vagy a kozmetik\u00e1ban, ahol minden r\u00e9szlet sz\u00e1m\u00edt.     <\/p>\n\n<p>A sz\u00ednek tart\u00f3sak \u00e9s nem fakulnak ki a mos\u00e1s sor\u00e1n. A paletta a nyugodt \u00e1rnyalatokt\u00f3l az er\u0151sebb sz\u00ednekig terjed. Minden \u00e1rnyalatnak megvan a helye a k\u00fcl\u00f6nb\u00f6z\u0151 professzion\u00e1lis terekben. A szab\u00e1sok j\u00f3l \u00e1tgondoltak &#8211; a sziluettet hivatottak hangs\u00falyozni, de nem korl\u00e1tozz\u00e1k a mozg\u00e1st. A legt\u00f6bb modellnek enyhe dereka \u00e9s funkcion\u00e1lis zsebei vannak.    <\/p>\n\n<h2 class=\"wp-block-heading\">Helyi gy\u00e1rt\u00e1s, teljes min\u0151s\u00e9gellen\u0151rz\u00e9s &#8211; orvosi ruh\u00e1zat Wroc\u0142aw<\/h2>\n\n<p>Amikor munkaruh\u00e1t v\u00e1lasztasz, olyasmit keresel, ami hossz\u00fa ideig tart. Ez\u00e9rt nagyon fontos a varr\u00e1s min\u0151s\u00e9ge \u00e9s az anyag tart\u00f3ss\u00e1ga. A Wroclawban kaphat\u00f3 orvosi ruh\u00e1zatunk Lengyelorsz\u00e1gban k\u00e9sz\u00fcl. Ennek k\u00f6sz\u00f6nhet\u0151en a gy\u00e1rt\u00e1s minden f\u00e1zis\u00e1t mi ellen\u0151rizz\u00fck. A konstrukci\u00f3t\u00f3l a befejez\u0151 sim\u00edt\u00e1sokig minden elemet ellen\u0151riz\u00fcnk a funkcionalit\u00e1s \u00e9s a tart\u00f3ss\u00e1g szempontj\u00e1b\u00f3l.    <\/p>\n\n<p>Az \u00f6lt\u00e9sek eszt\u00e9tikusak \u00e9s er\u0151sek, a kivitelez\u00e9s pedig a r\u00e9szletekre val\u00f3 odafigyel\u00e9ssel k\u00e9sz\u00fclt. Az anyagokat a kiad\u00e1s el\u0151tt tesztelj\u00fck, \u00e9s az ipar\u00e1gban dolgoz\u00f3kt\u00f3l kapott visszajelz\u00e9sek alapj\u00e1n alak\u00edtjuk \u00e1t a terveket. Elk\u00f6telezettek vagyunk amellett, hogy ezeket a ruhadarabokat mindenki hossz\u00fa h\u00f3napokig haszn\u00e1lhassa an\u00e9lk\u00fcl, hogy a gy\u0171r\u0151d\u00e9s, az elsz\u00ednez\u0151d\u00e9s vagy a ny\u00fal\u00e1s miatt agg\u00f3dnia kellene. Ez egy olyan v\u00e1laszt\u00e1s, amely a tapasztalatokon \u00e9s a hossz\u00fa haszn\u00e1lat val\u00f3s ig\u00e9ny\u00e9n alapul.   <\/p>\n\n<h2 class=\"wp-block-heading\">A wroc\u0142awi orvosi ruh\u00e1zat olyan ruh\u00e1zat, amely a funkcionalit\u00e1st \u00e9s az eleganci\u00e1t \u00f6tv\u00f6zi.<\/h2>\n\n<p>A munkahelyi im\u00e1zs olyan eszk\u00f6z, amely seg\u00edt a p\u00e1cienssel vagy \u00fcgyf\u00e9llel val\u00f3 kapcsolat kialak\u00edt\u00e1s\u00e1ban. Az orvosi ruh\u00e1zat Wroc\u0142awba t\u00f6rt\u00e9n\u0151 sz\u00e1ll\u00edt\u00e1ssal proste form\u00e1j\u00fa \u00e9s eleg\u00e1ns kivitel\u0171. Ez alkalmass\u00e1 teszi egy klinik\u00e1ra, valamint egy massz\u00e1zsszalonra vagy sz\u00e9ps\u00e9gszalonra.  <\/p>\n\n<p>A szab\u00e1sok v\u00e1ltozatosak &#8211; egyes modellek der\u00e9ksz\u00edjjal hangs\u00falyozz\u00e1k a sziluettet, m\u00e1sok egyszer\u0171ek \u00e9s klasszikusabbak. Az ujjhossz\u00fas\u00e1g \u00e9s a ruhadarabok teljes hossza \u00fagy van megv\u00e1lasztva, hogy k\u00e9nyelmes legyen, \u00e9s ne legyen t\u00fals\u00e1gosan felt\u00e1r\u00f3. Az anyagok j\u00f3l illeszkednek \u00e9s gy\u0171r\u0151d\u00e9smentesek, ami fokozza az eg\u00e9sz megjelen\u00e9s eszt\u00e9tik\u00e1j\u00e1t. Szettjeink seg\u00edtenek abban, hogy \u00e1poltnak \u00e9s professzion\u00e1lisnak t\u0171nj\u00f6n an\u00e9lk\u00fcl, hogy a k\u00e9nyelem fel\u00e1ldozn\u00e1. Szakmai ruhat\u00e1r\u00e1nak felfriss\u00edt\u00e9s\u00e9n gondolkodik? Most itt a j\u00f3 alkalom, hogy a bev\u00e1lt megold\u00e1sokra tegyen. B\u00edzzon egy helyi m\u00e1rk\u00e1ban, \u00e9s v\u00e1lassza a k\u00e9nyelmet, amely kifizet\u0151d\u0151 &#8211; rendeljen m\u00e9g ma!      <\/p>\n","protected":false},"excerpt":{"rendered":"<p>A koncentr\u00e1ci\u00f3t \u00e9s pontoss\u00e1got ig\u00e9nyl\u0151 munk\u00e1ban fontos a k\u00e9nyelem. A mozg\u00e1st semmi sem korl\u00e1tozhatja &#8211; sem a szab\u00e1s, sem az anyag. Az alapvonalban olyan anyagot haszn\u00e1lunk , amely k\u00f6nny\u0171, rugalmas \u00e9s kellemes viselet. A kollekci\u00f3 ruhadarabjai j\u00f3l alkalmazkodnak a testhez, an\u00e9lk\u00fcl, hogy megereszkedn\u00e9nek vagy megereszkedn\u00e9nek. Az anyag szerkezete biztos\u00edtja a mozg\u00e1s szabads\u00e1g\u00e1t m\u00e9g egy dinamikus [&hellip;]<\/p>\n","protected":false},"author":43705,"featured_media":0,"parent":0,"menu_order":0,"comment_status":"closed","ping_status":"closed","template":"page.php","meta":{"_acf_changed":false,"inline_featured_image":false,"footnotes":""},"class_list":["post-521497","page","type-page","status-publish","hentry"],"acf":[],"_links":{"self":[{"href":"https:\/\/dev.medandbeauty.com\/hu\/wp-json\/wp\/v2\/pages\/521497","targetHints":{"allow":["GET"]}}],"collection":[{"href":"https:\/\/dev.medandbeauty.com\/hu\/wp-json\/wp\/v2\/pages"}],"about":[{"href":"https:\/\/dev.medandbeauty.com\/hu\/wp-json\/wp\/v2\/types\/page"}],"author":[{"embeddable":true,"href":"https:\/\/dev.medandbeauty.com\/hu\/wp-json\/wp\/v2\/users\/43705"}],"replies":[{"embeddable":true,"href":"https:\/\/dev.medandbeauty.com\/hu\/wp-json\/wp\/v2\/comments?post=521497"}],"version-history":[{"count":3,"href":"https:\/\/dev.medandbeauty.com\/hu\/wp-json\/wp\/v2\/pages\/521497\/revisions"}],"predecessor-version":[{"id":624135,"href":"https:\/\/dev.medandbeauty.com\/hu\/wp-json\/wp\/v2\/pages\/521497\/revisions\/624135"}],"wp:attachment":[{"href":"https:\/\/dev.medandbeauty.com\/hu\/wp-json\/wp\/v2\/media?parent=521497"}],"curies":[{"name":"wp","href":"https:\/\/api.w.org\/{rel}","templated":true}]}}