{"id":456356,"date":"2024-11-21T09:58:15","date_gmt":"2024-11-21T08:58:15","guid":{"rendered":"https:\/\/dev.medandbeauty.com\/orvosi-ruhazat-poznan\/"},"modified":"2025-06-29T08:39:33","modified_gmt":"2025-06-29T06:39:33","slug":"orvosi-ruhazat-poznan","status":"publish","type":"page","link":"https:\/\/dev.medandbeauty.com\/hu\/orvosi-ruhazat-poznan\/","title":{"rendered":"Orvosi ruh\u00e1zat Pozna\u0144"},"content":{"rendered":"\n<p>Ha professzion\u00e1lis orvosi ruh\u00e1zatot keres Poznanban, akkor a legjobb helyen j\u00e1r! Helyhez k\u00f6t\u00f6tt <a href=\"\/\">orvosi ruh\u00e1zati \u00fczlet\u00fcnk<\/a> <strong>a legmagasabb min\u0151s\u00e9gi k\u00f6vetelm\u00e9nyeknek megfelel\u0151 orvosi ruh\u00e1zat sz\u00e9les v\u00e1laszt\u00e9k\u00e1t <\/strong>k\u00edn\u00e1lja <strong>, amely a funkcionalit\u00e1st a divatos megjelen\u00e9ssel \u00f6tv\u00f6zi. <\/strong>A k\u00f6t\u00e9nyekt\u0151l \u00e9s meleg\u00edt\u0151kt\u0151l kezdve a m\u0171t\u0151sruh\u00e1kig, nadr\u00e1gokig \u00e9s ruh\u00e1kig, poznani orvosi ruh\u00e1zatunkat minden olyan eg\u00e9szs\u00e9g\u00fcgyi szakember sz\u00e1m\u00e1ra tervezt\u00fck, aki professzion\u00e1lisan szeretne kin\u00e9zni, mik\u00f6zben eg\u00e9sz nap k\u00e9nyelmesen \u00e9rzi mag\u00e1t. <\/p>\n\n<h2 class=\"wp-block-heading\">Orvosi ruh\u00e1zat Pozna\u0144 &#8211; pap\u00edrboltunk<\/h2>\n\n<p>Orvosi ruh\u00e1zati \u00fczlet\u00fcnk Poznanban a Zwierzyniecka utca 32\/38. sz\u00e1m alatt tal\u00e1lhat\u00f3 (a Kraszewskiego utc\u00e1val szemben). K\u00f6nnyen megk\u00f6zel\u00edthet\u0151 \u00e9s a szomsz\u00e9dos utc\u00e1kban parkol\u00e1si lehet\u0151s\u00e9ggel ide\u00e1lis v\u00e1s\u00e1rl\u00e1si c\u00e9lpont mindazok sz\u00e1m\u00e1ra, akik <strong>ink\u00e1bb saj\u00e1t szem\u00fckkel szeretn\u00e9k l\u00e1tni a term\u00e9keket, felpr\u00f3b\u00e1lni a ruh\u00e1kat \u00e9s konzult\u00e1lni a v\u00e1laszt\u00e1sukr\u00f3l tapasztalt szem\u00e9lyzet\u00fcnkkel.<\/strong> Ha kiv\u00e1l\u00f3 min\u0151s\u00e9get szeretne v\u00e1s\u00e1rolni:  <\/p>\n\n<ul class=\"wp-block-list\">\n<li>orvosi k\u00f6t\u00e9nyek Pozna\u0144,<\/li>\n\n\n\n<li>orvosi k\u00f6penyek Pozna\u0144,<\/li>\n\n\n\n<li>orvosi nadr\u00e1gok Pozna\u0144,<\/li>\n\n\n\n<li>orvosi bl\u00fazok Pozna\u0144,<\/li>\n\n\n\n<li>orvosi ruh\u00e1k Pozna\u0144 vagy egy\u00e9b egyenruh\u00e1k, arra biztatjuk, hogy h\u00edvja fel \u00e9s er\u0151s\u00edtse meg egy adott modell el\u00e9rhet\u0151s\u00e9g\u00e9t.<\/li>\n<\/ul>\n\n<h2 class=\"wp-block-heading\">Orvosi ruh\u00e1zat Pozna\u0144 &#8211; online v\u00e1s\u00e1rl\u00e1s<\/h2>\n\n<p>A pozna\u0144i orvosi ruh\u00e1zatot k\u00edn\u00e1l\u00f3 \u00fczlet\u00fcnk <strong>mellett online v\u00e1s\u00e1rl\u00e1si lehet\u0151s\u00e9get is k\u00edn\u00e1lunk <\/strong>. Intuit\u00edv weboldalunknak k\u00f6sz\u00f6nhet\u0151en k\u00f6nnyed\u00e9n b\u00f6ng\u00e9szhet a k\u00edn\u00e1latban, \u00f6sszehasonl\u00edthatja a k\u00fcl\u00f6nb\u00f6z\u0151 modelleket, \u00e9s r\u00e9szletes inform\u00e1ci\u00f3kat tal\u00e1l az el\u00e9rhet\u0151 anyagokr\u00f3l, m\u00e9retekr\u0151l \u00e9s sz\u00ednekr\u0151l. Az online v\u00e1s\u00e1rl\u00e1ssal id\u0151t takar\u00edthat meg &#8211; megrendelheti kedvenc orvosi ruh\u00e1it Poznanban (\u00e9s az eg\u00e9sz orsz\u00e1gban) an\u00e9lk\u00fcl, hogy elhagyn\u00e1 otthon\u00e1t. A pontos m\u00e9rett\u00e1bl\u00e1zatok \u00e9s a nagyszer\u0171 term\u00e9kk\u00e9pek seg\u00edtenek a j\u00f3 d\u00f6nt\u00e9s meghozatal\u00e1ban, a csapatunkkal val\u00f3 kapcsolatfelv\u00e9tel lehet\u0151s\u00e9ge pedig lehet\u0151v\u00e9 teszi, hogy minden k\u00e9ts\u00e9get tiszt\u00e1zzon.  <\/p>\n\n<h2 class=\"wp-block-heading\">Az \u00d6n helye az orvosi ruh\u00e1zat Pozna\u0144ban<\/h2>\n\n<p>Legyen sz\u00f3 k\u00f6t\u00e9nyr\u0151l, m\u0171t\u0151sruh\u00e1r\u00f3l, nadr\u00e1gr\u00f3l, meleg\u00edt\u0151fels\u0151r\u0151l vagy ruh\u00e1r\u00f3l &#8211; <strong>a Med&amp;Beauty az a hely, ahol mindent megtal\u00e1l, amire sz\u00fcks\u00e9ge van ahhoz, hogy k\u00e9nyelmesen \u00e9rezze mag\u00e1t \u00e9s profin n\u00e9zzen ki a munkahely\u00e9n. <\/strong>A Med&amp;Beauty shop Pozna\u0144 sz\u00e9les term\u00e9kv\u00e1laszt\u00e9kot k\u00edn\u00e1l a helyhez k\u00f6t\u00f6tt \u00fczletben \u00e9s online is, \u00edgy a v\u00e1s\u00e1rl\u00e1s az \u00d6n sz\u00e1m\u00e1ra legk\u00e9nyelmesebb m\u00f3don t\u00f6rt\u00e9nhet. L\u00e1togasson el \u00fczlet\u00fcnkbe vagy haszn\u00e1lja ki online aj\u00e1nlatunkat, \u00e9s gy\u0151z\u0151dj\u00f6n meg r\u00f3la, hogy orvosi ruh\u00e1zatunk (bele\u00e9rtve a <a href=\"https:\/\/dev.medandbeauty.com\/sklep\/dla-niej\/\">n\u0151i orvosi ruh\u00e1zatot<\/a> \u00e9s a <a href=\"https:\/\/dev.medandbeauty.com\/sklep\/dla-niego\/\">f\u00e9rfi orvosi<\/a> ruh\u00e1zatot is) fel\u00fclm\u00falhatatlan. Arra is b\u00e1tor\u00edtjuk, hogy l\u00e1togasson el hozz\u00e1nk a Facebookon \u00e9s az Instagramon, \u00e9s adjon le rendel\u00e9st.  <\/p>\n","protected":false},"excerpt":{"rendered":"<p>Ha professzion\u00e1lis orvosi ruh\u00e1zatot keres Poznanban, akkor a legjobb helyen j\u00e1r! Helyhez k\u00f6t\u00f6tt orvosi ruh\u00e1zati \u00fczlet\u00fcnk a legmagasabb min\u0151s\u00e9gi k\u00f6vetelm\u00e9nyeknek megfelel\u0151 orvosi ruh\u00e1zat sz\u00e9les v\u00e1laszt\u00e9k\u00e1t k\u00edn\u00e1lja , amely a funkcionalit\u00e1st a divatos megjelen\u00e9ssel \u00f6tv\u00f6zi. A k\u00f6t\u00e9nyekt\u0151l \u00e9s meleg\u00edt\u0151kt\u0151l kezdve a m\u0171t\u0151sruh\u00e1kig, nadr\u00e1gokig \u00e9s ruh\u00e1kig, poznani orvosi ruh\u00e1zatunkat minden olyan eg\u00e9szs\u00e9g\u00fcgyi szakember sz\u00e1m\u00e1ra tervezt\u00fck, aki professzion\u00e1lisan [&hellip;]<\/p>\n","protected":false},"author":28789,"featured_media":0,"parent":0,"menu_order":0,"comment_status":"closed","ping_status":"closed","template":"page.php","meta":{"_acf_changed":false,"inline_featured_image":false,"footnotes":""},"class_list":["post-456356","page","type-page","status-publish","hentry"],"acf":[],"_links":{"self":[{"href":"https:\/\/dev.medandbeauty.com\/hu\/wp-json\/wp\/v2\/pages\/456356","targetHints":{"allow":["GET"]}}],"collection":[{"href":"https:\/\/dev.medandbeauty.com\/hu\/wp-json\/wp\/v2\/pages"}],"about":[{"href":"https:\/\/dev.medandbeauty.com\/hu\/wp-json\/wp\/v2\/types\/page"}],"author":[{"embeddable":true,"href":"https:\/\/dev.medandbeauty.com\/hu\/wp-json\/wp\/v2\/users\/28789"}],"replies":[{"embeddable":true,"href":"https:\/\/dev.medandbeauty.com\/hu\/wp-json\/wp\/v2\/comments?post=456356"}],"version-history":[{"count":1,"href":"https:\/\/dev.medandbeauty.com\/hu\/wp-json\/wp\/v2\/pages\/456356\/revisions"}],"predecessor-version":[{"id":456360,"href":"https:\/\/dev.medandbeauty.com\/hu\/wp-json\/wp\/v2\/pages\/456356\/revisions\/456360"}],"wp:attachment":[{"href":"https:\/\/dev.medandbeauty.com\/hu\/wp-json\/wp\/v2\/media?parent=456356"}],"curies":[{"name":"wp","href":"https:\/\/api.w.org\/{rel}","templated":true}]}}