{"id":559210,"date":"2025-10-13T14:38:54","date_gmt":"2025-10-13T12:38:54","guid":{"rendered":"https:\/\/dev.medandbeauty.com\/product\/damska-fleecova-lekarska-mikina-dolce-rosa-2\/"},"modified":"2025-12-23T11:51:53","modified_gmt":"2025-12-23T10:51:53","slug":"damska-fleecova-lekarska-mikina-dolce-rosa-2","status":"publish","type":"product","link":"https:\/\/dev.medandbeauty.com\/cs\/product\/damska-fleecova-lekarska-mikina-dolce-rosa-2\/","title":{"rendered":"D\u00e1msk\u00e1 fleecov\u00e1 l\u00e9ka\u0159sk\u00e1 mikina DOLCE ROSA"},"content":{"rendered":"<h2>Zdravotnick\u00e1 fleecov\u00e1 mikina &#8211; pohodln\u00e1 na no\u0161en\u00ed<\/h2>\n<p>Objevte n\u00e1\u0161 nejnov\u011bj\u0161\u00ed hit &#8211; klasick\u00e9 a spolehliv\u00e9 l\u00e9ka\u0159sk\u00e9 fleecov\u00e9 mikiny, kter\u00e9 v\u00e1s v chladn\u011bj\u0161\u00edch dnech zah\u0159ej\u00ed a zajist\u00ed v\u00e1m maxim\u00e1ln\u00ed pohodl\u00ed.<\/p>\n<p>D\u00e1msk\u00e1 zdravotnick\u00e1 fleecov\u00e1 mikina DOLCE ROSA je vyrobena ze 100% recyklovan\u00e9ho polyesteru od renomovan\u00e9 spole\u010dnosti POLARTEC.<\/p>\n<p><strong>D\u00e1msk\u00e1 zdravotnick\u00e1 fleecov\u00e1 mikina je certifikovan\u00e1 podle norem OEKO-TEX a Bluesign.<\/strong><\/p>\n<p><strong>Polartec 200<\/strong> je jednou z \u0159ad tkanin spole\u010dnosti POLARTEC, kter\u00e1 <strong>se specializuje na v\u00fdrobu nejkvalitn\u011bj\u0161\u00edho outdoorov\u00e9ho a technick\u00e9ho oble\u010den\u00ed.<\/strong><\/p>\n<p>Fleece, z n\u011bho\u017e jsou vyrobeny na\u0161e l\u00e9ka\u0159sk\u00e9 mikiny, je <strong>materi\u00e1l s gram\u00e1\u017e\u00ed 250 g\/m2 (gram\u016f na metr \u010dtvere\u010dn\u00ed)<\/strong>, co\u017e z n\u011bj \u010din\u00ed ide\u00e1ln\u00ed fleece pro l\u00e9ka\u0159sk\u00fd a kosmetick\u00fd pr\u016fmysl.<\/p>\n<p>Tkanina m\u00e1 st\u0159edn\u00ed tlou\u0161\u0165ku, tak\u017ee poskytuje vynikaj\u00edc\u00ed tepelnou izolaci p\u0159i n\u00edzk\u00e9 hmotnosti a tak\u00e9 zaru\u010duje rychl\u00e9 schnut\u00ed.<\/p>\n<p>Zdravotnick\u00e1 mikina je u\u0161it\u00e1 z prody\u0161n\u00e9ho materi\u00e1lu, tak\u017ee odv\u00e1d\u00ed vlhkost od t\u011bla a udr\u017euje v\u00e1s v pohodl\u00ed b\u011bhem intenzivn\u00ed pracovn\u00ed doby.<\/p>\n<p>Tkanina je <strong>vysoce odoln\u00e1, mimo\u0159\u00e1dn\u011b m\u011bkk\u00e1 a p\u0159\u00edjemn\u00e1 na dotek, nav\u00edc je velmi odoln\u00e1 proti \u017emolkov\u00e1n\u00ed.<\/strong><\/p>\n<h2><strong>Tepl\u00e1 l\u00e9ka\u0159sk\u00e1 mikina &#8211; ide\u00e1ln\u00ed pro ka\u017edou slu\u017eebnu<\/strong><\/h2>\n<p>Po prvn\u00edm vypr\u00e1n\u00ed z\u00edsk\u00e1 vnit\u0159n\u00ed strana rouna p\u0159\u00edjemn\u011b nad\u00fdchan\u00fd efekt, kter\u00fd p\u0159ipom\u00edn\u00e1 m\u011bkkou &#8222;ber\u00e1n\u010d\u00ed&#8220;.<\/p>\n<p>D\u00edky tomu je materi\u00e1l je\u0161t\u011b m\u011bk\u010d\u00ed a pohodln\u011bj\u0161\u00ed na no\u0161en\u00ed.<\/p>\n<p>D\u00e1msk\u00e1 l\u00e9ka\u0159sk\u00e1 fleecov\u00e1 mikina se p\u0159izp\u016fsob\u00ed ka\u017ed\u00e9mu typu postavy, neomezuje v pohybu a, co\u017e je u l\u00e9ka\u0159sk\u00fdch mikin obzvl\u00e1\u0161\u0165 d\u016fle\u017eit\u00e9, je velmi tepl\u00e1.<\/p>\n<p>Tepl\u00e1 l\u00e9ka\u0159sk\u00e1 mikina je vybavena dv\u011bma hlubok\u00fdmi p\u0159edn\u00edmi kapsami, do kter\u00fdch lze ulo\u017eit ve\u0161ker\u00e9 p\u0159\u00edslu\u0161enstv\u00ed pot\u0159ebn\u00e9 p\u0159i pr\u00e1ci.<\/p>\n<p>D\u00edky praktick\u00e9mu zipu po cel\u00e9 d\u00e9lce a praktick\u00fdm stahovac\u00edm \u0161\u0148\u016frk\u00e1m jsou <a href=\"https:\/\/dev.medandbeauty.com\/cs\/shop\/pro-ni\/zakladni-kolekce\/lekarske-halenky-cs-2\/\">d\u00e1msk\u00e9 zdravotnick\u00e9 fleecov\u00e9 mikiny<\/a> vysoce funk\u010dn\u00ed.<\/p>\n<p>Na ruk\u00e1vu a na hrudi jsou decentn\u00ed loga v barv\u011b mikiny.<\/p>\n<p>Kombinujte <strong>l\u00e9ka\u0159skou fleecovou mikinu s <\/strong> <strong>l\u00e9ka\u0159skou halenkou se dv\u011bma kapsami, l\u00e9ka\u0159skou halenkou s jednou kapsou, l\u00e9ka\u0159sk\u00fdmi<\/strong> <strong>b\u011b\u017eeck\u00fdmi kalhotami nebo klasick\u00fdmi <\/strong>prost\u00fdmi <strong>l\u00e9ka\u0159sk\u00fdmi kalhotami ve stejn\u00e9 barv\u011b<\/strong> nebo si vyberte jin\u00fd odst\u00edn z mnoha dostupn\u00fdch v nab\u00eddce. <a href=\"https:\/\/dev.medandbeauty.com\/cs\/shop\/pro-ni\/zakladni-kolekce\/\" target=\"_blank\" rel=\"noopener\"><strong>kolekce<\/strong> <strong>Med &amp; Beauty Basic<\/strong><\/a>.<\/p>\n<p>Zajist\u011bte si maxim\u00e1ln\u00ed pohodl\u00ed a profesion\u00e1ln\u00ed vzhled v pr\u00e1ci s <strong>l\u00e9ka\u0159sk\u00fdmi <\/strong><strong> mikinami<\/strong> <strong>Med &amp; Beauty <\/strong><strong>.<\/strong>  <\/p>\n<p>Na\u0161e l\u00e9ka\u0159sk\u00e1 mikina m\u00e1:<\/p>\n<ul>\n<li>certifikovan\u00fd materi\u00e1l,<\/li>\n<li>dv\u011b hlubok\u00e9 p\u0159edn\u00ed kapsy,<\/li>\n<li>vysok\u00fd l\u00edmec, kter\u00fd v\u00e1s v chladn\u011bj\u0161\u00edch dnech zah\u0159eje,<\/li>\n<li>pohodln\u00fd zip po cel\u00e9 d\u00e9lce,<\/li>\n<li>praktick\u00e9 \u0161r\u00e1my.<\/li>\n<\/ul>\n<h2>D\u00e1msk\u00e1 l\u00e9ka\u0159sk\u00e1 fleecov\u00e1 mikina &#8211; velikosti<\/h2>\n<p><strong>Dal\u0161\u00ed informace: Modelky<\/strong> na fotografi\u00edch maj\u00ed na sob\u011b l\u00e9ka\u0159skou mikinu velikosti S a jsou vysok\u00e9 170-174 cm.<\/p>\n<p>Pokud si nev\u00edte rady s v\u00fdb\u011brem velikosti, pod\u00edvejte se na tabulku velikost\u00ed. Pokud st\u00e1le v\u00e1h\u00e1te &#8211; za\u0161lete n\u00e1m sv\u00e9 m\u00edry a my v\u00e1m <a href=\"https:\/\/dev.medandbeauty.com\/cs\/rodzaj-ubrania\/lekarske-halenky-cs\/\">l\u00e9ka\u0159sk\u00e9 fleecov\u00e9 mikiny<\/a> p\u0159izp\u016fsob\u00edme. <\/p>\n<p>Barvy od\u011bv\u016f v <a href=\"https:\/\/dev.medandbeauty.com\/cs\/shop\/pro-ni\/zakladni-kolekce\/\" target=\"_blank\" rel=\"noopener\">kolekci Basic<\/a> neodpov\u00eddaj\u00ed barv\u00e1m od\u011bv\u016f v<a href=\"https:\/\/dev.medandbeauty.com\/cs\/shop\/pro-ni\/kolekce-premium\/\" target=\"_blank\" rel=\"noopener\"> kolekci Premium<\/a> &#8211; jsou vyrobeny z odli\u0161n\u00fdch materi\u00e1l\u016f.<\/p>\n<p>Odst\u00edny jednotliv\u00fdch od\u011bv\u016f na fotografi\u00edch se mohou li\u0161it od skute\u010dn\u00fdch &#8211; to je zp\u016fsobeno r\u016fznorodost\u00ed dostupn\u00fdch elektronick\u00fdch za\u0159\u00edzen\u00ed a jejich individu\u00e1ln\u00edm nastaven\u00edm.<\/p>\n<p><a href=\"https:\/\/dev.medandbeauty.com\/cs\/\">Obchod se zdravotnick\u00fdm oble\u010den\u00edm<\/a> Med&amp;Beauty nab\u00edz\u00ed kvalitn\u00ed <a href=\"https:\/\/dev.medandbeauty.com\/cs\/shop\/pro-ni\/\">d\u00e1msk\u00e9 zdravotnick\u00e9 oble\u010den\u00ed.<\/a><\/p>\n<p>Vyz\u00fdv\u00e1me v\u00e1s k objedn\u00e1vk\u00e1m.<\/p>\n","protected":false},"excerpt":{"rendered":"<p>Zdravotnick\u00e1 fleecov\u00e1 mikina &#8211; pohodln\u00e1 na no\u0161en\u00ed Objevte n\u00e1\u0161 nejnov\u011bj\u0161\u00ed hit &#8211; klasick\u00e9 a spolehliv\u00e9 l\u00e9ka\u0159sk\u00e9 fleecov\u00e9 mikiny, kter\u00e9 v\u00e1s v chladn\u011bj\u0161\u00edch dnech zah\u0159ej\u00ed a zajist\u00ed v\u00e1m maxim\u00e1ln\u00ed pohodl\u00ed. D\u00e1msk\u00e1 zdravotnick\u00e1 fleecov\u00e1 mikina DOLCE ROSA je vyrobena ze 100% recyklovan\u00e9ho polyesteru od renomovan\u00e9 spole\u010dnosti POLARTEC. D\u00e1msk\u00e1 zdravotnick\u00e1 fleecov\u00e1 mikina je certifikovan\u00e1 podle norem OEKO-TEX a [&hellip;]<\/p>\n","protected":false},"featured_media":679245,"comment_status":"open","ping_status":"closed","template":"","meta":{"_acf_changed":false,"inline_featured_image":false},"kolor":[1039],"rodzaj-ubrania":[1149],"ubranie":[1194],"product_brand":[],"product_cat":[1193,1029,1048],"product_tag":[],"class_list":{"0":"post-559210","1":"product","2":"type-product","3":"status-publish","4":"has-post-thumbnail","6":"kolor-ruze","7":"rodzaj-ubrania-lekarske-halenky-cs","8":"ubranie-damska-lekarska-fleecova-bluza-basic","9":"product_cat-lekarske-halenky-cs-2","10":"product_cat-pro-ni","11":"product_cat-zakladni-kolekce","13":"first","14":"instock","15":"taxable","16":"shipping-taxable","17":"purchasable","18":"product-type-variable"},"acf":[],"_links":{"self":[{"href":"https:\/\/dev.medandbeauty.com\/cs\/wp-json\/wp\/v2\/product\/559210","targetHints":{"allow":["GET"]}}],"collection":[{"href":"https:\/\/dev.medandbeauty.com\/cs\/wp-json\/wp\/v2\/product"}],"about":[{"href":"https:\/\/dev.medandbeauty.com\/cs\/wp-json\/wp\/v2\/types\/product"}],"replies":[{"embeddable":true,"href":"https:\/\/dev.medandbeauty.com\/cs\/wp-json\/wp\/v2\/comments?post=559210"}],"wp:featuredmedia":[{"embeddable":true,"href":"https:\/\/dev.medandbeauty.com\/cs\/wp-json\/wp\/v2\/media\/679245"}],"wp:attachment":[{"href":"https:\/\/dev.medandbeauty.com\/cs\/wp-json\/wp\/v2\/media?parent=559210"}],"wp:term":[{"taxonomy":"kolor","embeddable":true,"href":"https:\/\/dev.medandbeauty.com\/cs\/wp-json\/wp\/v2\/kolor?post=559210"},{"taxonomy":"rodzaj-ubrania","embeddable":true,"href":"https:\/\/dev.medandbeauty.com\/cs\/wp-json\/wp\/v2\/rodzaj-ubrania?post=559210"},{"taxonomy":"ubranie","embeddable":true,"href":"https:\/\/dev.medandbeauty.com\/cs\/wp-json\/wp\/v2\/ubranie?post=559210"},{"taxonomy":"product_brand","embeddable":true,"href":"https:\/\/dev.medandbeauty.com\/cs\/wp-json\/wp\/v2\/product_brand?post=559210"},{"taxonomy":"product_cat","embeddable":true,"href":"https:\/\/dev.medandbeauty.com\/cs\/wp-json\/wp\/v2\/product_cat?post=559210"},{"taxonomy":"product_tag","embeddable":true,"href":"https:\/\/dev.medandbeauty.com\/cs\/wp-json\/wp\/v2\/product_tag?post=559210"}],"curies":[{"name":"wp","href":"https:\/\/api.w.org\/{rel}","templated":true}]}}