{"id":437175,"date":"2024-01-09T22:43:38","date_gmt":"2024-01-09T22:43:38","guid":{"rendered":"https:\/\/dev.medandbeauty.com\/product\/damske-lekarske-halenky-basic-magic-violet-outlet\/"},"modified":"2026-02-25T14:19:37","modified_gmt":"2026-02-25T13:19:37","slug":"damske-lekarske-halenky-basic-magic-violet-outlet","status":"publish","type":"product","link":"https:\/\/dev.medandbeauty.com\/cs\/product\/damske-lekarske-halenky-basic-magic-violet-outlet\/","title":{"rendered":"D\u00e1msk\u00e1 l\u00e9ka\u0159sk\u00e1 bl\u016fza Basic MAGIC VIOLET"},"content":{"rendered":"<p style=\"font-weight: 400;\">Objevte klasick\u00e9 a spolehliv\u00e9 <strong><a href=\"https:\/\/dev.medandbeauty.com\/cs\/shop\/pro-ni\/zakladni-kolekce\/\" target=\"_blank\" rel=\"noopener\">k\u0159oviny Basic,<\/a><\/strong> kter\u00e9 si zamilovaly tis\u00edce na\u0161ich z\u00e1kazn\u00edk\u016f!<\/p>\n<p>Kdy\u017e tr\u00e1v\u00edte v pr\u00e1ci dlouh\u00e9 a intenzivn\u00ed hodiny, pot\u0159ebujete.<strong style=\"font-weight: 400;\">  zdravotnick\u00e9 od\u011bvy,  <\/strong>kter\u00e9 v\u00e1m poskytnou maxim\u00e1ln\u00ed pohodl\u00ed.  <strong>D\u00e1msk\u00e1 l\u00e9ka\u0159sk\u00e1 bl\u016fza scrubs basic magic violet byla<\/strong> vyrobena z nejkvalitn\u011bj\u0161\u00edho materi\u00e1lu.<\/p>\n<p style=\"font-weight: 400;\">D\u00edky kombinaci polyesteru, visk\u00f3zy a lycry je tkanina velmi m\u011bkk\u00e1, odoln\u00e1, p\u0159\u00edjemn\u00e1 na dotek, p\u0159izp\u016fsobiv\u00e1 v\u0161em typ\u016fm postavy, neomezuje v pohybu a, co\u017e je u <strong>zdravotnick\u00fdch od\u011bv\u016f<\/strong> mimo\u0159\u00e1dn\u011b d\u016fle\u017eit\u00e9, je tak\u00e9 prody\u0161n\u00e1 a prody\u0161n\u00e1.<\/p>\n<p style=\"font-weight: 400;\"><strong>D\u00e1msk\u00e1 l\u00e9ka\u0159sk\u00e1 bl\u016fza Scrubs Basic magic fialov\u00e9 barvy <\/strong>je dokonal\u00fdm z\u00e1kladem spolehliv\u00e9ho a nad\u010dasov\u00e9ho <strong>l\u00e9ka\u0159sk\u00e9ho<\/strong> \u0161atn\u00edku.<\/p>\n<p style=\"font-weight: 400;\">Je vybavena dv\u011bma mimo\u0159\u00e1dn\u011b praktick\u00fdmi a prostorn\u00fdmi kapsami pro ulo\u017een\u00ed ve\u0161ker\u00e9ho p\u0159\u00edslu\u0161enstv\u00ed pot\u0159ebn\u00e9ho p\u0159i pr\u00e1ci.<\/p>\n<p style=\"font-weight: 400;\">Klasick\u00fd v\u00e9\u010dkov\u00fd v\u00fdst\u0159ih opticky prodlu\u017euje siluetu, z\u00fa\u017een\u00fd st\u0159ih v pase zv\u00fdrazn\u00ed p\u0159ednosti ka\u017ed\u00e9 postavy a d\u00e9lka ruk\u00e1v\u016f (sahaj\u00edc\u00ed t\u00e9m\u011b\u0159 k lokti) poskytuje ochranu ramen a z\u00e1rove\u0148 neomezuje v pohybu.<\/p>\n<p style=\"font-weight: 400;\">Kombinujte <strong>d\u00e1msk\u00e9 pracovn\u00ed od\u011bvy Basic medical blouse v magick\u00e9 fialov\u00e9 barv\u011b<\/strong> s d\u00e1msk\u00fdm od\u011bvem <a href=\"https:\/\/dev.medandbeauty.com\/product\/spodnie-medyczne-damskie-joggery-v1-scrubs-basic-magic-violet\/\" target=\"_blank\" rel=\"noopener\"><strong>zdravotnick\u00fdmi b\u011b\u017eeck\u00fdmi kalhotami <\/strong><\/a>nebo klasickou <a href=\"https:\/\/dev.medandbeauty.com\/product\/spodnie-medyczne-damskie-proste-scrubs-basic-magic-violet\/\" target=\"_blank\" rel=\"noopener\"><strong>rovn\u00fdmi l\u00e9ka\u0159sk\u00fdmi kalhotami<\/strong> <\/a>ve stejn\u00e9 barv\u011b nebo si vyberte jin\u00fd odst\u00edn z mnoha dostupn\u00fdch v kolekci. <a href=\"https:\/\/dev.medandbeauty.com\/cs\/shop\/pro-ni\/zakladni-kolekce\/\" target=\"_blank\" rel=\"noopener\"><strong>Med &amp; Beauty Basic<\/strong><\/a>.<\/p>\n<p style=\"font-weight: 400;\">Zajist\u011bte si maxim\u00e1ln\u00ed pohodl\u00ed a profesion\u00e1ln\u00ed vzhled p\u0159i pr\u00e1ci s<strong> l\u00e9ka\u0159sk\u00fdmi \u0161\u00e1tky<\/strong> <strong>Med &amp; Beauty Basic<\/strong>.<\/p>\n<ul>\n<li style=\"font-weight: 400;\">Dv\u011b velk\u00e9, praktick\u00e9 a prostorn\u00e9 kapsy<\/li>\n<li style=\"font-weight: 400;\"><span style=\"font-family: inherit;\">Tvarovan\u00fd pas<\/span><\/li>\n<li style=\"font-weight: 400;\"><span style=\"font-family: inherit;\">Klasick\u00fd v\u00fdst\u0159ih do V<\/span><\/li>\n<li style=\"font-weight: 400;\"><span style=\"font-family: inherit;\">Pohodln\u00fd, kr\u00e1tk\u00fd ruk\u00e1v<\/span><\/li>\n<\/ul>\n<p>&nbsp;<\/p>\n<p style=\"font-weight: 400;\"><strong>Dal\u0161\u00ed informace:<\/strong><br \/>\nModelky na fotografi\u00edch maj\u00ed na sob\u011b velikost S a jsou vysok\u00e9 170-174 cm.<\/p>\n<p style=\"font-weight: 400;\">Pokud si nev\u00edte rady s v\u00fdb\u011brem velikosti, pod\u00edvejte se na tabulku velikost\u00ed. Pokud m\u00e1te dal\u0161\u00ed pochybnosti &#8211; po\u0161lete n\u00e1m sv\u00e9 m\u00edry a my v\u00e1m je p\u0159izp\u016fsob\u00edme. <\/p>\n<p style=\"font-weight: 400;\">Barvy od\u011bv\u016f v <a href=\"https:\/\/dev.medandbeauty.com\/cs\/shop\/pro-ni\/zakladni-kolekce\/\" target=\"_blank\" rel=\"noopener\">kolekci Basic<\/a> neodpov\u00eddaj\u00ed barv\u00e1m od\u011bv\u016f v <a href=\"https:\/\/dev.medandbeauty.com\/cs\/shop\/pro-ni\/kolekce-premium\/\" target=\"_blank\" rel=\"noopener\">kolekci Premium<\/a> &#8211; jsou vyrobeny z jin\u00fdch materi\u00e1l\u016f.<\/p>\n<p style=\"font-weight: 400;\">Odst\u00edny jednotliv\u00fdch od\u011bv\u016f na fotografi\u00edch se mohou li\u0161it od skute\u010dn\u00fdch &#8211; to je zp\u016fsobeno r\u016fznorodost\u00ed dostupn\u00fdch elektronick\u00fdch za\u0159\u00edzen\u00ed a jejich individu\u00e1ln\u00edm nastaven\u00edm.<\/p>\n<p>&nbsp;<\/p>\n","protected":false},"excerpt":{"rendered":"<p>Objevte klasick\u00e9 a spolehliv\u00e9 k\u0159oviny Basic, kter\u00e9 si zamilovaly tis\u00edce na\u0161ich z\u00e1kazn\u00edk\u016f! Kdy\u017e tr\u00e1v\u00edte v pr\u00e1ci dlouh\u00e9 a intenzivn\u00ed hodiny, pot\u0159ebujete. zdravotnick\u00e9 od\u011bvy, kter\u00e9 v\u00e1m poskytnou maxim\u00e1ln\u00ed pohodl\u00ed. D\u00e1msk\u00e1 l\u00e9ka\u0159sk\u00e1 bl\u016fza scrubs basic magic violet byla vyrobena z nejkvalitn\u011bj\u0161\u00edho materi\u00e1lu. D\u00edky kombinaci polyesteru, visk\u00f3zy a lycry je tkanina velmi m\u011bkk\u00e1, odoln\u00e1, p\u0159\u00edjemn\u00e1 na dotek, p\u0159izp\u016fsobiv\u00e1 [&hellip;]<\/p>\n","protected":false},"featured_media":437176,"comment_status":"open","ping_status":"closed","template":"","meta":{"_acf_changed":false,"inline_featured_image":false},"kolor":[1187],"rodzaj-ubrania":[1087,1051],"ubranie":[1258],"product_brand":[],"product_cat":[1029,1146,2134],"product_tag":[],"class_list":{"0":"post-437175","1":"product","2":"type-product","3":"status-publish","4":"has-post-thumbnail","6":"kolor-fialky-cs","7":"rodzaj-ubrania-lekarske-halenky","8":"rodzaj-ubrania-scrubs-cs","9":"ubranie-damske-lekarske-halenky-basic-outlet","10":"product_cat-pro-ni","11":"product_cat-vystup-cs","12":"product_cat-zimni-vyprodej","14":"first","15":"instock","16":"sale","17":"taxable","18":"shipping-taxable","19":"purchasable","20":"product-type-variable"},"acf":[],"_links":{"self":[{"href":"https:\/\/dev.medandbeauty.com\/cs\/wp-json\/wp\/v2\/product\/437175","targetHints":{"allow":["GET"]}}],"collection":[{"href":"https:\/\/dev.medandbeauty.com\/cs\/wp-json\/wp\/v2\/product"}],"about":[{"href":"https:\/\/dev.medandbeauty.com\/cs\/wp-json\/wp\/v2\/types\/product"}],"replies":[{"embeddable":true,"href":"https:\/\/dev.medandbeauty.com\/cs\/wp-json\/wp\/v2\/comments?post=437175"}],"wp:featuredmedia":[{"embeddable":true,"href":"https:\/\/dev.medandbeauty.com\/cs\/wp-json\/wp\/v2\/media\/437176"}],"wp:attachment":[{"href":"https:\/\/dev.medandbeauty.com\/cs\/wp-json\/wp\/v2\/media?parent=437175"}],"wp:term":[{"taxonomy":"kolor","embeddable":true,"href":"https:\/\/dev.medandbeauty.com\/cs\/wp-json\/wp\/v2\/kolor?post=437175"},{"taxonomy":"rodzaj-ubrania","embeddable":true,"href":"https:\/\/dev.medandbeauty.com\/cs\/wp-json\/wp\/v2\/rodzaj-ubrania?post=437175"},{"taxonomy":"ubranie","embeddable":true,"href":"https:\/\/dev.medandbeauty.com\/cs\/wp-json\/wp\/v2\/ubranie?post=437175"},{"taxonomy":"product_brand","embeddable":true,"href":"https:\/\/dev.medandbeauty.com\/cs\/wp-json\/wp\/v2\/product_brand?post=437175"},{"taxonomy":"product_cat","embeddable":true,"href":"https:\/\/dev.medandbeauty.com\/cs\/wp-json\/wp\/v2\/product_cat?post=437175"},{"taxonomy":"product_tag","embeddable":true,"href":"https:\/\/dev.medandbeauty.com\/cs\/wp-json\/wp\/v2\/product_tag?post=437175"}],"curies":[{"name":"wp","href":"https:\/\/api.w.org\/{rel}","templated":true}]}}