{"id":396648,"date":"2024-01-02T14:43:56","date_gmt":"2024-01-02T14:43:56","guid":{"rendered":"https:\/\/dev.medandbeauty.com\/product\/damsky-lekarsky-plast-s-premiovym-vystrihem-cerny\/"},"modified":"2025-12-23T12:03:24","modified_gmt":"2025-12-23T11:03:24","slug":"damsky-lekarsky-plast-s-premiovym-vystrihem-cerny","status":"publish","type":"product","link":"https:\/\/dev.medandbeauty.com\/cs\/product\/damsky-lekarsky-plast-s-premiovym-vystrihem-cerny\/","title":{"rendered":"D\u00e1msk\u00fd l\u00e9ka\u0159sk\u00fd pl\u00e1\u0161\u0165 s pr\u00e9miov\u00fdm v\u00fdst\u0159ihem \u010cERN\u00dd"},"content":{"rendered":"<p style=\"font-weight: 400;\"><strong>\u010cern\u00e1 l\u00e9ka\u0159sk\u00e1 z\u00e1st\u011bra s pr\u00e9miov\u00fdm v\u00fdst\u0159ihem<\/strong> je ide\u00e1ln\u00ed volbou pro \u017eeny pracuj\u00edc\u00ed v kosmetick\u00e9m a zdravotnick\u00e9m pr\u016fmyslu, kter\u00e9 d\u00e1vaj\u00ed p\u0159ednost klasick\u00e9mu stylu a rafinovan\u00e9 eleganci.<\/p>\n<p style=\"font-weight: 400;\"><strong>\u010cern\u00e1 l\u00e9ka\u0159sk\u00e1 z\u00e1st\u011bra s v\u00fdst\u0159ihem z <a href=\"https:\/\/dev.medandbeauty.com\/cs\/shop\/pro-ni\/kolekce-premium\/\" target=\"_blank\" rel=\"noopener\">kolekce Premium<\/a><\/strong> je u\u0161ita z vysoce kvalitn\u00ed sm\u011bsi bavlny, nylonu a lycry, tak\u017ee poskytuje nejen pohodl\u00ed, ale tak\u00e9 perfektn\u00ed p\u0159izp\u016fsoben\u00ed r\u016fzn\u00fdm siluet\u00e1m a komfort po cel\u00fd pracovn\u00ed den.<\/p>\n<p style=\"font-weight: 400;\">Kapsy tohoto modelu jsou praktick\u00e9 a prostorn\u00e9, tak\u017ee do nich m\u016f\u017eete ulo\u017eit z\u00e1kladn\u00ed v\u011bci, kter\u00e9 chcete m\u00edt neust\u00e1le po ruce.<\/p>\n<p style=\"font-weight: 400;\">D\u016fle\u017eit\u00fdm rozli\u0161ovac\u00edm znakem <strong>\u010dern\u00e9 l\u00e9ka\u0159sk\u00e9 z\u00e1st\u011bry<\/strong> <strong>Med &amp; Beauty<\/strong> <strong>s v\u00fdst\u0159ihem<\/strong> je pohodln\u00e9 zap\u00edn\u00e1n\u00ed na patentky, kter\u00e9 umo\u017e\u0148uje rychl\u00e9 obl\u00e9k\u00e1n\u00ed a svl\u00e9k\u00e1n\u00ed z\u00e1st\u011bry.<\/p>\n<p style=\"font-weight: 400;\">Klasick\u00fd lichob\u011b\u017en\u00edkov\u00fd v\u00fdst\u0159ih dod\u00e1v\u00e1 z\u00e1st\u011b\u0159e nad\u010dasov\u00fd p\u016fvab i modern\u00ed n\u00e1dech a jej\u00ed d\u00e9lka byla p\u0159esn\u011b zvolena tak, aby kr\u00e1sn\u011b ladila s ka\u017edou siluetou.<\/p>\n<p style=\"font-weight: 400;\">Ve spole\u010dnosti <strong>Med &amp; Beauty<\/strong> db\u00e1me nejen na pohodl\u00ed u\u017eivatele, ale tak\u00e9 na estetiku a profesion\u00e1ln\u00ed vzhled. St\u0159ih <strong>\u010dern\u00e9 l\u00e9ka\u0159sk\u00e9 z\u00e1st\u011bry s v\u00fdst\u0159ihem<\/strong> do pasu zd\u016fraz\u0148uje v\u0161echny p\u0159ednosti \u017eensk\u00e9 postavy. <\/p>\n<p style=\"font-weight: 400;\">Dob\u0159e se p\u00e1ruje s <a href=\"https:\/\/dev.medandbeauty.com\/sklep?s=przylegaj%C4%85ce\" target=\"_blank\" rel=\"noopener\"><strong>l\u00e9ka\u0159sk\u00e9 kalhoty<\/strong><\/a>ze stejn\u00e9ho materi\u00e1lu. M\u016f\u017eete si vybrat <a href=\"https:\/\/dev.medandbeauty.com\/cs\/shop\/pro-ni\/kolekce-premium\/?rodzaj-ubrania=spodnie-medyczne\" target=\"_blank\" rel=\"noopener\"><strong>l\u00e9ka\u0159sk\u00e9 kalhoty<\/strong><\/a> v \u010dern\u00e9 barv\u011b nebo v jak\u00e9mkoli odst\u00ednu z pr\u00e9miov\u00fdch barev dostupn\u00fdch v kolekci.<\/p>\n<ul>\n<li style=\"font-weight: 400;\">Elegantn\u00ed lichob\u011b\u017en\u00edkov\u00fd v\u00fdst\u0159ih<\/li>\n<li style=\"font-weight: 400;\"><span style=\"font-family: inherit;\">Pohodln\u00e9 zap\u00edn\u00e1n\u00ed na patentky<\/span><\/li>\n<li style=\"font-weight: 400;\"><span style=\"font-family: inherit;\">Klasick\u00fd \u00fazk\u00fd st\u0159ih pro lichotivou siluetu<\/span><\/li>\n<li style=\"font-weight: 400;\"><span style=\"font-family: inherit;\">Dv\u011b prostorn\u00e9 p\u0159edn\u00ed kapsy s n\u00e1\u0161ivkami<\/span><\/li>\n<li style=\"font-weight: 400;\"><span style=\"font-family: inherit;\">Lze p\u0159izp\u016fsobit v\u00fd\u0161ivkou<\/span><\/li>\n<\/ul>\n<p style=\"font-weight: 400;\"><strong>Dal\u0161\u00ed informace:<\/strong><br \/>\nModelky na fotografi\u00edch maj\u00ed na sob\u011b velikost S a jsou vysok\u00e9 170-174 cm.<\/p>\n<p style=\"font-weight: 400;\">Pokud si nev\u00edte rady s v\u00fdb\u011brem velikosti, pod\u00edvejte se na tabulku velikost\u00ed. Pokud m\u00e1te dal\u0161\u00ed pochybnosti &#8211; po\u0161lete n\u00e1m sv\u00e9 m\u00edry a my v\u00e1m je p\u0159izp\u016fsob\u00edme. <\/p>\n<p style=\"font-weight: 400;\">Barvy od\u011bv\u016f v kolekci Premium neodpov\u00eddaj\u00ed barv\u00e1m od\u011bv\u016f v<a href=\"https:\/\/dev.medandbeauty.com\/cs\/shop\/pro-ni\/zakladni-kolekce\/\" target=\"_blank\" rel=\"noopener\"> kolekci Basic<\/a> &#8211; jsou vyrobeny z jin\u00fdch materi\u00e1l\u016f.<\/p>\n<p style=\"font-weight: 400;\">Odst\u00edny jednotliv\u00fdch od\u011bv\u016f na fotografi\u00edch se mohou li\u0161it od skute\u010dn\u00fdch &#8211; to je zp\u016fsobeno r\u016fznorodost\u00ed dostupn\u00fdch elektronick\u00fdch za\u0159\u00edzen\u00ed a jejich individu\u00e1ln\u00edm nastaven\u00edm.<\/p>\n","protected":false},"excerpt":{"rendered":"<p>\u010cern\u00e1 l\u00e9ka\u0159sk\u00e1 z\u00e1st\u011bra s pr\u00e9miov\u00fdm v\u00fdst\u0159ihem je ide\u00e1ln\u00ed volbou pro \u017eeny pracuj\u00edc\u00ed v kosmetick\u00e9m a zdravotnick\u00e9m pr\u016fmyslu, kter\u00e9 d\u00e1vaj\u00ed p\u0159ednost klasick\u00e9mu stylu a rafinovan\u00e9 eleganci. \u010cern\u00e1 l\u00e9ka\u0159sk\u00e1 z\u00e1st\u011bra s v\u00fdst\u0159ihem z kolekce Premium je u\u0161ita z vysoce kvalitn\u00ed sm\u011bsi bavlny, nylonu a lycry, tak\u017ee poskytuje nejen pohodl\u00ed, ale tak\u00e9 perfektn\u00ed p\u0159izp\u016fsoben\u00ed r\u016fzn\u00fdm siluet\u00e1m a komfort [&hellip;]<\/p>\n","protected":false},"featured_media":396651,"comment_status":"open","ping_status":"closed","template":"","meta":{"_acf_changed":false,"inline_featured_image":false},"kolor":[1172],"rodzaj-ubrania":[1318],"ubranie":[1454],"product_brand":[],"product_cat":[1159,1029,1317],"product_tag":[],"class_list":{"0":"post-396648","1":"product","2":"type-product","3":"status-publish","4":"has-post-thumbnail","6":"kolor-czernie-cs","7":"rodzaj-ubrania-zdravotnicke-plaste","8":"ubranie-premiovy-lekarsky-plast-pro-zeny-s-vystrihem","9":"product_cat-kolekce-premium","10":"product_cat-pro-ni","11":"product_cat-zdravotnicke-plaste","13":"first","14":"instock","15":"taxable","16":"shipping-taxable","17":"purchasable","18":"product-type-variable"},"acf":[],"_links":{"self":[{"href":"https:\/\/dev.medandbeauty.com\/cs\/wp-json\/wp\/v2\/product\/396648","targetHints":{"allow":["GET"]}}],"collection":[{"href":"https:\/\/dev.medandbeauty.com\/cs\/wp-json\/wp\/v2\/product"}],"about":[{"href":"https:\/\/dev.medandbeauty.com\/cs\/wp-json\/wp\/v2\/types\/product"}],"replies":[{"embeddable":true,"href":"https:\/\/dev.medandbeauty.com\/cs\/wp-json\/wp\/v2\/comments?post=396648"}],"wp:featuredmedia":[{"embeddable":true,"href":"https:\/\/dev.medandbeauty.com\/cs\/wp-json\/wp\/v2\/media\/396651"}],"wp:attachment":[{"href":"https:\/\/dev.medandbeauty.com\/cs\/wp-json\/wp\/v2\/media?parent=396648"}],"wp:term":[{"taxonomy":"kolor","embeddable":true,"href":"https:\/\/dev.medandbeauty.com\/cs\/wp-json\/wp\/v2\/kolor?post=396648"},{"taxonomy":"rodzaj-ubrania","embeddable":true,"href":"https:\/\/dev.medandbeauty.com\/cs\/wp-json\/wp\/v2\/rodzaj-ubrania?post=396648"},{"taxonomy":"ubranie","embeddable":true,"href":"https:\/\/dev.medandbeauty.com\/cs\/wp-json\/wp\/v2\/ubranie?post=396648"},{"taxonomy":"product_brand","embeddable":true,"href":"https:\/\/dev.medandbeauty.com\/cs\/wp-json\/wp\/v2\/product_brand?post=396648"},{"taxonomy":"product_cat","embeddable":true,"href":"https:\/\/dev.medandbeauty.com\/cs\/wp-json\/wp\/v2\/product_cat?post=396648"},{"taxonomy":"product_tag","embeddable":true,"href":"https:\/\/dev.medandbeauty.com\/cs\/wp-json\/wp\/v2\/product_tag?post=396648"}],"curies":[{"name":"wp","href":"https:\/\/api.w.org\/{rel}","templated":true}]}}