{"id":396524,"date":"2024-01-02T15:43:12","date_gmt":"2024-01-02T15:43:12","guid":{"rendered":"https:\/\/dev.medandbeauty.com\/product\/damska-lekarska-bluza-scrubs-premium-blue\/"},"modified":"2025-12-31T22:28:09","modified_gmt":"2025-12-31T21:28:09","slug":"damska-lekarska-bluza-scrubs-premium-blue","status":"publish","type":"product","link":"https:\/\/dev.medandbeauty.com\/cs\/product\/damska-lekarska-bluza-scrubs-premium-blue\/","title":{"rendered":"D\u00e1msk\u00e1 l\u00e9ka\u0159sk\u00e1 bl\u016fza Scrubs Premium BLUE"},"content":{"rendered":"<p style=\"font-weight: 400;\"><strong>Klasick\u00e9 \u0161krabo\u0161ky<\/strong>, kter\u00e9 si z\u00edskaly srdce tis\u00edc\u016f na\u0161ich z\u00e1kazn\u00edk\u016f, nyn\u00ed tak\u00e9 v <a href=\"https:\/\/dev.medandbeauty.com\/cs\/shop\/pro-ni\/kolekce-premium\/\" target=\"_blank\" rel=\"noopener\">pr\u00e9miov\u00e9 kolekci<\/a>!<\/p>\n<p style=\"font-weight: 400;\">Dlouh\u00e1 pracovn\u00ed doba vy\u017eaduje co nejpohodln\u011bj\u0161\u00ed <strong>l\u00e9ka\u0159sk\u00e9 od\u011bvy<\/strong>. <strong>Modr\u00e1 d\u00e1msk\u00e1 l\u00e9ka\u0159sk\u00e1 bl\u016fza Scrubs Premium<\/strong> byla u\u0161ita z 80 % prvot\u0159\u00eddn\u00ed bavlny a d\u00e1le obohacena o jemnou sm\u011bs lycry a nylonu.<\/p>\n<p style=\"font-weight: 400;\">D\u00edky t\u00e9to sm\u011bsi vl\u00e1ken v tkanin\u011b je materi\u00e1l m\u011bkk\u00fd, odoln\u00fd, dokonale se p\u0159izp\u016fsob\u00ed postav\u011b, neomezuje v pohybu a hlavn\u011b je prody\u0161n\u00fd.<\/p>\n<p style=\"font-weight: 400;\"><strong>Modr\u00e1 d\u00e1msk\u00e1 l\u00e9ka\u0159sk\u00e1 bl\u016fza<a href=\"https:\/\/dev.medandbeauty.com\/cs\/shop\/pro-ni\/kolekce-premium\/\" target=\"_blank\" rel=\"noopener\">Scrubs Premium<\/a><\/strong> p\u0159edstavuje dokonal\u00fd z\u00e1klad pro pohodln\u00fd a v\u0161estrann\u00fd \u0161atn\u00edk l\u00e9ka\u0159sk\u00e9 uniformy.<\/p>\n<p style=\"font-weight: 400;\">Dv\u011b velk\u00e9 praktick\u00e9 kapsy na p\u0159edn\u00ed stran\u011b umo\u017e\u0148uj\u00ed m\u00edt p\u0159i pr\u00e1ci v\u0161echny pot\u0159ebn\u00e9 v\u011bci po ruce.<\/p>\n<p style=\"font-weight: 400;\">Klasick\u00fd v\u00fdst\u0159ih do V opticky prodlu\u017euje siluetu, \u00fazk\u00fd st\u0159ih zd\u016fraz\u0148uje v\u0161echny \u017eensk\u00e9 p\u0159ednosti a d\u00e9lka ruk\u00e1v\u016f (sahaj\u00edc\u00ed t\u00e9m\u011b\u0159 k lokti) zaru\u010duje ochranu ramen, ani\u017e by omezovala pohyb.<\/p>\n<p style=\"font-weight: 400;\"><strong>D\u00e1mskou modrou l\u00e9ka\u0159skou bl\u016fzu Scrubs Premium<\/strong> m\u016f\u017eete kombinovat s <a href=\"https:\/\/dev.medandbeauty.com\/cs\/product\/damske-lekarske-kalhoty-jogger-scrubs-premium-white\/\" target=\"_blank\" rel=\"noopener\"><strong>l\u00e9ka\u0159sk\u00fdmi b\u011b\u017eeck\u00fdmi kalhotami<\/strong><\/a>, <a href=\"https:\/\/dev.medandbeauty.com\/cs\/product\/damske-lekarske-kalhoty-premium-fit-bile\/\" target=\"_blank\" rel=\"noopener\"><strong>zdravotnick\u00fdmi kalhotami<\/strong> <\/a>nebo klasick\u00fdmi <a href=\"https:\/\/dev.medandbeauty.com\/cs\/product\/damske-lekarske-kalhoty-proste-scrubs-premium-white\/\" target=\"_blank\" rel=\"noopener\"><strong>rovn\u00fdmi l\u00e9ka\u0159sk\u00fdmi kalhotami<\/strong> <\/a>ve stejn\u00e9m odst\u00ednu nebo si vyberte jinou barvu z mnoha dostupn\u00fdch v na\u0161\u00ed nab\u00eddce.<\/p>\n<p style=\"font-weight: 400;\">Zajist\u011bte si dokonal\u00e9 pohodl\u00ed a profesion\u00e1ln\u00ed vzhled na pracovi\u0161ti s \u0159adou <strong>zdravotnick\u00fdch od\u011bv\u016f<\/strong>. <a href=\"https:\/\/dev.medandbeauty.com\/cs\/shop\/pro-ni\/kolekce-premium\/\" target=\"_blank\" rel=\"noopener\"><strong>Med &amp; Beauty Premium<\/strong><\/a>.<strong><br \/>\n<\/strong><\/p>\n<ul>\n<li style=\"font-weight: 400;\">Dv\u011b prostorn\u00e9 p\u0159edn\u00ed kapsy<\/li>\n<li style=\"font-weight: 400;\"><span style=\"font-family: inherit;\">M\u011bkk\u00e1 a prody\u0161n\u00e1 tkanina<\/span><\/li>\n<li style=\"font-weight: 400;\"><span style=\"font-family: inherit;\">\u00dazk\u00fd st\u0159ih, nad\u010dasov\u00fd st\u0159ih<\/span><\/li>\n<li style=\"font-weight: 400;\"><span style=\"font-family: inherit;\">Lze p\u0159izp\u016fsobit v\u00fd\u0161ivkou<\/span><\/li>\n<\/ul>\n<p style=\"font-weight: 400;\"><strong>Dal\u0161\u00ed informace:<\/strong><br \/>\nModelky na fotografi\u00edch maj\u00ed na sob\u011b velikost S a jsou vysok\u00e9 170-174 cm.<\/p>\n<p style=\"font-weight: 400;\">Pokud si nev\u00edte rady s v\u00fdb\u011brem velikosti, pod\u00edvejte se na tabulku velikost\u00ed. Pokud m\u00e1te dal\u0161\u00ed pochybnosti &#8211; po\u0161lete n\u00e1m sv\u00e9 m\u00edry a my v\u00e1m je p\u0159izp\u016fsob\u00edme. <\/p>\n<p style=\"font-weight: 400;\">Barvy od\u011bv\u016f v<a href=\"https:\/\/dev.medandbeauty.com\/cs\/shop\/pro-ni\/kolekce-premium\/\" target=\"_blank\" rel=\"noopener\"> kolekci Premium<\/a> neodpov\u00eddaj\u00ed barv\u00e1m od\u011bv\u016f v <a href=\"https:\/\/dev.medandbeauty.com\/cs\/shop\/pro-ni\/zakladni-kolekce\/\" target=\"_blank\" rel=\"noopener\">kolekci Basic<\/a> &#8211; jsou vyrobeny z jin\u00fdch materi\u00e1l\u016f.<\/p>\n<p style=\"font-weight: 400;\">Odst\u00edny jednotliv\u00fdch od\u011bv\u016f na fotografi\u00edch se mohou li\u0161it od skute\u010dn\u00fdch &#8211; to je zp\u016fsobeno r\u016fznorodost\u00ed dostupn\u00fdch elektronick\u00fdch za\u0159\u00edzen\u00ed a jejich individu\u00e1ln\u00edm nastaven\u00edm.<\/p>\n","protected":false},"excerpt":{"rendered":"<p>Klasick\u00e9 \u0161krabo\u0161ky, kter\u00e9 si z\u00edskaly srdce tis\u00edc\u016f na\u0161ich z\u00e1kazn\u00edk\u016f, nyn\u00ed tak\u00e9 v pr\u00e9miov\u00e9 kolekci! Dlouh\u00e1 pracovn\u00ed doba vy\u017eaduje co nejpohodln\u011bj\u0161\u00ed l\u00e9ka\u0159sk\u00e9 od\u011bvy. Modr\u00e1 d\u00e1msk\u00e1 l\u00e9ka\u0159sk\u00e1 bl\u016fza Scrubs Premium byla u\u0161ita z 80 % prvot\u0159\u00eddn\u00ed bavlny a d\u00e1le obohacena o jemnou sm\u011bs lycry a nylonu. D\u00edky t\u00e9to sm\u011bsi vl\u00e1ken v tkanin\u011b je materi\u00e1l m\u011bkk\u00fd, odoln\u00fd, dokonale [&hellip;]<\/p>\n","protected":false},"featured_media":396599,"comment_status":"open","ping_status":"closed","template":"","meta":{"_acf_changed":false,"inline_featured_image":false},"kolor":[1144],"rodzaj-ubrania":[1087,1051],"ubranie":[1451],"product_brand":[],"product_cat":[1159,1450,1029,1373],"product_tag":[],"class_list":{"0":"post-396524","1":"product","2":"type-product","3":"status-publish","4":"has-post-thumbnail","6":"kolor-modra-cs","7":"rodzaj-ubrania-lekarske-halenky","8":"rodzaj-ubrania-scrubs-cs","9":"ubranie-damske-lekarske-bluzy-scrubs-premium","10":"product_cat-kolekce-premium","11":"product_cat-lekarske-halenky-cs-4","12":"product_cat-pro-ni","13":"product_cat-scrubs-cs-2","15":"first","16":"instock","17":"taxable","18":"shipping-taxable","19":"purchasable","20":"product-type-variable"},"acf":[],"_links":{"self":[{"href":"https:\/\/dev.medandbeauty.com\/cs\/wp-json\/wp\/v2\/product\/396524","targetHints":{"allow":["GET"]}}],"collection":[{"href":"https:\/\/dev.medandbeauty.com\/cs\/wp-json\/wp\/v2\/product"}],"about":[{"href":"https:\/\/dev.medandbeauty.com\/cs\/wp-json\/wp\/v2\/types\/product"}],"replies":[{"embeddable":true,"href":"https:\/\/dev.medandbeauty.com\/cs\/wp-json\/wp\/v2\/comments?post=396524"}],"wp:featuredmedia":[{"embeddable":true,"href":"https:\/\/dev.medandbeauty.com\/cs\/wp-json\/wp\/v2\/media\/396599"}],"wp:attachment":[{"href":"https:\/\/dev.medandbeauty.com\/cs\/wp-json\/wp\/v2\/media?parent=396524"}],"wp:term":[{"taxonomy":"kolor","embeddable":true,"href":"https:\/\/dev.medandbeauty.com\/cs\/wp-json\/wp\/v2\/kolor?post=396524"},{"taxonomy":"rodzaj-ubrania","embeddable":true,"href":"https:\/\/dev.medandbeauty.com\/cs\/wp-json\/wp\/v2\/rodzaj-ubrania?post=396524"},{"taxonomy":"ubranie","embeddable":true,"href":"https:\/\/dev.medandbeauty.com\/cs\/wp-json\/wp\/v2\/ubranie?post=396524"},{"taxonomy":"product_brand","embeddable":true,"href":"https:\/\/dev.medandbeauty.com\/cs\/wp-json\/wp\/v2\/product_brand?post=396524"},{"taxonomy":"product_cat","embeddable":true,"href":"https:\/\/dev.medandbeauty.com\/cs\/wp-json\/wp\/v2\/product_cat?post=396524"},{"taxonomy":"product_tag","embeddable":true,"href":"https:\/\/dev.medandbeauty.com\/cs\/wp-json\/wp\/v2\/product_tag?post=396524"}],"curies":[{"name":"wp","href":"https:\/\/api.w.org\/{rel}","templated":true}]}}