{"id":396429,"date":"2024-01-02T17:44:23","date_gmt":"2024-01-02T17:44:23","guid":{"rendered":"https:\/\/dev.medandbeauty.com\/product\/damske-lekarske-kalhoty-jogger-premium-blue\/"},"modified":"2025-12-23T12:06:02","modified_gmt":"2025-12-23T11:06:02","slug":"damske-lekarske-kalhoty-jogger-premium-blue","status":"publish","type":"product","link":"https:\/\/dev.medandbeauty.com\/cs\/product\/damske-lekarske-kalhoty-jogger-premium-blue\/","title":{"rendered":"D\u00e1msk\u00e9 l\u00e9ka\u0159sk\u00e9 kalhoty jogger premium BLUE"},"content":{"rendered":"<p style=\"font-weight: 400;\">Hled\u00e1te <strong>zdravotn\u00ed b\u011b\u017eeck\u00e9 boty,<\/strong> kter\u00e9 nebudete cht\u00edt sundat?<\/p>\n<p style=\"font-weight: 400;\">Na p\u0159\u00e1n\u00ed na\u0161ich z\u00e1kaznic jsou nyn\u00ed na\u0161e nejprod\u00e1van\u011bj\u0161\u00ed <strong>scruby<\/strong> k dispozici v pr\u00e9miov\u00e9 kolekci!<\/p>\n<p style=\"font-weight: 400;\">Pokud je pro v\u00e1s p\u0159i v\u00fdb\u011bru l\u00e9ka\u0159sk\u00e9 uniformy prioritou maxim\u00e1ln\u00ed pohodl\u00ed a vynikaj\u00edc\u00ed kvalita materi\u00e1l\u016f, nesm\u00ed ve va\u0161em \u0161atn\u00edku chyb\u011bt na\u0161e <strong>pr\u00e9miov\u00e9<\/strong> <strong>modr\u00e9<\/strong> <strong>l\u00e9ka\u0159sk\u00e9 tepl\u00e1ky<\/strong>.<\/p>\n<p style=\"font-weight: 400;\"><strong>Modr\u00e9 d\u00e1msk\u00e9 zdravotnick\u00e9 kalhoty Scrubs Premium<\/strong> byly vyrobeny z pru\u017en\u00e9 a prody\u0161n\u00e9 tkaniny, tak\u017ee neomezuj\u00ed v pohybu a pohodln\u011b se nos\u00ed. D\u00edky 80% pod\u00edlu prvot\u0159\u00eddn\u00ed bavlny v kombinaci s lycrou a nylonem tkanina dokonale vyhovuje \u017eensk\u00e9 postav\u011b a je tak\u00e9 prody\u0161n\u00e1 a odoln\u00e1. <\/p>\n<p style=\"font-weight: 400;\">M\u00edrn\u011b zv\u00fd\u0161en\u00fd pas s \u0161irok\u00fdm a elastick\u00fdm pasem znamen\u00e1, \u017ee kalhoty neomezuj\u00ed v pohybu a poskytuj\u00ed maxim\u00e1ln\u00ed pohodl\u00ed i p\u0159i dlouh\u00e9m no\u0161en\u00ed.<\/p>\n<p style=\"font-weight: 400;\">Modr\u00e1 barva <strong>zdravotnick\u00fdch tepl\u00e1k\u016f<\/strong> se bude dob\u0159e hodit k jednobarevn\u00fdm i v\u00edcebarevn\u00fdm vzhled\u016fm a \u0161est praktick\u00fdch a prostorn\u00fdch kapes v\u00e1m umo\u017en\u00ed m\u00edt v\u0161echny drobn\u00e9 n\u00e1stroje a p\u0159\u00edslu\u0161enstv\u00ed v\u017edy po ruce.<\/p>\n<p style=\"font-weight: 400;\">Na\u0161e <strong>modr\u00e9 d\u00e1msk\u00e9 zdravotnick\u00e9 tepl\u00e1ky z <a href=\"https:\/\/dev.medandbeauty.com\/cs\/shop\/pro-ni\/kolekce-premium\/\" target=\"_blank\" rel=\"noopener\">kolekce Premium<\/a><\/strong> jsme vybavili \u017eebrovan\u00fdmi man\u017eetami ve spodn\u00ed \u010d\u00e1sti nohavic, aby se kalhoty p\u0159i pr\u00e1ci nevyhrnuly.<\/p>\n<p style=\"font-weight: 400;\">Vytvo\u0159te si obl\u00edbenou sadu <strong>l\u00e9ka\u0159sk\u00e9ho oble\u010den\u00ed<\/strong> tak, \u017ee slad\u00edte <strong>modr\u00e9 d\u00e1msk\u00e9 l\u00e9ka\u0159sk\u00e9 kalhoty jogger<\/strong> s <strong> <a href=\"https:\/\/dev.medandbeauty.com\/produkt\/bluzka-medyczna-damska-scrubs-premium-blekitna\/\" target=\"_blank\" rel=\"noopener\">l\u00e9ka\u0159skou halenkou<\/a><\/strong> ze stejn\u00e9ho materi\u00e1lu.<\/p>\n<p style=\"font-weight: 400;\">Voln\u011b kombinujte barvy a vytv\u00e1\u0159ejte jedine\u010dn\u00e9 vzhledy nebo se rozhodn\u011bte pro jednobarevn\u00fd nad\u010dasov\u00fd vzhled.<\/p>\n<ul>\n<li style=\"font-weight: 400;\">6 praktick\u00fdch a prostorn\u00fdch kapes &#8211; dv\u011b p\u0159edn\u00ed, dv\u011b zadn\u00ed a dv\u011b kapsy na zavazadla s dal\u0161\u00ed p\u0159ihr\u00e1dkou na tu\u017eky.<\/li>\n<li style=\"font-weight: 400;\"><span style=\"font-family: inherit;\">M\u00edrn\u011b vysok\u00fd n\u00e1rt s elastick\u00fdm pasem<\/span><\/li>\n<li style=\"font-weight: 400;\"><span style=\"font-family: inherit;\">\u017debrovan\u00e9 nohavice<\/span><\/li>\n<li style=\"font-weight: 400;\"><span style=\"font-family: inherit;\">M\u011bkk\u00e1 a pohodln\u00e1 tkanina na no\u0161en\u00ed<\/span><\/li>\n<\/ul>\n<p style=\"font-weight: 400;\"><strong>Dal\u0161\u00ed informace:<\/strong><br \/>\nModelky na fotografi\u00edch maj\u00ed na sob\u011b velikost S a jsou vysok\u00e9 170-174 cm.<\/p>\n<p style=\"font-weight: 400;\">Pokud si nev\u00edte rady s v\u00fdb\u011brem velikosti, pod\u00edvejte se na tabulku velikost\u00ed. Pokud m\u00e1te dal\u0161\u00ed pochybnosti &#8211; po\u0161lete n\u00e1m sv\u00e9 m\u00edry a my v\u00e1m je p\u0159izp\u016fsob\u00edme. <\/p>\n<p style=\"font-weight: 400;\">Barvy od\u011bv\u016f v <a href=\"https:\/\/dev.medandbeauty.com\/cs\/shop\/pro-ni\/kolekce-premium\/\" target=\"_blank\" rel=\"noopener\">kolekci Premium<\/a> neodpov\u00eddaj\u00ed barv\u00e1m od\u011bv\u016f v<a href=\"https:\/\/dev.medandbeauty.com\/cs\/shop\/pro-ni\/zakladni-kolekce\/\" target=\"_blank\" rel=\"noopener\"> kolekci Basic<\/a> &#8211; jsou vyrobeny z jin\u00fdch materi\u00e1l\u016f.<\/p>\n<p style=\"font-weight: 400;\">Odst\u00edny jednotliv\u00fdch od\u011bv\u016f na fotografi\u00edch se mohou li\u0161it od skute\u010dn\u00fdch &#8211; to je zp\u016fsobeno r\u016fznorodost\u00ed dostupn\u00fdch elektronick\u00fdch za\u0159\u00edzen\u00ed a jejich individu\u00e1ln\u00edm nastaven\u00edm.<\/p>\n","protected":false},"excerpt":{"rendered":"<p>Hled\u00e1te zdravotn\u00ed b\u011b\u017eeck\u00e9 boty, kter\u00e9 nebudete cht\u00edt sundat? Na p\u0159\u00e1n\u00ed na\u0161ich z\u00e1kaznic jsou nyn\u00ed na\u0161e nejprod\u00e1van\u011bj\u0161\u00ed scruby k dispozici v pr\u00e9miov\u00e9 kolekci! Pokud je pro v\u00e1s p\u0159i v\u00fdb\u011bru l\u00e9ka\u0159sk\u00e9 uniformy prioritou maxim\u00e1ln\u00ed pohodl\u00ed a vynikaj\u00edc\u00ed kvalita materi\u00e1l\u016f, nesm\u00ed ve va\u0161em \u0161atn\u00edku chyb\u011bt na\u0161e pr\u00e9miov\u00e9 modr\u00e9 l\u00e9ka\u0159sk\u00e9 tepl\u00e1ky. Modr\u00e9 d\u00e1msk\u00e9 zdravotnick\u00e9 kalhoty Scrubs Premium byly vyrobeny [&hellip;]<\/p>\n","protected":false},"featured_media":396491,"comment_status":"open","ping_status":"closed","template":"","meta":{"_acf_changed":false,"inline_featured_image":false},"kolor":[1144],"rodzaj-ubrania":[1051,1052],"ubranie":[1449],"product_brand":[],"product_cat":[1159,1029,1373,1247],"product_tag":[],"class_list":{"0":"post-396429","1":"product","2":"type-product","3":"status-publish","4":"has-post-thumbnail","6":"kolor-modra-cs","7":"rodzaj-ubrania-scrubs-cs","8":"rodzaj-ubrania-zdravotnicke-kalhoty","9":"ubranie-damske-lekarske-kalhoty-jogger-scrubs-premium","10":"product_cat-kolekce-premium","11":"product_cat-pro-ni","12":"product_cat-scrubs-cs-2","13":"product_cat-zdravotnicke-kalhoty-cs-2","15":"first","16":"instock","17":"taxable","18":"shipping-taxable","19":"purchasable","20":"product-type-variable"},"acf":[],"_links":{"self":[{"href":"https:\/\/dev.medandbeauty.com\/cs\/wp-json\/wp\/v2\/product\/396429","targetHints":{"allow":["GET"]}}],"collection":[{"href":"https:\/\/dev.medandbeauty.com\/cs\/wp-json\/wp\/v2\/product"}],"about":[{"href":"https:\/\/dev.medandbeauty.com\/cs\/wp-json\/wp\/v2\/types\/product"}],"replies":[{"embeddable":true,"href":"https:\/\/dev.medandbeauty.com\/cs\/wp-json\/wp\/v2\/comments?post=396429"}],"wp:featuredmedia":[{"embeddable":true,"href":"https:\/\/dev.medandbeauty.com\/cs\/wp-json\/wp\/v2\/media\/396491"}],"wp:attachment":[{"href":"https:\/\/dev.medandbeauty.com\/cs\/wp-json\/wp\/v2\/media?parent=396429"}],"wp:term":[{"taxonomy":"kolor","embeddable":true,"href":"https:\/\/dev.medandbeauty.com\/cs\/wp-json\/wp\/v2\/kolor?post=396429"},{"taxonomy":"rodzaj-ubrania","embeddable":true,"href":"https:\/\/dev.medandbeauty.com\/cs\/wp-json\/wp\/v2\/rodzaj-ubrania?post=396429"},{"taxonomy":"ubranie","embeddable":true,"href":"https:\/\/dev.medandbeauty.com\/cs\/wp-json\/wp\/v2\/ubranie?post=396429"},{"taxonomy":"product_brand","embeddable":true,"href":"https:\/\/dev.medandbeauty.com\/cs\/wp-json\/wp\/v2\/product_brand?post=396429"},{"taxonomy":"product_cat","embeddable":true,"href":"https:\/\/dev.medandbeauty.com\/cs\/wp-json\/wp\/v2\/product_cat?post=396429"},{"taxonomy":"product_tag","embeddable":true,"href":"https:\/\/dev.medandbeauty.com\/cs\/wp-json\/wp\/v2\/product_tag?post=396429"}],"curies":[{"name":"wp","href":"https:\/\/api.w.org\/{rel}","templated":true}]}}