{"id":396388,"date":"2024-01-02T17:53:45","date_gmt":"2024-01-02T17:53:45","guid":{"rendered":"https:\/\/dev.medandbeauty.com\/product\/damske-lekarske-kalhoty-jogger-premium-black\/"},"modified":"2025-12-23T12:06:02","modified_gmt":"2025-12-23T11:06:02","slug":"damske-lekarske-kalhoty-jogger-premium-black","status":"publish","type":"product","link":"https:\/\/dev.medandbeauty.com\/cs\/product\/damske-lekarske-kalhoty-jogger-premium-black\/","title":{"rendered":"D\u00e1msk\u00e9 l\u00e9ka\u0159sk\u00e9 kalhoty jogger premium BLACK"},"content":{"rendered":"<p>&nbsp;<\/p>\n<h2>\u010cern\u00e9 l\u00e9ka\u0159sk\u00e9 kalhoty &#8211; pr\u00e9miov\u00e9 materi\u00e1ly<\/h2>\n<p>Hled\u00e1te nejpohodln\u011bj\u0161\u00ed <strong>d\u00e1msk\u00e9 zdravotn\u00ed tepl\u00e1ky \u010dern\u00e9 barvy<\/strong>, kter\u00e9 nebudete cht\u00edt sundat?<\/p>\n<p>Na p\u0159\u00e1n\u00ed na\u0161ich z\u00e1kaznic jsou nyn\u00ed na\u0161e nejprod\u00e1van\u011bj\u0161\u00ed <strong>scruby<\/strong> k dispozici tak\u00e9 v pr\u00e9miov\u00e9 kolekci!<\/p>\n<p>Pokud u zdravotnick\u00e9ho oble\u010den\u00ed hled\u00e1te pohodl\u00ed p\u0159i no\u0161en\u00ed a prvot\u0159\u00eddn\u00ed kvalitu materi\u00e1l\u016f, na\u0161e <strong>prvot\u0159\u00eddn\u00ed<\/strong> <strong>\u010dern\u00e9<\/strong> <strong>zdravotnick\u00e9 tepl\u00e1ky<\/strong> v\u00e1s jist\u011b oslov\u00ed!<\/p>\n<p><strong>\u010cern\u00e9 l\u00e9ka\u0159sk\u00e9 kalhoty joggers z <a href=\"https:\/\/dev.medandbeauty.com\/cs\/shop\/pro-ni\/kolekce-premium\/\" target=\"_blank\" rel=\"noopener\">kolekce Premium<\/a><\/strong> jsou u\u0161ity <strong>z<\/strong> m\u011bkk\u00e9 a prody\u0161n\u00e9 tkaniny, tak\u017ee neomezuj\u00ed v pohybu a poskytuj\u00ed pln\u00e9 pohodl\u00ed p\u0159i no\u0161en\u00ed. <strong>D\u00edky 80% pod\u00edlu vysoce kvalitn\u00ed bavlny se sm\u011bs\u00ed lycry a nylonu tkanina dokonale pad<\/strong> ne ka\u017ed\u00e9mu typu \u017eensk\u00e9 postavy, nav\u00edc je odoln\u00e1 a prody\u0161n\u00e1.<\/p>\n<p>M\u00edrn\u011b zv\u00fd\u0161en\u00fd pas se \u0161irok\u00fdm elastick\u00fdm pasem znamen\u00e1, \u017ee \u010dern\u00e9 l\u00e9ka\u0159sk\u00e9 kalhoty neomezuj\u00ed v pohybu, a jsou proto velmi pohodln\u00e9 i p\u0159i dlouhodob\u00e9m no\u0161en\u00ed.<\/p>\n<p>Klasick\u00e1 \u010dern\u00e1 barva l\u00e9ka\u0159sk\u00fdch tepl\u00e1k\u016f se bude hodit ke ka\u017ed\u00e9mu oble\u010den\u00ed a d\u00edky \u0161esti praktick\u00fdm a prostorn\u00fdm kaps\u00e1m budete m\u00edt v\u0161echny drobn\u00e9 n\u00e1stroje a p\u0159\u00edslu\u0161enstv\u00ed, kter\u00e9 pot\u0159ebujete k pr\u00e1ci, neust\u00e1le po ruce.<\/p>\n<p><strong>\u010cern\u00e9 d\u00e1msk\u00e9 zdravotnick\u00e9 tepl\u00e1ky Scrubs Premium maj\u00ed ve spodn\u00ed \u010d\u00e1sti nohavic \u017eebrovan\u00e9 man\u017eety<\/strong>, kter\u00e9 zaji\u0161\u0165uj\u00ed, \u017ee se kalhoty b\u011bhem pou\u017e\u00edv\u00e1n\u00ed nevyhrnou.<\/p>\n<h2>D\u00e1msk\u00e9 l\u00e9ka\u0159sk\u00e9 kalhoty \u010dern\u00e9<\/h2>\n<p>Vytvo\u0159te si vysn\u011bnou sadu l\u00e9ka\u0159sk\u00e9ho oble\u010den\u00ed tak, \u017ee slad\u00edte \u010dern\u00e9 d\u00e1msk\u00e9 l\u00e9ka\u0159sk\u00e9 kalhoty jogger s <a href=\"https:\/\/dev.medandbeauty.com\/produkt\/bluzka-medyczna-damska-scrubs-premium-czarna\/\" target=\"_blank\" rel=\"noopener\">l\u00e9ka\u0159skou halenkou<\/a> ze stejn\u00e9ho materi\u00e1lu.<\/p>\n<p>M\u016f\u017eete libovoln\u011b kombinovat odst\u00edny a vytv\u00e1\u0159et jedine\u010dn\u00e9 styly nebo se rozhodnout pro jednobarevn\u00fd, klasick\u00fd \u010dern\u00fd vzhled. \u010c\u00edm se vyzna\u010duj\u00ed na\u0161e \u010dern\u00e9 l\u00e9ka\u0159sk\u00e9 kalhoty? <\/p>\n<ul>\n<li>\u0160est praktick\u00fdch a prostorn\u00fdch kapes &#8211; dv\u011b p\u0159edn\u00ed kapsy, dv\u011b zadn\u00ed kapsy a dv\u011b n\u00e1kladov\u00e9 kapsy s dal\u0161\u00ed p\u0159ihr\u00e1dkou na tu\u017eky,<\/li>\n<li>M\u00edrn\u011b zv\u00fd\u0161en\u00fd horn\u00ed d\u00edl s elastick\u00fdm pasem,<\/li>\n<li>\u017eebra ve spodn\u00ed \u010d\u00e1sti nohou.<\/li>\n<li>m\u011bkk\u00e1 a pohodln\u00e1 tkanina.<\/li>\n<\/ul>\n<p><strong>Dal\u0161\u00ed informace:<\/strong> Modelky na fotografi\u00edch maj\u00ed na sob\u011b d\u00e1msk\u00e9 zdravotn\u00ed kalhoty \u010dern\u00e9 barvy ve velikosti S a jsou vysok\u00e9 170-174 cm.<\/p>\n<h2>D\u00e1msk\u00e9 zdravotn\u00ed tepl\u00e1ky \u010dern\u00e9 &#8211; velikosti<\/h2>\n<p>Pokud si nev\u00edte rady s v\u00fdb\u011brem velikosti, pod\u00edvejte se na tabulku velikost\u00ed. Pokud st\u00e1le v\u00e1h\u00e1te &#8211; za\u0161lete n\u00e1m sv\u00e9 m\u00edry a my <strong>v\u00e1m velikost d\u00e1msk\u00fdch \u010dern\u00fdch zdravotnick\u00fdch kalhot p\u0159izp\u016fsob\u00edme p\u0159esn\u011b na m\u00edru.<\/strong> <\/p>\n<p>Barvy od\u011bv\u016f v <a href=\"https:\/\/dev.medandbeauty.com\/cs\/shop\/pro-ni\/kolekce-premium\/\" target=\"_blank\" rel=\"noopener\">kolekci Premium<\/a> neodpov\u00eddaj\u00ed barv\u00e1m od\u011bv\u016f v <a href=\"https:\/\/dev.medandbeauty.com\/cs\/shop\/pro-ni\/zakladni-kolekce\/\" target=\"_blank\" rel=\"noopener\">kolekci Basic<\/a> &#8211; jsou vyrobeny z jin\u00fdch materi\u00e1l\u016f.<\/p>\n<p>Obchod se zdravotnick\u00fdm oble\u010den\u00edm Med&amp;Beauty nab\u00edz\u00ed:<\/p>\n<ul>\n<li><a href=\"https:\/\/dev.medandbeauty.com\/cs\/shop\/pro-ni\/\" target=\"_new\" rel=\"noopener\">d\u00e1msk\u00e9 zdravotnick\u00e9 oble\u010den\u00ed<\/a>,<\/li>\n<li><a href=\"https:\/\/dev.medandbeauty.com\/cs\/rodzaj-ubrania\/zdravotnicke-kalhoty\/\" target=\"_new\" rel=\"noopener\">l\u00e9ka\u0159sk\u00e9 kalhoty<\/a>,<\/li>\n<li><a href=\"https:\/\/dev.medandbeauty.com\/cs\/shop\/pro-ni\/zakladni-kolekce\/zdravotnicke-kalhoty\/\" target=\"_new\" rel=\"noopener\">d\u00e1msk\u00e9 zdravotn\u00ed kalhoty<\/a>,<\/li>\n<li><a href=\"https:\/\/dev.medandbeauty.com\/cs\/shop\/pro-ni\/kolekce-premium\/zdravotnicke-kalhoty-cs-2\/\" target=\"_new\" rel=\"noopener\">d\u00e1msk\u00e9 zdravotn\u00ed bavln\u011bn\u00e9 kalhoty<\/a>.<\/li>\n<\/ul>\n<p>Odst\u00edny jednotliv\u00fdch od\u011bv\u016f na fotografi\u00edch se mohou li\u0161it od skute\u010dn\u00fdch &#8211; to je zp\u016fsobeno r\u016fznorodost\u00ed dostupn\u00fdch elektronick\u00fdch za\u0159\u00edzen\u00ed a jejich individu\u00e1ln\u00edm nastaven\u00edm.<\/p>\n","protected":false},"excerpt":{"rendered":"<p>&nbsp; \u010cern\u00e9 l\u00e9ka\u0159sk\u00e9 kalhoty &#8211; pr\u00e9miov\u00e9 materi\u00e1ly Hled\u00e1te nejpohodln\u011bj\u0161\u00ed d\u00e1msk\u00e9 zdravotn\u00ed tepl\u00e1ky \u010dern\u00e9 barvy, kter\u00e9 nebudete cht\u00edt sundat? Na p\u0159\u00e1n\u00ed na\u0161ich z\u00e1kaznic jsou nyn\u00ed na\u0161e nejprod\u00e1van\u011bj\u0161\u00ed scruby k dispozici tak\u00e9 v pr\u00e9miov\u00e9 kolekci! Pokud u zdravotnick\u00e9ho oble\u010den\u00ed hled\u00e1te pohodl\u00ed p\u0159i no\u0161en\u00ed a prvot\u0159\u00eddn\u00ed kvalitu materi\u00e1l\u016f, na\u0161e prvot\u0159\u00eddn\u00ed \u010dern\u00e9 zdravotnick\u00e9 tepl\u00e1ky v\u00e1s jist\u011b oslov\u00ed! \u010cern\u00e9 l\u00e9ka\u0159sk\u00e9 [&hellip;]<\/p>\n","protected":false},"featured_media":396433,"comment_status":"open","ping_status":"closed","template":"","meta":{"_acf_changed":false,"inline_featured_image":false},"kolor":[1172],"rodzaj-ubrania":[1051,1052],"ubranie":[1449],"product_brand":[],"product_cat":[1159,1029,1373,1247],"product_tag":[],"class_list":{"0":"post-396388","1":"product","2":"type-product","3":"status-publish","4":"has-post-thumbnail","6":"kolor-czernie-cs","7":"rodzaj-ubrania-scrubs-cs","8":"rodzaj-ubrania-zdravotnicke-kalhoty","9":"ubranie-damske-lekarske-kalhoty-jogger-scrubs-premium","10":"product_cat-kolekce-premium","11":"product_cat-pro-ni","12":"product_cat-scrubs-cs-2","13":"product_cat-zdravotnicke-kalhoty-cs-2","15":"first","16":"instock","17":"taxable","18":"shipping-taxable","19":"purchasable","20":"product-type-variable"},"acf":[],"_links":{"self":[{"href":"https:\/\/dev.medandbeauty.com\/cs\/wp-json\/wp\/v2\/product\/396388","targetHints":{"allow":["GET"]}}],"collection":[{"href":"https:\/\/dev.medandbeauty.com\/cs\/wp-json\/wp\/v2\/product"}],"about":[{"href":"https:\/\/dev.medandbeauty.com\/cs\/wp-json\/wp\/v2\/types\/product"}],"replies":[{"embeddable":true,"href":"https:\/\/dev.medandbeauty.com\/cs\/wp-json\/wp\/v2\/comments?post=396388"}],"wp:featuredmedia":[{"embeddable":true,"href":"https:\/\/dev.medandbeauty.com\/cs\/wp-json\/wp\/v2\/media\/396433"}],"wp:attachment":[{"href":"https:\/\/dev.medandbeauty.com\/cs\/wp-json\/wp\/v2\/media?parent=396388"}],"wp:term":[{"taxonomy":"kolor","embeddable":true,"href":"https:\/\/dev.medandbeauty.com\/cs\/wp-json\/wp\/v2\/kolor?post=396388"},{"taxonomy":"rodzaj-ubrania","embeddable":true,"href":"https:\/\/dev.medandbeauty.com\/cs\/wp-json\/wp\/v2\/rodzaj-ubrania?post=396388"},{"taxonomy":"ubranie","embeddable":true,"href":"https:\/\/dev.medandbeauty.com\/cs\/wp-json\/wp\/v2\/ubranie?post=396388"},{"taxonomy":"product_brand","embeddable":true,"href":"https:\/\/dev.medandbeauty.com\/cs\/wp-json\/wp\/v2\/product_brand?post=396388"},{"taxonomy":"product_cat","embeddable":true,"href":"https:\/\/dev.medandbeauty.com\/cs\/wp-json\/wp\/v2\/product_cat?post=396388"},{"taxonomy":"product_tag","embeddable":true,"href":"https:\/\/dev.medandbeauty.com\/cs\/wp-json\/wp\/v2\/product_tag?post=396388"}],"curies":[{"name":"wp","href":"https:\/\/api.w.org\/{rel}","templated":true}]}}