{"id":396220,"date":"2024-01-05T22:33:50","date_gmt":"2024-01-05T22:33:50","guid":{"rendered":"https:\/\/dev.medandbeauty.com\/product\/damske-zdravotni-kalhoty-premium-prilehave-modre\/"},"modified":"2025-12-23T12:12:33","modified_gmt":"2025-12-23T11:12:33","slug":"damske-zdravotni-kalhoty-premium-prilehave-modre","status":"publish","type":"product","link":"https:\/\/dev.medandbeauty.com\/cs\/product\/damske-zdravotni-kalhoty-premium-prilehave-modre\/","title":{"rendered":"D\u00e1msk\u00e9 zdravotn\u00ed kalhoty Premium p\u0159il\u00e9hav\u00e9 MODR\u00c9"},"content":{"rendered":"<h2>Zdravotnick\u00e9 kalhoty modr\u00e9 PREMIUM<\/h2>\n<p style=\"font-weight: 400;\">Hled\u00e1te <strong>p\u0159il\u00e9hav\u00e9 l\u00e9ka\u0159sk\u00e9 kalhoty, kter\u00e9<\/strong> <strong>v\u00e1s budou prov\u00e1zet ka\u017ed\u00fd den v pr\u00e1ci?<\/strong> D\u00e1msk\u00e9 l\u00e9ka\u0159sk\u00e9 kalhoty v modr\u00e9 barv\u011b od spole\u010dnosti<strong> <a href=\"https:\/\/dev.medandbeauty.com\/cs\/shop\/pro-ni\/kolekce-premium\/\" target=\"_blank\" rel=\"noopener\">kolekce Premium<\/a><\/strong> jsou pro v\u00e1s ide\u00e1ln\u00ed!<\/p>\n<p style=\"font-weight: 400;\">Pokud si u zdravotnick\u00e9ho oble\u010den\u00ed cen\u00edte pohodl\u00ed a prvot\u0159\u00eddn\u00ed kvality materi\u00e1l\u016f &#8211; <strong>modr\u00e9 p\u0159il\u00e9hav\u00e9 zdravotnick\u00e9 kalhoty Premium<\/strong> <strong>jist\u011b spln\u00ed v\u0161echna va\u0161e o\u010dek\u00e1v\u00e1n\u00ed!<\/strong><\/p>\n<h2>D\u00e1msk\u00e9 zdravotn\u00ed kalhoty modr\u00e9 &#8211; pohodln\u00e9 no\u0161en\u00ed<\/h2>\n<p style=\"font-weight: 400;\"><strong>Pr\u00e9miov\u00e9 modr\u00e9 d\u00e1msk\u00e9 zdravotn\u00ed p\u0159il\u00e9hav\u00e9 kalhoty <\/strong>jsou u\u0161ity z <strong>prody\u0161n\u00e9 a mimo\u0159\u00e1dn\u011b m\u011bkk\u00e9 tkaniny,<\/strong> tak\u017ee neomezuj\u00ed v pohybu a p\u0159i no\u0161en\u00ed poskytuj\u00ed naprostou volnost pohybu. D\u00edky kombinaci 80 % vysoce kvalitn\u00ed bavlny se sm\u011bs\u00ed lycry a nylonu se modr\u00e9 d\u00e1msk\u00e9 zdravotn\u00ed kalhoty dokonale p\u0159izp\u016fsob\u00ed ka\u017ed\u00e9 postav\u011b a nav\u00edc jsou odoln\u00e9 a prody\u0161n\u00e9. <\/p>\n<p style=\"font-weight: 400;\">M\u00edrn\u011b zv\u00fd\u0161en\u00fd pas s \u0161irok\u00fdm elastick\u00fdm pasem znamen\u00e1, \u017ee d\u00e1msk\u00e9 p\u0159il\u00e9hav\u00e9 kalhoty v barv\u011b zdravotn\u00ed mod\u0159i neomezuj\u00ed v pohybu, a jsou proto velmi pohodln\u00e9 i p\u0159i dlouhodob\u00e9m no\u0161en\u00ed.<\/p>\n<h2>D\u00e1msk\u00e9 l\u00e9ka\u0159sk\u00e9 kalhoty v modr\u00e9 barv\u011b &#8211; trendy<\/h2>\n<p style=\"font-weight: 400;\"><a href=\"https:\/\/dev.medandbeauty.com\/cs\/shop\/pro-ni\/zakladni-kolekce\/zdravotnicke-kalhoty\/\">D\u00e1msk\u00e9 zdravotn\u00ed kalhoty<\/a> v kr\u00e1sn\u00e9 modr\u00e9 barv\u011b se hod\u00ed k elegantn\u00edm i le\u017e\u00e9rn\u00edm outfit\u016fm a d\u00edky absenci kapes se budete v modr\u00fdch zdravotn\u00edch kalhot\u00e1ch ve tvaru tuby c\u00edtit jako v t\u011bch nejpohodln\u011bj\u0161\u00edch leg\u00edn\u00e1ch!<\/p>\n<p style=\"font-weight: 400;\"><strong>Pr\u00e9miov\u00e9 modr\u00e9 d\u00e1msk\u00e9 zdravotn\u00ed p\u0159ilnav\u00e9 kalhoty <\/strong>maj\u00ed v <strong>pase \u0161\u0148\u016frku<\/strong> pro dokonal\u00e9 p\u0159izp\u016fsoben\u00ed.<\/p>\n<p style=\"font-weight: 400;\">Vytvo\u0159te si vysn\u011bnou sadu l\u00e9ka\u0159sk\u00fdch od\u011bv\u016f tak, \u017ee slad\u00edte modr\u00e9 p\u0159il\u00e9hav\u00e9 l\u00e9ka\u0159sk\u00e9 kalhoty s <a href=\"https:\/\/dev.medandbeauty.com\/hu\/product\/noi-orvosi-bluz-mutosruha-premium-kek\/\" target=\"_blank\" rel=\"noopener\">l\u00e9ka\u0159skou halenkou<\/a> nebo <a href=\"https:\/\/dev.medandbeauty.com\/hu\/product\/noi-orvosi-boritek-tunika-premium-kek\/\" target=\"_blank\" rel=\"noopener\">l\u00e9ka\u0159skou tunikou<\/a> ze stejn\u00e9ho materi\u00e1lu.<\/p>\n<h2>D\u00e1msk\u00e9 modr\u00e9 l\u00e9ka\u0159sk\u00e9 kalhoty &#8211; vytvo\u0159te si jedine\u010dn\u00e9 soupravy<\/h2>\n<p style=\"font-weight: 400;\">Voln\u011b kombinujte odst\u00edny a vytv\u00e1\u0159ejte jedine\u010dn\u00e9 styly nebo zvolte jednobarevn\u00fd vzhled. Jak\u00e9 jsou vlastnosti d\u00e1msk\u00fdch modr\u00fdch l\u00e9ka\u0159sk\u00fdch kalhot? <\/p>\n<ul>\n<li>bez kapes,<\/li>\n<li>\u0161irok\u00fd, pohodln\u00fd elastick\u00fd p\u00e1s,<\/li>\n<li>\u0161t\u00edhl\u00fd st\u0159ih &#8211; z\u00fa\u017een\u00e9 nohy,<\/li>\n<li>pru\u017en\u00e1, elastick\u00e1 tkanina.<\/li>\n<\/ul>\n<p style=\"font-weight: 400;\"><strong>Dal\u0161\u00ed informace:<\/strong> Modelky na fotografi\u00edch maj\u00ed na sob\u011b modr\u00e9 l\u00e9ka\u0159sk\u00e9 kalhoty velikosti S a jsou vysok\u00e9 170-174 cm.<\/p>\n<p style=\"font-weight: 400;\">Pokud v\u00e1h\u00e1te, jak\u00e9 <a href=\"https:\/\/dev.medandbeauty.com\/cs\/rodzaj-ubrania\/zdravotnicke-kalhoty\/\" target=\"_new\" rel=\"noopener\">l\u00e9ka\u0159sk\u00e9 kalhoty si<\/a> vybrat &#8211; pod\u00edvejte se na tabulku velikost\u00ed. Pokud m\u00e1te dal\u0161\u00ed pochybnosti &#8211; po\u0161lete n\u00e1m sv\u00e9 m\u00edry a my je uprav\u00edme.<\/p>\n<p style=\"font-weight: 400;\">  Barvy od\u011bv\u016f v <a href=\"https:\/\/dev.medandbeauty.com\/cs\/shop\/pro-ni\/kolekce-premium\/\" target=\"_blank\" rel=\"noopener\">kolekci Premium<\/a> neodpov\u00eddaj\u00ed barv\u00e1m od\u011bv\u016f v <a href=\"https:\/\/dev.medandbeauty.com\/cs\/shop\/pro-ni\/zakladni-kolekce\/\" target=\"_blank\" rel=\"noopener\">kolekci Basic<\/a> &#8211; jsou vyrobeny z jin\u00fdch materi\u00e1l\u016f.<\/p>\n<p style=\"font-weight: 400;\">Odst\u00edny jednotliv\u00fdch od\u011bv\u016f na fotografi\u00edch se mohou li\u0161it od skute\u010dn\u00fdch &#8211; to je zp\u016fsobeno r\u016fznorodost\u00ed dostupn\u00fdch elektronick\u00fdch za\u0159\u00edzen\u00ed a jejich individu\u00e1ln\u00edm nastaven\u00edm.<\/p>\n<p style=\"font-weight: 400;\">Obchod se zdravotnick\u00fdm oble\u010den\u00edm Med&amp;Beauty nab\u00edz\u00ed tak\u00e9 dal\u0161\u00ed <a href=\"https:\/\/dev.medandbeauty.com\/cs\/shop\/pro-ni\/\">d\u00e1msk\u00e9 zdravotnick\u00e9 oble\u010den\u00ed<\/a> &#8211; nev\u00e1hejte si ho objednat.<\/p>\n","protected":false},"excerpt":{"rendered":"<p>Zdravotnick\u00e9 kalhoty modr\u00e9 PREMIUM Hled\u00e1te p\u0159il\u00e9hav\u00e9 l\u00e9ka\u0159sk\u00e9 kalhoty, kter\u00e9 v\u00e1s budou prov\u00e1zet ka\u017ed\u00fd den v pr\u00e1ci? D\u00e1msk\u00e9 l\u00e9ka\u0159sk\u00e9 kalhoty v modr\u00e9 barv\u011b od spole\u010dnosti kolekce Premium jsou pro v\u00e1s ide\u00e1ln\u00ed! Pokud si u zdravotnick\u00e9ho oble\u010den\u00ed cen\u00edte pohodl\u00ed a prvot\u0159\u00eddn\u00ed kvality materi\u00e1l\u016f &#8211; modr\u00e9 p\u0159il\u00e9hav\u00e9 zdravotnick\u00e9 kalhoty Premium jist\u011b spln\u00ed v\u0161echna va\u0161e o\u010dek\u00e1v\u00e1n\u00ed! D\u00e1msk\u00e9 zdravotn\u00ed kalhoty [&hellip;]<\/p>\n","protected":false},"featured_media":396223,"comment_status":"open","ping_status":"closed","template":"","meta":{"_acf_changed":false,"inline_featured_image":false},"kolor":[1144],"rodzaj-ubrania":[1052],"ubranie":[1248],"product_brand":[],"product_cat":[1159,1029,1247],"product_tag":[],"class_list":{"0":"post-396220","1":"product","2":"type-product","3":"status-publish","4":"has-post-thumbnail","6":"kolor-modra-cs","7":"rodzaj-ubrania-zdravotnicke-kalhoty","8":"ubranie-premiove-damske-zdravotni-kalhoty","9":"product_cat-kolekce-premium","10":"product_cat-pro-ni","11":"product_cat-zdravotnicke-kalhoty-cs-2","13":"first","14":"instock","15":"taxable","16":"shipping-taxable","17":"purchasable","18":"product-type-variable"},"acf":[],"_links":{"self":[{"href":"https:\/\/dev.medandbeauty.com\/cs\/wp-json\/wp\/v2\/product\/396220","targetHints":{"allow":["GET"]}}],"collection":[{"href":"https:\/\/dev.medandbeauty.com\/cs\/wp-json\/wp\/v2\/product"}],"about":[{"href":"https:\/\/dev.medandbeauty.com\/cs\/wp-json\/wp\/v2\/types\/product"}],"replies":[{"embeddable":true,"href":"https:\/\/dev.medandbeauty.com\/cs\/wp-json\/wp\/v2\/comments?post=396220"}],"wp:featuredmedia":[{"embeddable":true,"href":"https:\/\/dev.medandbeauty.com\/cs\/wp-json\/wp\/v2\/media\/396223"}],"wp:attachment":[{"href":"https:\/\/dev.medandbeauty.com\/cs\/wp-json\/wp\/v2\/media?parent=396220"}],"wp:term":[{"taxonomy":"kolor","embeddable":true,"href":"https:\/\/dev.medandbeauty.com\/cs\/wp-json\/wp\/v2\/kolor?post=396220"},{"taxonomy":"rodzaj-ubrania","embeddable":true,"href":"https:\/\/dev.medandbeauty.com\/cs\/wp-json\/wp\/v2\/rodzaj-ubrania?post=396220"},{"taxonomy":"ubranie","embeddable":true,"href":"https:\/\/dev.medandbeauty.com\/cs\/wp-json\/wp\/v2\/ubranie?post=396220"},{"taxonomy":"product_brand","embeddable":true,"href":"https:\/\/dev.medandbeauty.com\/cs\/wp-json\/wp\/v2\/product_brand?post=396220"},{"taxonomy":"product_cat","embeddable":true,"href":"https:\/\/dev.medandbeauty.com\/cs\/wp-json\/wp\/v2\/product_cat?post=396220"},{"taxonomy":"product_tag","embeddable":true,"href":"https:\/\/dev.medandbeauty.com\/cs\/wp-json\/wp\/v2\/product_tag?post=396220"}],"curies":[{"name":"wp","href":"https:\/\/api.w.org\/{rel}","templated":true}]}}