{"id":396122,"date":"2024-01-06T00:03:20","date_gmt":"2024-01-06T00:03:20","guid":{"rendered":"https:\/\/dev.medandbeauty.com\/product\/lekarske-saty-se-zipem-premium-white\/"},"modified":"2025-12-23T11:55:49","modified_gmt":"2025-12-23T10:55:49","slug":"lekarske-saty-se-zipem-premium-white","status":"publish","type":"product","link":"https:\/\/dev.medandbeauty.com\/cs\/product\/lekarske-saty-se-zipem-premium-white\/","title":{"rendered":"L\u00e9ka\u0159sk\u00e9 \u0161aty se zipem Premium WHITE"},"content":{"rendered":"<p style=\"font-weight: 400;\">Spojujete si pr\u00e1ci ve <strong>zdravotnictv\u00ed<\/strong> nebo <strong>kosmetick\u00e9m<\/strong> <strong>pr\u016fmyslu<\/strong> pouze s oby\u010dejn\u00fdmi b\u00edl\u00fdmi <strong>l\u00e9ka\u0159sk\u00fdmi pl\u00e1\u0161ti<\/strong>?<\/p>\n<p style=\"font-weight: 400;\">S na\u0161imi <strong>zdravotnick\u00fdmi \u0161aty se zipem<\/strong> <strong>z<a href=\"https:\/\/dev.medandbeauty.com\/cs\/shop\/pro-ni\/kolekce-premium\/\" target=\"_blank\" rel=\"noopener\"> pr\u00e9miov\u00e9 kolekce<\/a><\/strong> p\u0159ekra\u010dujeme hranice!<\/p>\n<p style=\"font-weight: 400;\">Profesion\u00e1ln\u00ed a elegantn\u00ed vzhled p\u0159i pr\u00e1ci zvy\u0161uje d\u016fv\u011bru pacient\u016f a klient\u016f a zlep\u0161uje pohodu ka\u017ed\u00e9ho, kdo nos\u00ed pohodln\u00e9 a estetick\u00e9 <strong>l\u00e9ka\u0159sk\u00e9 oble\u010den\u00ed. <\/strong> <\/p>\n<p style=\"font-weight: 400;\"><strong>B\u00edl\u00e9 l\u00e9ka\u0159sk\u00e9 \u0161aty se zipem<\/strong> z <a href=\"https:\/\/dev.medandbeauty.com\/cs\/shop\/pro-ni\/kolekce-premium\/\" target=\"_blank\" rel=\"noopener\"><strong>kolekce Premium<\/strong><\/a> byly u\u0161ity z 80 % z vysoce kvalitn\u00ed bavlny v kombinaci s nylonem a lycrou.<\/p>\n<p style=\"font-weight: 400;\">D\u00edky t\u00e9to kombinaci vl\u00e1ken je tkanina prody\u0161n\u00e1, m\u011bkk\u00e1 a kr\u00e1sn\u011b sed\u00ed na postav\u011b.<\/p>\n<p style=\"font-weight: 400;\">Nemus\u00edte se starat o zdlouhav\u00e9 zap\u00edn\u00e1n\u00ed. D\u00edky dlouh\u00e9mu zipu se \u0161aty snadno a rychle obl\u00e9kaj\u00ed a svl\u00e9kaj\u00ed. <\/p>\n<p style=\"font-weight: 400;\">Dob\u0159e v\u00edme, jak d\u016fle\u017eit\u00e9 je m\u00edt po ruce drobn\u00e9 pracovn\u00ed pot\u0159eby, a proto jsme <strong>b\u00edl\u00e9 l\u00e9ka\u0159sk\u00e9 \u0161aty na zip<\/strong> vybavili a\u017e \u010dty\u0159mi praktick\u00fdmi kapsami &#8211; dv\u011bma na hrudi a dv\u011bma po stran\u00e1ch.<\/p>\n<p style=\"font-weight: 400;\">7\/8 ruk\u00e1vy v barv\u011b buff jsou zakon\u010deny man\u017eetou na knofl\u00edk, kter\u00e1 dokonale padne a zabr\u00e1n\u00ed vyhrnov\u00e1n\u00ed ruk\u00e1v\u016f.<\/p>\n<p style=\"font-weight: 400;\"><strong>B\u00edl\u00e9 l\u00e9ka\u0159sk\u00e9 \u0161aty na zip<\/strong> maj\u00ed elegantn\u00ed pro\u0161\u00edv\u00e1n\u00ed (vp\u0159edu i vzadu), d\u00edky kter\u00e9mu dokonale padnou na jak\u00fdkoli typ \u017eensk\u00e9 postavy.<\/p>\n<ul>\n<li style=\"font-weight: 400;\">Celkem 4 praktick\u00e9 kapsy &#8211; dv\u011b p\u0159edn\u00ed na hrudi a dv\u011b bo\u010dn\u00ed.<\/li>\n<li style=\"font-weight: 400;\"><span style=\"font-family: inherit;\">Klasick\u00fd v\u00fdst\u0159ih do V<\/span><\/li>\n<li style=\"font-weight: 400;\"><span style=\"font-family: inherit;\">Elegantn\u00ed, ale le\u017e\u00e9rn\u00ed st\u0159ih<\/span><\/li>\n<li style=\"font-weight: 400;\"><span style=\"font-family: inherit;\">Vzhledem ke kaps\u00e1m na hrudi NEN\u00cd mo\u017en\u00e9 vy\u0161\u00edvat na l\u00e9ka\u0159sk\u00e9 \u0161aty se zipem.<br \/>\n<\/span><\/li>\n<\/ul>\n<p>&nbsp;<\/p>\n<p style=\"font-weight: 400;\"><strong style=\"font-family: inherit;\">Dal\u0161\u00ed informace:<\/strong><\/p>\n<p style=\"font-weight: 400;\">Modelky na fotografi\u00edch maj\u00ed na sob\u011b velikost S a jsou vysok\u00e9 170-174 cm.<\/p>\n<p style=\"font-weight: 400;\">Pokud si nev\u00edte rady s v\u00fdb\u011brem velikosti, pod\u00edvejte se na tabulku velikost\u00ed. Pokud m\u00e1te dal\u0161\u00ed pochybnosti &#8211; po\u0161lete n\u00e1m sv\u00e9 m\u00edry a my v\u00e1m je p\u0159izp\u016fsob\u00edme. <\/p>\n<p style=\"font-weight: 400;\">Barvy od\u011bv\u016f v kolekci Premium neodpov\u00eddaj\u00ed barv\u00e1m od\u011bv\u016f v <a href=\"https:\/\/dev.medandbeauty.com\/cs\/shop\/pro-ni\/zakladni-kolekce\/\" target=\"_blank\" rel=\"noopener\">kolekci Basic<\/a> &#8211; jsou vyrobeny z jin\u00fdch materi\u00e1l\u016f.<\/p>\n<p style=\"font-weight: 400;\">Odst\u00edny jednotliv\u00fdch od\u011bv\u016f na fotografi\u00edch se mohou li\u0161it od skute\u010dn\u00fdch &#8211; to je zp\u016fsobeno r\u016fznorodost\u00ed dostupn\u00fdch elektronick\u00fdch za\u0159\u00edzen\u00ed a jejich individu\u00e1ln\u00edm nastaven\u00edm.<\/p>\n","protected":false},"excerpt":{"rendered":"<p>Spojujete si pr\u00e1ci ve zdravotnictv\u00ed nebo kosmetick\u00e9m pr\u016fmyslu pouze s oby\u010dejn\u00fdmi b\u00edl\u00fdmi l\u00e9ka\u0159sk\u00fdmi pl\u00e1\u0161ti? S na\u0161imi zdravotnick\u00fdmi \u0161aty se zipem z pr\u00e9miov\u00e9 kolekce p\u0159ekra\u010dujeme hranice! Profesion\u00e1ln\u00ed a elegantn\u00ed vzhled p\u0159i pr\u00e1ci zvy\u0161uje d\u016fv\u011bru pacient\u016f a klient\u016f a zlep\u0161uje pohodu ka\u017ed\u00e9ho, kdo nos\u00ed pohodln\u00e9 a estetick\u00e9 l\u00e9ka\u0159sk\u00e9 oble\u010den\u00ed. B\u00edl\u00e9 l\u00e9ka\u0159sk\u00e9 \u0161aty se zipem z kolekce Premium [&hellip;]<\/p>\n","protected":false},"featured_media":396123,"comment_status":"open","ping_status":"closed","template":"","meta":{"_acf_changed":false,"inline_featured_image":false},"kolor":[1066],"rodzaj-ubrania":[1161],"ubranie":[1432],"product_brand":[],"product_cat":[1159,1029,1160],"product_tag":[],"class_list":{"0":"post-396122","1":"product","2":"type-product","3":"status-publish","4":"has-post-thumbnail","6":"kolor-bile","7":"rodzaj-ubrania-zdravotnicke-saty","8":"ubranie-premiove-lekarske-saty-se-zipem","9":"product_cat-kolekce-premium","10":"product_cat-pro-ni","11":"product_cat-zdravotnicke-saty","13":"first","14":"instock","15":"taxable","16":"shipping-taxable","17":"purchasable","18":"product-type-variable"},"acf":[],"_links":{"self":[{"href":"https:\/\/dev.medandbeauty.com\/cs\/wp-json\/wp\/v2\/product\/396122","targetHints":{"allow":["GET"]}}],"collection":[{"href":"https:\/\/dev.medandbeauty.com\/cs\/wp-json\/wp\/v2\/product"}],"about":[{"href":"https:\/\/dev.medandbeauty.com\/cs\/wp-json\/wp\/v2\/types\/product"}],"replies":[{"embeddable":true,"href":"https:\/\/dev.medandbeauty.com\/cs\/wp-json\/wp\/v2\/comments?post=396122"}],"wp:featuredmedia":[{"embeddable":true,"href":"https:\/\/dev.medandbeauty.com\/cs\/wp-json\/wp\/v2\/media\/396123"}],"wp:attachment":[{"href":"https:\/\/dev.medandbeauty.com\/cs\/wp-json\/wp\/v2\/media?parent=396122"}],"wp:term":[{"taxonomy":"kolor","embeddable":true,"href":"https:\/\/dev.medandbeauty.com\/cs\/wp-json\/wp\/v2\/kolor?post=396122"},{"taxonomy":"rodzaj-ubrania","embeddable":true,"href":"https:\/\/dev.medandbeauty.com\/cs\/wp-json\/wp\/v2\/rodzaj-ubrania?post=396122"},{"taxonomy":"ubranie","embeddable":true,"href":"https:\/\/dev.medandbeauty.com\/cs\/wp-json\/wp\/v2\/ubranie?post=396122"},{"taxonomy":"product_brand","embeddable":true,"href":"https:\/\/dev.medandbeauty.com\/cs\/wp-json\/wp\/v2\/product_brand?post=396122"},{"taxonomy":"product_cat","embeddable":true,"href":"https:\/\/dev.medandbeauty.com\/cs\/wp-json\/wp\/v2\/product_cat?post=396122"},{"taxonomy":"product_tag","embeddable":true,"href":"https:\/\/dev.medandbeauty.com\/cs\/wp-json\/wp\/v2\/product_tag?post=396122"}],"curies":[{"name":"wp","href":"https:\/\/api.w.org\/{rel}","templated":true}]}}