{"id":396101,"date":"2024-01-06T00:07:04","date_gmt":"2024-01-06T00:07:04","guid":{"rendered":"https:\/\/dev.medandbeauty.com\/product\/zdravotnicke-saty-se-zipem-premium-pale-beige\/"},"modified":"2025-12-23T11:56:13","modified_gmt":"2025-12-23T10:56:13","slug":"zdravotnicke-saty-se-zipem-premium-pale-beige","status":"publish","type":"product","link":"https:\/\/dev.medandbeauty.com\/cs\/product\/zdravotnicke-saty-se-zipem-premium-pale-beige\/","title":{"rendered":"Zdravotnick\u00e9 \u0161aty se zipem Premium PALE BEige"},"content":{"rendered":"<p style=\"font-weight: 400;\">M\u00e1te dojem, \u017ee pr\u00e1ce ve <strong>zdravotnictv\u00ed<\/strong> nebo <strong>kosmetick\u00e9m<\/strong> <strong>pr\u016fmyslu<\/strong> spo\u010d\u00edv\u00e1 pouze v no\u0161en\u00ed standardn\u00edch b\u00edl\u00fdch <strong>l\u00e9ka\u0159sk\u00fdch uniforem<\/strong>?<\/p>\n<p style=\"font-weight: 400;\">Ve spole\u010dnosti <strong>Med &amp; Beauty<\/strong> tento koncept m\u011bn\u00edme d\u00edky na\u0161im <strong>l\u00e9ka\u0159sk\u00fdm \u0161at\u016fm se zipem<\/strong> z<a href=\"https:\/\/dev.medandbeauty.com\/cs\/shop\/pro-ni\/kolekce-premium\/\" target=\"_blank\" rel=\"noopener\"> pr\u00e9miov\u00e9 kolekce<\/a>!<\/p>\n<p style=\"font-weight: 400;\">Profesion\u00e1ln\u00ed vystupov\u00e1n\u00ed p\u0159i pln\u011bn\u00ed pracovn\u00edch povinnost\u00ed je kl\u00ed\u010dov\u00fdm prvkem pro budov\u00e1n\u00ed d\u016fv\u011bry u pacient\u016f i klient\u016f. Pohodln\u00e9 <strong>l\u00e9ka\u0159sk\u00e9 oble\u010den\u00ed<\/strong> nav\u00edc zlep\u0161uje pohodu ka\u017ed\u00e9ho, kdo ho nos\u00ed! <\/p>\n<p style=\"font-weight: 400;\"><strong>Sv\u011btle b\u00e9\u017eov\u00e9 l\u00e9ka\u0159sk\u00e9 \u0161aty na zip<\/strong> z pr\u00e9miov\u00e9 \u0159ady byly vytvo\u0159eny z 80 % z vysoce kvalitn\u00ed bavlny v kombinaci s nylonem a lycrou. D\u00edky t\u00e9to sm\u011bsi vl\u00e1ken v l\u00e1tce jsou prody\u0161n\u00e9, m\u011bkk\u00e9 a pohodln\u00e9 pro v\u0161echny typy postav. <\/p>\n<p style=\"font-weight: 400;\">Zapome\u0148te na t\u011b\u017ekop\u00e1dn\u00e9 zap\u00edn\u00e1n\u00ed <strong>zdravotnick\u00fdch od\u011bv\u016f<\/strong>! D\u00edky dlouh\u00e9mu zipu v\u0161it\u00e9mu do <strong>sv\u011btle b\u00e9\u017eov\u00fdch l\u00e9ka\u0159sk\u00fdch \u0161at\u016f se zipem<\/strong> je p\u0159evl\u00e9k\u00e1n\u00ed p\u0159i pr\u00e1ci jednodu\u0161\u0161\u00ed a p\u0159\u00edjemn\u011bj\u0161\u00ed.<\/p>\n<p style=\"font-weight: 400;\">O funk\u010dnost je postar\u00e1no &#8211; <strong>sv\u011btle b\u00e9\u017eov\u00e9 l\u00e9ka\u0159sk\u00e9 \u0161aty Med &amp; Beauty se zap\u00edn\u00e1n\u00edm na zip <\/strong>maj\u00ed \u010dty\u0159i praktick\u00e9 kapsy: dv\u011b vp\u0159edu a dv\u011b po stran\u00e1ch, kter\u00e9 jsou ide\u00e1ln\u00ed pro ulo\u017een\u00ed nezbytn\u00fdch v\u011bc\u00ed.<\/p>\n<p style=\"font-weight: 400;\">7\/8 ruk\u00e1vy buffov\u00e9 barvy zakon\u010den\u00e9 man\u017eetou na knofl\u00edk zaru\u010duj\u00ed dokonal\u00e9 padnut\u00ed a zabra\u0148uj\u00ed vyhrnov\u00e1n\u00ed a vytahov\u00e1n\u00ed ruk\u00e1v\u016f.<\/p>\n<p style=\"font-weight: 400;\">Extra \u0161vy (vp\u0159edu i vzadu) dod\u00e1vaj\u00ed <strong>sv\u011btle b\u00e9\u017eov\u00fdm zdravotnick\u00fdm \u0161at\u016fm na zip<\/strong> elegantn\u00ed n\u00e1dech a dokonale zd\u016fraz\u0148uj\u00ed p\u0159ednosti ka\u017ed\u00e9ho typu \u017eensk\u00e9 postavy.<\/p>\n<ul>\n<li style=\"font-weight: 400;\">Celkem 4 praktick\u00e9 kapsy &#8211; dv\u011b p\u0159edn\u00ed na hrudi a dv\u011b bo\u010dn\u00ed.<\/li>\n<li style=\"font-weight: 400;\"><span style=\"font-family: inherit;\">Klasick\u00fd v\u00fdst\u0159ih do V<\/span><\/li>\n<li style=\"font-weight: 400;\"><span style=\"font-family: inherit;\">Elegantn\u00ed, ale le\u017e\u00e9rn\u00ed st\u0159ih<\/span><\/li>\n<li style=\"font-weight: 400;\"><span style=\"font-family: inherit;\">Vzhledem ke kaps\u00e1m na hrudi NEN\u00cd mo\u017en\u00e9 vy\u0161\u00edvat na l\u00e9ka\u0159sk\u00e9 \u0161aty se zipem.<\/span><\/li>\n<\/ul>\n<p>&nbsp;<\/p>\n<p style=\"font-weight: 400;\"><strong>Dal\u0161\u00ed informace:<\/strong><\/p>\n<p style=\"font-weight: 400;\">Modelky na fotografi\u00edch maj\u00ed na sob\u011b velikost S a jsou vysok\u00e9 170-174 cm.<\/p>\n<p style=\"font-weight: 400;\">Pokud si nev\u00edte rady s v\u00fdb\u011brem velikosti, pod\u00edvejte se na tabulku velikost\u00ed. Pokud m\u00e1te dal\u0161\u00ed pochybnosti &#8211; po\u0161lete n\u00e1m sv\u00e9 m\u00edry a my v\u00e1m je p\u0159izp\u016fsob\u00edme. <\/p>\n<p style=\"font-weight: 400;\">Barvy od\u011bv\u016f v <a href=\"https:\/\/dev.medandbeauty.com\/cs\/shop\/pro-ni\/kolekce-premium\/\" target=\"_blank\" rel=\"noopener\">kolekci Premium<\/a> neodpov\u00eddaj\u00ed barv\u00e1m od\u011bv\u016f v <a href=\"https:\/\/dev.medandbeauty.com\/cs\/shop\/pro-ni\/zakladni-kolekce\/\" target=\"_blank\" rel=\"noopener\">kolekci Basic<\/a> &#8211; jsou vyrobeny z jin\u00fdch materi\u00e1l\u016f.<\/p>\n<p style=\"font-weight: 400;\">Odst\u00edny jednotliv\u00fdch od\u011bv\u016f na fotografi\u00edch se mohou li\u0161it od skute\u010dn\u00fdch &#8211; to je zp\u016fsobeno r\u016fznorodost\u00ed dostupn\u00fdch elektronick\u00fdch za\u0159\u00edzen\u00ed a jejich individu\u00e1ln\u00edm nastaven\u00edm.<\/p>\n","protected":false},"excerpt":{"rendered":"<p>M\u00e1te dojem, \u017ee pr\u00e1ce ve zdravotnictv\u00ed nebo kosmetick\u00e9m pr\u016fmyslu spo\u010d\u00edv\u00e1 pouze v no\u0161en\u00ed standardn\u00edch b\u00edl\u00fdch l\u00e9ka\u0159sk\u00fdch uniforem? Ve spole\u010dnosti Med &amp; Beauty tento koncept m\u011bn\u00edme d\u00edky na\u0161im l\u00e9ka\u0159sk\u00fdm \u0161at\u016fm se zipem z pr\u00e9miov\u00e9 kolekce! Profesion\u00e1ln\u00ed vystupov\u00e1n\u00ed p\u0159i pln\u011bn\u00ed pracovn\u00edch povinnost\u00ed je kl\u00ed\u010dov\u00fdm prvkem pro budov\u00e1n\u00ed d\u016fv\u011bry u pacient\u016f i klient\u016f. Pohodln\u00e9 l\u00e9ka\u0159sk\u00e9 oble\u010den\u00ed nav\u00edc zlep\u0161uje [&hellip;]<\/p>\n","protected":false},"featured_media":396102,"comment_status":"open","ping_status":"closed","template":"","meta":{"_acf_changed":false,"inline_featured_image":false},"kolor":[1028],"rodzaj-ubrania":[1161],"ubranie":[1432],"product_brand":[],"product_cat":[1159,1029,1160],"product_tag":[],"class_list":{"0":"post-396101","1":"product","2":"type-product","3":"status-publish","4":"has-post-thumbnail","6":"kolor-beiges-cs","7":"rodzaj-ubrania-zdravotnicke-saty","8":"ubranie-premiove-lekarske-saty-se-zipem","9":"product_cat-kolekce-premium","10":"product_cat-pro-ni","11":"product_cat-zdravotnicke-saty","13":"first","14":"instock","15":"taxable","16":"shipping-taxable","17":"purchasable","18":"product-type-variable"},"acf":[],"_links":{"self":[{"href":"https:\/\/dev.medandbeauty.com\/cs\/wp-json\/wp\/v2\/product\/396101","targetHints":{"allow":["GET"]}}],"collection":[{"href":"https:\/\/dev.medandbeauty.com\/cs\/wp-json\/wp\/v2\/product"}],"about":[{"href":"https:\/\/dev.medandbeauty.com\/cs\/wp-json\/wp\/v2\/types\/product"}],"replies":[{"embeddable":true,"href":"https:\/\/dev.medandbeauty.com\/cs\/wp-json\/wp\/v2\/comments?post=396101"}],"wp:featuredmedia":[{"embeddable":true,"href":"https:\/\/dev.medandbeauty.com\/cs\/wp-json\/wp\/v2\/media\/396102"}],"wp:attachment":[{"href":"https:\/\/dev.medandbeauty.com\/cs\/wp-json\/wp\/v2\/media?parent=396101"}],"wp:term":[{"taxonomy":"kolor","embeddable":true,"href":"https:\/\/dev.medandbeauty.com\/cs\/wp-json\/wp\/v2\/kolor?post=396101"},{"taxonomy":"rodzaj-ubrania","embeddable":true,"href":"https:\/\/dev.medandbeauty.com\/cs\/wp-json\/wp\/v2\/rodzaj-ubrania?post=396101"},{"taxonomy":"ubranie","embeddable":true,"href":"https:\/\/dev.medandbeauty.com\/cs\/wp-json\/wp\/v2\/ubranie?post=396101"},{"taxonomy":"product_brand","embeddable":true,"href":"https:\/\/dev.medandbeauty.com\/cs\/wp-json\/wp\/v2\/product_brand?post=396101"},{"taxonomy":"product_cat","embeddable":true,"href":"https:\/\/dev.medandbeauty.com\/cs\/wp-json\/wp\/v2\/product_cat?post=396101"},{"taxonomy":"product_tag","embeddable":true,"href":"https:\/\/dev.medandbeauty.com\/cs\/wp-json\/wp\/v2\/product_tag?post=396101"}],"curies":[{"name":"wp","href":"https:\/\/api.w.org\/{rel}","templated":true}]}}