{"id":394987,"date":"2025-04-16T13:46:33","date_gmt":"2025-04-16T11:46:33","guid":{"rendered":"https:\/\/dev.medandbeauty.com\/?post_type=product&#038;p=394987"},"modified":"2026-02-13T11:00:52","modified_gmt":"2026-02-13T10:00:52","slug":"damske-lekarske-halenky-basic-one-pocket-chocolate","status":"publish","type":"product","link":"https:\/\/dev.medandbeauty.com\/cs\/product\/damske-lekarske-halenky-basic-one-pocket-chocolate\/","title":{"rendered":"D\u00e1msk\u00e9 l\u00e9ka\u0159sk\u00e9 halenky Basic One Pocket CHOCOLATE"},"content":{"rendered":"<p>Klasick\u00e9 a spolehliv\u00e9 <a href=\"https:\/\/dev.medandbeauty.com\/cs\/shop\/pro-ni\/zakladni-kolekce\/?rodzaj-ubrania=bluzki-medyczne\" target=\"_blank\" rel=\"noopener\"><strong>l\u00e9ka\u0159sk\u00e9 halenky z kolekce Med &amp; Beauty Basic<\/strong><\/a> nyn\u00ed k dispozici ve verzi s jednou kapsou!<\/p>\n<p>Kdy\u017e tr\u00e1v\u00edte v pr\u00e1ci dlouh\u00e9 a intenzivn\u00ed hodiny, pot\u0159ebujete zdravotn\u00ed od\u011bv, kter\u00fd v\u00e1m poskytne maxim\u00e1ln\u00ed pohodl\u00ed. <strong>D\u00e1msk\u00e1 l\u00e9ka\u0159sk\u00e1 bl\u016fza Scrubs Basic One Pocket v \u010dokol\u00e1dov\u00e9 barv\u011b <span style=\"font-weight: 400;\">byla<\/span><\/strong>vyrobena z nejkvalitn\u011bj\u0161\u00edho materi\u00e1lu.<\/p>\n<p>D\u00edky kombinaci polyesteru, visk\u00f3zy a lycry je materi\u00e1l velmi odoln\u00fd, m\u011bkk\u00fd, p\u0159\u00edjemn\u00fd na dotek, p\u0159izp\u016fsob\u00ed se jak\u00e9mukoli typu \u017eensk\u00e9 postavy, neomezuje v pohybu a, co\u017e je u <strong>zdravotnick\u00fdch od\u011bv\u016f<\/strong> nesm\u00edrn\u011b d\u016fle\u017eit\u00e9, je tak\u00e9 prody\u0161n\u00fd a prody\u0161n\u00fd.<\/p>\n<p><strong>D\u00e1msk\u00e1 l\u00e9ka\u0159sk\u00e1 bl\u016fza Scrubs Basic One Pocket chocolate <\/strong>je ide\u00e1ln\u00edm z\u00e1kladem pro spolehliv\u00fd a nad\u010dasov\u00fd \u0161atn\u00edk <strong>l\u00e9ka\u0159sk\u00e9ho oble\u010den\u00ed<\/strong>.<\/p>\n<p>D\u00edky jedn\u00e9 n\u00e1prsn\u00ed kapse m\u016f\u017eete tri\u010dko voln\u011b zastr\u010dit do l\u00e9ka\u0159sk\u00fdch kalhot a vytvo\u0159it tak sportovn\u00ed a modern\u00ed vzhled.<\/p>\n<p>Klasick\u00fd v\u00fdst\u0159ih do V opticky prodlu\u017euje siluetu, z\u00fa\u017een\u00fd pas zd\u016fraz\u0148uje p\u0159ednosti postavy a d\u00e9lka ruk\u00e1v\u016f (sahaj\u00edc\u00ed t\u00e9m\u011b\u0159 k lokti) poskytuje ochranu ramen, ani\u017e by omezovala pohyb.<\/p>\n<p><strong>L\u00e9ka\u0159sk\u00e1 bl\u016fza Scrubs Basic One Pocket chocolate <\/strong><strong>vypad\u00e1<\/strong><strong>skv\u011ble s<\/strong>na\u0161imi nov\u00fdmi<strong>l\u00e9ka\u0159sk\u00fdmi tepl\u00e1ky<\/strong><strong> se <\/strong> \u0161\u0148\u016frkou v pase, stejn\u011b jako s klasick\u00fdmi <strong>prostej\u0161\u00edmi l\u00e9ka\u0159sk\u00fdmi kalhotami nebo \u0161irok\u00fdmi<\/strong> <strong>l\u00e9ka\u0159sk\u00fdmi kalhotami ve stejn\u00e9 barv\u011b<\/strong>.<\/p>\n<p><strong>Halenku One pocket chocolate medical <\/strong>m\u016f\u017eete tak\u00e9 kombinovat s jak\u00fdmkoli jin\u00fdm odst\u00ednem dostupn\u00fdm v kolekci. <a href=\"https:\/\/dev.medandbeauty.com\/cs\/shop\/pro-ni\/zakladni-kolekce\/\" target=\"_blank\" rel=\"noopener\"><strong>Med &amp; Beauty Basic<\/strong><\/a>.<\/p>\n<p>Nezapome\u0148te si prohl\u00e9dnout tak\u00e9 na\u0161e tepl\u00e9 fleecov\u00e9 <a href=\"https:\/\/dev.medandbeauty.com\/cs\/shop\/pro-ni\/zakladni-kolekce\/lekarske-halenky-cs-2\/\" target=\"_blank\" rel=\"noopener\">l\u00e9ka\u0159sk\u00e9 mikiny<\/a> z certifikovan\u00e9ho a prody\u0161n\u00e9ho materi\u00e1lu!<\/p>\n<p>Zajist\u011bte si maxim\u00e1ln\u00ed pohodl\u00ed a profesion\u00e1ln\u00ed vzhled p\u0159i pr\u00e1ci<strong> se zdravotnick\u00fdmi n\u00e1vleky<\/strong>. <a href=\"https:\/\/dev.medandbeauty.com\/cs\/shop\/pro-ni\/zakladni-kolekce\/\" target=\"_blank\" rel=\"noopener\"><strong>Med &amp; Beauty Basic<\/strong><\/a>.<\/p>\n<ul>\n<li>Jedna praktick\u00e1 n\u00e1prsn\u00ed kapsa<\/li>\n<li><span style=\"font-family: inherit;\">Tvarovan\u00fd pas<\/span><\/li>\n<li><span style=\"font-family: inherit;\">Klasick\u00fd v\u00fdst\u0159ih do V<\/span><\/li>\n<li><span style=\"font-family: inherit;\">Pohodln\u00fd, kr\u00e1tk\u00fd ruk\u00e1v<\/span><\/li>\n<\/ul>\n<p>&nbsp;<\/p>\n<p><strong>Dal\u0161\u00ed informace:<\/strong><br \/>\nModelky na fotografi\u00edch maj\u00ed na sob\u011b velikost S a jsou vysok\u00e9 170-174 cm.<\/p>\n<p>Pokud si nev\u00edte rady s v\u00fdb\u011brem velikosti, pod\u00edvejte se na tabulku velikost\u00ed. Pokud m\u00e1te dal\u0161\u00ed pochybnosti &#8211; po\u0161lete n\u00e1m sv\u00e9 m\u00edry a my v\u00e1m je p\u0159izp\u016fsob\u00edme. <\/p>\n<p>Barvy od\u011bv\u016f v <a href=\"https:\/\/dev.medandbeauty.com\/cs\/shop\/pro-ni\/zakladni-kolekce\/\" target=\"_blank\" rel=\"noopener\">kolekci Basic<\/a> neodpov\u00eddaj\u00ed barv\u00e1m od\u011bv\u016f v<a href=\"https:\/\/dev.medandbeauty.com\/cs\/shop\/pro-ni\/kolekce-premium\/\" target=\"_blank\" rel=\"noopener\"> kolekci Premium<\/a> &#8211; jsou vyrobeny z odli\u0161n\u00fdch materi\u00e1l\u016f.<\/p>\n<p>Odst\u00edny jednotliv\u00fdch od\u011bv\u016f na fotografi\u00edch se mohou li\u0161it od skute\u010dn\u00fdch &#8211; to je zp\u016fsobeno r\u016fznorodost\u00ed dostupn\u00fdch elektronick\u00fdch za\u0159\u00edzen\u00ed a jejich individu\u00e1ln\u00edm nastaven\u00edm.<\/p>\n<p><strong>16.04.2025 &#8211; nov\u00e1 dod\u00e1vka materi\u00e1lu. Barva v\u00fdrobk\u016f z objedn\u00e1vek uskute\u010dn\u011bn\u00fdch p\u0159ed t\u00edmto datem se m\u016f\u017ee m\u00edrn\u011b li\u0161it od aktu\u00e1ln\u00edho odst\u00ednu. <\/strong><\/p>\n","protected":false},"excerpt":{"rendered":"<p>Klasick\u00e9 a spolehliv\u00e9 l\u00e9ka\u0159sk\u00e9 halenky z kolekce Med &amp; Beauty Basic nyn\u00ed k dispozici ve verzi s jednou kapsou! Kdy\u017e tr\u00e1v\u00edte v pr\u00e1ci dlouh\u00e9 a intenzivn\u00ed hodiny, pot\u0159ebujete zdravotn\u00ed od\u011bv, kter\u00fd v\u00e1m poskytne maxim\u00e1ln\u00ed pohodl\u00ed. D\u00e1msk\u00e1 l\u00e9ka\u0159sk\u00e1 bl\u016fza Scrubs Basic One Pocket v \u010dokol\u00e1dov\u00e9 barv\u011b bylavyrobena z nejkvalitn\u011bj\u0161\u00edho materi\u00e1lu. D\u00edky kombinaci polyesteru, visk\u00f3zy a lycry [&hellip;]<\/p>\n","protected":false},"featured_media":401951,"comment_status":"open","ping_status":"closed","template":"","meta":{"_acf_changed":false,"inline_featured_image":false},"kolor":[1203],"rodzaj-ubrania":[1087],"ubranie":[1088],"product_brand":[],"product_cat":[1086,1029,1048],"product_tag":[],"class_list":{"0":"post-394987","1":"product","2":"type-product","3":"status-publish","4":"has-post-thumbnail","6":"kolor-browns-cs","7":"rodzaj-ubrania-lekarske-halenky","8":"ubranie-damska-lekarska-bluza-scrubs-basic-s-jednou-kapsou","9":"product_cat-lekarske-halenky","10":"product_cat-pro-ni","11":"product_cat-zakladni-kolekce","13":"first","14":"instock","15":"taxable","16":"shipping-taxable","17":"purchasable","18":"product-type-variable"},"acf":[],"_links":{"self":[{"href":"https:\/\/dev.medandbeauty.com\/cs\/wp-json\/wp\/v2\/product\/394987","targetHints":{"allow":["GET"]}}],"collection":[{"href":"https:\/\/dev.medandbeauty.com\/cs\/wp-json\/wp\/v2\/product"}],"about":[{"href":"https:\/\/dev.medandbeauty.com\/cs\/wp-json\/wp\/v2\/types\/product"}],"replies":[{"embeddable":true,"href":"https:\/\/dev.medandbeauty.com\/cs\/wp-json\/wp\/v2\/comments?post=394987"}],"wp:featuredmedia":[{"embeddable":true,"href":"https:\/\/dev.medandbeauty.com\/cs\/wp-json\/wp\/v2\/media\/401951"}],"wp:attachment":[{"href":"https:\/\/dev.medandbeauty.com\/cs\/wp-json\/wp\/v2\/media?parent=394987"}],"wp:term":[{"taxonomy":"kolor","embeddable":true,"href":"https:\/\/dev.medandbeauty.com\/cs\/wp-json\/wp\/v2\/kolor?post=394987"},{"taxonomy":"rodzaj-ubrania","embeddable":true,"href":"https:\/\/dev.medandbeauty.com\/cs\/wp-json\/wp\/v2\/rodzaj-ubrania?post=394987"},{"taxonomy":"ubranie","embeddable":true,"href":"https:\/\/dev.medandbeauty.com\/cs\/wp-json\/wp\/v2\/ubranie?post=394987"},{"taxonomy":"product_brand","embeddable":true,"href":"https:\/\/dev.medandbeauty.com\/cs\/wp-json\/wp\/v2\/product_brand?post=394987"},{"taxonomy":"product_cat","embeddable":true,"href":"https:\/\/dev.medandbeauty.com\/cs\/wp-json\/wp\/v2\/product_cat?post=394987"},{"taxonomy":"product_tag","embeddable":true,"href":"https:\/\/dev.medandbeauty.com\/cs\/wp-json\/wp\/v2\/product_tag?post=394987"}],"curies":[{"name":"wp","href":"https:\/\/api.w.org\/{rel}","templated":true}]}}