{"id":389895,"date":"2024-01-05T22:28:03","date_gmt":"2024-01-05T22:28:03","guid":{"rendered":"https:\/\/dev.medandbeauty.com\/product\/damske-lekarske-kalhoty-premium-fit-bile\/"},"modified":"2026-03-08T08:26:32","modified_gmt":"2026-03-08T07:26:32","slug":"damske-lekarske-kalhoty-premium-fit-bile","status":"publish","type":"product","link":"https:\/\/dev.medandbeauty.com\/cs\/product\/damske-lekarske-kalhoty-premium-fit-bile\/","title":{"rendered":"D\u00e1msk\u00e9 l\u00e9ka\u0159sk\u00e9 kalhoty Premium fit B\u00cdL\u00c9"},"content":{"rendered":"<p>Hled\u00e1te dokonal\u00e9 <strong>b\u00edl\u00e9 l\u00e9ka\u0159sk\u00e9 kalhoty p\u0159il\u00e9hav\u00e9ho st\u0159ihu<\/strong>, kter\u00e9<strong> v\u00e1s budou prov\u00e1zet dlouhou pracovn\u00ed dobou<\/strong>?<\/p>\n<p>D\u00e1msk\u00e9 b\u00edl\u00e9 l\u00e9ka\u0159sk\u00e9 kalhoty z <a href=\"https:\/\/dev.medandbeauty.com\/cs\/shop\/pro-ni\/kolekce-premium\/\" target=\"_blank\" rel=\"noopener\">kolekce Premium<\/a> budou perfektn\u011b fungovat!<\/p>\n<h2>B\u00edl\u00e9 l\u00e9ka\u0159sk\u00e9 kalhoty &#8211; pohodln\u00e9 no\u0161en\u00ed<\/h2>\n<p>Pokud u zdravotnick\u00e9ho oble\u010den\u00ed hled\u00e1te pohodl\u00ed p\u0159i no\u0161en\u00ed a prvot\u0159\u00eddn\u00ed kvalitu materi\u00e1l\u016f, na\u0161e b\u00edl\u00e9 d\u00e1msk\u00e9 zdravotnick\u00e9 kalhoty Premium v\u00e1s jist\u011b oslov\u00ed!<\/p>\n<p><strong>Pr\u00e9miov\u00e9 b\u00edl\u00e9 d\u00e1msk\u00e9 zdravotn\u00ed p\u0159il\u00e9hav\u00e9 kalhoty <\/strong>jsou u\u0161ity z m\u011bkk\u00e9 a <strong>prody\u0161n\u00e9 tkaniny<\/strong>, tak\u017ee neomezuj\u00ed v pohybu a poskytuj\u00ed pln\u00e9 pohodl\u00ed p\u0159i no\u0161en\u00ed. D\u00edky 80% pod\u00edlu vysoce kvalitn\u00ed bavlny se sm\u011bs\u00ed lycry a nylonu tkanina dokonale padne ka\u017ed\u00e9mu typu \u017eensk\u00e9 postavy a nav\u00edc je odoln\u00e1 a prody\u0161n\u00e1. <\/p>\n<p>M\u00edrn\u011b zv\u00fd\u0161en\u00fd pas s \u0161irok\u00fdm elastick\u00fdm pasem znamen\u00e1, \u017ee d\u00e1msk\u00e9 zdravotn\u00ed kalhoty v b\u00edl\u00e9m st\u0159ihu neomezuj\u00ed v pohybu, a jsou proto velmi pohodln\u00e9 i p\u0159i dlouhodob\u00e9m no\u0161en\u00ed.<\/p>\n<h2>B\u00edl\u00e9 l\u00e9ka\u0159sk\u00e9 kalhoty &#8211; vysok\u00e1 kvalita v souladu s trendy<\/h2>\n<p>Klasick\u00e1 b\u00edl\u00e1 barva <strong>p\u0159il\u00e9hav\u00fdch zdravotnick\u00fdch kalhot<\/strong> se hod\u00ed ke ka\u017ed\u00e9mu <strong>oble\u010den\u00ed<\/strong> a d\u00edky absenci kapes se budete c\u00edtit jako v t\u011bch nejpohodln\u011bj\u0161\u00edch leg\u00edn\u00e1ch!<\/p>\n<p>Pr\u00e9miov\u00e9 b\u00edl\u00e9 zdravotnick\u00e9 p\u0159ilnav\u00e9 kalhoty maj\u00ed v pase stahovac\u00ed \u0161\u0148\u016frku, kter\u00e1 dokonale padne.<\/p>\n<p>Vytvo\u0159te si vysn\u011bnou sadu l\u00e9ka\u0159sk\u00e9ho oble\u010den\u00ed tak, \u017ee slad\u00edte l\u00e9ka\u0159sk\u00e9 b\u00edl\u00e9 kalhoty s <a href=\"https:\/\/dev.medandbeauty.com\/cs\/product\/damska-lekarska-bluza-scrubs-premium-white\/\" target=\"_blank\" rel=\"noopener\">l\u00e9ka\u0159skou halenkou<\/a>,<a href=\"https:\/\/dev.medandbeauty.com\/cs\/product\/damska-lekarska-tunika-s-kratkym-rukavem-premium-white\/\" target=\"_blank\" rel=\"noopener\">l\u00e9ka\u0159skou tunikou<\/a>, <a href=\"https:\/\/dev.medandbeauty.com\/cs\/product\/damsky-lekarsky-plast-s-premiovym-limcem-bily\/\" target=\"_blank\" rel=\"noopener\">l\u00e9ka\u0159sk\u00fdm sakem<\/a> nebo l\u00e9ka\u0159skou <a href=\"https:\/\/dev.medandbeauty.com\/cs\/product\/damsky-lekarsky-plast-s-premiovym-limcem-bily\/\" target=\"_blank\" rel=\"noopener\">z\u00e1st\u011brou<\/a> ze stejn\u00e9ho materi\u00e1lu.<\/p>\n<h2>D\u00e1msk\u00e9 b\u00edl\u00e9 l\u00e9ka\u0159sk\u00e9 kalhoty<\/h2>\n<p>Voln\u011b kombinujte odst\u00edny a vytvo\u0159te jedine\u010dn\u00fd vzhled nebo zvolte b\u00edl\u00e9 l\u00e9ka\u0159sk\u00e9 kalhoty jako jednobarevn\u00fd, klasick\u00fd vzhled. Jak\u00e9 jsou vlastnosti na\u0161ich kalhot? <\/p>\n<ul>\n<li>bez kapes,<\/li>\n<li>\u0161irok\u00fd, pohodln\u00fd elastick\u00fd p\u00e1s,<\/li>\n<li>\u0161t\u00edhl\u00fd st\u0159ih &#8211; z\u00fa\u017een\u00e9 nohy,<\/li>\n<li>pru\u017en\u00e1, elastick\u00e1 tkanina.<\/li>\n<\/ul>\n<p><strong>Dal\u0161\u00ed informace:<\/strong> Modelky na fotografi\u00edch maj\u00ed na sob\u011b b\u00edl\u00e9 l\u00e9ka\u0159sk\u00e9 kalhoty (trubkov\u00e9ho typu) velikosti S a jsou vysok\u00e9 170-174 cm.<\/p>\n<p>Pokud p\u0159em\u00fd\u0161l\u00edte, jakou velikost b\u00edl\u00fdch l\u00e9ka\u0159sk\u00fdch kalhot zvolit &#8211; pod\u00edvejte se na tabulku velikost\u00ed. Pokud m\u00e1te dal\u0161\u00ed pochybnosti &#8211; <strong>za\u0161lete n\u00e1m sv\u00e9 m\u00edry a my v\u00e1m je p\u0159izp\u016fsob\u00edme.<\/strong> <\/p>\n<p>Barvy od\u011bv\u016f v <a href=\"https:\/\/dev.medandbeauty.com\/cs\/shop\/pro-ni\/kolekce-premium\/\" target=\"_blank\" rel=\"noopener\">kolekci Premium<\/a> neodpov\u00eddaj\u00ed barv\u00e1m od\u011bv\u016f v <a href=\"https:\/\/dev.medandbeauty.com\/cs\/shop\/pro-ni\/zakladni-kolekce\/\" target=\"_blank\" rel=\"noopener\">kolekci Basic<\/a> &#8211; jsou vyrobeny z jin\u00fdch materi\u00e1l\u016f.<\/p>\n<p>N\u00e1\u0161 <a href=\"https:\/\/dev.medandbeauty.com\/cs\/\">obchod se zdravotnick\u00fdm oble\u010den\u00edm<\/a> nab\u00edz\u00ed:<\/p>\n<ul>\n<li><a href=\"https:\/\/dev.medandbeauty.com\/cs\/shop\/pro-ni\/\">d\u00e1msk\u00e9 zdravotnick\u00e9 oble\u010den\u00ed<\/a>,<\/li>\n<li><a href=\"https:\/\/dev.medandbeauty.com\/cs\/shop\/pro-ni\/zakladni-kolekce\/zdravotnicke-kalhoty\/\">d\u00e1msk\u00e9 zdravotn\u00ed kalhoty<\/a>,<\/li>\n<li><a href=\"https:\/\/dev.medandbeauty.com\/cs\/shop\/pro-ni\/kolekce-premium\/zdravotnicke-kalhoty-cs-2\/\">d\u00e1msk\u00e9 zdravotn\u00ed bavln\u011bn\u00e9 kalhoty<\/a>.<\/li>\n<\/ul>\n<p>Vyz\u00fdv\u00e1me v\u00e1s k objedn\u00e1vk\u00e1m.<\/p>\n<p>Odst\u00edny jednotliv\u00fdch od\u011bv\u016f na fotografi\u00edch se mohou li\u0161it od skute\u010dn\u00fdch &#8211; to je zp\u016fsobeno r\u016fznorodost\u00ed dostupn\u00fdch elektronick\u00fdch za\u0159\u00edzen\u00ed a jejich individu\u00e1ln\u00edm nastaven\u00edm.<\/p>\n","protected":false},"excerpt":{"rendered":"<p>Hled\u00e1te dokonal\u00e9 b\u00edl\u00e9 l\u00e9ka\u0159sk\u00e9 kalhoty p\u0159il\u00e9hav\u00e9ho st\u0159ihu, kter\u00e9 v\u00e1s budou prov\u00e1zet dlouhou pracovn\u00ed dobou? D\u00e1msk\u00e9 b\u00edl\u00e9 l\u00e9ka\u0159sk\u00e9 kalhoty z kolekce Premium budou perfektn\u011b fungovat! B\u00edl\u00e9 l\u00e9ka\u0159sk\u00e9 kalhoty &#8211; pohodln\u00e9 no\u0161en\u00ed Pokud u zdravotnick\u00e9ho oble\u010den\u00ed hled\u00e1te pohodl\u00ed p\u0159i no\u0161en\u00ed a prvot\u0159\u00eddn\u00ed kvalitu materi\u00e1l\u016f, na\u0161e b\u00edl\u00e9 d\u00e1msk\u00e9 zdravotnick\u00e9 kalhoty Premium v\u00e1s jist\u011b oslov\u00ed! Pr\u00e9miov\u00e9 b\u00edl\u00e9 d\u00e1msk\u00e9 zdravotn\u00ed [&hellip;]<\/p>\n","protected":false},"featured_media":389914,"comment_status":"open","ping_status":"closed","template":"","meta":{"_acf_changed":false,"inline_featured_image":false},"kolor":[1066],"rodzaj-ubrania":[1052],"ubranie":[1248],"product_brand":[],"product_cat":[1159,1029,1247],"product_tag":[1405,1366],"class_list":{"0":"post-389895","1":"product","2":"type-product","3":"status-publish","4":"has-post-thumbnail","6":"kolor-bile","7":"rodzaj-ubrania-zdravotnicke-kalhoty","8":"ubranie-premiove-damske-zdravotni-kalhoty","9":"product_cat-kolekce-premium","10":"product_cat-pro-ni","11":"product_cat-zdravotnicke-kalhoty-cs-2","12":"product_tag-damske-lekarske-kalhoty-s-rovnou-nohavici","13":"product_tag-kosmeticke-kalhoty","15":"first","16":"instock","17":"taxable","18":"shipping-taxable","19":"purchasable","20":"product-type-variable"},"acf":[],"_links":{"self":[{"href":"https:\/\/dev.medandbeauty.com\/cs\/wp-json\/wp\/v2\/product\/389895","targetHints":{"allow":["GET"]}}],"collection":[{"href":"https:\/\/dev.medandbeauty.com\/cs\/wp-json\/wp\/v2\/product"}],"about":[{"href":"https:\/\/dev.medandbeauty.com\/cs\/wp-json\/wp\/v2\/types\/product"}],"replies":[{"embeddable":true,"href":"https:\/\/dev.medandbeauty.com\/cs\/wp-json\/wp\/v2\/comments?post=389895"}],"wp:featuredmedia":[{"embeddable":true,"href":"https:\/\/dev.medandbeauty.com\/cs\/wp-json\/wp\/v2\/media\/389914"}],"wp:attachment":[{"href":"https:\/\/dev.medandbeauty.com\/cs\/wp-json\/wp\/v2\/media?parent=389895"}],"wp:term":[{"taxonomy":"kolor","embeddable":true,"href":"https:\/\/dev.medandbeauty.com\/cs\/wp-json\/wp\/v2\/kolor?post=389895"},{"taxonomy":"rodzaj-ubrania","embeddable":true,"href":"https:\/\/dev.medandbeauty.com\/cs\/wp-json\/wp\/v2\/rodzaj-ubrania?post=389895"},{"taxonomy":"ubranie","embeddable":true,"href":"https:\/\/dev.medandbeauty.com\/cs\/wp-json\/wp\/v2\/ubranie?post=389895"},{"taxonomy":"product_brand","embeddable":true,"href":"https:\/\/dev.medandbeauty.com\/cs\/wp-json\/wp\/v2\/product_brand?post=389895"},{"taxonomy":"product_cat","embeddable":true,"href":"https:\/\/dev.medandbeauty.com\/cs\/wp-json\/wp\/v2\/product_cat?post=389895"},{"taxonomy":"product_tag","embeddable":true,"href":"https:\/\/dev.medandbeauty.com\/cs\/wp-json\/wp\/v2\/product_tag?post=389895"}],"curies":[{"name":"wp","href":"https:\/\/api.w.org\/{rel}","templated":true}]}}