{"id":389732,"date":"2024-01-05T23:26:02","date_gmt":"2024-01-05T23:26:02","guid":{"rendered":"https:\/\/dev.medandbeauty.com\/product\/premiove-lekarske-obalkove-saty-s-kratkym-rukavem-bile\/"},"modified":"2025-12-23T11:46:13","modified_gmt":"2025-12-23T10:46:13","slug":"premiove-lekarske-obalkove-saty-s-kratkym-rukavem-bile","status":"publish","type":"product","link":"https:\/\/dev.medandbeauty.com\/cs\/product\/premiove-lekarske-obalkove-saty-s-kratkym-rukavem-bile\/","title":{"rendered":"Pr\u00e9miov\u00e9 l\u00e9ka\u0159sk\u00e9 ob\u00e1lkov\u00e9 \u0161aty s kr\u00e1tk\u00fdm ruk\u00e1vem B\u00cdL\u00c9"},"content":{"rendered":"<p>&nbsp;<\/p>\n<h2>L\u00e9ka\u0159sk\u00e9 \u0161aty b\u00edl\u00e9 Med&amp;Beauty<\/h2>\n<p>D\u00edky na\u0161im nejprod\u00e1van\u011bj\u0161\u00edm <strong>ob\u00e1lkov\u00fdm \u0161at\u016fm<\/strong> m\u011bn\u00edme image zdravotnick\u00e9ho a kosmetick\u00e9ho pr\u016fmyslu!<\/p>\n<p>Zapome\u0148te na klasick\u00e9 <strong>l\u00e9ka\u0159sk\u00e9 uniformy<\/strong> &#8211; je \u010das na elegantn\u00ed a velmi pohodln\u00e9 <strong>l\u00e9ka\u0159sk\u00e9 ob\u00e1lkov\u00e9 \u0161aty s kr\u00e1tk\u00fdm ruk\u00e1vem<\/strong>.<\/p>\n<p>V\u011bd\u011bli jste, \u017ee pacienti a klienti st\u00e1le v\u00edce dbaj\u00ed na to, jak jste p\u0159i sv\u00e9 pr\u00e1ci oble\u010deni?<\/p>\n<p>Pokud budete nosit elegantn\u00ed b\u00edl\u00e9 <strong>l\u00e9ka\u0159sk\u00e9 \u0161aty<\/strong>, kter\u00e9 zd\u016frazn\u00ed va\u0161i profesionalitu, nejen\u017ee zlep\u0161\u00edte svou pohodu, ale z\u00edsk\u00e1te si i v o\u010d\u00edch pacient\u016f a klient\u016f.<\/p>\n<p><strong>B\u00edl\u00e9 l\u00e9ka\u0159sk\u00e9 ob\u00e1lkov\u00e9 \u0161aty s kr\u00e1tk\u00fdm ruk\u00e1vem z<\/strong> <a href=\"https:\/\/dev.medandbeauty.com\/cs\/shop\/pro-ni\/kolekce-premium\/\" target=\"_blank\" rel=\"noopener\">kolekce Premium jsou<\/a> u\u0161ity z 80 % z vysoce kvalitn\u00ed bavlny v kombinaci s nylonem a lycrou. D\u00edky t\u00e9to kombinaci vl\u00e1ken v l\u00e1tce jsou b\u00edl\u00e9 l\u00e9ka\u0159sk\u00e9 \u0161aty prody\u0161n\u00e9, m\u011bkk\u00e9, kr\u00e1sn\u011b sed\u00ed na postav\u011b a nema\u010dkaj\u00ed se.<\/p>\n<p>Ve v\u00fdst\u0159ihu <strong>b\u00edl\u00fdch l\u00e9ka\u0159sk\u00fdch \u0161at\u016f s kr\u00e1tk\u00fdmi ruk\u00e1vy<\/strong> jsme um\u00edstili skryt\u00e9 zap\u00edn\u00e1n\u00ed, kter\u00e9 zaji\u0161\u0165uje v\u00fdst\u0159ih a zaru\u010duje \u00faplnou volnost pohybu i b\u011bhem n\u00e1ro\u010dn\u00e9 pracovn\u00ed doby.<\/p>\n<p>Jsme si dob\u0159e v\u011bdomi toho, \u017ee je d\u016fle\u017eit\u00e9 m\u00edt drobn\u00e9 pracovn\u00ed pot\u0159eby po ruce, a proto jsou tyto <strong>b\u00edl\u00e9 l\u00e9ka\u0159sk\u00e9 ob\u00e1lkov\u00e9 \u0161aty s kr\u00e1tk\u00fdm ruk\u00e1vem<\/strong> vybaveny dv\u011bma prostorn\u00fdmi a praktick\u00fdmi kapsami.<\/p>\n<p>D\u00edky elegantn\u00edm z\u00e1\u0161evk\u016fm v oblasti prsou a p\u00e1sku v pase <strong>b\u00edl\u00e9 l\u00e9ka\u0159sk\u00e9 \u0161aty s kr\u00e1tk\u00fdmi ruk\u00e1vy<\/strong> dokonale padnou ka\u017ed\u00e9mu typu \u017eensk\u00e9 postavy.<\/p>\n<h2>B\u00edl\u00e9 l\u00e9ka\u0159sk\u00e9 \u0161aty &#8211; vysok\u00e1 kvalita a pohodl\u00ed<\/h2>\n<p>B\u00edl\u00e9 l\u00e9ka\u0159sk\u00e9 \u0161aty od spole\u010dnosti Med&amp;Beauty maj\u00ed:<\/p>\n<ul>\n<li>dv\u011b velk\u00e9 prostorn\u00e9 kapsy,<\/li>\n<li>p\u00e1sek v pase pro dokonal\u00e9 p\u0159izp\u016fsoben\u00ed ka\u017ed\u00e9 postav\u011b,<\/li>\n<li>d\u00e9lka p\u0159ed kolenem,<\/li>\n<li>praktick\u00e9 zap\u00edn\u00e1n\u00ed u krku pro naprost\u00e9 pohodl\u00ed,<\/li>\n<li>je mo\u017en\u00e1 personalizace formou v\u00fd\u0161ivky.<\/li>\n<\/ul>\n<p><strong>Dal\u0161\u00ed informace:<\/strong> Modelky na fotografi\u00edch maj\u00ed na sob\u011b b\u00edl\u00e9 zdravotn\u00ed \u0161aty velikosti S a jsou vysok\u00e9 170-174 cm.<\/p>\n<p>Pokud si nev\u00edte rady s v\u00fdb\u011brem velikosti, pod\u00edvejte se na tabulku velikost\u00ed. Pokud m\u00e1te dal\u0161\u00ed pochybnosti &#8211; po\u0161lete n\u00e1m sv\u00e9 m\u00edry a my v\u00e1m je p\u0159izp\u016fsob\u00edme. <\/p>\n<p>Barvy od\u011bv\u016f v <a href=\"https:\/\/dev.medandbeauty.com\/cs\/shop\/pro-ni\/kolekce-premium\/\" target=\"_blank\" rel=\"noopener\">kolekci Premium<\/a> neodpov\u00eddaj\u00ed barv\u00e1m od\u011bv\u016f v <a href=\"https:\/\/dev.medandbeauty.com\/cs\/shop\/pro-ni\/zakladni-kolekce\/\" target=\"_blank\" rel=\"noopener\">kolekci Basic<\/a> &#8211; jsou vyrobeny z jin\u00fdch materi\u00e1l\u016f.<\/p>\n<p>N\u00e1\u0161 <a href=\"https:\/\/dev.medandbeauty.com\/cs\/\">obchod se zdravotnick\u00fdm oble\u010den\u00edm<\/a> nab\u00edz\u00ed:<\/p>\n<ul>\n<li><a href=\"https:\/\/dev.medandbeauty.com\/cs\/shop\/pro-ni\/\" target=\"_new\" rel=\"noopener\">d\u00e1msk\u00e9 zdravotnick\u00e9 oble\u010den\u00ed<\/a>,<\/li>\n<li><a href=\"https:\/\/dev.medandbeauty.com\/cs\/rodzaj-ubrania\/zdravotnicke-saty\/\" target=\"_new\" rel=\"noopener\">l\u00e9ka\u0159sk\u00e9 \u0161aty<\/a>,<\/li>\n<li><a href=\"https:\/\/dev.medandbeauty.com\/en\/product\/premium-medical-dress-with-zipper-white\/\" target=\"_new\" rel=\"noopener\">l\u00e9ka\u0159sk\u00e9 \u0161aty na zip b\u00edl\u00e9<\/a>,<\/li>\n<li><a href=\"https:\/\/dev.medandbeauty.com\/en\/product\/premium-tied-medical-dress-white\/\" target=\"_new\" rel=\"noopener\">l\u00e9ka\u0159sk\u00e9 \u0161aty v\u00e1zan\u00e9 v b\u00edl\u00e9 barv\u011b.<\/a><\/li>\n<\/ul>\n<p>Odst\u00edny jednotliv\u00fdch od\u011bv\u016f na fotografi\u00edch se mohou li\u0161it od skute\u010dn\u00fdch &#8211; to je zp\u016fsobeno r\u016fznorodost\u00ed dostupn\u00fdch elektronick\u00fdch za\u0159\u00edzen\u00ed a jejich individu\u00e1ln\u00edm nastaven\u00edm.<\/p>\n<p>Vyz\u00fdv\u00e1me v\u00e1s k objedn\u00e1vk\u00e1m.<\/p>\n","protected":false},"excerpt":{"rendered":"<p>&nbsp; L\u00e9ka\u0159sk\u00e9 \u0161aty b\u00edl\u00e9 Med&amp;Beauty D\u00edky na\u0161im nejprod\u00e1van\u011bj\u0161\u00edm ob\u00e1lkov\u00fdm \u0161at\u016fm m\u011bn\u00edme image zdravotnick\u00e9ho a kosmetick\u00e9ho pr\u016fmyslu! Zapome\u0148te na klasick\u00e9 l\u00e9ka\u0159sk\u00e9 uniformy &#8211; je \u010das na elegantn\u00ed a velmi pohodln\u00e9 l\u00e9ka\u0159sk\u00e9 ob\u00e1lkov\u00e9 \u0161aty s kr\u00e1tk\u00fdm ruk\u00e1vem. V\u011bd\u011bli jste, \u017ee pacienti a klienti st\u00e1le v\u00edce dbaj\u00ed na to, jak jste p\u0159i sv\u00e9 pr\u00e1ci oble\u010deni? Pokud budete nosit [&hellip;]<\/p>\n","protected":false},"featured_media":389743,"comment_status":"open","ping_status":"closed","template":"","meta":{"_acf_changed":false,"inline_featured_image":false},"kolor":[1066],"rodzaj-ubrania":[1161],"ubranie":[1212],"product_brand":[],"product_cat":[1159,1029,1160],"product_tag":[1357],"class_list":{"0":"post-389732","1":"product","2":"type-product","3":"status-publish","4":"has-post-thumbnail","6":"kolor-bile","7":"rodzaj-ubrania-zdravotnicke-saty","8":"ubranie-lekarske-obalkove-saty-s-kratkymi-rukavy-premium","9":"product_cat-kolekce-premium","10":"product_cat-pro-ni","11":"product_cat-zdravotnicke-saty","12":"product_tag-kosmeticke-saty","14":"first","15":"instock","16":"taxable","17":"shipping-taxable","18":"purchasable","19":"product-type-variable"},"acf":[],"_links":{"self":[{"href":"https:\/\/dev.medandbeauty.com\/cs\/wp-json\/wp\/v2\/product\/389732","targetHints":{"allow":["GET"]}}],"collection":[{"href":"https:\/\/dev.medandbeauty.com\/cs\/wp-json\/wp\/v2\/product"}],"about":[{"href":"https:\/\/dev.medandbeauty.com\/cs\/wp-json\/wp\/v2\/types\/product"}],"replies":[{"embeddable":true,"href":"https:\/\/dev.medandbeauty.com\/cs\/wp-json\/wp\/v2\/comments?post=389732"}],"wp:featuredmedia":[{"embeddable":true,"href":"https:\/\/dev.medandbeauty.com\/cs\/wp-json\/wp\/v2\/media\/389743"}],"wp:attachment":[{"href":"https:\/\/dev.medandbeauty.com\/cs\/wp-json\/wp\/v2\/media?parent=389732"}],"wp:term":[{"taxonomy":"kolor","embeddable":true,"href":"https:\/\/dev.medandbeauty.com\/cs\/wp-json\/wp\/v2\/kolor?post=389732"},{"taxonomy":"rodzaj-ubrania","embeddable":true,"href":"https:\/\/dev.medandbeauty.com\/cs\/wp-json\/wp\/v2\/rodzaj-ubrania?post=389732"},{"taxonomy":"ubranie","embeddable":true,"href":"https:\/\/dev.medandbeauty.com\/cs\/wp-json\/wp\/v2\/ubranie?post=389732"},{"taxonomy":"product_brand","embeddable":true,"href":"https:\/\/dev.medandbeauty.com\/cs\/wp-json\/wp\/v2\/product_brand?post=389732"},{"taxonomy":"product_cat","embeddable":true,"href":"https:\/\/dev.medandbeauty.com\/cs\/wp-json\/wp\/v2\/product_cat?post=389732"},{"taxonomy":"product_tag","embeddable":true,"href":"https:\/\/dev.medandbeauty.com\/cs\/wp-json\/wp\/v2\/product_tag?post=389732"}],"curies":[{"name":"wp","href":"https:\/\/api.w.org\/{rel}","templated":true}]}}